{"id":785,"date":"2021-04-05T14:18:54","date_gmt":"2021-04-05T14:18:54","guid":{"rendered":"https:\/\/alex.gotterfahren.info\/?page_id=785"},"modified":"2025-12-01T23:25:29","modified_gmt":"2025-12-01T23:25:29","slug":"donate","status":"publish","type":"page","link":"https:\/\/gotterfahren.info\/en\/spenden","title":{"rendered":"Donations"},"content":{"rendered":"<h1>EINE WEBSEITE, DIE HEILT UND MIT GOTT VERBINDET<br \/>\n<\/h1>\n<div>\n<div class=\"wpb_wrapper\">\n<p>GOTTERFAHREN \u2013 das ist uns ein Herzensanliegen! Jesus Christus, als die wahre Erf\u00fcllung des Lebens zu erkennen, Menschen Lebenssinn, Hoffnung und Frieden anzubieten, dass ist unsere Aufgabe. Wir freuen uns, dass viele Menschen durch die zahlreichen Angebote auf GOTTERFAHREN angesprochen werden. Wir geben pers\u00f6nliche Hilfestellung, gehen auf individuelle Anliegen und Anfragen ein und sind f\u00fcr jeden zeitnah da. Es ber\u00fchrt uns, Menschen mit Gott in Ber\u00fchrung zu bringen, weil sie dadurch die befreiende und heilbringende Kraft Gottes erfahren.<\/p>\n<p>Wir m\u00f6chten, dass m\u00f6glichst viele Menschen Gott in ihrem Leben pers\u00f6nlich erfahren. Bitte hilf mit, dass wir die Angebote von GOTTERFAHREN nicht nur erhalten, sondern weiter ausbauen und bewerben k\u00f6nnen. Dazu braucht es Inspiration, Einsatz, viel Gebet, Qualifikation und finanzielle Mittel. Mit Deiner Spende tr\u00e4gst Du dazu bei, dass wir die vielf\u00e4ltigen Hilfestellungen und Servicedienste auch in Zukunft weiter anbieten k\u00f6nnen.<\/p>\n<p>Wir vom GOTTERFAHREN TEAM bedanken uns ganz herzlich f\u00fcr Deine Unterst\u00fctzung und w\u00fcnschen Dir Gottes Segen!<\/p>\n<\/p><\/div>\n<\/div>\n<div>\n<div class=\"wpb_wrapper\">\n<p class=\"uk-article-lead uk-text-left\"><strong>Spendenkonto: advedia vision e.V.<\/strong><br \/><strong>IBAN: DE76740618130005572568<\/strong><br \/><strong>BIC: <span>GENODEF1PFK<\/span><\/strong><\/p>\n<p><strong>Spendenzweck: GottErfahren<\/strong><\/p>\n<p>ADVEDIA VISION e.V. ist unter der Steuernummer 141\/107\/00483 als gemeinn\u00fctzige Organisation anerkannt und von der K\u00f6rperschaftssteuer befreit. Als Verein sind wir ohne Gewinnerzielung t\u00e4tig.<br \/>Nach Jahresende erh\u00e4ltst Du automatisch eine\u00a0<strong>abzugsf\u00e4hige Spendenbescheinigung<\/strong> (ab 301 \u20ac ), wenn Du Deinen vollst\u00e4ndigen Namen und Deine Anschrift angibst.<\/p>\n<p>F\u00fcr Spenden bis 300 \u20ac gilt zur Vorlage beim Finanzamt der\u00a0vereinfachte\u00a0Spendennachweis\u00a0(<a href=\"https:\/\/advedia-vision.org\/wp-content\/uploads\/2021\/06\/AV-Zuwendung-300-Euro.pdf\" target=\"_blank\" rel=\"noopener\">Download Spendendeklaration<\/a>)\u00a0zusammen mit dem \u00dcberweisungsbeleg.<\/p>\n<p>Du kannst auch per Paypal spenden:<\/p>\n<p><img decoding=\"async\" loading=\"lazy\" src=\"\/wp-content\/uploads\/2021\/07\/paypal-logo.png\" alt=\"Paypal\" width=\"82\" height=\"28\" \/><\/p>\n<\/div>\n<\/div>\n<div>\n<div>\n<form style=\"float: left; height: 0px; margin-top: -50px; padding-bottom: 85px;\" action=\"https:\/\/www.paypal.com\/cgi-bin\/webscr\" method=\"post\" target=\"_blank\"><input name=\"cmd\" type=\"hidden\" value=\"_s-xclick\" \/><br \/>\n<input name=\"hosted_button_id\" type=\"hidden\" value=\"TU7J6C4FGE434\" \/><br \/>\n<button class=\"el-link uk-button uk-button-secondary\" type=\"submit\">Jetzt Spenden<\/button><br \/>\n<img loading=\"lazy\" decoding=\"async\" src=\"https:\/\/www.paypalobjects.com\/de_DE\/i\/scr\/pixel.gif\" alt=\"\" width=\"1\" height=\"1\" border=\"0\"><\/form>\n<\/div>\n<\/div>\n<ul>\n<li>\n<p><img decoding=\"async\" src=\"\/wp-content\/uploads\/2021\/03\/bzg-cta-hotline.jpg\" alt=\"\"><\/p>\n<h3>GLAUBENS- &#038; LEBENSHILFE<\/h3>\n<div>Du suchst ein vertrauensvolles Gespr\u00e4ch, Rat und Orientierung f\u00fcr dein Leben? Wir sind f\u00fcr dich da, t\u00e4glich 6-22 Uhr!<\/div>\n<p><a href=\"\/angebote\/glaubens-und-lebenshilfe-telefon\">Mehr erfahren<\/a><\/p>\n<\/li>\n<li>\n<p><img decoding=\"async\" src=\"\/wp-content\/uploads\/2021\/03\/bzg-cta-e.choach.jpg\" alt=\"\"><\/p>\n<h3>GOTT ERFAHREN E-COACH<\/h3>\n<div>Du hast Fragen zu Gott, der Bibel und dem Glauben? Schreibe uns! Dein pers\u00f6nlicher E-Coach beantwortet sie dir gerne.<\/div>\n<p><a href=\"\/angebote\/kontakt-mit-e-coach\">Mehr erfahren<\/a><\/p>\n<\/li>\n<\/ul>\n<p><!--more--><br \/>\n<!-- {\"name\":\"Basic Article\",\"type\":\"layout\",\"children\":[{\"type\":\"section\",\"props\":{\"class\":\"banner-normal\",\"image\":\"wp-content\\\/uploads\\\/2021\\\/07\\\/spenden_baner.jpg\",\"image_position\":\"center-center\",\"image_size\":\"cover\",\"padding\":\"xlarge\",\"style\":\"default\",\"title_breakpoint\":\"xl\",\"title_position\":\"top-left\",\"title_rotation\":\"left\",\"vertical_align\":\"middle\",\"width\":\"\"},\"children\":[{\"type\":\"row\",\"children\":[{\"type\":\"column\",\"props\":{\"image_position\":\"center-center\",\"position_sticky_breakpoint\":\"m\"}}]}],\"name\":\"Banner\",\"modified\":\"2021-03-23T16:02:54.885Z\"},{\"type\":\"section\",\"props\":{\"image_position\":\"center-center\",\"padding_remove_top\":false,\"style\":\"default\",\"title_breakpoint\":\"xl\",\"title_position\":\"top-left\",\"title_rotation\":\"left\",\"vertical_align\":\"middle\",\"width\":\"default\"},\"children\":[{\"type\":\"row\",\"children\":[{\"type\":\"column\",\"props\":{\"image_position\":\"center-center\",\"position_sticky_breakpoint\":\"m\"},\"children\":[{\"type\":\"breadcrumbs\",\"props\":{\"home_text\":\"GOTT ERFAHREN\",\"show_current\":true,\"show_home\":true,\"visibility\":\"s\"}}]}]},{\"type\":\"row\",\"children\":[{\"type\":\"column\",\"props\":{\"image_position\":\"center-center\",\"position_sticky_breakpoint\":\"m\"},\"children\":[{\"type\":\"headline\",\"props\":{\"content\":\"EINE WEBSEITE, DIE HEILT UND MIT GOTT VERBINDET\\n\",\"margin_remove_bottom\":true,\"title_element\":\"h1\",\"title_style\":\"h1\"}}]}],\"props\":{\"margin\":\"default\"}},{\"type\":\"row\",\"children\":[{\"type\":\"column\",\"props\":{\"image_position\":\"center-center\",\"position_sticky_breakpoint\":\"m\"},\"children\":[{\"type\":\"text\",\"props\":{\"column_breakpoint\":\"m\",\"content\":\"\n\n<div class=\\\"wpb_wrapper\\\">\\n\\t\\t\\t\n\n<p>GOTTERFAHREN \\u2013 das ist uns ein Herzensanliegen! Jesus Christus, als die wahre Erf\\u00fcllung des Lebens zu erkennen, Menschen Lebenssinn, Hoffnung und Frieden anzubieten, dass ist unsere Aufgabe. Wir freuen uns, dass viele Menschen durch die zahlreichen Angebote auf GOTTERFAHREN angesprochen werden. Wir geben pers\\u00f6nliche Hilfestellung, gehen auf individuelle Anliegen und Anfragen ein und sind f\\u00fcr jeden zeitnah da. Es ber\\u00fchrt uns, Menschen mit Gott in Ber\\u00fchrung zu bringen, weil sie dadurch die befreiende und heilbringende Kraft Gottes erfahren.<\\\/p>\\n\n\n<p>Wir m\\u00f6chten, dass m\\u00f6glichst viele Menschen Gott in ihrem Leben pers\\u00f6nlich erfahren. Bitte hilf mit, dass wir die Angebote von GOTTERFAHREN nicht nur erhalten, sondern weiter ausbauen und bewerben k\\u00f6nnen. Dazu braucht es Inspiration, Einsatz, viel Gebet, Qualifikation und finanzielle Mittel. Mit Deiner Spende tr\\u00e4gst Du dazu bei, dass wir die vielf\\u00e4ltigen Hilfestellungen und Servicedienste auch in Zukunft weiter anbieten k\\u00f6nnen.<\\\/p>\\n\n\n<p>Wir vom GOTTERFAHREN TEAM bedanken uns ganz herzlich f\\u00fcr Deine Unterst\\u00fctzung und w\\u00fcnschen Dir Gottes Segen!<\\\/p>\\n\\n\\t\\t<\\\/div>\",\"margin\":\"default\"}},{\"type\":\"text\",\"props\":{\"column_breakpoint\":\"m\",\"content\":\"\n\n<div class=\\\"wpb_wrapper\\\">\\n\n\n<p class=\\\"uk-article-lead uk-text-left\\\"><strong>Spendenkonto: advedia vision e.V.<\\\/strong><br \\\/><strong>IBAN: DE76740618130005572568<\\\/strong><br \\\/><strong>BIC: <span>GENODEF1PFK<\\\/span><\\\/strong><\\\/p>\\n\n\n<p><strong>Spendenzweck: GottErfahren<\\\/strong><\\\/p>\\n\n\n<p>ADVEDIA VISION e.V. ist unter der Steuernummer 141\\\/107\\\/00483 als gemeinn\\u00fctzige Organisation anerkannt und von der K\\u00f6rperschaftssteuer befreit. Als Verein sind wir ohne Gewinnerzielung t\\u00e4tig.<br \\\/>Nach Jahresende erh\\u00e4ltst Du automatisch eine\\u00a0<strong>abzugsf\\u00e4hige Spendenbescheinigung<\\\/strong> (ab 301 \\u20ac ), wenn Du Deinen vollst\\u00e4ndigen Namen und Deine Anschrift angibst.<\\\/p>\\n\n\n<p>F\\u00fcr Spenden bis 300 \\u20ac gilt zur Vorlage beim Finanzamt der\\u00a0vereinfachte\\u00a0Spendennachweis\\u00a0(<a href=\\\"https:\\\/\\\/advedia-vision.org\\\/wp-content\\\/uploads\\\/2021\\\/06\\\/AV-Zuwendung-300-Euro.pdf\\\">Download Spendendeklaration<\\\/a>)\\u00a0zusammen mit dem \\u00dcberweisungsbeleg.<\\\/p>\\n\n\n<p>Du kannst auch per Paypal spenden:<\\\/p>\\n\n\n<p><img loading=\\\"lazy\\\" src=\\\"wp-content\\\/uploads\\\/2021\\\/07\\\/paypal-logo.png\\\" alt=\\\"Paypal\\\" width=\\\"82\\\" height=\\\"28\\\" \\\/><\\\/p>\\n<\\\/div>\",\"margin\":\"default\"}},{\"type\":\"html\",\"props\":{\"content\":\"\n\n\n\n<div>\n\n<form style=\\\"float: left; height: 0px; margin-top: -50px; padding-bottom: 85px;\\\" action=\\\"https:\\\/\\\/www.paypal.com\\\/cgi-bin\\\/webscr\\\" method=\\\"post\\\" target=\\\"_blank\\\"><input name=\\\"cmd\\\" type=\\\"hidden\\\" value=\\\"_s-xclick\\\" \\\/>\\n<input name=\\\"hosted_button_id\\\" type=\\\"hidden\\\" value=\\\"TU7J6C4FGE434\\\" \\\/>\\n<button class=\\\"el-link uk-button uk-button-secondary\\\" type=\\\"submit\\\">Jetzt Spenden<\\\/button>\\n<img src=\\\"https:\\\/\\\/www.paypalobjects.com\\\/de_DE\\\/i\\\/scr\\\/pixel.gif\\\" alt=\\\"\\\" width=\\\"1\\\" height=\\\"1\\\" border=\\\"0\\\" \\\/><\\\/form><\\\/div>\",\"css\":\".uk-button-secondary:focus, .uk-button-secondary:hover {\\n    background-color: #92BE56!important;\\n    color: #fff;\\n}\"}}]}]}],\"name\":\"Inhalt\"},{\"type\":\"section\",\"props\":{\"class\":\"de-only\",\"image_position\":\"center-center\",\"style\":\"default\",\"title_breakpoint\":\"xl\",\"title_position\":\"top-left\",\"title_rotation\":\"left\",\"vertical_align\":\"middle\",\"width\":\"small\"},\"children\":[{\"type\":\"row\",\"children\":[{\"type\":\"column\",\"props\":{\"image_position\":\"center-center\",\"position_sticky_breakpoint\":\"m\"},\"children\":[{\"type\":\"grid\",\"props\":{\"content_column_breakpoint\":\"m\",\"filter_align\":\"left\",\"filter_all\":true,\"filter_grid_breakpoint\":\"m\",\"filter_grid_width\":\"auto\",\"filter_position\":\"top\",\"filter_style\":\"tab\",\"grid_default\":\"1\",\"grid_medium\":\"2\",\"grid_small\":\"2\",\"icon_width\":80,\"image_align\":\"top\",\"image_grid_breakpoint\":\"m\",\"image_grid_width\":\"1-2\",\"image_svg_color\":\"emphasis\",\"item_animation\":true,\"link_style\":\"secondary\",\"link_text\":\"Mehr erfahren\",\"margin\":\"default\",\"meta_align\":\"below-title\",\"meta_element\":\"div\",\"meta_style\":\"text-meta\",\"panel_image_no_padding\":true,\"panel_link\":true,\"panel_padding\":\"default\",\"panel_style\":\"card-default\",\"parallax_easing\":\"1\",\"show_content\":true,\"show_image\":true,\"show_link\":true,\"show_meta\":true,\"show_title\":true,\"title_align\":\"top\",\"title_color\":\"emphasis\",\"title_element\":\"h3\",\"title_grid_breakpoint\":\"m\",\"title_grid_width\":\"1-2\",\"title_hover_style\":\"reset\",\"title_style\":\"h3\"},\"children\":[{\"type\":\"grid_item\",\"props\":{\"content\":\"Du suchst ein vertrauensvolles Gespr\\u00e4ch, Rat und Orientierung f\\u00fcr dein Leben? Wir sind f\\u00fcr dich da, t\\u00e4glich 6-22 Uhr!\",\"image\":\"wp-content\\\/uploads\\\/2021\\\/03\\\/bzg-cta-hotline.jpg\",\"link\":\"angebote\\\/glaubens-und-lebenshilfe-telefon\",\"panel_style\":\"card-default\",\"title\":\"GLAUBENS- & LEBENSHILFE\"}},{\"type\":\"grid_item\",\"props\":{\"content\":\"Du hast Fragen zu Gott, der Bibel und dem Glauben? Schreibe uns! Dein pers\\u00f6nlicher E-Coach beantwortet sie dir gerne.\",\"image\":\"wp-content\\\/uploads\\\/2021\\\/03\\\/bzg-cta-e.choach.jpg\",\"link\":\"angebote\\\/kontakt-mit-e-coach\",\"panel_style\":\"card-default\",\"title\":\"GOTT ERFAHREN E-COACH\"}}]}]}]}],\"name\":\"Call to Action\"}],\"version\":\"4.3.5\"} --><\/p>\n","protected":false},"excerpt":{"rendered":"<p>EINE WEBSEITE, DIE HEILT UND MIT GOTT VERBINDET GOTTERFAHREN \u2013 das ist uns ein Herzensanliegen! Jesus Christus, als die wahre Erf\u00fcllung des Lebens zu erkennen, Menschen Lebenssinn, Hoffnung und Frieden anzubieten, dass ist unsere Aufgabe. Wir freuen uns, dass viele Menschen durch die zahlreichen Angebote auf GOTTERFAHREN angesprochen werden. Wir geben pers\u00f6nliche Hilfestellung, gehen auf [&hellip;]<\/p>\n","protected":false},"author":2,"featured_media":2776,"parent":0,"menu_order":0,"comment_status":"closed","ping_status":"closed","template":"","meta":{"_acf_changed":false,"footnotes":""},"class_list":["post-785","page","type-page","status-publish","has-post-thumbnail","hentry"],"acf":[],"_links":{"self":[{"href":"https:\/\/gotterfahren.info\/en\/wp-json\/wp\/v2\/pages\/785","targetHints":{"allow":["GET"]}}],"collection":[{"href":"https:\/\/gotterfahren.info\/en\/wp-json\/wp\/v2\/pages"}],"about":[{"href":"https:\/\/gotterfahren.info\/en\/wp-json\/wp\/v2\/types\/page"}],"author":[{"embeddable":true,"href":"https:\/\/gotterfahren.info\/en\/wp-json\/wp\/v2\/users\/2"}],"replies":[{"embeddable":true,"href":"https:\/\/gotterfahren.info\/en\/wp-json\/wp\/v2\/comments?post=785"}],"version-history":[{"count":0,"href":"https:\/\/gotterfahren.info\/en\/wp-json\/wp\/v2\/pages\/785\/revisions"}],"wp:featuredmedia":[{"embeddable":true,"href":"https:\/\/gotterfahren.info\/en\/wp-json\/wp\/v2\/media\/2776"}],"wp:attachment":[{"href":"https:\/\/gotterfahren.info\/en\/wp-json\/wp\/v2\/media?parent=785"}],"curies":[{"name":"wp","href":"https:\/\/api.w.org\/{rel}","templated":true}]}}