{"id":609,"date":"2021-04-01T14:54:58","date_gmt":"2021-04-01T14:54:58","guid":{"rendered":"https:\/\/alex.gotterfahren.info\/?page_id=609"},"modified":"2025-12-01T22:07:43","modified_gmt":"2025-12-01T22:07:43","slug":"i-want-to-experience-god","status":"publish","type":"page","link":"https:\/\/gotterfahren.info\/en\/zweifel-oder-glaube\/ich-will-gott-erleben","title":{"rendered":"I want to experience God"},"content":{"rendered":"<h1>ICH WILL GOTT ERLEBEN<\/h1>\n<h1>WIE KANN ICH ERFAHREN, DASS ES EINEN LEBENDIGEN GOTT GIBT?<\/h1>\n<div>\n<div class=\"gotterfahren-mediaplayer-container\"><audio class=\"wp-audio-shortcode\" id=\"audio-609-1\" preload=\"none\" style=\"width: 100%;\" controls=\"controls\"><source type=\"audio\/mpeg\" src=\"\/wp-content\/uploads\/2024\/03\/ich-will-gott-erleben.mp3?_=1\" \/><a href=\"\/wp-content\/uploads\/2024\/03\/ich-will-gott-erleben.mp3\">\/wp-content\/uploads\/2024\/03\/ich-will-gott-erleben.mp3<\/a><\/audio><div class=\"media-download-button\"><a href=\"\/wp-content\/uploads\/2024\/03\/ich-will-gott-erleben.mp3\" class=\"uk-icon-button\" uk-icon=\"icon: download; ratio: 1.2\" download><\/a><\/div><\/div><\/div>\n<div>\n<p><span>Es gibt einige Wege. Wir k\u00f6nnen das Vorhandensein Gottes erkennen \u2026<\/span><\/p>\n<\/div>\n<ul>\n<li>\n<h3>durch Gebetserh\u00f6rungen<\/h3>\n<div>\n<p><span>Wer noch nicht an Gott glaubt, k\u00f6nnte zuerst wie folgt beten:<\/span><\/p>\n<\/p>\n<div class=\"uk-card uk-card-secondary uk-card-body uk-margin-remove-first-child uk-margin\">\n<div class=\"el-content uk-panel uk-margin-top\">\n<p><span>\u201eGro\u00dfer Gott, ich wei\u00df nicht, ob es Dich gibt. Aber, wenn es Dich gibt, dann erh\u00f6re mein Gebet, damit ich auch wei\u00df, dass Du da bist und dass Du Dich um mich k\u00fcmmerst. Amen.\u201c<\/span><\/p>\n<\/div>\n<\/div>\n<p>Es gab einen Deutschen, der nach England \u00fcbersiedelte und dort ein gro\u00dfes Waisenwerk gr\u00fcndete f\u00fcr die Waisen aus einer Cholera-Epidemie. Sein Name ist Georg M\u00fcller (1805-1898). Er hat in seinem Leben \u00fcber 10.000 Gebetserh\u00f6rungen aufgeschrieben. Sein gro\u00dfes Waisenwerk wurde nur durch Spenden unterhalten. Dabei hatte er den Grundsatz, nur Gott um die Mittel zu bitten. Er hat nie einen Aufruf gemacht. Er erhielt nach heutigem Geld Millionen. Es ist spannend das Buch von Arthur T. Pierson zu lesen: Georg M\u00fcller von Bristol.<\/p>\n<p>Viele Menschen haben Gott erfahren durch Befreiung von Sucht. Ein Beispiel ist Adolf, der 60-70 Zigaretten pro Tag rauchte und 10-14 Flaschen Bier trank. Alles, was er probiert hatte, war umsonst. Durch ein Gebet wurde er frei. Den ganzen Bericht dazu findet man unter \u201e<a href=\"\/gott-veraendert-leben\/sieg-ueber-tabak-und-alkohol\">Sieg \u00fcber Tabak und Alkohol<\/a>\u201c.<\/p>\n<\/div>\n<\/li>\n<li>\n<h3>durch Ver\u00e4nderung meines Charakters<\/h3>\n<div>\n<p>Es gibt Menschen bei denen durch ihre Hingabe an Christus kurzfristig wertvolle Ver\u00e4nderungen eintreten. Bei vielen dauert es l\u00e4nger.<\/p>\n<p>Ich m\u00f6chte von Prof. Josh McDowell berichten. Er wollte als junger Mann die Auferstehung Jesu und das Christentum intellektuell widerlegen. Seine Nachforschungen brachten das Gegenteil. Er schrieb dar\u00fcber das Buch \u201eDie Tatsache der Auferstehung \u2013 Best\u00e4tigen die historischen Fakten die Auferstehung Jesu Christi?\u201d (Memra-Verlag). Er hatte Freunde, die Christen und gl\u00fcckliche Menschen waren. Nach einer Zeit gro\u00dfer K\u00e4mpfe, kam er dorthin, dass er r\u00fcckhaltlos sein Leben Jesus anvertraute. Er betete damals folgendes Gebet, um eine Beziehung zu dem auferstandenen lebendigen Christus zu erlangen:<\/p>\n<div class=\"uk-card uk-card-secondary uk-card-body uk-margin-remove-first-child uk-margin\">\n<div class=\"el-content uk-panel uk-margin-top\">\n<p><span>\u201eHerr Jesus, danke, dass Du am Kreuz f\u00fcr mich gestorben bist. Ich gestehe die Dinge in meinem Leben ein, die, Dir nicht gefallen, und bitte Dich, mir zu vergeben und mich zu reinigen. Jetzt werde ich, so gut ich kann, die T\u00fcr meines Herzens und Lebens \u00f6ffnen und Dir als meinem Herrn und Erl\u00f6ser vertrauen. \u00dcbernimm die Leitung meines Lebens. Kehre mein Inneres nach au\u00dfen. Mache mich zu dem Menschen, als den Du mich geschaffen hast. Danke, dass Du durch den Glauben in mein Leben getreten bist. Amen\u201c<\/span><\/p>\n<\/div>\n<\/div>\n<p>Direkt nach dem Gebet geschah nichts. Innerhalb von 6 Monaten bis 1 \u00bd Jahren verlor er seine Ruhelosigkeit, eines Tages stellte er fest, dass sein J\u00e4hzorn ihn verlassen hatte und sein Hass. \u2013 Er hat nach dem 2. Weltkrieg in 27 Jahren in 52 L\u00e4ndern an 500 Universit\u00e4ten vor 3 \u00bd Millionen Studenten und Akademikern Jesus Christus verk\u00fcndigt. In einer \u00f6ffentlichen Debatte mit dem Leiter einer historischen Abteilung einer Universit\u00e4t, bemerkte er dass sich durch Christus sein Leben ver\u00e4ndert habe. Da sagte der andere Professor: \u201eSie wollen uns doch nicht erz\u00e4hlen, dass Gott wirklich ihr Leben im 20. Jahrhundert ver\u00e4ndert hat? Auf welche Weise?\u201c Nachdem Prof. McDowell 45 min lang die Ver\u00e4nderungen in seinem Leben beschrieben hatte, sagte er: \u201eOkay, das ist genug!\u201c<\/p>\n<p>Auch wir d\u00fcrfen eine positive Ver\u00e4nderung durch Christus erleben.<\/p>\n<\/div>\n<\/li>\n<li>\n<h3>durch die Prophezeiungen der Bibel<\/h3>\n<div>\n<p><span>Das Ph\u00e4nomen besteht darin, dass der Mensch kein Vorherwissen hat. In der Bibel jedoch werden hunderte pr\u00e4zise Voraussagen \u00fcber Jahrhunderte im Voraus gemacht, die auch eingetroffen sind. Die Prophezeiungen sind eine g\u00f6ttliche Best\u00e4tigung der Bibel. Viele Menschen kamen durch sie zum Gottvertrauen. Auf dieser Webseite sind dazu einige spezielle Themen: Siehe \u201e<\/span><a href=\"\/zweifel-oder-glaube\/prophezeiungen-ueber-jesus\">Prophezeiungen \u00fcber Jesus Christus<\/a><span>\u201c und \u201e<\/span><a href=\"\/wege-zum-ziel\/gottes-botschaft-fuer-unsere-zeit\">Gottes Botschaft f\u00fcr unsere Zeit<\/a><span>\u201c.<\/span><\/p>\n<\/div>\n<\/li>\n<\/ul>\n<h1>DAS K\u00d6NNTE DICH AUCH INTERESSIEREN<\/h1>\n<ul>\n<li>\n<p>        <img decoding=\"async\" src=\"\/wp-content\/uploads\/2021\/03\/bzg-interesse-sand-uhr.jpg\" alt=\"\"><\/p>\n<h5> PROPHEZEIUNGEN \u00dcBER JESUS<\/h5>\n<p><a href=\"\/zweifel-oder-glaube\/prophezeiungen-ueber-jesus\"><\/a><\/p>\n<\/li>\n<li>\n<p>        <img decoding=\"async\" src=\"\/wp-content\/uploads\/2021\/03\/bzg-interesse-ruinen.jpg\" alt=\"\"><\/p>\n<h5>PROPHEZEIUNG \u00dcBER 4 ST\u00c4DTE<\/h5>\n<p><a href=\"\/zweifel-oder-glaube\/prophezeiungen-ueber-4-staedte\"><\/a><\/p>\n<\/li>\n<li>\n<p>        <img decoding=\"async\" src=\"\/wp-content\/uploads\/2021\/03\/bzg-interesse-mann-richtung.jpg\" alt=\"\"><\/p>\n<h5>DER CHRISTLICHE GLAUBE AUF DEM PR\u00dcFSTAND<\/h5>\n<p><a href=\"\/zweifel-oder-glaube\/christlicher-glaube-auf-dem-pruefstand\"><\/a><\/p>\n<\/li>\n<li>\n<p>        <img decoding=\"async\" src=\"\/wp-content\/uploads\/2021\/04\/zog-interesse-sonnenaufgang.jpg\" alt=\"\"><\/p>\n<h5>SIEG \u00dcBER TABAK UND ALKOHOL<\/h5>\n<p><a href=\"\/gott-veraendert-leben\/sieg-ueber-tabak-und-alkohol\"><\/a><\/p>\n<\/li>\n<li>\n<p>        <img decoding=\"async\" src=\"\/wp-content\/uploads\/2021\/03\/bzg-interesse-bruecke.jpg\" alt=\"\"><\/p>\n<h5>ERGREIFENDE LEBENSGESCHICHTEN<\/h5>\n<p><a href=\"\/gott-veraendert-leben\/ergreifende-lebensgeschichten\"><\/a><\/p>\n<\/li>\n<li>\n<p>        <img decoding=\"async\" src=\"\/wp-content\/uploads\/2021\/04\/bzg-interesse-kompass.jpg\" alt=\"\"><\/p>\n<h5>WAS BRINGT DIE ZUKUNFT?<\/h5>\n<p><a href=\"\/zweifel-oder-glaube\/was-bringt-die-zukunft\"><\/a><\/p>\n<\/li>\n<\/ul>\n<p><!--more--><br \/>\n<!-- {\"name\":\"Basic Article\",\"type\":\"layout\",\"children\":[{\"type\":\"section\",\"props\":{\"class\":\"banner-normal\",\"image\":\"wp-content\\\/uploads\\\/2021\\\/04\\\/zog-banner-4.jpg\",\"image_position\":\"center-center\",\"image_size\":\"cover\",\"padding\":\"xlarge\",\"style\":\"default\",\"title_breakpoint\":\"xl\",\"title_position\":\"top-left\",\"title_rotation\":\"left\",\"vertical_align\":\"middle\",\"width\":\"\"},\"children\":[{\"type\":\"row\",\"children\":[{\"type\":\"column\",\"props\":{\"image_position\":\"center-center\",\"position_sticky_breakpoint\":\"m\"}}]}],\"name\":\"Banner\",\"modified\":\"2021-03-23T16:02:54.885Z\"},{\"type\":\"section\",\"props\":{\"image_position\":\"center-center\",\"padding_remove_top\":false,\"style\":\"default\",\"title_breakpoint\":\"xl\",\"title_position\":\"top-left\",\"title_rotation\":\"left\",\"vertical_align\":\"middle\",\"width\":\"default\"},\"children\":[{\"type\":\"row\",\"children\":[{\"type\":\"column\",\"props\":{\"image_position\":\"center-center\",\"position_sticky_breakpoint\":\"m\"},\"children\":[{\"type\":\"breadcrumbs\",\"props\":{\"home_text\":\"GOTT ERFAHREN\",\"show_current\":true,\"show_home\":true,\"visibility\":\"s\"}}]}]},{\"type\":\"row\",\"children\":[{\"type\":\"column\",\"props\":{\"image_position\":\"center-center\",\"position_sticky_breakpoint\":\"m\"},\"children\":[{\"type\":\"headline\",\"props\":{\"content\":\"ICH WILL GOTT ERLEBEN\",\"margin_remove_bottom\":true,\"title_element\":\"h1\",\"title_style\":\"h1\"}},{\"type\":\"headline\",\"props\":{\"content\":\"WIE KANN ICH ERFAHREN, DASS ES EINEN LEBENDIGEN GOTT GIBT?\",\"margin\":\"small\",\"margin_remove_top\":false,\"title_element\":\"h1\",\"title_style\":\"h4\"}}]}],\"props\":{\"margin\":\"default\"}},{\"type\":\"row\",\"children\":[{\"type\":\"column\",\"props\":{\"image_position\":\"center-center\",\"position_sticky_breakpoint\":\"m\"},\"children\":[{\"type\":\"html\",\"props\":{\"content\":\"[audio mp3=\\\"\\\/wp-content\\\/uploads\\\/2024\\\/03\\\/ich-will-gott-erleben.mp3\\\"][\\\/audio]\"},\"name\":\"Audio (DE)\"}]}],\"props\":{\"class\":\"de-only\"}},{\"type\":\"row\",\"children\":[{\"type\":\"column\",\"props\":{\"image_position\":\"center-center\",\"position_sticky_breakpoint\":\"m\"},\"children\":[{\"type\":\"text\",\"props\":{\"column_breakpoint\":\"m\",\"content\":\"\n\n<p><span>Es gibt einige Wege. Wir k\\u00f6nnen das Vorhandensein Gottes erkennen \\u2026<\\\/span><\\\/p>\",\"margin\":\"default\"}}]}]},{\"type\":\"row\",\"children\":[{\"type\":\"column\",\"props\":{\"image_position\":\"center-center\",\"position_sticky_breakpoint\":\"m\"},\"children\":[{\"type\":\"accordion\",\"props\":{\"collapsible\":false,\"content_column_breakpoint\":\"m\",\"image_align\":\"top\",\"image_grid_breakpoint\":\"m\",\"image_grid_width\":\"1-2\",\"image_svg_color\":\"emphasis\",\"link_style\":\"default\",\"link_text\":\"\",\"multiple\":true,\"show_image\":true,\"show_link\":true},\"children\":[{\"type\":\"accordion_item\",\"props\":{\"content\":\"\n\n<p><span>Wer noch nicht an Gott glaubt, k\\u00f6nnte zuerst wie folgt beten:<\\\/span><\\\/p>\\n\n\n<p><\\\/p>\\n\n\n<div class=\\\"uk-card uk-card-secondary uk-card-body uk-margin-remove-first-child uk-margin\\\">\\n\n\n<div class=\\\"el-content uk-panel uk-margin-top\\\">\\n\n\n<p><span>\\u201eGro\\u00dfer Gott, ich wei\\u00df nicht, ob es Dich gibt. Aber, wenn es Dich gibt, dann erh\\u00f6re mein Gebet, damit ich auch wei\\u00df, dass Du da bist und dass Du Dich um mich k\\u00fcmmerst. Amen.\\u201c<\\\/span><\\\/p>\\n<\\\/div>\\n<\\\/div>\\n\n\n<p>Es gab einen Deutschen, der nach England \\u00fcbersiedelte und dort ein gro\\u00dfes Waisenwerk gr\\u00fcndete f\\u00fcr die Waisen aus einer Cholera-Epidemie. Sein Name ist Georg M\\u00fcller (1805-1898). Er hat in seinem Leben \\u00fcber 10.000 Gebetserh\\u00f6rungen aufgeschrieben. Sein gro\\u00dfes Waisenwerk wurde nur durch Spenden unterhalten. Dabei hatte er den Grundsatz, nur Gott um die Mittel zu bitten. Er hat nie einen Aufruf gemacht. Er erhielt nach heutigem Geld Millionen. Es ist spannend das Buch von Arthur T. Pierson zu lesen: Georg M\\u00fcller von Bristol.<\\\/p>\\n\n\n<p>Viele Menschen haben Gott erfahren durch Befreiung von Sucht. Ein Beispiel ist Adolf, der 60-70 Zigaretten pro Tag rauchte und 10-14 Flaschen Bier trank. Alles, was er probiert hatte, war umsonst. Durch ein Gebet wurde er frei. Den ganzen Bericht dazu findet man unter \\u201e<a href=\\\"\\\/gott-veraendert-leben\\\/sieg-ueber-tabak-und-alkohol\\\">Sieg \\u00fcber Tabak und Alkohol<\\\/a>\\u201c.<\\\/p>\",\"title\":\"durch Gebetserh\\u00f6rungen\"}},{\"type\":\"accordion_item\",\"props\":{\"content\":\"\n\n<p>Es gibt Menschen bei denen durch ihre Hingabe an Christus kurzfristig wertvolle Ver\\u00e4nderungen eintreten. Bei vielen dauert es l\\u00e4nger.<\\\/p>\\n\n\n<p>Ich m\\u00f6chte von Prof. Josh McDowell berichten. Er wollte als junger Mann die Auferstehung Jesu und das Christentum intellektuell widerlegen. Seine Nachforschungen brachten das Gegenteil. Er schrieb dar\\u00fcber das Buch \\u201eDie Tatsache der Auferstehung \\u2013 Best\\u00e4tigen die historischen Fakten die Auferstehung Jesu Christi?\\u201d (Memra-Verlag). Er hatte Freunde, die Christen und gl\\u00fcckliche Menschen waren. Nach einer Zeit gro\\u00dfer K\\u00e4mpfe, kam er dorthin, dass er r\\u00fcckhaltlos sein Leben Jesus anvertraute. Er betete damals folgendes Gebet, um eine Beziehung zu dem auferstandenen lebendigen Christus zu erlangen:<\\\/p>\\n\n\n<div class=\\\"uk-card uk-card-secondary uk-card-body uk-margin-remove-first-child uk-margin\\\">\\n\n\n<div class=\\\"el-content uk-panel uk-margin-top\\\">\\n\n\n<p><span>\\u201eHerr Jesus, danke, dass Du am Kreuz f\\u00fcr mich gestorben bist. Ich gestehe die Dinge in meinem Leben ein, die, Dir nicht gefallen, und bitte Dich, mir zu vergeben und mich zu reinigen. Jetzt werde ich, so gut ich kann, die T\\u00fcr meines Herzens und Lebens \\u00f6ffnen und Dir als meinem Herrn und Erl\\u00f6ser vertrauen. \\u00dcbernimm die Leitung meines Lebens. Kehre mein Inneres nach au\\u00dfen. Mache mich zu dem Menschen, als den Du mich geschaffen hast. Danke, dass Du durch den Glauben in mein Leben getreten bist. Amen\\u201c<\\\/span><\\\/p>\\n<\\\/div>\\n<\\\/div>\\n\n\n<p>Direkt nach dem Gebet geschah nichts. Innerhalb von 6 Monaten bis 1 \\u00bd Jahren verlor er seine Ruhelosigkeit, eines Tages stellte er fest, dass sein J\\u00e4hzorn ihn verlassen hatte und sein Hass. \\u2013 Er hat nach dem 2. Weltkrieg in 27 Jahren in 52 L\\u00e4ndern an 500 Universit\\u00e4ten vor 3 \\u00bd Millionen Studenten und Akademikern Jesus Christus verk\\u00fcndigt. In einer \\u00f6ffentlichen Debatte mit dem Leiter einer historischen Abteilung einer Universit\\u00e4t, bemerkte er dass sich durch Christus sein Leben ver\\u00e4ndert habe. Da sagte der andere Professor: \\u201eSie wollen uns doch nicht erz\\u00e4hlen, dass Gott wirklich ihr Leben im 20. Jahrhundert ver\\u00e4ndert hat? Auf welche Weise?\\u201c Nachdem Prof. McDowell 45 min lang die Ver\\u00e4nderungen in seinem Leben beschrieben hatte, sagte er: \\u201eOkay, das ist genug!\\u201c<\\\/p>\\n\n\n<p>Auch wir d\\u00fcrfen eine positive Ver\\u00e4nderung durch Christus erleben.<\\\/p>\",\"title\":\"durch Ver\\u00e4nderung meines Charakters\"}},{\"type\":\"accordion_item\",\"props\":{\"content\":\"\n\n<p><span>Das Ph\\u00e4nomen besteht darin, dass der Mensch kein Vorherwissen hat. In der Bibel jedoch werden hunderte pr\\u00e4zise Voraussagen \\u00fcber Jahrhunderte im Voraus gemacht, die auch eingetroffen sind. Die Prophezeiungen sind eine g\\u00f6ttliche Best\\u00e4tigung der Bibel. Viele Menschen kamen durch sie zum Gottvertrauen. Auf dieser Webseite sind dazu einige spezielle Themen: Siehe \\u201e<\\\/span><a href=\\\"\\\/zweifel-oder-glaube\\\/prophezeiungen-ueber-jesus\\\">Prophezeiungen \\u00fcber Jesus Christus<\\\/a><span>\\u201c und \\u201e<\\\/span><a href=\\\"\\\/wege-zum-ziel\\\/gottes-botschaft-fuer-unsere-zeit\\\">Gottes Botschaft f\\u00fcr unsere Zeit<\\\/a><span>\\u201c.<\\\/span><\\\/p>\",\"title\":\"durch die Prophezeiungen der Bibel\"}}]}]}]}],\"name\":\"Inhalt\"},{\"type\":\"section\",\"props\":{\"class\":\"de-only\",\"image_position\":\"center-center\",\"style\":\"default\",\"title_breakpoint\":\"xl\",\"title_position\":\"top-left\",\"title_rotation\":\"left\",\"vertical_align\":\"middle\",\"width\":\"small\"},\"children\":[{\"type\":\"row\",\"children\":[{\"type\":\"column\",\"props\":{\"image_position\":\"center-center\",\"position_sticky_breakpoint\":\"m\"},\"children\":[{\"type\":\"module_position\",\"props\":{\"breakpoint\":\"m\",\"content\":\"builder-2\",\"layout\":\"stack\"},\"name\":\"CTA: Lebenshilfe & E-Coach \"}]}]}],\"name\":\"Call to Action\"},{\"type\":\"section\",\"props\":{\"image_position\":\"center-center\",\"style\":\"default\",\"title_breakpoint\":\"xl\",\"title_position\":\"top-left\",\"title_rotation\":\"left\",\"vertical_align\":\"middle\",\"width\":\"default\"},\"children\":[{\"type\":\"row\",\"children\":[{\"type\":\"column\",\"props\":{\"image_position\":\"center-center\",\"position_sticky_breakpoint\":\"m\"},\"children\":[{\"type\":\"headline\",\"props\":{\"content\":\"DAS K\\u00d6NNTE DICH AUCH INTERESSIEREN\",\"text_align\":\"center\",\"title_element\":\"h1\",\"title_style\":\"h3\"}},{\"type\":\"gallery\",\"props\":{\"filter_align\":\"left\",\"filter_all\":true,\"filter_grid_breakpoint\":\"m\",\"filter_grid_width\":\"auto\",\"filter_position\":\"top\",\"filter_style\":\"tab\",\"grid_column_gap\":\"small\",\"grid_default\":\"1\",\"grid_medium\":\"3\",\"grid_row_gap\":\"small\",\"grid_small\":\"2\",\"image_hover_box_shadow\":\"small\",\"image_orientation\":false,\"image_transition\":\"scale-up\",\"item_animation\":true,\"link_style\":\"text\",\"link_text\":\"\",\"margin\":\"default\",\"meta_align\":\"below-title\",\"meta_element\":\"div\",\"meta_style\":\"text-meta\",\"overlay_hover\":false,\"overlay_link\":true,\"overlay_mode\":\"cover\",\"overlay_position\":\"center\",\"overlay_style\":\"overlay-primary\",\"overlay_transition\":\"fade\",\"parallax_easing\":\"1\",\"show_content\":false,\"show_hover_image\":true,\"show_link\":true,\"show_meta\":false,\"show_title\":true,\"text_align\":\"center\",\"text_color\":\"light\",\"title_element\":\"h5\",\"title_hover_style\":\"reset\",\"title_style\":\"h5\"},\"children\":[{\"type\":\"gallery_item\",\"props\":{\"image\":\"wp-content\\\/uploads\\\/2021\\\/03\\\/bzg-interesse-sand-uhr.jpg\",\"link\":\"zweifel-oder-glaube\\\/prophezeiungen-ueber-jesus\",\"title\":\" PROPHEZEIUNGEN \\u00dcBER JESUS\"}},{\"type\":\"gallery_item\",\"props\":{\"image\":\"wp-content\\\/uploads\\\/2021\\\/03\\\/bzg-interesse-ruinen.jpg\",\"link\":\"zweifel-oder-glaube\\\/prophezeiungen-ueber-4-staedte\",\"title\":\"PROPHEZEIUNG \\u00dcBER 4 ST\\u00c4DTE\"}},{\"type\":\"gallery_item\",\"props\":{\"image\":\"wp-content\\\/uploads\\\/2021\\\/03\\\/bzg-interesse-mann-richtung.jpg\",\"link\":\"zweifel-oder-glaube\\\/christlicher-glaube-auf-dem-pruefstand\",\"title\":\"DER CHRISTLICHE GLAUBE AUF DEM PR\\u00dcFSTAND\"}},{\"type\":\"gallery_item\",\"props\":{\"image\":\"wp-content\\\/uploads\\\/2021\\\/04\\\/zog-interesse-sonnenaufgang.jpg\",\"link\":\"gott-veraendert-leben\\\/sieg-ueber-tabak-und-alkohol\",\"title\":\"SIEG \\u00dcBER TABAK UND ALKOHOL\"}},{\"type\":\"gallery_item\",\"props\":{\"image\":\"wp-content\\\/uploads\\\/2021\\\/03\\\/bzg-interesse-bruecke.jpg\",\"link\":\"gott-veraendert-leben\\\/ergreifende-lebensgeschichten\",\"title\":\"ERGREIFENDE LEBENSGESCHICHTEN\"}},{\"type\":\"gallery_item\",\"props\":{\"image\":\"wp-content\\\/uploads\\\/2021\\\/04\\\/bzg-interesse-kompass.jpg\",\"link\":\"zweifel-oder-glaube\\\/was-bringt-die-zukunft\",\"title\":\"WAS BRINGT DIE ZUKUNFT?\"}}],\"modified\":\"2021-04-21T10:53:28.551Z\",\"name\":\"zog-weiteres-angebot\"}]}]}],\"name\":\"Weiteres Angebot\"}],\"version\":\"4.3.5\"} --><\/p>\n","protected":false},"excerpt":{"rendered":"<p>ICH WILL GOTT ERLEBEN WIE KANN ICH ERFAHREN, DASS ES EINEN LEBENDIGEN GOTT GIBT? Es gibt einige Wege. Wir k\u00f6nnen das Vorhandensein Gottes erkennen \u2026 durch Gebetserh\u00f6rungen Wer noch nicht an Gott glaubt, k\u00f6nnte zuerst wie folgt beten: \u201eGro\u00dfer Gott, ich wei\u00df nicht, ob es Dich gibt. Aber, wenn es Dich gibt, dann erh\u00f6re mein [&hellip;]<\/p>\n","protected":false},"author":2,"featured_media":1268,"parent":22,"menu_order":0,"comment_status":"closed","ping_status":"closed","template":"","meta":{"_acf_changed":false,"footnotes":""},"class_list":["post-609","page","type-page","status-publish","has-post-thumbnail","hentry"],"acf":[],"_links":{"self":[{"href":"https:\/\/gotterfahren.info\/en\/wp-json\/wp\/v2\/pages\/609","targetHints":{"allow":["GET"]}}],"collection":[{"href":"https:\/\/gotterfahren.info\/en\/wp-json\/wp\/v2\/pages"}],"about":[{"href":"https:\/\/gotterfahren.info\/en\/wp-json\/wp\/v2\/types\/page"}],"author":[{"embeddable":true,"href":"https:\/\/gotterfahren.info\/en\/wp-json\/wp\/v2\/users\/2"}],"replies":[{"embeddable":true,"href":"https:\/\/gotterfahren.info\/en\/wp-json\/wp\/v2\/comments?post=609"}],"version-history":[{"count":0,"href":"https:\/\/gotterfahren.info\/en\/wp-json\/wp\/v2\/pages\/609\/revisions"}],"up":[{"embeddable":true,"href":"https:\/\/gotterfahren.info\/en\/wp-json\/wp\/v2\/pages\/22"}],"wp:featuredmedia":[{"embeddable":true,"href":"https:\/\/gotterfahren.info\/en\/wp-json\/wp\/v2\/media\/1268"}],"wp:attachment":[{"href":"https:\/\/gotterfahren.info\/en\/wp-json\/wp\/v2\/media?parent=609"}],"curies":[{"name":"wp","href":"https:\/\/api.w.org\/{rel}","templated":true}]}}