{"id":5010,"date":"2024-03-11T15:38:34","date_gmt":"2024-03-11T15:38:34","guid":{"rendered":"https:\/\/gotterfahren.info\/?page_id=5010"},"modified":"2025-12-01T23:20:45","modified_gmt":"2025-12-01T23:20:45","slug":"we-pray-for-you","status":"publish","type":"page","link":"https:\/\/gotterfahren.info\/en\/angebote\/wir-beten-fuer-dich","title":{"rendered":"We are praying for you!"},"content":{"rendered":"<h1>WIR BETEN F\u00dcR DICH!<\/h1>\n<h1>\n<p><strong>GOTT ERH\u00d6RT IMMER NOCH GEBETE<\/strong><\/p>\n<\/h1>\n<div>\n<p><strong>Aus eigener Erfahrung haben wir die Kraft des Gebets erfahren und GOTT erlebt, der Gebete h\u00f6rt und beantwortet.<\/strong><\/p>\n<p>Jeder von uns war in seinem Leben schon an dem Punkt, wo man das Bed\u00fcrfnis nach Gottes F\u00fchrung und Eingreifen wirklich n\u00f6tig hatte. In diesen Momenten tat es so gut, wenn andere Menschen uns beistanden, f\u00fcr uns eintraten und bei uns waren.<\/p>\n<p>Wir w\u00fcnschen Dir dasselbe! Wir m\u00f6chten, dass Du Dich in der Situation, in der Du Dich befindest, getragen f\u00fchlst, aber auch Gottes Hilfe, F\u00fchrung und Unterst\u00fctzung erf\u00e4hrst.<\/p>\n<p>Unabh\u00e4ngig davon, ob Du gl\u00e4ubig bist oder nicht an Gott glaubst, Du hast nichts zu verlieren! Wir m\u00f6chten f\u00fcr Dich beten und Dich unterst\u00fctzen!<\/p>\n<\/div>\n<div>\n\n<div class=\"wpcf7 no-js\" id=\"wpcf7-f5009-o1\" lang=\"en-US\" dir=\"ltr\" data-wpcf7-id=\"5009\">\n<div class=\"screen-reader-response\"><p role=\"status\" aria-live=\"polite\" aria-atomic=\"true\"><\/p> <ul><\/ul><\/div>\n<form action=\"\/en\/wp-json\/wp\/v2\/pages\/5010#wpcf7-f5009-o1\" method=\"post\" class=\"wpcf7-form init\" aria-label=\"Contact form\" novalidate=\"novalidate\" data-status=\"init\">\n<fieldset class=\"hidden-fields-container\"><input type=\"hidden\" name=\"_wpcf7\" value=\"5009\" \/><input type=\"hidden\" name=\"_wpcf7_version\" value=\"6.1.5\" \/><input type=\"hidden\" name=\"_wpcf7_locale\" value=\"en_US\" \/><input type=\"hidden\" name=\"_wpcf7_unit_tag\" value=\"wpcf7-f5009-o1\" \/><input type=\"hidden\" name=\"_wpcf7_container_post\" value=\"0\" \/><input type=\"hidden\" name=\"_wpcf7_posted_data_hash\" value=\"\" \/>\n<\/fieldset>\n<p><label style=\"float: left;margin-right: 50px;\">Dein Name<br \/>\n<span class=\"wpcf7-form-control-wrap\" data-name=\"your-name\"><input size=\"40\" maxlength=\"400\" class=\"wpcf7-form-control wpcf7-text wpcf7-validates-as-required\" aria-required=\"true\" aria-invalid=\"false\" value=\"\" type=\"text\" name=\"your-name\" \/><\/span><\/label>\n<\/p>\n<p><label>Deine E-Mail<br \/>\n<span class=\"wpcf7-form-control-wrap\" data-name=\"your-email\"><input size=\"40\" maxlength=\"400\" class=\"wpcf7-form-control wpcf7-email wpcf7-validates-as-required wpcf7-text wpcf7-validates-as-email\" aria-required=\"true\" aria-invalid=\"false\" value=\"\" type=\"email\" name=\"your-email\" \/><\/span><\/label>\n<\/p>\n<p><label>Dein Gebetsanliegen (bitte kurzfassen)<br \/>\n<span class=\"wpcf7-form-control-wrap\" data-name=\"your-message\"><textarea cols=\"40\" rows=\"10\" maxlength=\"1000\" class=\"wpcf7-form-control wpcf7-textarea\" aria-invalid=\"false\" name=\"your-message\"><\/textarea><\/span> <\/label>\n<\/p>\n<p><span class=\"wpcf7-form-control-wrap\" data-name=\"nutzungbedingungen\"><span class=\"wpcf7-form-control wpcf7-checkbox wpcf7-validates-as-required\"><span class=\"wpcf7-list-item first last\"><label><input type=\"checkbox\" name=\"nutzungbedingungen[]\" value=\"Ich akzeptiere die Datenschutzrichtlinien und bin mit der Verarbeitung meiner Daten einverstanden.\" \/><span class=\"wpcf7-list-item-label\">Ich akzeptiere die Datenschutzrichtlinien und bin mit der Verarbeitung meiner Daten einverstanden.<\/span><\/label><\/span><\/span><\/span><br \/>\n<span class=\"wpcf7-form-control-wrap\" data-name=\"newsletter\"><span class=\"wpcf7-form-control wpcf7-checkbox\"><span class=\"wpcf7-list-item first last\"><label><input type=\"checkbox\" name=\"newsletter[]\" value=\"Ich abonniere den GOTTERFAHREN Newsletter mit mutmachenden Artikeln, Videos und Podcasts.\" \/><span class=\"wpcf7-list-item-label\">Ich abonniere den GOTTERFAHREN Newsletter mit mutmachenden Artikeln, Videos und Podcasts.<\/span><\/label><\/span><\/span><\/span>\n<\/p>\n<p style=\"padding: 25px;background: #ebf7fd;color: #2d7091;border: 1px solid rgba(45,112,145,.3);\">Warum fragen wir nach Deiner E-Mail-Adresse? Wir w\u00fcrden uns gerne bei Dir melden, um eine R\u00fcckmeldung zu erhalten, ob unsere Gebete f\u00fcr Dich erh\u00f6rt wurden (oder ob wir noch weiter f\u00fcr Dich beten sollen).\n<\/p>\n<input class=\"wpcf7-form-control wpcf7-hidden\" value=\"prayerForm\" type=\"hidden\" name=\"id\" \/>\n<div class=\"wpcf7-turnstile cf-turnstile\" data-sitekey=\"0x4AAAAAAB6usQ20bGOqGl5t\" data-response-field-name=\"_wpcf7_turnstile_response\"><\/div>\n<p><input class=\"wpcf7-form-control wpcf7-submit has-spinner\" type=\"submit\" value=\"Senden\" \/>\n<\/p><div class=\"wpcf7-response-output\" aria-hidden=\"true\"><\/div>\n<\/form>\n<\/div>\n<\/div>\n<ul>\n<li>\n<p><img decoding=\"async\" src=\"\/wp-content\/uploads\/2021\/03\/bzg-cta-hotline.jpg\" alt=\"\"><\/p>\n<h3>GLAUBENS- &#038; LEBENSBERATUNG<\/h3>\n<div>Du suchst ein vertrauensvolles Gespr\u00e4ch, Rat und Orientierung f\u00fcr dein Leben? Wir sind f\u00fcr dich da, t\u00e4glich 6-22 Uhr!<\/div>\n<p><a href=\"\/angebote\/glaubens-und-lebenshilfe-telefon\">Mehr erfahren<\/a><\/p>\n<\/li>\n<li>\n<p><img decoding=\"async\" src=\"\/wp-content\/uploads\/2021\/03\/bzg-cta-e.choach.jpg\" alt=\"\"><\/p>\n<h3>GOTT ERFAHREN E-COACH<\/h3>\n<div>Du hast Fragen zu Gott, der Bibel und dem Glauben? Schreibe uns! Dein pers\u00f6nlicher E-Coach beantwortet sie dir gerne.<\/div>\n<p><a href=\"\/angebote\/kontakt-mit-e-coach\">Mehr erfahren<\/a><\/p>\n<\/li>\n<\/ul>\n<p><!--more--><br \/>\n<!-- {\"type\":\"layout\",\"children\":[{\"type\":\"section\",\"props\":{\"class\":\"banner-normal\",\"image\":\"wp-content\\\/uploads\\\/2021\\\/07\\\/gott_hoert_gebetserfahrungen.jpg\",\"image_position\":\"center-center\",\"image_size\":\"cover\",\"padding\":\"xlarge\",\"style\":\"default\",\"title_breakpoint\":\"xl\",\"title_position\":\"top-left\",\"title_rotation\":\"left\",\"vertical_align\":\"middle\",\"width\":\"\"},\"children\":[{\"type\":\"row\",\"children\":[{\"type\":\"column\",\"props\":{\"image_position\":\"center-center\",\"position_sticky_breakpoint\":\"m\"}}]}],\"name\":\"Banner\",\"modified\":\"2021-03-23T16:02:54.885Z\"},{\"type\":\"section\",\"props\":{\"css\":\"select, input[type=\\\"file\\\"] {\\n    height: 30px;\\n    line-height: 30px;\\n}\\n.wpcf7-submit {\\n    text-align: center;\\n    cursor: pointer;\\n    display: inline-block;\\n    outline: 0;\\n    position: relative;\\n    -webkit-transition: all .3s ease;\\n    -moz-transition: all .3s ease;\\n    -ms-transition: all .3s ease;\\n    -o-transition: all .3s ease;\\n    transition: all .3s ease;\\n    float: left;\\n    padding: 30px 46px;\\n    border-radius: 3px;\\n    -webkit-border-radius: 3px;\\n    -moz-border-radius: 3px;\\n}\\n.wpcf7-submit {\\n    background: rgb(98,164,231)!important;\\n    height: 30px;\\n    padding-top: 3px!important;border-color: #ad161600;font-size: 16px;\\n    letter-spacing: 1.5px;color:#fff;    line-height: 27px;\\n}\\n.wpcf7-submit:hover {\\n    color: #fff!important;\\n    background-color: #92BE56!important;\\n}\\n.wpcf7-form-control-wrap textarea {\\n    width: 206px !important;\\n    background-color: rgba(255, 255, 255, 0.05);\\n    border: 1px solid #ddd !important;\\n    height: 90px !important;\\n}\\n.wpcf7-form-control-wrap input[type=\\\"text\\\"], .wpcf7-form-control-wrap input[type=\\\"email\\\"], .wpcf7-form-control-wrap input[type=\\\"tel\\\"]{height: 30px; background-color: rgba(255,255,255,0.0)!important;\\n    border: 1px solid #DDD !important; width:206px;}\\n    \\nselect {background-color: #FFF; width: 212px !important;    border: 1px solid #ccc;}\\n\\nspan.wpcf7-list-item {\\n    display: block !important;\\n    width: -webkit-fill-available;\\n    margin:0px !important;\\n}\\ninput[type=\\\"radio\\\"], input[type=\\\"checkbox\\\"] {\\n    margin: -4px 2px 0 !important;\\n}\\n.wpcf7-list-item.last {\\n    margin-left: 0px !important; \\n}\\n\\nselect, textarea, input[type=\\\"text\\\"], input[type=\\\"password\\\"], input[type=\\\"datetime\\\"], input[type=\\\"datetime-local\\\"], input[type=\\\"date\\\"], input[type=\\\"month\\\"], input[type=\\\"time\\\"], input[type=\\\"week\\\"], input[type=\\\"number\\\"], input[type=\\\"email\\\"], input[type=\\\"url\\\"], input[type=\\\"search\\\"], input[type=\\\"tel\\\"], input[type=\\\"color\\\"], .uneditable-input{\\n-webkit-border-radius: 3px !important;\\n    -moz-border-radius: 3px !important;\\n    border-radius: 3px !important;\\n    \\n}\\n\\noption {\\n   font-family: Roboto !important;\\n    line-height: 22px !important;\\n    font-weight: 300 !important;\\n    font-style: normal !important;\\n    color: #454545 !important;\\n    font-size: 16px !important;\\n}  \\n\\ninput, textarea, select, button {\\n       font-family: Roboto !important;\\n           font-weight: 300 !important;\\n    font-style: normal !important;\\n}  \\n\\n.btn-bt.with_icon {background: rgb(98, 164, 231) !important;height: 30px; padding-top: 3px !important;}\\n.btn-bt.with_icon:hover{color:#fff !important;background-color: #92BE56 !important;}\\n\\ndiv.wpcf7-validation-errors, div.wpcf7-acceptance-missing {\\n        border: 2px solid #92be5600 !important;;\\n}\\ndiv.wpcf7-response-output{margin: -12px !important;}\\n\\ndiv.wpcf7-mail-sent-ok{border: 2px solid #398f1400 !important;}\\n\\n.wpcf7-form-control-wrap textarea {\\n    width: 80% !important;\\n    background-color: rgba(255, 255, 255, 0.05);\\n    border: 1px solid #ddd !important;\\n    height: 190px !important;\\n}\\n\\nform input[type=\\\"radio\\\"], form input[type=\\\"checkbox\\\"] {width: 21px; height: 18px;}\\n\\n\\n\\n@media (max-width: 644px){\\nform p label:first-child {\\n    float: none !important;\\n}}\",\"image_position\":\"center-center\",\"padding_remove_top\":false,\"style\":\"default\",\"title_breakpoint\":\"xl\",\"title_position\":\"top-left\",\"title_rotation\":\"left\",\"vertical_align\":\"middle\",\"width\":\"default\"},\"children\":[{\"type\":\"row\",\"children\":[{\"type\":\"column\",\"props\":{\"image_position\":\"center-center\",\"position_sticky_breakpoint\":\"m\"},\"children\":[{\"type\":\"breadcrumbs\",\"props\":{\"home_text\":\"GOTT ERFAHREN\",\"show_current\":true,\"show_home\":true,\"visibility\":\"s\"}}]}]},{\"type\":\"row\",\"children\":[{\"type\":\"column\",\"props\":{\"image_position\":\"center-center\",\"position_sticky_breakpoint\":\"m\"},\"children\":[{\"type\":\"headline\",\"props\":{\"content\":\"WIR BETEN F\\u00dcR DICH!\",\"margin_remove_bottom\":true,\"title_element\":\"h1\",\"title_style\":\"h1\"}},{\"type\":\"headline\",\"props\":{\"content\":\"\n\n<p><strong>GOTT ERH\\u00d6RT IMMER NOCH GEBETE<\\\/strong><\\\/p>\",\"margin\":\"small\",\"margin_remove_top\":false,\"title_element\":\"h1\",\"title_style\":\"h4\"}}]}]},{\"type\":\"row\",\"children\":[{\"type\":\"column\",\"props\":{\"image_position\":\"center-center\",\"position_sticky_breakpoint\":\"m\"},\"children\":[{\"type\":\"text\",\"props\":{\"column_breakpoint\":\"m\",\"content\":\"\n\n<p><strong>Aus eigener Erfahrung haben wir die Kraft des Gebets erfahren und GOTT erlebt, der Gebete h\\u00f6rt und beantwortet.<\\\/strong><\\\/p>\\n\n\n<p>Jeder von uns war in seinem Leben schon an dem Punkt, wo man das Bed\\u00fcrfnis nach Gottes F\\u00fchrung und Eingreifen wirklich n\\u00f6tig hatte. In diesen Momenten tat es so gut, wenn andere Menschen uns beistanden, f\\u00fcr uns eintraten und bei uns waren.<\\\/p>\\n\n\n<p>Wir w\\u00fcnschen Dir dasselbe! Wir m\\u00f6chten, dass Du Dich in der Situation, in der Du Dich befindest, getragen f\\u00fchlst, aber auch Gottes Hilfe, F\\u00fchrung und Unterst\\u00fctzung erf\\u00e4hrst.<\\\/p>\\n\n\n<p>Unabh\\u00e4ngig davon, ob Du gl\\u00e4ubig bist oder nicht an Gott glaubst, Du hast nichts zu verlieren! Wir m\\u00f6chten f\\u00fcr Dich beten und Dich unterst\\u00fctzen!<\\\/p>\",\"margin\":\"default\"}}]}]},{\"type\":\"row\",\"children\":[{\"type\":\"column\",\"props\":{\"image_position\":\"center-center\",\"position_sticky_breakpoint\":\"m\"},\"children\":[{\"type\":\"html\",\"props\":{\"content\":\"[contact-form-7 id=\\\"c6efdee\\\" title=\\\"Gebet\\\"]\"}}]}],\"props\":{\"padding_remove_horizontal\":false,\"width\":\"large\"}}],\"name\":\"Inhalt\"},{\"type\":\"section\",\"props\":{\"class\":\"de-only\",\"image_position\":\"center-center\",\"style\":\"default\",\"title_breakpoint\":\"xl\",\"title_position\":\"top-left\",\"title_rotation\":\"left\",\"vertical_align\":\"middle\",\"width\":\"small\"},\"children\":[{\"type\":\"row\",\"children\":[{\"type\":\"column\",\"props\":{\"image_position\":\"center-center\",\"position_sticky_breakpoint\":\"m\"},\"children\":[{\"type\":\"grid\",\"props\":{\"content_column_breakpoint\":\"m\",\"filter_align\":\"left\",\"filter_all\":true,\"filter_grid_breakpoint\":\"m\",\"filter_grid_width\":\"auto\",\"filter_position\":\"top\",\"filter_style\":\"tab\",\"grid_default\":\"1\",\"grid_medium\":\"2\",\"grid_small\":\"2\",\"icon_width\":80,\"image_align\":\"top\",\"image_grid_breakpoint\":\"m\",\"image_grid_width\":\"1-2\",\"image_svg_color\":\"emphasis\",\"item_animation\":true,\"link_style\":\"secondary\",\"link_text\":\"Mehr erfahren\",\"margin\":\"default\",\"meta_align\":\"below-title\",\"meta_element\":\"div\",\"meta_style\":\"text-meta\",\"panel_image_no_padding\":true,\"panel_link\":true,\"panel_padding\":\"default\",\"panel_style\":\"card-default\",\"parallax_easing\":\"1\",\"show_content\":true,\"show_image\":true,\"show_link\":true,\"show_meta\":true,\"show_title\":true,\"title_align\":\"top\",\"title_color\":\"emphasis\",\"title_element\":\"h3\",\"title_grid_breakpoint\":\"m\",\"title_grid_width\":\"1-2\",\"title_hover_style\":\"reset\",\"title_style\":\"h3\"},\"children\":[{\"type\":\"grid_item\",\"props\":{\"content\":\"Du suchst ein vertrauensvolles Gespr\\u00e4ch, Rat und Orientierung f\\u00fcr dein Leben? Wir sind f\\u00fcr dich da, t\\u00e4glich 6-22 Uhr!\",\"image\":\"wp-content\\\/uploads\\\/2021\\\/03\\\/bzg-cta-hotline.jpg\",\"link\":\"angebote\\\/glaubens-und-lebenshilfe-telefon\",\"panel_style\":\"card-default\",\"title\":\"GLAUBENS- & LEBENSBERATUNG\"}},{\"type\":\"grid_item\",\"props\":{\"content\":\"Du hast Fragen zu Gott, der Bibel und dem Glauben? Schreibe uns! Dein pers\\u00f6nlicher E-Coach beantwortet sie dir gerne.\",\"image\":\"wp-content\\\/uploads\\\/2021\\\/03\\\/bzg-cta-e.choach.jpg\",\"link\":\"angebote\\\/kontakt-mit-e-coach\",\"panel_style\":\"card-default\",\"title\":\"GOTT ERFAHREN E-COACH\"}}]}]}]}],\"name\":\"Call to Action\"},{\"type\":\"section\",\"props\":{\"image_position\":\"center-center\",\"status\":\"disabled\",\"style\":\"default\",\"title_breakpoint\":\"xl\",\"title_position\":\"top-left\",\"title_rotation\":\"left\",\"vertical_align\":\"middle\",\"width\":\"default\"},\"children\":[{\"type\":\"row\",\"children\":[{\"type\":\"column\",\"props\":{\"image_position\":\"center-center\",\"position_sticky_breakpoint\":\"m\"},\"children\":[{\"type\":\"headline\",\"props\":{\"content\":\"DAS K\\u00d6NNTE DICH AUCH INTERESSIEREN\",\"text_align\":\"center\",\"title_element\":\"h1\",\"title_style\":\"h3\"}},{\"type\":\"gallery\",\"props\":{\"filter_align\":\"left\",\"filter_all\":true,\"filter_grid_breakpoint\":\"m\",\"filter_grid_width\":\"auto\",\"filter_position\":\"top\",\"filter_style\":\"tab\",\"grid_column_gap\":\"small\",\"grid_default\":\"1\",\"grid_medium\":\"3\",\"grid_row_gap\":\"small\",\"grid_small\":\"2\",\"image_hover_box_shadow\":\"small\",\"image_orientation\":false,\"image_transition\":\"scale-up\",\"item_animation\":true,\"link_style\":\"text\",\"link_text\":\"\",\"margin\":\"default\",\"meta_align\":\"below-title\",\"meta_element\":\"div\",\"meta_style\":\"text-meta\",\"overlay_hover\":false,\"overlay_link\":true,\"overlay_mode\":\"cover\",\"overlay_position\":\"center\",\"overlay_style\":\"overlay-primary\",\"overlay_transition\":\"fade\",\"parallax_easing\":\"1\",\"show_content\":false,\"show_hover_image\":true,\"show_link\":true,\"show_meta\":false,\"show_title\":true,\"text_align\":\"center\",\"text_color\":\"light\",\"title_element\":\"h5\",\"title_hover_style\":\"reset\",\"title_style\":\"h5\"},\"children\":[{\"type\":\"gallery_item\",\"props\":{\"image\":\"wp-content\\\/uploads\\\/2021\\\/03\\\/bzg-interesse-stadt.jpg\",\"link\":\"beziehung-zu-gott\\\/was-ist-lebenserfolg\",\"title\":\"Was ist Lebenserfolg?\"}},{\"type\":\"gallery_item\",\"props\":{\"image\":\"wp-content\\\/uploads\\\/2021\\\/03\\\/bzg-interesse-bibel.jpg\",\"link\":\"beziehung-zu-gott\\\/was-ist-das-hauptanliegen-der-bibel\",\"title\":\"Was ist das Hauptanliegen der Bibel?\"}},{\"type\":\"gallery_item\",\"props\":{\"image\":\"wp-content\\\/uploads\\\/2021\\\/03\\\/bzg-interesse-herz.jpg\",\"link\":\"wege-zum-ziel\\\/sinnbilder-der-liebe-gottes\",\"title\":\"Sinnbilder der Liebe Gottes\"}},{\"type\":\"gallery_item\",\"props\":{\"image\":\"wp-content\\\/uploads\\\/2021\\\/03\\\/bzg-interesse-kreuz.jpg\",\"link\":\"beziehung-zu-gott\\\/jesus-einzigartig-und-unvergleichlich\",\"title\":\"Jesus von Nazareth\"}},{\"type\":\"gallery_item\",\"props\":{\"image\":\"wp-content\\\/uploads\\\/2021\\\/03\\\/bzg-interesse-taube.jpg\",\"link\":\"beziehung-zu-gott\\\/leben-in-der-kraft-gottes\",\"title\":\"Leben in der Kraft Gottes\"}},{\"type\":\"gallery_item\",\"props\":{\"image\":\"wp-content\\\/uploads\\\/2021\\\/03\\\/bzg-interesse-beten.jpg\",\"link\":\"zweifel-oder-glaube\\\/ich-will-gott-erleben\",\"title\":\"Ich will Gott erleben\"}}]}]}]}],\"name\":\"Weiteres Angebot\"}],\"version\":\"4.3.5\"} --><\/p>\n","protected":false},"excerpt":{"rendered":"<p>WIR BETEN F\u00dcR DICH! GOTT ERH\u00d6RT IMMER NOCH GEBETE Aus eigener Erfahrung haben wir die Kraft des Gebets erfahren und GOTT erlebt, der Gebete h\u00f6rt und beantwortet. Jeder von uns war in seinem Leben schon an dem Punkt, wo man das Bed\u00fcrfnis nach Gottes F\u00fchrung und Eingreifen wirklich n\u00f6tig hatte. In diesen Momenten tat es [&hellip;]<\/p>\n","protected":false},"author":2,"featured_media":2736,"parent":30,"menu_order":0,"comment_status":"closed","ping_status":"closed","template":"","meta":{"_acf_changed":false,"footnotes":""},"class_list":["post-5010","page","type-page","status-publish","has-post-thumbnail","hentry"],"acf":[],"_links":{"self":[{"href":"https:\/\/gotterfahren.info\/en\/wp-json\/wp\/v2\/pages\/5010","targetHints":{"allow":["GET"]}}],"collection":[{"href":"https:\/\/gotterfahren.info\/en\/wp-json\/wp\/v2\/pages"}],"about":[{"href":"https:\/\/gotterfahren.info\/en\/wp-json\/wp\/v2\/types\/page"}],"author":[{"embeddable":true,"href":"https:\/\/gotterfahren.info\/en\/wp-json\/wp\/v2\/users\/2"}],"replies":[{"embeddable":true,"href":"https:\/\/gotterfahren.info\/en\/wp-json\/wp\/v2\/comments?post=5010"}],"version-history":[{"count":0,"href":"https:\/\/gotterfahren.info\/en\/wp-json\/wp\/v2\/pages\/5010\/revisions"}],"up":[{"embeddable":true,"href":"https:\/\/gotterfahren.info\/en\/wp-json\/wp\/v2\/pages\/30"}],"wp:featuredmedia":[{"embeddable":true,"href":"https:\/\/gotterfahren.info\/en\/wp-json\/wp\/v2\/media\/2736"}],"wp:attachment":[{"href":"https:\/\/gotterfahren.info\/en\/wp-json\/wp\/v2\/media?parent=5010"}],"curies":[{"name":"wp","href":"https:\/\/api.w.org\/{rel}","templated":true}]}}