{"id":26,"date":"2021-03-21T14:13:46","date_gmt":"2021-03-21T14:13:46","guid":{"rendered":"https:\/\/alex.gotterfahren.info\/?page_id=26"},"modified":"2026-03-09T06:52:46","modified_gmt":"2026-03-09T06:52:46","slug":"god-changes-lives","status":"publish","type":"page","link":"https:\/\/gotterfahren.info\/en\/gott-veraendert-leben","title":{"rendered":"God changes lives"},"content":{"rendered":"<h1>GOTT VER\u00c4NDERT LEBEN<\/h1>\n<div>\n<p>Gottes Anwesenheit im Leben hat positive Auswirkungen.<\/p>\n<\/div>\n<ul>\n<li>\n<p>        <img decoding=\"async\" src=\"\/wp-content\/uploads\/2021\/07\/gvl-erlebe_jesus-deine_chance.jpg\" alt=\"\"><\/p>\n<h3>IMPULSE F\u00dcR DEN ALLTAG \u2013 DIE SCH\u00d6NHEIT GOTTES<\/h3>\n<div>Wie sch\u00f6n ist Gott? Wie hat er uns seine Sch\u00f6nheit gezeigt? Was kann \u2026<\/div>\n<p><a href=\"\/gott-veraendert-leben\/impulse-fuer-den-alltag-die-schoenheit-gottes\"><\/a><\/p>\n<\/li>\n<li>\n<p>        <img decoding=\"async\" src=\"\/wp-content\/uploads\/2021\/07\/gvl-Ergreifende_Lebensgeschichten.jpg\" alt=\"\"><\/p>\n<h3>GOTT LEBT \u2013 LEBENSGESCHICHTEN<\/h3>\n<div>Wer die Bibel aufschl\u00e4gt, wird feststellen, dass es im Laufe der Geschichte \u2026<\/div>\n<p><a href=\"\/gott-veraendert-leben\/ergreifende-lebensgeschichten\"><\/a><\/p>\n<\/li>\n<li>\n<p>        <img decoding=\"async\" src=\"\/wp-content\/uploads\/2021\/07\/gvl-gott_wirkt_glaubenserfahrungen.jpg\" alt=\"\"><\/p>\n<h3>GOTT WIRKT \u2013 GLAUBENSERFAHRUNGEN<\/h3>\n<div>In der Bibel wird h\u00e4ufig davon berichtet, wie Gott auf wundersame Weise \u2026<\/div>\n<p><a href=\"\/gott-veraendert-leben\/gott-wirkt-glaubenserfahrungen\"><\/a><\/p>\n<\/li>\n<li>\n<p>        <img decoding=\"async\" src=\"\/wp-content\/uploads\/2021\/07\/gvl-gott_hoert_gebetserfahrungen.jpg\" alt=\"\"><\/p>\n<h3>GOTT H\u00d6RT \u2013 GEBETSERFAHRUNGEN<\/h3>\n<div>Erh\u00f6rt Gott wirklich Gebete? Diese Frage stellen sich viele Menschen \u2026<\/div>\n<p><a href=\"\/gott-veraendert-leben\/gott-hoert-gebetserfahrungen\"><\/a><\/p>\n<\/li>\n<li>\n<p>        <img decoding=\"async\" src=\"\/wp-content\/uploads\/2021\/07\/gvl-Lernen_zu_vergeben.jpg\" alt=\"\"><\/p>\n<h3>HAST DU ETWAS GEGEN JEMANDEN?<\/h3>\n<div>Vergeben ist manchmal schwer. Menschlich gesehen ist es sogar manchmal unm\u00f6glich \u2026<\/div>\n<p><a href=\"\/gott-veraendert-leben\/hast-du-etwas-gegen-jemanden\"><\/a><\/p>\n<\/li>\n<li>\n<p>        <img decoding=\"async\" src=\"\/wp-content\/uploads\/2021\/07\/gvl-Sieg_ueber_Tabak_und_Alkohol.jpg\" alt=\"\"><\/p>\n<h3>SIEG \u00dcBER TABAK UND ALKOHOL<\/h3>\n<div>Wie kann man mit Gottes Hilfe sofort v\u00f6llig freiwerden von S\u00fcchten? \u2026<\/div>\n<p><a href=\"\/gott-veraendert-leben\/sieg-ueber-tabak-und-alkohol\"><\/a><\/p>\n<\/li>\n<li>\n<p>        <img decoding=\"async\" src=\"\/wp-content\/uploads\/2021\/07\/gvl-Mit_Gewinn_die_Bibel_lesen_fac.jpg\" alt=\"\"><\/p>\n<h3>MIT GEWINN DIE BIBEL LESEN \u2013 WIE?<\/h3>\n<div>Vielleicht hast Du Dir schon einmal vor\u00adgenommen, Einblick zu nehmen \u2026<\/div>\n<p><a href=\"\/gott-veraendert-leben\/mit-gewinn-die-bibel-lesen\"><\/a><\/p>\n<\/li>\n<li>\n<p>        <img decoding=\"async\" src=\"\/wp-content\/uploads\/2023\/11\/uberuns2.jpg\" alt=\"\"><\/p>\n<h3>Lass dich taufen!<\/h3>\n<div>\n<p><span>Welche Bedeutung und Stellenwert hat die Taufe? Wir wollen uns einen \u00dcberblick verschaffen. <\/span>\u00a0\u2026<\/p>\n<\/div>\n<p><a href=\"\/gott-veraendert-leben\/lass-dich-taufen\"><\/a><\/p>\n<\/li>\n<\/ul>\n<ul>\n<li>\n<p>        <img decoding=\"async\" src=\"\/wp-content\/uploads\/2021\/07\/gvl-Ergreifende_Lebensgeschichten.jpg\" alt=\"\"><\/p>\n<h3>GOTT LEBT \u2013 LEBENSGESCHICHTEN<\/h3>\n<div>Wer die Bibel aufschl\u00e4gt, wird feststellen, dass es im Laufe der Geschichte \u2026<\/div>\n<p><a href=\"\/gott-veraendert-leben\/ergreifende-lebensgeschichten\"><\/a><\/p>\n<\/li>\n<li>\n<p>        <img decoding=\"async\" src=\"\/wp-content\/uploads\/2021\/07\/gvl-gott_wirkt_glaubenserfahrungen.jpg\" alt=\"\"><\/p>\n<h3>GOTT WIRKT \u2013 GLAUBENSERFAHRUNGEN<\/h3>\n<div>In der Bibel wird h\u00e4ufig davon berichtet, wie Gott auf wundersame Weise \u2026<\/div>\n<p><a href=\"\/gott-veraendert-leben\/gott-wirkt-glaubenserfahrungen\"><\/a><\/p>\n<\/li>\n<li>\n<p>        <img decoding=\"async\" src=\"\/wp-content\/uploads\/2021\/07\/gvl-Lernen_zu_vergeben.jpg\" alt=\"\"><\/p>\n<h3>HAST DU ETWAS GEGEN JEMANDEN?<\/h3>\n<div>Vergeben ist manchmal schwer. Menschlich gesehen ist es sogar manchmal unm\u00f6glich \u2026<\/div>\n<p><a href=\"\/gott-veraendert-leben\/hast-du-etwas-gegen-jemanden\"><\/a><\/p>\n<\/li>\n<li>\n<p>        <img decoding=\"async\" src=\"\/wp-content\/uploads\/2021\/07\/gvl-Sieg_ueber_Tabak_und_Alkohol.jpg\" alt=\"\"><\/p>\n<h3>SIEG \u00dcBER TABAK UND ALKOHOL<\/h3>\n<div>Wie kann man mit Gottes Hilfe sofort v\u00f6llig freiwerden von S\u00fcchten? \u2026<\/div>\n<p><a href=\"\/gott-veraendert-leben\/sieg-ueber-tabak-und-alkohol\"><\/a><\/p>\n<\/li>\n<li>\n<p>        <img decoding=\"async\" src=\"\/wp-content\/uploads\/2021\/07\/gvl-Mit_Gewinn_die_Bibel_lesen_fac.jpg\" alt=\"\"><\/p>\n<h3>MIT GEWINN DIE BIBEL LESEN \u2013 WIE?<\/h3>\n<div>Vielleicht hast Du Dir schon einmal vor\u00adgenommen, Einblick zu nehmen \u2026<\/div>\n<p><a href=\"\/gott-veraendert-leben\/mit-gewinn-die-bibel-lesen\"><\/a><\/p>\n<\/li>\n<li>\n<p>        <img decoding=\"async\" src=\"\/wp-content\/uploads\/2023\/11\/uberuns2.jpg\" alt=\"\"><\/p>\n<h3>Lass dich taufen!<\/h3>\n<div>\n<p><span>Welche Bedeutung und Stellenwert hat die Taufe? Wir wollen uns einen \u00dcberblick verschaffen. <\/span>\u00a0\u2026<\/p>\n<\/div>\n<p><a href=\"\/gott-veraendert-leben\/lass-dich-taufen\"><\/a><\/p>\n<\/li>\n<\/ul>\n<p><!--more--><br \/>\n<!-- {\"name\":\"Category Page\",\"type\":\"layout\",\"children\":[{\"type\":\"section\",\"props\":{\"class\":\"banner-normal\",\"image\":\"wp-content\/uploads\/2021\/06\/gvl-banner-1.jpg\",\"image_position\":\"center-center\",\"image_size\":\"cover\",\"padding_bottom\":\"xlarge\",\"padding_top\":\"xlarge\",\"style\":\"default\",\"title_breakpoint\":\"xl\",\"title_position\":\"top-left\",\"title_rotation\":\"left\",\"vertical_align\":\"\",\"width\":\"\"},\"children\":[{\"type\":\"row\",\"children\":[{\"type\":\"column\",\"props\":{\"image_position\":\"center-center\",\"position_sticky_breakpoint\":\"m\"}}]}],\"name\":\"Banner\",\"modified\":\"2021-03-31T21:47:02.643Z\"},{\"type\":\"section\",\"props\":{\"image_position\":\"center-center\",\"style\":\"default\",\"title_breakpoint\":\"xl\",\"title_position\":\"top-left\",\"title_rotation\":\"left\",\"vertical_align\":\"\",\"width\":\"default\"},\"children\":[{\"type\":\"row\",\"children\":[{\"type\":\"column\",\"props\":{\"image_position\":\"center-center\",\"position_sticky_breakpoint\":\"m\"},\"children\":[{\"type\":\"breadcrumbs\",\"props\":{\"home_text\":\"GOTT ERFAHREN\",\"show_current\":true,\"show_home\":true,\"visibility\":\"s\"}}]}]},{\"type\":\"row\",\"children\":[{\"type\":\"column\",\"props\":{\"image_position\":\"center-center\",\"position_sticky_breakpoint\":\"m\"},\"children\":[{\"type\":\"headline\",\"props\":{\"content\":\"GOTT VER\u00c4NDERT LEBEN\",\"image_align\":\"left\",\"image_margin\":\"xsmall\",\"margin_bottom\":\"remove\",\"title_element\":\"h1\",\"title_style\":\"h1\"}},{\"type\":\"text\",\"props\":{\"column_breakpoint\":\"m\",\"content\":\"\n\n<p>Gottes Anwesenheit im Leben hat positive Auswirkungen.<\/p>\n\n\",\"margin_bottom\":\"default\",\"margin_top\":\"default\"}}]}],\"props\":{\"margin_bottom\":\"default\",\"margin_top\":\"default\"}},{\"type\":\"row\",\"children\":[{\"type\":\"column\",\"props\":{\"image_position\":\"center-center\",\"position_sticky_breakpoint\":\"m\"},\"children\":[{\"type\":\"grid\",\"props\":{\"content_align\":true,\"content_column_breakpoint\":\"m\",\"content_margin\":\"small\",\"css\":\".el-title {\\n\\tfont-size:21px;\\n}\",\"filter_align\":\"left\",\"filter_all\":true,\"filter_grid_breakpoint\":\"m\",\"filter_grid_width\":\"auto\",\"filter_position\":\"top\",\"filter_style\":\"tab\",\"grid_column_gap\":\"medium\",\"grid_default\":\"1\",\"grid_divider\":false,\"grid_medium\":\"1\",\"grid_row_gap\":\"medium\",\"image_align\":\"left\",\"image_expand\":true,\"image_grid_breakpoint\":\"s\",\"image_grid_width\":\"1-5\",\"image_hover_box_shadow\":\"small\",\"image_link\":true,\"image_svg_color\":\"emphasis\",\"image_width\":\"700px\",\"item_animation\":true,\"lightbox_bg_close\":true,\"link_style\":\"default\",\"link_text\":\"\",\"margin_bottom\":\"default\",\"margin_top\":\"default\",\"meta_align\":\"below-title\",\"meta_element\":\"div\",\"meta_style\":\"text-meta\",\"panel_image_no_padding\":true,\"panel_link\":true,\"panel_link_hover\":\"true\",\"panel_padding\":\"default\",\"panel_style\":\"card-default\",\"parallax_easing\":\"1\",\"show_content\":true,\"show_hover_image\":true,\"show_hover_video\":true,\"show_image\":true,\"show_link\":true,\"show_meta\":true,\"show_title\":true,\"show_video\":true,\"title_align\":\"top\",\"title_color\":\"primary\",\"title_element\":\"h3\",\"title_grid_breakpoint\":\"m\",\"title_grid_width\":\"1-2\",\"title_hover_style\":\"reset\",\"title_link\":true,\"title_margin\":\"small\",\"title_style\":\"h3\"},\"children\":[{\"type\":\"grid_item\",\"props\":{\"content\":\"Wie sch\u00f6n ist Gott? Wie hat er uns seine Sch\u00f6nheit gezeigt? Was kann \u2026\",\"image\":\"wp-content\/uploads\/2021\/07\/gvl-erlebe_jesus-deine_chance.jpg\",\"link\":\"gott-veraendert-leben\/impulse-fuer-den-alltag-die-schoenheit-gottes\",\"title\":\"IMPULSE F\u00dcR DEN ALLTAG \u2013 DIE SCH\u00d6NHEIT GOTTES\"}},{\"type\":\"grid_item\",\"props\":{\"content\":\"Wer die Bibel aufschl\u00e4gt, wird feststellen, dass es im Laufe der Geschichte \u2026\",\"image\":\"wp-content\/uploads\/2021\/07\/gvl-Ergreifende_Lebensgeschichten.jpg\",\"link\":\"gott-veraendert-leben\/ergreifende-lebensgeschichten\",\"title\":\"GOTT LEBT \u2013 LEBENSGESCHICHTEN\"}},{\"type\":\"grid_item\",\"props\":{\"content\":\"In der Bibel wird h\u00e4ufig davon berichtet, wie Gott auf wundersame Weise \u2026\",\"image\":\"wp-content\/uploads\/2021\/07\/gvl-gott_wirkt_glaubenserfahrungen.jpg\",\"link\":\"gott-veraendert-leben\/gott-wirkt-glaubenserfahrungen\",\"title\":\"GOTT WIRKT \u2013 GLAUBENSERFAHRUNGEN\"}},{\"type\":\"grid_item\",\"props\":{\"content\":\"Erh\u00f6rt Gott wirklich Gebete? Diese Frage stellen sich viele Menschen \u2026\",\"image\":\"wp-content\/uploads\/2021\/07\/gvl-gott_hoert_gebetserfahrungen.jpg\",\"link\":\"gott-veraendert-leben\/gott-hoert-gebetserfahrungen\",\"title\":\"GOTT H\u00d6RT \u2013 GEBETSERFAHRUNGEN\"}},{\"type\":\"grid_item\",\"props\":{\"content\":\"Vergeben ist manchmal schwer. Menschlich gesehen ist es sogar manchmal unm\u00f6glich \u2026\",\"image\":\"wp-content\/uploads\/2021\/07\/gvl-Lernen_zu_vergeben.jpg\",\"link\":\"gott-veraendert-leben\/hast-du-etwas-gegen-jemanden\",\"title\":\"HAST DU ETWAS GEGEN JEMANDEN?\"}},{\"type\":\"grid_item\",\"props\":{\"content\":\"Wie kann man mit Gottes Hilfe sofort v\u00f6llig freiwerden von S\u00fcchten? \u2026\",\"image\":\"wp-content\/uploads\/2021\/07\/gvl-Sieg_ueber_Tabak_und_Alkohol.jpg\",\"link\":\"gott-veraendert-leben\/sieg-ueber-tabak-und-alkohol\",\"title\":\"SIEG \u00dcBER TABAK UND ALKOHOL\"}},{\"type\":\"grid_item\",\"props\":{\"content\":\"Vielleicht hast Du Dir schon einmal vor\u00adgenommen, Einblick zu nehmen \u2026\",\"image\":\"wp-content\/uploads\/2021\/07\/gvl-Mit_Gewinn_die_Bibel_lesen_fac.jpg\",\"link\":\"gott-veraendert-leben\/mit-gewinn-die-bibel-lesen\",\"title\":\"MIT GEWINN DIE BIBEL LESEN \u2013 WIE?\"}},{\"type\":\"grid_item\",\"props\":{\"content\":\"\n\n<p><span>Welche Bedeutung und Stellenwert hat die Taufe? Wir wollen uns einen \u00dcberblick verschaffen. <\/span>\u00a0\u2026<\/p>\n\n\",\"image\":\"wp-content\/uploads\/2023\/11\/uberuns2.jpg\",\"link\":\"gott-veraendert-leben\/lass-dich-taufen\",\"title\":\"Lass dich taufen!\"}}],\"name\":\"Artikel (DE)\"}]}],\"props\":{\"class\":\"de-only\"}},{\"type\":\"row\",\"children\":[{\"type\":\"column\",\"props\":{\"image_position\":\"center-center\",\"position_sticky_breakpoint\":\"m\"},\"children\":[{\"type\":\"grid\",\"props\":{\"content_align\":true,\"content_column_breakpoint\":\"m\",\"content_margin\":\"small\",\"css\":\".el-title {\\n\\tfont-size:21px;\\n}\",\"filter_align\":\"left\",\"filter_all\":true,\"filter_grid_breakpoint\":\"m\",\"filter_grid_width\":\"auto\",\"filter_position\":\"top\",\"filter_style\":\"tab\",\"grid_column_gap\":\"medium\",\"grid_default\":\"1\",\"grid_divider\":false,\"grid_medium\":\"1\",\"grid_row_gap\":\"medium\",\"image_align\":\"left\",\"image_expand\":true,\"image_grid_breakpoint\":\"s\",\"image_grid_width\":\"1-5\",\"image_hover_box_shadow\":\"small\",\"image_link\":true,\"image_svg_color\":\"emphasis\",\"image_width\":\"700px\",\"item_animation\":true,\"lightbox_bg_close\":true,\"link_style\":\"default\",\"link_text\":\"\",\"margin_bottom\":\"default\",\"margin_top\":\"default\",\"meta_align\":\"below-title\",\"meta_element\":\"div\",\"meta_style\":\"text-meta\",\"panel_image_no_padding\":true,\"panel_link\":true,\"panel_link_hover\":\"true\",\"panel_padding\":\"default\",\"panel_style\":\"card-default\",\"parallax_easing\":\"1\",\"show_content\":true,\"show_hover_image\":true,\"show_hover_video\":true,\"show_image\":true,\"show_link\":true,\"show_meta\":true,\"show_title\":true,\"show_video\":true,\"title_align\":\"top\",\"title_color\":\"primary\",\"title_element\":\"h3\",\"title_grid_breakpoint\":\"m\",\"title_grid_width\":\"1-2\",\"title_hover_style\":\"reset\",\"title_link\":true,\"title_margin\":\"small\",\"title_style\":\"h3\"},\"children\":[{\"type\":\"grid_item\",\"props\":{\"content\":\"Wer die Bibel aufschl\u00e4gt, wird feststellen, dass es im Laufe der Geschichte \u2026\",\"image\":\"wp-content\/uploads\/2021\/07\/gvl-Ergreifende_Lebensgeschichten.jpg\",\"link\":\"gott-veraendert-leben\/ergreifende-lebensgeschichten\",\"title\":\"GOTT LEBT \u2013 LEBENSGESCHICHTEN\"}},{\"type\":\"grid_item\",\"props\":{\"content\":\"In der Bibel wird h\u00e4ufig davon berichtet, wie Gott auf wundersame Weise \u2026\",\"image\":\"wp-content\/uploads\/2021\/07\/gvl-gott_wirkt_glaubenserfahrungen.jpg\",\"link\":\"gott-veraendert-leben\/gott-wirkt-glaubenserfahrungen\",\"title\":\"GOTT WIRKT \u2013 GLAUBENSERFAHRUNGEN\"}},{\"type\":\"grid_item\",\"props\":{\"content\":\"Vergeben ist manchmal schwer. Menschlich gesehen ist es sogar manchmal unm\u00f6glich \u2026\",\"image\":\"wp-content\/uploads\/2021\/07\/gvl-Lernen_zu_vergeben.jpg\",\"link\":\"gott-veraendert-leben\/hast-du-etwas-gegen-jemanden\",\"title\":\"HAST DU ETWAS GEGEN JEMANDEN?\"}},{\"type\":\"grid_item\",\"props\":{\"content\":\"Wie kann man mit Gottes Hilfe sofort v\u00f6llig freiwerden von S\u00fcchten? \u2026\",\"image\":\"wp-content\/uploads\/2021\/07\/gvl-Sieg_ueber_Tabak_und_Alkohol.jpg\",\"link\":\"gott-veraendert-leben\/sieg-ueber-tabak-und-alkohol\",\"title\":\"SIEG \u00dcBER TABAK UND ALKOHOL\"}},{\"type\":\"grid_item\",\"props\":{\"content\":\"Vielleicht hast Du Dir schon einmal vor\u00adgenommen, Einblick zu nehmen \u2026\",\"image\":\"wp-content\/uploads\/2021\/07\/gvl-Mit_Gewinn_die_Bibel_lesen_fac.jpg\",\"link\":\"gott-veraendert-leben\/mit-gewinn-die-bibel-lesen\",\"title\":\"MIT GEWINN DIE BIBEL LESEN \u2013 WIE?\"}},{\"type\":\"grid_item\",\"props\":{\"content\":\"\n\n<p><span>Welche Bedeutung und Stellenwert hat die Taufe? Wir wollen uns einen \u00dcberblick verschaffen. <\/span>\u00a0\u2026<\/p>\n\n\",\"image\":\"wp-content\/uploads\/2023\/11\/uberuns2.jpg\",\"link\":\"gott-veraendert-leben\/lass-dich-taufen\",\"title\":\"Lass dich taufen!\"}}],\"name\":\"Artikel (EU)\"}]}],\"props\":{\"class\":\"eu-only\"}}],\"name\":\"Inhalt: Artikel\",\"modified\":\"2021-03-31T21:52:02.705Z\"},{\"type\":\"section\",\"props\":{\"class\":\"de-only\",\"image_position\":\"center-center\",\"style\":\"default\",\"title_breakpoint\":\"xl\",\"title_position\":\"top-left\",\"title_rotation\":\"left\",\"vertical_align\":\"\",\"width\":\"small\"},\"children\":[{\"type\":\"row\",\"children\":[{\"type\":\"column\",\"props\":{\"image_position\":\"center-center\",\"position_sticky_breakpoint\":\"m\"},\"children\":[{\"type\":\"module_position\",\"props\":{\"breakpoint\":\"m\",\"content\":\"builder-2\",\"layout\":\"stack\"},\"name\":\"CTA: Lebenshilfe & E-Coach \"}]}]}],\"name\":\"CTA: Grid Hotline & Coach\",\"modified\":\"2021-03-31T21:48:33.572Z\"}],\"version\":\"5.0.19\"} --><\/p>\n","protected":false},"excerpt":{"rendered":"<p>GOTT VER\u00c4NDERT LEBEN Gottes Anwesenheit im Leben hat positive Auswirkungen. IMPULSE F\u00dcR DEN ALLTAG \u2013 DIE SCH\u00d6NHEIT GOTTES Wie sch\u00f6n ist Gott? Wie hat er uns seine Sch\u00f6nheit gezeigt? Was kann \u2026 GOTT LEBT \u2013 LEBENSGESCHICHTEN Wer die Bibel aufschl\u00e4gt, wird feststellen, dass es im Laufe der Geschichte \u2026 GOTT WIRKT \u2013 GLAUBENSERFAHRUNGEN In der [&hellip;]<\/p>\n","protected":false},"author":2,"featured_media":2190,"parent":0,"menu_order":0,"comment_status":"closed","ping_status":"closed","template":"","meta":{"_acf_changed":false,"footnotes":""},"class_list":["post-26","page","type-page","status-publish","has-post-thumbnail","hentry"],"acf":[],"_links":{"self":[{"href":"https:\/\/gotterfahren.info\/en\/wp-json\/wp\/v2\/pages\/26","targetHints":{"allow":["GET"]}}],"collection":[{"href":"https:\/\/gotterfahren.info\/en\/wp-json\/wp\/v2\/pages"}],"about":[{"href":"https:\/\/gotterfahren.info\/en\/wp-json\/wp\/v2\/types\/page"}],"author":[{"embeddable":true,"href":"https:\/\/gotterfahren.info\/en\/wp-json\/wp\/v2\/users\/2"}],"replies":[{"embeddable":true,"href":"https:\/\/gotterfahren.info\/en\/wp-json\/wp\/v2\/comments?post=26"}],"version-history":[{"count":1,"href":"https:\/\/gotterfahren.info\/en\/wp-json\/wp\/v2\/pages\/26\/revisions"}],"predecessor-version":[{"id":13027,"href":"https:\/\/gotterfahren.info\/en\/wp-json\/wp\/v2\/pages\/26\/revisions\/13027"}],"wp:featuredmedia":[{"embeddable":true,"href":"https:\/\/gotterfahren.info\/en\/wp-json\/wp\/v2\/media\/2190"}],"wp:attachment":[{"href":"https:\/\/gotterfahren.info\/en\/wp-json\/wp\/v2\/media?parent=26"}],"curies":[{"name":"wp","href":"https:\/\/api.w.org\/{rel}","templated":true}]}}