{"id":24,"date":"2021-03-21T14:12:49","date_gmt":"2021-03-21T14:12:49","guid":{"rendered":"https:\/\/alex.gotterfahren.info\/?page_id=24"},"modified":"2025-12-01T22:18:51","modified_gmt":"2025-12-01T22:18:51","slug":"ways-to-the-goal","status":"publish","type":"page","link":"https:\/\/gotterfahren.info\/en\/wege-zum-ziel","title":{"rendered":"Ways to the goal"},"content":{"rendered":"<h1>WEGE ZUM ZIEL<\/h1>\n<div>\n<p>Bew\u00e4hrte Vortr\u00e4ge. Die Botschaft der Bibel f\u00fcr das 21. Jahrhundert.<\/p>\n<\/div>\n<ul>\n<li>\n<p><img decoding=\"async\" src=\"\/wp-content\/uploads\/2021\/04\/wzz-article-1.jpg\" alt=\"\"><\/p>\n<h3>12 SCHRITTE ZU EINEM VER\u00c4NDERTEN LEBEN<\/h3>\n<div>Das 12-Schritte-Programm beschreibt einen praktischen Weg, wie der moderne \u2026<\/div>\n<p><a href=\"\/wege-zum-ziel\/12-schritte-veraendertes-leben\"><\/a><\/p>\n<\/li>\n<li>\n<p><img decoding=\"async\" src=\"\/wp-content\/uploads\/2021\/04\/wzz-article-2.jpg\" alt=\"\"><\/p>\n<h3>DIE ERDE \u2013 THEATER DES UNIVERSUMS<\/h3>\n<div>Gott, eine fromme Illusion! \u2013 Wirklich? Dieses Prophetie-Seminar \u00fcber einen \u2026<\/div>\n<p><a href=\"\/wege-zum-ziel\/die-erde-theater-des-universums\"><\/a><\/p>\n<\/li>\n<li>\n<p><img decoding=\"async\" src=\"\/wp-content\/uploads\/2021\/04\/wzz-article-3.jpg\" alt=\"\"><\/p>\n<h3>SINNBILDER DER LIEBE GOTTES<\/h3>\n<div>Er hat die Gabe modernen, kritischen Menschen einen Zugang zur Bibel zu verschaffen \u2026<\/div>\n<p><a href=\"\/wege-zum-ziel\/sinnbilder-der-liebe-gottes\"><\/a><\/p>\n<\/li>\n<li>\n<p><img decoding=\"async\" src=\"\/wp-content\/uploads\/2021\/04\/wzz-article-4.jpg\" alt=\"\"><\/p>\n<h3>GOTTES BOTSCHAFT F\u00dcR UNSERE ZEIT<\/h3>\n<div>Seine Antworten auf Lebens- und Glaubensfragen gr\u00fcnden sich auf die \u2026<\/div>\n<p><a href=\"\/wege-zum-ziel\/gottes-botschaft-fuer-unsere-zeit\"><\/a><\/p>\n<\/li>\n<li>\n<p><img decoding=\"async\" src=\"\/wp-content\/uploads\/2021\/04\/wzz-article-5.jpg\" alt=\"\"><\/p>\n<h3>BIBLISCHE VORHERSAGEN F\u00dcR UNSERE ZEIT<\/h3>\n<div>Die Zukunft der Menschheit offenbart \u2013 es gibt Hoffnung f\u00fcr unseren Planeten! \u2026<\/div>\n<p><a href=\"\/wege-zum-ziel\/biblische-vorhersagen-fuer-unsere-zeit\"><\/a><\/p>\n<\/li>\n<li>\n<p><img decoding=\"async\" src=\"\/wp-content\/uploads\/2021\/04\/wzz-article-6.jpg\" alt=\"\"><\/p>\n<h3>DIE OFFENBARUNG UND IHRE SYMBOLE<\/h3>\n<div>Dem Namen nach verspricht das letzte Buch der Bibel die Zukunft zu enth\u00fcllen \u2026<\/div>\n<p><a href=\"\/wege-zum-ziel\/die-offenbarung-und-ihre-symbole\"><\/a><\/p>\n<\/li>\n<li>\n<p><img decoding=\"async\" src=\"\/wp-content\/uploads\/2021\/04\/wzz-article-7.jpg\" alt=\"\"><\/p>\n<h3>WAS SAGTE JESUS \u00dcBER DAS WELTENDE?<\/h3>\n<div>Die J\u00fcnger fragten Jesus: \u201eSag uns, wann wird das (die Zerst\u00f6rung des Tempels) geschehen? Und woran \u2026<\/div>\n<p><a href=\"\/wege-zum-ziel\/was-sagte-jesus-ueber-das-weltende\"><\/a><\/p>\n<\/li>\n<li>\n<p><img decoding=\"async\" src=\"\/wp-content\/uploads\/2023\/11\/wzz-article-08.jpg\" alt=\"\"><\/p>\n<h3>BEFREIUNG VOM ZAUBER DES ABERGLAUBENS<\/h3>\n<div>\n<p><span>Wir wollen heute \u00fcber einen Bereich nachdenken, \u00fcber den nur wenige<\/span><span>\u00a0Bescheid wissen \u2013 und diese<\/span>\u00a0\u2026<\/p>\n<\/div>\n<p><a href=\"\/wege-zum-ziel\/befreiung-vom-zauber-des-aberglaubens\"><\/a><\/p>\n<\/li>\n<li>\n<p><img decoding=\"async\" src=\"\/wp-content\/uploads\/2023\/11\/landscape2.jpg\" alt=\"\"><\/p>\n<h3>DAS ABENTEUER DES GEBENS<\/h3>\n<div>\n<p><span>Wir wollen heute betrachten, was die Bibel zum Umgang mit Geld sagt. Wir studieren, was <\/span>\u2026<\/p>\n<\/div>\n<p><a href=\"\/wege-zum-ziel\/das-abenteuer-des-gebens\"><\/a><\/p>\n<\/li>\n<li>\n<p><img decoding=\"async\" src=\"\/wp-content\/uploads\/2023\/11\/satellit.jpg\" alt=\"\"><\/p>\n<h3>GOTTES GEHEIMDIENST<\/h3>\n<div>\n<p><span>Wir haben in den letzten Jahren durch Enth\u00fcllungen erfahren, was die Geheimdienste tun. <\/span>\u2026<\/p>\n<\/div>\n<p><a href=\"\/wege-zum-ziel\/gottes-geheimdienst\"><\/a><\/p>\n<\/li>\n<li>\n<p><img decoding=\"async\" src=\"\/wp-content\/uploads\/2023\/11\/mohn2.jpg\" alt=\"\"><\/p>\n<h3>HEILIGUNG \u2013 GEHEIMNIS GL\u00dcCKLICHEN LEBENS<\/h3>\n<div>\n<p><span>Mancher fragt sich: Wie f\u00fchlen sich himmlische Wesen in der N\u00e4he Gottes? Welche Atmosph\u00e4re <\/span>\u2026<\/p>\n<\/div>\n<p><a href=\"\/wege-zum-ziel\/heiligung-geheimnis-gluecklichen-lebens\"><\/a><\/p>\n<\/li>\n<li>\n<p><img decoding=\"async\" src=\"\/wp-content\/uploads\/2023\/11\/wzz-article-12.jpg\" alt=\"\"><\/p>\n<h3>EINE GENIALE IDEE GOTTES<\/h3>\n<div>\n<p><span>Dieses Thema klingt zun\u00e4chst einmal \u201eunmodern\u201c, denn wer m\u00f6chte schon als Diener <\/span>\u2026<\/p>\n<\/div>\n<p><a href=\"\/wege-zum-ziel\/eine-geniale-idee-gottes\"><\/a><\/p>\n<\/li>\n<\/ul>\n<ul>\n<li>\n<p><img decoding=\"async\" src=\"\/wp-content\/uploads\/2021\/04\/wzz-article-6.jpg\" alt=\"\"><\/p>\n<h3>DIE OFFENBARUNG UND IHRE SYMBOLE<\/h3>\n<div>Dem Namen nach verspricht das letzte Buch der Bibel die Zukunft zu enth\u00fcllen \u2026<\/div>\n<p><a href=\"\/wege-zum-ziel\/die-offenbarung-und-ihre-symbole\"><\/a><\/p>\n<\/li>\n<li>\n<p><img decoding=\"async\" src=\"\/wp-content\/uploads\/2021\/04\/wzz-article-7.jpg\" alt=\"\"><\/p>\n<h3>WAS SAGTE JESUS \u00dcBER DAS WELTENDE?<\/h3>\n<div>Die J\u00fcnger fragten Jesus: \u201eSag uns, wann wird das (die Zerst\u00f6rung des Tempels) geschehen? Und woran \u2026<\/div>\n<p><a href=\"\/wege-zum-ziel\/was-sagte-jesus-ueber-das-weltende\"><\/a><\/p>\n<\/li>\n<li>\n<p><img decoding=\"async\" src=\"\/wp-content\/uploads\/2023\/11\/wzz-article-08.jpg\" alt=\"\"><\/p>\n<h3>BEFREIUNG VOM ZAUBER DES ABERGLAUBENS<\/h3>\n<div>\n<p><span>Wir wollen heute \u00fcber einen Bereich nachdenken, \u00fcber den nur wenige<\/span><span>\u00a0Bescheid wissen \u2013 und diese<\/span>\u00a0\u2026<\/p>\n<\/div>\n<p><a href=\"\/wege-zum-ziel\/befreiung-vom-zauber-des-aberglaubens\"><\/a><\/p>\n<\/li>\n<li>\n<p><img decoding=\"async\" src=\"\/wp-content\/uploads\/2023\/11\/landscape2.jpg\" alt=\"\"><\/p>\n<h3>DAS ABENTEUER DES GEBENS<\/h3>\n<div>\n<p><span>Wir wollen heute betrachten, was die Bibel zum Umgang mit Geld sagt. Wir studieren, was <\/span>\u2026<\/p>\n<\/div>\n<p><a href=\"\/wege-zum-ziel\/das-abenteuer-des-gebens\"><\/a><\/p>\n<\/li>\n<li>\n<p><img decoding=\"async\" src=\"\/wp-content\/uploads\/2023\/11\/satellit.jpg\" alt=\"\"><\/p>\n<h3>GOTTES GEHEIMDIENST<\/h3>\n<div>\n<p><span>Wir haben in den letzten Jahren durch Enth\u00fcllungen erfahren, was die Geheimdienste tun. <\/span>\u2026<\/p>\n<\/div>\n<p><a href=\"\/wege-zum-ziel\/gottes-geheimdienst\"><\/a><\/p>\n<\/li>\n<li>\n<p><img decoding=\"async\" src=\"\/wp-content\/uploads\/2023\/11\/mohn2.jpg\" alt=\"\"><\/p>\n<h3>HEILIGUNG \u2013 GEHEIMNIS GL\u00dcCKLICHEN LEBENS<\/h3>\n<div>\n<p><span>Mancher fragt sich: Wie f\u00fchlen sich himmlische Wesen in der N\u00e4he Gottes? Welche Atmosph\u00e4re <\/span>\u2026<\/p>\n<\/div>\n<p><a href=\"\/wege-zum-ziel\/heiligung-geheimnis-gluecklichen-lebens\"><\/a><\/p>\n<\/li>\n<li>\n<p><img decoding=\"async\" src=\"\/wp-content\/uploads\/2023\/11\/wzz-article-12.jpg\" alt=\"\"><\/p>\n<h3>EINE GENIALE IDEE GOTTES<\/h3>\n<div>\n<p><span>Dieses Thema klingt zun\u00e4chst einmal \u201eunmodern\u201c, denn wer m\u00f6chte schon als Diener <\/span>\u2026<\/p>\n<\/div>\n<p><a href=\"\/wege-zum-ziel\/eine-geniale-idee-gottes\"><\/a><\/p>\n<\/li>\n<\/ul>\n<p><!--more--><br \/>\n<!-- {\"name\":\"Category Page\",\"type\":\"layout\",\"children\":[{\"type\":\"section\",\"props\":{\"class\":\"banner-normal\",\"image\":\"wp-content\\\/uploads\\\/2021\\\/04\\\/wzz-banner-0.jpg\",\"image_position\":\"center-center\",\"image_size\":\"cover\",\"padding\":\"xlarge\",\"style\":\"default\",\"title_breakpoint\":\"xl\",\"title_position\":\"top-left\",\"title_rotation\":\"left\",\"vertical_align\":\"middle\",\"width\":\"\"},\"children\":[{\"type\":\"row\",\"children\":[{\"type\":\"column\",\"props\":{\"image_position\":\"center-center\",\"position_sticky_breakpoint\":\"m\"}}]}],\"name\":\"Banner\",\"modified\":\"2021-03-31T21:47:02.643Z\"},{\"type\":\"section\",\"props\":{\"image_position\":\"center-center\",\"padding_remove_top\":false,\"style\":\"default\",\"title_breakpoint\":\"xl\",\"title_position\":\"top-left\",\"title_rotation\":\"left\",\"vertical_align\":\"middle\",\"width\":\"default\"},\"children\":[{\"type\":\"row\",\"children\":[{\"type\":\"column\",\"props\":{\"image_position\":\"center-center\",\"position_sticky_breakpoint\":\"m\"},\"children\":[{\"type\":\"breadcrumbs\",\"props\":{\"home_text\":\"GOTT ERFAHREN\",\"show_current\":true,\"show_home\":true,\"visibility\":\"s\"}}]}]},{\"type\":\"row\",\"children\":[{\"type\":\"column\",\"props\":{\"image_position\":\"center-center\",\"position_sticky_breakpoint\":\"m\"},\"children\":[{\"type\":\"headline\",\"props\":{\"content\":\"WEGE ZUM ZIEL\",\"margin_remove_bottom\":true,\"title_element\":\"h1\",\"title_style\":\"h1\"}},{\"type\":\"text\",\"props\":{\"column_breakpoint\":\"m\",\"content\":\"\n\n<p>Bew\\u00e4hrte Vortr\\u00e4ge. Die Botschaft der Bibel f\\u00fcr das 21. Jahrhundert.<\\\/p>\",\"margin\":\"default\"}}]}],\"props\":{\"margin\":\"default\"}},{\"type\":\"row\",\"children\":[{\"type\":\"column\",\"props\":{\"image_position\":\"center-center\",\"position_sticky_breakpoint\":\"m\"},\"children\":[{\"type\":\"grid\",\"props\":{\"content_align\":true,\"content_column_breakpoint\":\"m\",\"content_margin\":\"small\",\"css\":\".el-title {\\n\\tfont-size:21px;\\n}\",\"filter_align\":\"left\",\"filter_all\":true,\"filter_grid_breakpoint\":\"m\",\"filter_grid_width\":\"auto\",\"filter_position\":\"top\",\"filter_style\":\"tab\",\"grid_column_gap\":\"medium\",\"grid_default\":\"1\",\"grid_divider\":false,\"grid_medium\":\"1\",\"grid_row_gap\":\"medium\",\"icon_width\":80,\"image_align\":\"left\",\"image_grid_breakpoint\":\"s\",\"image_grid_width\":\"1-5\",\"image_hover_box_shadow\":\"small\",\"image_link\":true,\"image_svg_color\":\"emphasis\",\"image_width\":\"700px\",\"item_animation\":true,\"link_style\":\"default\",\"link_text\":\"\",\"margin\":\"default\",\"meta_align\":\"below-title\",\"meta_element\":\"div\",\"meta_style\":\"text-meta\",\"panel_image_no_padding\":true,\"panel_link\":true,\"panel_padding\":\"default\",\"panel_style\":\"card-default\",\"parallax_easing\":\"1\",\"show_content\":true,\"show_image\":true,\"show_link\":true,\"show_meta\":true,\"show_title\":true,\"title_align\":\"top\",\"title_color\":\"primary\",\"title_element\":\"h3\",\"title_grid_breakpoint\":\"m\",\"title_grid_width\":\"1-2\",\"title_hover_style\":\"reset\",\"title_link\":true,\"title_margin\":\"small\",\"title_style\":\"h3\"},\"children\":[{\"type\":\"grid_item\",\"props\":{\"content\":\"Das 12-Schritte-Programm beschreibt einen praktischen Weg, wie der moderne \\u2026\",\"image\":\"wp-content\\\/uploads\\\/2021\\\/04\\\/wzz-article-1.jpg\",\"link\":\"wege-zum-ziel\\\/12-schritte-veraendertes-leben\",\"title\":\"12 SCHRITTE ZU EINEM VER\\u00c4NDERTEN LEBEN\"}},{\"type\":\"grid_item\",\"props\":{\"content\":\"Gott, eine fromme Illusion! \\u2013 Wirklich? Dieses Prophetie-Seminar \\u00fcber einen \\u2026\",\"image\":\"wp-content\\\/uploads\\\/2021\\\/04\\\/wzz-article-2.jpg\",\"link\":\"wege-zum-ziel\\\/die-erde-theater-des-universums\",\"title\":\"DIE ERDE \\u2013 THEATER DES UNIVERSUMS\"}},{\"type\":\"grid_item\",\"props\":{\"content\":\"Er hat die Gabe modernen, kritischen Menschen einen Zugang zur Bibel zu verschaffen \\u2026\",\"image\":\"wp-content\\\/uploads\\\/2021\\\/04\\\/wzz-article-3.jpg\",\"link\":\"wege-zum-ziel\\\/sinnbilder-der-liebe-gottes\",\"title\":\"SINNBILDER DER LIEBE GOTTES\"}},{\"type\":\"grid_item\",\"props\":{\"content\":\"Seine Antworten auf Lebens- und Glaubensfragen gr\\u00fcnden sich auf die \\u2026\",\"image\":\"wp-content\\\/uploads\\\/2021\\\/04\\\/wzz-article-4.jpg\",\"link\":\"wege-zum-ziel\\\/gottes-botschaft-fuer-unsere-zeit\",\"title\":\"GOTTES BOTSCHAFT F\\u00dcR UNSERE ZEIT\"}},{\"type\":\"grid_item\",\"props\":{\"content\":\"Die Zukunft der Menschheit offenbart \\u2013 es gibt Hoffnung f\\u00fcr unseren Planeten! \\u2026\",\"image\":\"wp-content\\\/uploads\\\/2021\\\/04\\\/wzz-article-5.jpg\",\"link\":\"wege-zum-ziel\\\/biblische-vorhersagen-fuer-unsere-zeit\",\"title\":\"BIBLISCHE VORHERSAGEN F\\u00dcR UNSERE ZEIT\"}},{\"type\":\"grid_item\",\"props\":{\"content\":\"Dem Namen nach verspricht das letzte Buch der Bibel die Zukunft zu enth\\u00fcllen \\u2026\",\"image\":\"wp-content\\\/uploads\\\/2021\\\/04\\\/wzz-article-6.jpg\",\"link\":\"wege-zum-ziel\\\/die-offenbarung-und-ihre-symbole\",\"title\":\"DIE OFFENBARUNG UND IHRE SYMBOLE\"}},{\"type\":\"grid_item\",\"props\":{\"content\":\"Die J\\u00fcnger fragten Jesus: \\u201eSag uns, wann wird das (die Zerst\\u00f6rung des Tempels) geschehen? Und woran \\u2026\",\"image\":\"wp-content\\\/uploads\\\/2021\\\/04\\\/wzz-article-7.jpg\",\"link\":\"wege-zum-ziel\\\/was-sagte-jesus-ueber-das-weltende\",\"title\":\"WAS SAGTE JESUS \\u00dcBER DAS WELTENDE?\"}},{\"type\":\"grid_item\",\"props\":{\"content\":\"\n\n<p><span>Wir wollen heute \\u00fcber einen Bereich nachdenken, \\u00fcber den nur wenige<\\\/span><span>\\u00a0Bescheid wissen \\u2013 und diese<\\\/span>\\u00a0\\u2026<\\\/p>\",\"image\":\"wp-content\\\/uploads\\\/2023\\\/11\\\/wzz-article-08.jpg\",\"link\":\"wege-zum-ziel\\\/befreiung-vom-zauber-des-aberglaubens\",\"title\":\"BEFREIUNG VOM ZAUBER DES ABERGLAUBENS\"}},{\"type\":\"grid_item\",\"props\":{\"content\":\"\n\n<p><span>Wir wollen heute betrachten, was die Bibel zum Umgang mit Geld sagt. Wir studieren, was <\\\/span>\\u2026<\\\/p>\",\"image\":\"wp-content\\\/uploads\\\/2023\\\/11\\\/landscape2.jpg\",\"link\":\"wege-zum-ziel\\\/das-abenteuer-des-gebens\",\"title\":\"DAS ABENTEUER DES GEBENS\"}},{\"type\":\"grid_item\",\"props\":{\"content\":\"\n\n<p><span>Wir haben in den letzten Jahren durch Enth\\u00fcllungen erfahren, was die Geheimdienste tun. <\\\/span>\\u2026<\\\/p>\",\"image\":\"wp-content\\\/uploads\\\/2023\\\/11\\\/satellit.jpg\",\"link\":\"wege-zum-ziel\\\/gottes-geheimdienst\",\"title\":\"GOTTES GEHEIMDIENST\"}},{\"type\":\"grid_item\",\"props\":{\"content\":\"\n\n<p><span>Mancher fragt sich: Wie f\\u00fchlen sich himmlische Wesen in der N\\u00e4he Gottes? Welche Atmosph\\u00e4re <\\\/span>\\u2026<\\\/p>\",\"image\":\"wp-content\\\/uploads\\\/2023\\\/11\\\/mohn2.jpg\",\"link\":\"wege-zum-ziel\\\/heiligung-geheimnis-gluecklichen-lebens\",\"title\":\"HEILIGUNG \\u2013 GEHEIMNIS GL\\u00dcCKLICHEN LEBENS\"}},{\"type\":\"grid_item\",\"props\":{\"content\":\"\n\n<p><span>Dieses Thema klingt zun\\u00e4chst einmal \\u201eunmodern\\u201c, denn wer m\\u00f6chte schon als Diener <\\\/span>\\u2026<\\\/p>\",\"image\":\"wp-content\\\/uploads\\\/2023\\\/11\\\/wzz-article-12.jpg\",\"link\":\"wege-zum-ziel\\\/eine-geniale-idee-gottes\",\"title\":\"EINE GENIALE IDEE GOTTES\"}}],\"name\":\"Artikel (DE)\"}]}],\"props\":{\"class\":\"de-only\"}},{\"type\":\"row\",\"children\":[{\"type\":\"column\",\"props\":{\"image_position\":\"center-center\",\"position_sticky_breakpoint\":\"m\"},\"children\":[{\"type\":\"grid\",\"props\":{\"content_align\":true,\"content_column_breakpoint\":\"m\",\"content_margin\":\"small\",\"css\":\".el-title {\\n\\tfont-size:21px;\\n}\",\"filter_align\":\"left\",\"filter_all\":true,\"filter_grid_breakpoint\":\"m\",\"filter_grid_width\":\"auto\",\"filter_position\":\"top\",\"filter_style\":\"tab\",\"grid_column_gap\":\"medium\",\"grid_default\":\"1\",\"grid_divider\":false,\"grid_medium\":\"1\",\"grid_row_gap\":\"medium\",\"icon_width\":80,\"image_align\":\"left\",\"image_grid_breakpoint\":\"s\",\"image_grid_width\":\"1-5\",\"image_hover_box_shadow\":\"small\",\"image_link\":true,\"image_svg_color\":\"emphasis\",\"image_width\":\"700px\",\"item_animation\":true,\"link_style\":\"default\",\"link_text\":\"\",\"margin\":\"default\",\"meta_align\":\"below-title\",\"meta_element\":\"div\",\"meta_style\":\"text-meta\",\"panel_image_no_padding\":true,\"panel_link\":true,\"panel_padding\":\"default\",\"panel_style\":\"card-default\",\"parallax_easing\":\"1\",\"show_content\":true,\"show_image\":true,\"show_link\":true,\"show_meta\":true,\"show_title\":true,\"title_align\":\"top\",\"title_color\":\"primary\",\"title_element\":\"h3\",\"title_grid_breakpoint\":\"m\",\"title_grid_width\":\"1-2\",\"title_hover_style\":\"reset\",\"title_link\":true,\"title_margin\":\"small\",\"title_style\":\"h3\"},\"children\":[{\"type\":\"grid_item\",\"props\":{\"content\":\"Dem Namen nach verspricht das letzte Buch der Bibel die Zukunft zu enth\\u00fcllen \\u2026\",\"image\":\"wp-content\\\/uploads\\\/2021\\\/04\\\/wzz-article-6.jpg\",\"link\":\"wege-zum-ziel\\\/die-offenbarung-und-ihre-symbole\",\"title\":\"DIE OFFENBARUNG UND IHRE SYMBOLE\"}},{\"type\":\"grid_item\",\"props\":{\"content\":\"Die J\\u00fcnger fragten Jesus: \\u201eSag uns, wann wird das (die Zerst\\u00f6rung des Tempels) geschehen? Und woran \\u2026\",\"image\":\"wp-content\\\/uploads\\\/2021\\\/04\\\/wzz-article-7.jpg\",\"link\":\"wege-zum-ziel\\\/was-sagte-jesus-ueber-das-weltende\",\"title\":\"WAS SAGTE JESUS \\u00dcBER DAS WELTENDE?\"}},{\"type\":\"grid_item\",\"props\":{\"content\":\"\n\n<p><span>Wir wollen heute \\u00fcber einen Bereich nachdenken, \\u00fcber den nur wenige<\\\/span><span>\\u00a0Bescheid wissen \\u2013 und diese<\\\/span>\\u00a0\\u2026<\\\/p>\",\"image\":\"wp-content\\\/uploads\\\/2023\\\/11\\\/wzz-article-08.jpg\",\"link\":\"wege-zum-ziel\\\/befreiung-vom-zauber-des-aberglaubens\",\"title\":\"BEFREIUNG VOM ZAUBER DES ABERGLAUBENS\"}},{\"type\":\"grid_item\",\"props\":{\"content\":\"\n\n<p><span>Wir wollen heute betrachten, was die Bibel zum Umgang mit Geld sagt. Wir studieren, was <\\\/span>\\u2026<\\\/p>\",\"image\":\"wp-content\\\/uploads\\\/2023\\\/11\\\/landscape2.jpg\",\"link\":\"wege-zum-ziel\\\/das-abenteuer-des-gebens\",\"title\":\"DAS ABENTEUER DES GEBENS\"}},{\"type\":\"grid_item\",\"props\":{\"content\":\"\n\n<p><span>Wir haben in den letzten Jahren durch Enth\\u00fcllungen erfahren, was die Geheimdienste tun. <\\\/span>\\u2026<\\\/p>\",\"image\":\"wp-content\\\/uploads\\\/2023\\\/11\\\/satellit.jpg\",\"link\":\"wege-zum-ziel\\\/gottes-geheimdienst\",\"title\":\"GOTTES GEHEIMDIENST\"}},{\"type\":\"grid_item\",\"props\":{\"content\":\"\n\n<p><span>Mancher fragt sich: Wie f\\u00fchlen sich himmlische Wesen in der N\\u00e4he Gottes? Welche Atmosph\\u00e4re <\\\/span>\\u2026<\\\/p>\",\"image\":\"wp-content\\\/uploads\\\/2023\\\/11\\\/mohn2.jpg\",\"link\":\"wege-zum-ziel\\\/heiligung-geheimnis-gluecklichen-lebens\",\"title\":\"HEILIGUNG \\u2013 GEHEIMNIS GL\\u00dcCKLICHEN LEBENS\"}},{\"type\":\"grid_item\",\"props\":{\"content\":\"\n\n<p><span>Dieses Thema klingt zun\\u00e4chst einmal \\u201eunmodern\\u201c, denn wer m\\u00f6chte schon als Diener <\\\/span>\\u2026<\\\/p>\",\"image\":\"wp-content\\\/uploads\\\/2023\\\/11\\\/wzz-article-12.jpg\",\"link\":\"wege-zum-ziel\\\/eine-geniale-idee-gottes\",\"title\":\"EINE GENIALE IDEE GOTTES\"}}],\"name\":\"Artikel (EU)\"}]}],\"props\":{\"class\":\"eu-only\"}}],\"name\":\"Inhalt: Artikel\",\"modified\":\"2021-03-31T21:52:02.705Z\"},{\"type\":\"section\",\"props\":{\"class\":\"de-only\",\"image_position\":\"center-center\",\"style\":\"default\",\"title_breakpoint\":\"xl\",\"title_position\":\"top-left\",\"title_rotation\":\"left\",\"vertical_align\":\"middle\",\"width\":\"small\"},\"children\":[{\"type\":\"row\",\"children\":[{\"type\":\"column\",\"props\":{\"image_position\":\"center-center\",\"position_sticky_breakpoint\":\"m\"},\"children\":[{\"type\":\"module_position\",\"props\":{\"breakpoint\":\"m\",\"content\":\"builder-2\",\"layout\":\"stack\"},\"name\":\"CTA: Lebenshilfe & E-Coach \"}]}]}],\"name\":\"CTA: Grid Hotline & Coach\",\"modified\":\"2021-03-31T21:48:33.572Z\"}],\"version\":\"4.3.5\"} --><\/p>\n","protected":false},"excerpt":{"rendered":"<p>WEGE ZUM ZIEL Bew\u00e4hrte Vortr\u00e4ge. Die Botschaft der Bibel f\u00fcr das 21. Jahrhundert. 12 SCHRITTE ZU EINEM VER\u00c4NDERTEN LEBEN Das 12-Schritte-Programm beschreibt einen praktischen Weg, wie der moderne \u2026 DIE ERDE \u2013 THEATER DES UNIVERSUMS Gott, eine fromme Illusion! \u2013 Wirklich? Dieses Prophetie-Seminar \u00fcber einen \u2026 SINNBILDER DER LIEBE GOTTES Er hat die Gabe modernen, [&hellip;]<\/p>\n","protected":false},"author":2,"featured_media":1372,"parent":0,"menu_order":0,"comment_status":"closed","ping_status":"closed","template":"","meta":{"_acf_changed":false,"footnotes":""},"class_list":["post-24","page","type-page","status-publish","has-post-thumbnail","hentry"],"acf":[],"_links":{"self":[{"href":"https:\/\/gotterfahren.info\/en\/wp-json\/wp\/v2\/pages\/24","targetHints":{"allow":["GET"]}}],"collection":[{"href":"https:\/\/gotterfahren.info\/en\/wp-json\/wp\/v2\/pages"}],"about":[{"href":"https:\/\/gotterfahren.info\/en\/wp-json\/wp\/v2\/types\/page"}],"author":[{"embeddable":true,"href":"https:\/\/gotterfahren.info\/en\/wp-json\/wp\/v2\/users\/2"}],"replies":[{"embeddable":true,"href":"https:\/\/gotterfahren.info\/en\/wp-json\/wp\/v2\/comments?post=24"}],"version-history":[{"count":0,"href":"https:\/\/gotterfahren.info\/en\/wp-json\/wp\/v2\/pages\/24\/revisions"}],"wp:featuredmedia":[{"embeddable":true,"href":"https:\/\/gotterfahren.info\/en\/wp-json\/wp\/v2\/media\/1372"}],"wp:attachment":[{"href":"https:\/\/gotterfahren.info\/en\/wp-json\/wp\/v2\/media?parent=24"}],"curies":[{"name":"wp","href":"https:\/\/api.w.org\/{rel}","templated":true}]}}