{"id":22,"date":"2021-03-21T14:11:33","date_gmt":"2021-03-21T14:11:33","guid":{"rendered":"https:\/\/alex.gotterfahren.info\/?page_id=22"},"modified":"2025-12-01T22:21:23","modified_gmt":"2025-12-01T22:21:23","slug":"doubt-or-faith","status":"publish","type":"page","link":"https:\/\/gotterfahren.info\/en\/zweifel-oder-glaube","title":{"rendered":"Doubt or faith"},"content":{"rendered":"<h1>ZWEIFEL ODER GLAUBE<\/h1>\n<div>\n<p>Wie l\u00f6sen sich meine Zweifel? Zuversicht im Glauben finden.<\/p>\n<\/div>\n<ul>\n<li>\n<p><img decoding=\"async\" src=\"\/wp-content\/uploads\/2021\/04\/zog-article-01.jpg\" alt=\"\"><\/p>\n<h3>DER CHRISTLICHE GLAUBE AUF DEM PR\u00dcFSTAND!<\/h3>\n<div>Es freut mich sehr, dass Du Dir Klarheit verschaffen willst \u00fcber Gott, Jesus \u2026<\/div>\n<p><a href=\"\/zweifel-oder-glaube\/christlicher-glaube-auf-dem-pruefstand\"><\/a><\/p>\n<\/li>\n<li>\n<p><img decoding=\"async\" src=\"\/wp-content\/uploads\/2021\/04\/zog-article-02.jpg\" alt=\"\"><\/p>\n<h3>WIE KANN MAN WISSEN, WAS DIE ZUKUNFT BRINGT?<\/h3>\n<div>Die k\u00fcrzeste Weltgeschichte wurde vor 2.600 Jahren geschrieben. Sie zeigt uns \u2026<\/div>\n<p><a href=\"\/zweifel-oder-glaube\/was-bringt-die-zukunft\"><\/a><\/p>\n<\/li>\n<li>\n<p><img decoding=\"async\" src=\"\/wp-content\/uploads\/2021\/04\/zog-article-03.jpg\" alt=\"\"><\/p>\n<h3>DIE WETTE DES PASCAL: GIBT ES GOTT? GIBT ES KEINEN GOTT?<\/h3>\n<div>Es gibt eine Wette, die alle anderen bei weitem \u00fcbertrifft: Die Wette des Pascal \u2026<\/div>\n<p><a href=\"\/zweifel-oder-glaube\/die-wette-des-pascal\"><\/a><\/p>\n<\/li>\n<li>\n<p><img decoding=\"async\" src=\"\/wp-content\/uploads\/2021\/04\/zog-article-04.jpg\" alt=\"\"><\/p>\n<h3>ICH WILL GOTT ERLEBEN<\/h3>\n<div>Wie kann ich erfahren, dass es einen lebendigen Gott gibt \u2026<\/div>\n<p><a href=\"\/zweifel-oder-glaube\/ich-will-gott-erleben\"><\/a><\/p>\n<\/li>\n<li>\n<p><img decoding=\"async\" src=\"\/wp-content\/uploads\/2021\/04\/zog-article-05.jpg\" alt=\"\"><\/p>\n<h3>VORZEICHEN DER WIEDERKUNFT JESU<\/h3>\n<div>Jesus hatte seinen J\u00fcngern bestimmte Vorzeichen genannt. Diese Zeichen sind \u2026<\/div>\n<p><a href=\"\/zweifel-oder-glaube\/vorzeichen-der-wiederkunft-jesu\"><\/a><\/p>\n<\/li>\n<li>\n<p><img decoding=\"async\" src=\"\/wp-content\/uploads\/2021\/04\/zog-article-06.jpg\" alt=\"\"><\/p>\n<h3>PROPHEZEIUNGEN \u00dcBER JESUS CHRISTUS<\/h3>\n<div>Ich schreibe Dir heute \u00fcber drei bemerkens\u00adwerte Prophezeiungen. Am Schluss \u2026<\/div>\n<p><a href=\"\/zweifel-oder-glaube\/prophezeiungen-ueber-jesus\"><\/a><\/p>\n<\/li>\n<li>\n<p><img decoding=\"async\" src=\"\/wp-content\/uploads\/2021\/04\/zog-article-07.jpg\" alt=\"\"><\/p>\n<h3>PROPHEZEIUNG \u00dcBER 4 ST\u00c4DTE<\/h3>\n<div>Sie sind buchst\u00e4blich in Erf\u00fcllung gegangen, obwohl ihre mathematische \u2026<\/div>\n<p><a href=\"\/zweifel-oder-glaube\/prophezeiungen-ueber-4-staedte\"><\/a><\/p>\n<\/li>\n<li>\n<p><img decoding=\"async\" src=\"\/wp-content\/uploads\/2021\/06\/zog-article-08.jpg\" alt=\"\"><\/p>\n<h3>MOTIVATION GLAUBEN<\/h3>\n<div>Glaube ist mehr als ein Dogma und Lehrgeb\u00e4ude. In einer Welt, in der Religion \u2026<\/div>\n<p><a href=\"\/zweifel-oder-glaube\/motivation-glauben\"><\/a><\/p>\n<\/li>\n<li>\n<p><img decoding=\"async\" src=\"\/wp-content\/uploads\/2023\/11\/zog-article-09.jpg\" alt=\"\"><\/p>\n<h3>WIE FINDET MAN DIE RICHTIGE KIRCHE?<\/h3>\n<div>\n<p><span>Gibt es eigentlich heute noch die richtige Kirche? Da Jesus von ihr als seiner Gemeinde\u00a0<\/span> \u2026<\/p>\n<\/div>\n<p><a href=\"\/zweifel-oder-glaube\/wie-findet-man-die-richtige-kirche\"><\/a><\/p>\n<\/li>\n<\/ul>\n<ul>\n<li>\n<p><img decoding=\"async\" src=\"\/wp-content\/uploads\/2021\/04\/zog-article-01.jpg\" alt=\"\"><\/p>\n<h3>DER CHRISTLICHE GLAUBE AUF DEM PR\u00dcFSTAND!<\/h3>\n<div>Es freut mich sehr, dass Du Dir Klarheit verschaffen willst \u00fcber Gott, Jesus \u2026<\/div>\n<p><a href=\"\/zweifel-oder-glaube\/christlicher-glaube-auf-dem-pruefstand\"><\/a><\/p>\n<\/li>\n<li>\n<p><img decoding=\"async\" src=\"\/wp-content\/uploads\/2021\/04\/zog-article-02.jpg\" alt=\"\"><\/p>\n<h3>WIE KANN MAN WISSEN, WAS DIE ZUKUNFT BRINGT?<\/h3>\n<div>Die k\u00fcrzeste Weltgeschichte wurde vor 2.600 Jahren geschrieben. Sie zeigt uns \u2026<\/div>\n<p><a href=\"\/zweifel-oder-glaube\/was-bringt-die-zukunft\"><\/a><\/p>\n<\/li>\n<li>\n<p><img decoding=\"async\" src=\"\/wp-content\/uploads\/2021\/04\/zog-article-03.jpg\" alt=\"\"><\/p>\n<h3>DIE WETTE DES PASCAL: GIBT ES GOTT? GIBT ES KEINEN GOTT?<\/h3>\n<div>Es gibt eine Wette, die alle anderen bei weitem \u00fcbertrifft: Die Wette des Pascal \u2026<\/div>\n<p><a href=\"\/zweifel-oder-glaube\/die-wette-des-pascal\"><\/a><\/p>\n<\/li>\n<li>\n<p><img decoding=\"async\" src=\"\/wp-content\/uploads\/2021\/04\/zog-article-04.jpg\" alt=\"\"><\/p>\n<h3>ICH WILL GOTT ERLEBEN<\/h3>\n<div>Wie kann ich erfahren, dass es einen lebendigen Gott gibt \u2026<\/div>\n<p><a href=\"\/zweifel-oder-glaube\/ich-will-gott-erleben\"><\/a><\/p>\n<\/li>\n<li>\n<p><img decoding=\"async\" src=\"\/wp-content\/uploads\/2021\/04\/zog-article-05.jpg\" alt=\"\"><\/p>\n<h3>VORZEICHEN DER WIEDERKUNFT JESU<\/h3>\n<div>Jesus hatte seinen J\u00fcngern bestimmte Vorzeichen genannt. Diese Zeichen sind \u2026<\/div>\n<p><a href=\"\/zweifel-oder-glaube\/vorzeichen-der-wiederkunft-jesu\"><\/a><\/p>\n<\/li>\n<li>\n<p><img decoding=\"async\" src=\"\/wp-content\/uploads\/2021\/04\/zog-article-06.jpg\" alt=\"\"><\/p>\n<h3>PROPHEZEIUNGEN \u00dcBER JESUS CHRISTUS<\/h3>\n<div>Ich schreibe Dir heute \u00fcber drei bemerkens\u00adwerte Prophezeiungen. Am Schluss \u2026<\/div>\n<p><a href=\"\/zweifel-oder-glaube\/prophezeiungen-ueber-jesus\"><\/a><\/p>\n<\/li>\n<li>\n<p><img decoding=\"async\" src=\"\/wp-content\/uploads\/2021\/04\/zog-article-07.jpg\" alt=\"\"><\/p>\n<h3>PROPHEZEIUNG \u00dcBER 4 ST\u00c4DTE<\/h3>\n<div>Sie sind buchst\u00e4blich in Erf\u00fcllung gegangen, obwohl ihre mathematische \u2026<\/div>\n<p><a href=\"\/zweifel-oder-glaube\/prophezeiungen-ueber-4-staedte\"><\/a><\/p>\n<\/li>\n<li>\n<p><img decoding=\"async\" src=\"\/wp-content\/uploads\/2023\/11\/zog-article-09.jpg\" alt=\"\"><\/p>\n<h3>WIE FINDET MAN DIE RICHTIGE KIRCHE?<\/h3>\n<div>\n<p><span>Gibt es eigentlich heute noch die richtige Kirche? Da Jesus von ihr als seiner Gemeinde\u00a0<\/span> \u2026<\/p>\n<\/div>\n<p><a href=\"\/zweifel-oder-glaube\/wie-findet-man-die-richtige-kirche\"><\/a><\/p>\n<\/li>\n<\/ul>\n<p><!--more--><br \/>\n<!-- {\"name\":\"Category Page\",\"type\":\"layout\",\"children\":[{\"type\":\"section\",\"props\":{\"class\":\"banner-normal\",\"image\":\"wp-content\\\/uploads\\\/2021\\\/04\\\/zog-banner-0.jpg\",\"image_position\":\"center-center\",\"image_size\":\"cover\",\"padding\":\"xlarge\",\"style\":\"default\",\"title_breakpoint\":\"xl\",\"title_position\":\"top-left\",\"title_rotation\":\"left\",\"vertical_align\":\"middle\",\"width\":\"\"},\"children\":[{\"type\":\"row\",\"children\":[{\"type\":\"column\",\"props\":{\"image_position\":\"center-center\",\"position_sticky_breakpoint\":\"m\"}}]}],\"name\":\"Banner\",\"modified\":\"2021-03-31T21:47:02.643Z\"},{\"type\":\"section\",\"props\":{\"image_position\":\"center-center\",\"padding_remove_top\":false,\"style\":\"default\",\"title_breakpoint\":\"xl\",\"title_position\":\"top-left\",\"title_rotation\":\"left\",\"vertical_align\":\"middle\",\"width\":\"default\"},\"children\":[{\"type\":\"row\",\"children\":[{\"type\":\"column\",\"props\":{\"image_position\":\"center-center\",\"position_sticky_breakpoint\":\"m\"},\"children\":[{\"type\":\"breadcrumbs\",\"props\":{\"home_text\":\"GOTT ERFAHREN\",\"show_current\":true,\"show_home\":true,\"visibility\":\"s\"}}]}]},{\"type\":\"row\",\"children\":[{\"type\":\"column\",\"props\":{\"image_position\":\"center-center\",\"position_sticky_breakpoint\":\"m\"},\"children\":[{\"type\":\"headline\",\"props\":{\"content\":\"ZWEIFEL ODER GLAUBE\",\"margin_remove_bottom\":true,\"title_element\":\"h1\",\"title_style\":\"h1\"}},{\"type\":\"text\",\"props\":{\"column_breakpoint\":\"m\",\"content\":\"\n\n<p>Wie l\\u00f6sen sich meine Zweifel? Zuversicht im Glauben finden.<\\\/p>\",\"margin\":\"default\"}}]}],\"props\":{\"margin\":\"default\"}},{\"type\":\"row\",\"children\":[{\"type\":\"column\",\"props\":{\"image_position\":\"center-center\",\"position_sticky_breakpoint\":\"m\"},\"children\":[{\"type\":\"grid\",\"props\":{\"content_align\":true,\"content_column_breakpoint\":\"m\",\"content_margin\":\"small\",\"css\":\".el-title {\\n\\tfont-size:21px;\\n}\",\"filter_align\":\"left\",\"filter_all\":true,\"filter_grid_breakpoint\":\"m\",\"filter_grid_width\":\"auto\",\"filter_position\":\"top\",\"filter_style\":\"tab\",\"grid_column_gap\":\"medium\",\"grid_default\":\"1\",\"grid_divider\":false,\"grid_medium\":\"1\",\"grid_row_gap\":\"medium\",\"icon_width\":80,\"image_align\":\"left\",\"image_grid_breakpoint\":\"s\",\"image_grid_width\":\"1-5\",\"image_hover_box_shadow\":\"small\",\"image_link\":true,\"image_svg_color\":\"emphasis\",\"image_width\":\"700px\",\"item_animation\":true,\"link_style\":\"default\",\"link_text\":\"\",\"margin\":\"default\",\"meta_align\":\"below-title\",\"meta_element\":\"div\",\"meta_style\":\"text-meta\",\"panel_image_no_padding\":true,\"panel_link\":true,\"panel_padding\":\"default\",\"panel_style\":\"card-default\",\"parallax_easing\":\"1\",\"show_content\":true,\"show_image\":true,\"show_link\":true,\"show_meta\":true,\"show_title\":true,\"title_align\":\"top\",\"title_color\":\"primary\",\"title_element\":\"h3\",\"title_grid_breakpoint\":\"m\",\"title_grid_width\":\"1-2\",\"title_hover_style\":\"reset\",\"title_link\":true,\"title_margin\":\"small\",\"title_style\":\"h3\"},\"children\":[{\"type\":\"grid_item\",\"props\":{\"content\":\"Es freut mich sehr, dass Du Dir Klarheit verschaffen willst \\u00fcber Gott, Jesus \\u2026\",\"image\":\"wp-content\\\/uploads\\\/2021\\\/04\\\/zog-article-01.jpg\",\"link\":\"zweifel-oder-glaube\\\/christlicher-glaube-auf-dem-pruefstand\",\"title\":\"DER CHRISTLICHE GLAUBE AUF DEM PR\\u00dcFSTAND!\"}},{\"type\":\"grid_item\",\"props\":{\"content\":\"Die k\\u00fcrzeste Weltgeschichte wurde vor 2.600 Jahren geschrieben. Sie zeigt uns \\u2026\",\"image\":\"wp-content\\\/uploads\\\/2021\\\/04\\\/zog-article-02.jpg\",\"link\":\"zweifel-oder-glaube\\\/was-bringt-die-zukunft\",\"title\":\"WIE KANN MAN WISSEN, WAS DIE ZUKUNFT BRINGT?\"}},{\"type\":\"grid_item\",\"props\":{\"content\":\"Es gibt eine Wette, die alle anderen bei weitem \\u00fcbertrifft: Die Wette des Pascal \\u2026\",\"image\":\"wp-content\\\/uploads\\\/2021\\\/04\\\/zog-article-03.jpg\",\"link\":\"zweifel-oder-glaube\\\/die-wette-des-pascal\",\"title\":\"DIE WETTE DES PASCAL: GIBT ES GOTT? GIBT ES KEINEN GOTT?\"}},{\"type\":\"grid_item\",\"props\":{\"content\":\"Wie kann ich erfahren, dass es einen lebendigen Gott gibt \\u2026\",\"image\":\"wp-content\\\/uploads\\\/2021\\\/04\\\/zog-article-04.jpg\",\"link\":\"zweifel-oder-glaube\\\/ich-will-gott-erleben\",\"title\":\"ICH WILL GOTT ERLEBEN\"}},{\"type\":\"grid_item\",\"props\":{\"content\":\"Jesus hatte seinen J\\u00fcngern bestimmte Vorzeichen genannt. Diese Zeichen sind \\u2026\",\"image\":\"wp-content\\\/uploads\\\/2021\\\/04\\\/zog-article-05.jpg\",\"link\":\"zweifel-oder-glaube\\\/vorzeichen-der-wiederkunft-jesu\",\"title\":\"VORZEICHEN DER WIEDERKUNFT JESU\"}},{\"type\":\"grid_item\",\"props\":{\"content\":\"Ich schreibe Dir heute \\u00fcber drei bemerkens\\u00adwerte Prophezeiungen. Am Schluss \\u2026\",\"image\":\"wp-content\\\/uploads\\\/2021\\\/04\\\/zog-article-06.jpg\",\"link\":\"zweifel-oder-glaube\\\/prophezeiungen-ueber-jesus\",\"title\":\"PROPHEZEIUNGEN \\u00dcBER JESUS CHRISTUS\"}},{\"type\":\"grid_item\",\"props\":{\"content\":\"Sie sind buchst\\u00e4blich in Erf\\u00fcllung gegangen, obwohl ihre mathematische \\u2026\",\"image\":\"wp-content\\\/uploads\\\/2021\\\/04\\\/zog-article-07.jpg\",\"link\":\"zweifel-oder-glaube\\\/prophezeiungen-ueber-4-staedte\",\"title\":\"PROPHEZEIUNG \\u00dcBER 4 ST\\u00c4DTE\"}},{\"type\":\"grid_item\",\"props\":{\"content\":\"Glaube ist mehr als ein Dogma und Lehrgeb\\u00e4ude. In einer Welt, in der Religion \\u2026\",\"image\":\"wp-content\\\/uploads\\\/2021\\\/06\\\/zog-article-08.jpg\",\"link\":\"zweifel-oder-glaube\\\/motivation-glauben\",\"title\":\"MOTIVATION GLAUBEN\"}},{\"type\":\"grid_item\",\"props\":{\"content\":\"\n\n<p><span>Gibt es eigentlich heute noch die richtige Kirche? Da Jesus von ihr als seiner Gemeinde\\u00a0<\\\/span> \\u2026<\\\/p>\",\"image\":\"wp-content\\\/uploads\\\/2023\\\/11\\\/zog-article-09.jpg\",\"link\":\"zweifel-oder-glaube\\\/wie-findet-man-die-richtige-kirche\",\"title\":\"WIE FINDET MAN DIE RICHTIGE KIRCHE?\"}}],\"name\":\"Artikel (DE)\"}]}],\"props\":{\"class\":\"de-only\"}},{\"type\":\"row\",\"children\":[{\"type\":\"column\",\"props\":{\"image_position\":\"center-center\",\"position_sticky_breakpoint\":\"m\"},\"children\":[{\"type\":\"grid\",\"props\":{\"content_align\":true,\"content_column_breakpoint\":\"m\",\"content_margin\":\"small\",\"css\":\".el-title {\\n\\tfont-size:21px;\\n}\",\"filter_align\":\"left\",\"filter_all\":true,\"filter_grid_breakpoint\":\"m\",\"filter_grid_width\":\"auto\",\"filter_position\":\"top\",\"filter_style\":\"tab\",\"grid_column_gap\":\"medium\",\"grid_default\":\"1\",\"grid_divider\":false,\"grid_medium\":\"1\",\"grid_row_gap\":\"medium\",\"icon_width\":80,\"image_align\":\"left\",\"image_grid_breakpoint\":\"s\",\"image_grid_width\":\"1-5\",\"image_hover_box_shadow\":\"small\",\"image_link\":true,\"image_svg_color\":\"emphasis\",\"image_width\":\"700px\",\"item_animation\":true,\"link_style\":\"default\",\"link_text\":\"\",\"margin\":\"default\",\"meta_align\":\"below-title\",\"meta_element\":\"div\",\"meta_style\":\"text-meta\",\"panel_image_no_padding\":true,\"panel_link\":true,\"panel_padding\":\"default\",\"panel_style\":\"card-default\",\"parallax_easing\":\"1\",\"show_content\":true,\"show_image\":true,\"show_link\":true,\"show_meta\":true,\"show_title\":true,\"title_align\":\"top\",\"title_color\":\"primary\",\"title_element\":\"h3\",\"title_grid_breakpoint\":\"m\",\"title_grid_width\":\"1-2\",\"title_hover_style\":\"reset\",\"title_link\":true,\"title_margin\":\"small\",\"title_style\":\"h3\"},\"children\":[{\"type\":\"grid_item\",\"props\":{\"content\":\"Es freut mich sehr, dass Du Dir Klarheit verschaffen willst \\u00fcber Gott, Jesus \\u2026\",\"image\":\"wp-content\\\/uploads\\\/2021\\\/04\\\/zog-article-01.jpg\",\"link\":\"zweifel-oder-glaube\\\/christlicher-glaube-auf-dem-pruefstand\",\"title\":\"DER CHRISTLICHE GLAUBE AUF DEM PR\\u00dcFSTAND!\"}},{\"type\":\"grid_item\",\"props\":{\"content\":\"Die k\\u00fcrzeste Weltgeschichte wurde vor 2.600 Jahren geschrieben. Sie zeigt uns \\u2026\",\"image\":\"wp-content\\\/uploads\\\/2021\\\/04\\\/zog-article-02.jpg\",\"link\":\"zweifel-oder-glaube\\\/was-bringt-die-zukunft\",\"title\":\"WIE KANN MAN WISSEN, WAS DIE ZUKUNFT BRINGT?\"}},{\"type\":\"grid_item\",\"props\":{\"content\":\"Es gibt eine Wette, die alle anderen bei weitem \\u00fcbertrifft: Die Wette des Pascal \\u2026\",\"image\":\"wp-content\\\/uploads\\\/2021\\\/04\\\/zog-article-03.jpg\",\"link\":\"zweifel-oder-glaube\\\/die-wette-des-pascal\",\"title\":\"DIE WETTE DES PASCAL: GIBT ES GOTT? GIBT ES KEINEN GOTT?\"}},{\"type\":\"grid_item\",\"props\":{\"content\":\"Wie kann ich erfahren, dass es einen lebendigen Gott gibt \\u2026\",\"image\":\"wp-content\\\/uploads\\\/2021\\\/04\\\/zog-article-04.jpg\",\"link\":\"zweifel-oder-glaube\\\/ich-will-gott-erleben\",\"title\":\"ICH WILL GOTT ERLEBEN\"}},{\"type\":\"grid_item\",\"props\":{\"content\":\"Jesus hatte seinen J\\u00fcngern bestimmte Vorzeichen genannt. Diese Zeichen sind \\u2026\",\"image\":\"wp-content\\\/uploads\\\/2021\\\/04\\\/zog-article-05.jpg\",\"link\":\"zweifel-oder-glaube\\\/vorzeichen-der-wiederkunft-jesu\",\"title\":\"VORZEICHEN DER WIEDERKUNFT JESU\"}},{\"type\":\"grid_item\",\"props\":{\"content\":\"Ich schreibe Dir heute \\u00fcber drei bemerkens\\u00adwerte Prophezeiungen. Am Schluss \\u2026\",\"image\":\"wp-content\\\/uploads\\\/2021\\\/04\\\/zog-article-06.jpg\",\"link\":\"zweifel-oder-glaube\\\/prophezeiungen-ueber-jesus\",\"title\":\"PROPHEZEIUNGEN \\u00dcBER JESUS CHRISTUS\"}},{\"type\":\"grid_item\",\"props\":{\"content\":\"Sie sind buchst\\u00e4blich in Erf\\u00fcllung gegangen, obwohl ihre mathematische \\u2026\",\"image\":\"wp-content\\\/uploads\\\/2021\\\/04\\\/zog-article-07.jpg\",\"link\":\"zweifel-oder-glaube\\\/prophezeiungen-ueber-4-staedte\",\"title\":\"PROPHEZEIUNG \\u00dcBER 4 ST\\u00c4DTE\"}},{\"type\":\"grid_item\",\"props\":{\"content\":\"\n\n<p><span>Gibt es eigentlich heute noch die richtige Kirche? Da Jesus von ihr als seiner Gemeinde\\u00a0<\\\/span> \\u2026<\\\/p>\",\"image\":\"wp-content\\\/uploads\\\/2023\\\/11\\\/zog-article-09.jpg\",\"link\":\"zweifel-oder-glaube\\\/wie-findet-man-die-richtige-kirche\",\"title\":\"WIE FINDET MAN DIE RICHTIGE KIRCHE?\"}}],\"name\":\"Artikel (EU)\"}]}],\"props\":{\"class\":\"eu-only\"}}],\"name\":\"Inhalt: Artikel\",\"modified\":\"2021-03-31T21:52:02.705Z\"},{\"type\":\"section\",\"props\":{\"class\":\"de-only\",\"image_position\":\"center-center\",\"style\":\"default\",\"title_breakpoint\":\"xl\",\"title_position\":\"top-left\",\"title_rotation\":\"left\",\"vertical_align\":\"middle\",\"width\":\"small\"},\"children\":[{\"type\":\"row\",\"children\":[{\"type\":\"column\",\"props\":{\"image_position\":\"center-center\",\"position_sticky_breakpoint\":\"m\"},\"children\":[{\"type\":\"module_position\",\"props\":{\"breakpoint\":\"m\",\"content\":\"builder-2\",\"layout\":\"stack\"},\"name\":\"CTA: Lebenshilfe & E-Coach \"}]}]}],\"name\":\"CTA: Grid Hotline & Coach\",\"modified\":\"2021-03-31T21:48:33.572Z\"}],\"version\":\"4.3.5\"} --><\/p>\n","protected":false},"excerpt":{"rendered":"<p>ZWEIFEL ODER GLAUBE Wie l\u00f6sen sich meine Zweifel? Zuversicht im Glauben finden. DER CHRISTLICHE GLAUBE AUF DEM PR\u00dcFSTAND! Es freut mich sehr, dass Du Dir Klarheit verschaffen willst \u00fcber Gott, Jesus \u2026 WIE KANN MAN WISSEN, WAS DIE ZUKUNFT BRINGT? Die k\u00fcrzeste Weltgeschichte wurde vor 2.600 Jahren geschrieben. Sie zeigt uns \u2026 DIE WETTE DES [&hellip;]<\/p>\n","protected":false},"author":2,"featured_media":1264,"parent":0,"menu_order":0,"comment_status":"closed","ping_status":"closed","template":"","meta":{"_acf_changed":false,"footnotes":""},"class_list":["post-22","page","type-page","status-publish","has-post-thumbnail","hentry"],"acf":[],"_links":{"self":[{"href":"https:\/\/gotterfahren.info\/en\/wp-json\/wp\/v2\/pages\/22","targetHints":{"allow":["GET"]}}],"collection":[{"href":"https:\/\/gotterfahren.info\/en\/wp-json\/wp\/v2\/pages"}],"about":[{"href":"https:\/\/gotterfahren.info\/en\/wp-json\/wp\/v2\/types\/page"}],"author":[{"embeddable":true,"href":"https:\/\/gotterfahren.info\/en\/wp-json\/wp\/v2\/users\/2"}],"replies":[{"embeddable":true,"href":"https:\/\/gotterfahren.info\/en\/wp-json\/wp\/v2\/comments?post=22"}],"version-history":[{"count":0,"href":"https:\/\/gotterfahren.info\/en\/wp-json\/wp\/v2\/pages\/22\/revisions"}],"wp:featuredmedia":[{"embeddable":true,"href":"https:\/\/gotterfahren.info\/en\/wp-json\/wp\/v2\/media\/1264"}],"wp:attachment":[{"href":"https:\/\/gotterfahren.info\/en\/wp-json\/wp\/v2\/media?parent=22"}],"curies":[{"name":"wp","href":"https:\/\/api.w.org\/{rel}","templated":true}]}}