{"id":2135,"date":"2021-06-14T13:22:46","date_gmt":"2021-06-14T13:22:46","guid":{"rendered":"https:\/\/alex.gotterfahren.info\/?page_id=2135"},"modified":"2025-12-01T22:50:58","modified_gmt":"2025-12-01T22:50:58","slug":"out-of-curiosity-i-went-with","status":"publish","type":"page","link":"https:\/\/gotterfahren.info\/en\/gott-veraendert-leben\/ergreifende-lebensgeschichten\/aus-neugier-ging-ich-mit","title":{"rendered":"\u201eI went along out of curiosity\u201c"},"content":{"rendered":"<h1>\u201eAUS NEUGIER GING ICH MIT\u201c<\/h1>\n<div>\n<div class=\"gotterfahren-mediaplayer-container\"><audio class=\"wp-audio-shortcode\" id=\"audio-2135-1\" preload=\"none\" style=\"width: 100%;\" controls=\"controls\"><source type=\"audio\/mpeg\" src=\"\/wp-content\/uploads\/2024\/03\/LG-19.mp3?_=1\" \/><a href=\"\/wp-content\/uploads\/2024\/03\/LG-19.mp3\">\/wp-content\/uploads\/2024\/03\/LG-19.mp3<\/a><\/audio><div class=\"media-download-button\"><a href=\"\/wp-content\/uploads\/2024\/03\/LG-19.mp3\" class=\"uk-icon-button\" uk-icon=\"icon: download; ratio: 1.2\" download><\/a><\/div><\/div><\/div>\n<div>\n<div class=\"wk-gallery wk-gallery-wall clearfix polaroid \" style=\"float: left; margin-top: -10px; margin-right: 15px; margin-bottom: 15px;\">\n<div>\n<p><img loading=\"lazy\" decoding=\"async\" class=\" size-full wp-image-6252\" src=\"\/wp-content\/uploads\/2021\/06\/gvl-gott-lebt-charles.jpg\" alt=\"Charles\" width=\"200\" height=\"150\" \/><\/p>\n<p class=\"title\">Charles<\/p>\n<\/div>\n<\/div>\n<p>Ich wurde 1960 in Nottingham geboren. Mein Vater war britischer Besatzungssoldat und hatte meine Mutter hier in Deutschland kennengelernt. Die ersten Jahre lebte ich in England. 1966 zog ich mit meinen Eltern nach Stadthagen bei Hannover. Im selben Jahr trennten sie sich.<\/p>\n<p>Ich wuchs dann bei meinen Gro\u00dfeltern auf. Meine Mutter war nie da, wenn ich sie brauchte. Arbeit und Geselligkeit waren ihr wichtiger als die Familie. Mein Gro\u00dfvater sperrte mich oft ein. Au\u00dferdem dem\u00fctigte und misshandelte er mich. Wenn meine Mutter dabei war, schaute sie weg. Mit 11 fing ich an, Alkohol zu trinken. Liebe und Geborgenheit kannte ich nicht. Entsprechend verlief mein Leben: Hauptschule ohne Abschluss, eine Maurerlehre ohne Abschluss, Gelegenheitsjobs. Es ging nur bergab. Aus mir wurde ein Rebell, der sich gegen alles auflehnte. Ich wurde zum Alkoholiker und Spieler. Fast 10 Jahre lang zog ich als Obdachloser mit Hooligans aus der Fu\u00dfball-Szene quer durch Deutschland. Ich war ein L\u00fcgner und Schl\u00e4ger, der vielen Menschen Leid, Kummer und Sorgen zuf\u00fcgte. Ja, das war mein Leben.<\/p>\n<p>In meiner Jugend hatte ich Kontakt zur Anglikanischen und zur Evangelischen Kirche. Gott war f\u00fcr mich aber nur ein strafender und kriegerischer Gott. So hatte ich es von meinem Vater und meinem Gro\u00dfvater gelernt. Ende 2005 zog ich dann nach K\u00fcnzelsau. Dort lernte ich Reinhold kennen. Wir wurden Freunde. Er nahm mich bei sich auf und erz\u00e4hlte mir, wie er zu Jesus und zur Adventgemeinde gefunden hatte und wie er sich dadurch ver\u00e4ndert habe. Oft lud er mich ein, ihn zum Gottesdienst zu begleiten. Ich wollte aber zuerst nicht. Doch aus Neugier ging ich eines Tages doch mit.<\/p>\n<p>Durch die Erfahrungen, von denen ich dort h\u00f6rte, kam ich zu dem Schluss, dass das Leben doch einen Sinn hat. So fing ich an, regelm\u00e4\u00dfig in die Gemeinde zu gehen. Und so lernte ich Jesus kennen. Die Gemeinde wurde meine Familie, in der man f\u00fcreinander da ist: mit Gespr\u00e4chen und mit Rat und Tat.<\/p>\n<p>W\u00e4hrend der Zeit lernte ich auch Anita kennen. Sie wurde meine Freundin. Aber wir stritten uns oft. Dennoch blieb ich bei ihr. Ich wusste: Auch sie hatte Schlimmes durchgemacht. Schlie\u00dflich entschied sie sich, mit mir in die Gemeinde zu gehen. So fand auch sie zu Jesus. Auch sie hat sich seitdem zum Positiven ver\u00e4ndert.<\/p>\n<p>Am 19. Juli 2008 lie\u00df sie sich zusammen mit mir taufen. Ich habe Gottes Hilfe pers\u00f6nlich erfahren: Er hat mich in eine Gemeinde gestellt, in der man sich gegenseitig hilft. Ich habe jetzt viele neue Freunde. Au\u00dferdem habe ich eine Wohnung, eine Arbeitsstelle und bin schuldenfrei. Ohne Jesus w\u00fcsste ich nicht, wo ich jetzt w\u00e4re. Ich habe mit Gott so viel erlebt, dass ich mich selbst so annehmen kann, wie ich bin. Fr\u00fcher setzte ich jeden Tag eine andere Maske auf. Heute brauche ich keine mehr. Ich wei\u00df, dass ich ein gewolltes Kind Gottes bin &#8211; mit all meinen Schw\u00e4chen, Fehlern, aber auch St\u00e4rken. Gott ist immer f\u00fcr mich da. Ich kann mit Gott \u00fcber alles reden und ihn um alles bitten. So erlebe ich Gottes F\u00fchrung. Und die m\u00f6chte ich nicht mehr missen.<\/p>\n<p>Nur Gott kann einen Menschen ver\u00e4ndern. Jetzt sehe ich in meinem Leben einen Sinn. Gott hat einen Plan f\u00fcr mich. Ich lasse mich von ihm f\u00fchren &#8211; ganz gleich wohin er mich f\u00fchrt. Ich vertraue ihm ganz und habe mich ihm ganz \u00fcbergeben.<\/p>\n<\/div>\n<ul>\n<li>\n<p><img decoding=\"async\" src=\"\/wp-content\/uploads\/2021\/03\/bzg-cta-hotline.jpg\" alt=\"\"><\/p>\n<h3>GLAUBENS- &#038; LEBENSHILFE<\/h3>\n<div>Du suchst ein vertrauensvolles Gespr\u00e4ch, Rat und Orientierung f\u00fcr dein Leben? Wir sind f\u00fcr dich da, t\u00e4glich 6-22 Uhr!<\/div>\n<p><a href=\"\/angebote\/glaubens-und-lebenshilfe-telefon\">Mehr erfahren<\/a><\/p>\n<\/li>\n<li>\n<p><img decoding=\"async\" src=\"\/wp-content\/uploads\/2021\/03\/bzg-cta-e.choach.jpg\" alt=\"\"><\/p>\n<h3>GOTT ERFAHREN E-COACH<\/h3>\n<div>Du hast Fragen zu Gott, der Bibel und dem Glauben? Schreibe uns! Dein pers\u00f6nlicher E-Coach beantwortet sie dir gerne.<\/div>\n<p><a href=\"\/angebote\/kontakt-mit-e-coach\">Mehr erfahren<\/a><\/p>\n<\/li>\n<\/ul>\n<h1>DAS K\u00d6NNTE DICH AUCH INTERESSIEREN<\/h1>\n<ul>\n<li>\n<p>        <img decoding=\"async\" src=\"\/wp-content\/uploads\/2021\/03\/bzg-interesse-stadt.jpg\" alt=\"\"><\/p>\n<h5>Was ist Lebenserfolg?<\/h5>\n<p><a href=\"\/beziehung-zu-gott\/was-ist-lebenserfolg\"><\/a><\/p>\n<\/li>\n<li>\n<p>        <img decoding=\"async\" src=\"\/wp-content\/uploads\/2021\/03\/bzg-interesse-bibel.jpg\" alt=\"\"><\/p>\n<h5>Was ist das Hauptanliegen der Bibel?<\/h5>\n<p><a href=\"\/beziehung-zu-gott\/was-ist-das-hauptanliegen-der-bibel\"><\/a><\/p>\n<\/li>\n<li>\n<p>        <img decoding=\"async\" src=\"\/wp-content\/uploads\/2021\/03\/bzg-interesse-herz.jpg\" alt=\"\"><\/p>\n<h5>Sinnbilder der Liebe Gottes<\/h5>\n<p><a href=\"\/wege-zum-ziel\/sinnbilder-der-liebe-gottes\"><\/a><\/p>\n<\/li>\n<li>\n<p>        <img decoding=\"async\" src=\"\/wp-content\/uploads\/2021\/03\/bzg-interesse-kreuz.jpg\" alt=\"\"><\/p>\n<h5>Jesus von Nazareth<\/h5>\n<p><a href=\"\/beziehung-zu-gott\/jesus-einzigartig-und-unvergleichlich\"><\/a><\/p>\n<\/li>\n<li>\n<p>        <img decoding=\"async\" src=\"\/wp-content\/uploads\/2021\/03\/bzg-interesse-taube.jpg\" alt=\"\"><\/p>\n<h5>Leben in der Kraft Gottes<\/h5>\n<p><a href=\"\/beziehung-zu-gott\/leben-in-der-kraft-gottes\"><\/a><\/p>\n<\/li>\n<li>\n<p>        <img decoding=\"async\" src=\"\/wp-content\/uploads\/2021\/03\/bzg-interesse-beten.jpg\" alt=\"\"><\/p>\n<h5>Ich will Gott erleben<\/h5>\n<p><a href=\"\/zweifel-oder-glaube\/ich-will-gott-erleben\"><\/a><\/p>\n<\/li>\n<\/ul>\n<p><!--more--><br \/>\n<!-- {\"name\":\"Gott lebt \\u2013 Lebensgeschichten Article\",\"type\":\"layout\",\"children\":[{\"type\":\"section\",\"props\":{\"class\":\"banner-normal\",\"image\":\"wp-content\\\/uploads\\\/2021\\\/03\\\/home-banner-05.jpeg\",\"image_position\":\"center-center\",\"image_size\":\"cover\",\"padding\":\"xlarge\",\"style\":\"default\",\"title_breakpoint\":\"xl\",\"title_position\":\"top-left\",\"title_rotation\":\"left\",\"vertical_align\":\"middle\",\"width\":\"\"},\"children\":[{\"type\":\"row\",\"children\":[{\"type\":\"column\",\"props\":{\"image_position\":\"center-center\",\"position_sticky_breakpoint\":\"m\"}}]}],\"name\":\"Banner\",\"modified\":\"2021-03-23T16:02:54.885Z\"},{\"type\":\"section\",\"props\":{\"image_position\":\"center-center\",\"padding_remove_top\":false,\"style\":\"default\",\"title_breakpoint\":\"xl\",\"title_position\":\"top-left\",\"title_rotation\":\"left\",\"vertical_align\":\"middle\",\"width\":\"default\"},\"children\":[{\"type\":\"row\",\"children\":[{\"type\":\"column\",\"props\":{\"image_position\":\"center-center\",\"position_sticky_breakpoint\":\"m\"},\"children\":[{\"type\":\"breadcrumbs\",\"props\":{\"home_text\":\"GOTT ERFAHREN\",\"show_current\":true,\"show_home\":true,\"visibility\":\"s\"}}]}]},{\"type\":\"row\",\"children\":[{\"type\":\"column\",\"props\":{\"image_position\":\"center-center\",\"position_sticky_breakpoint\":\"m\"},\"children\":[{\"type\":\"headline\",\"props\":{\"content\":\"\\u201eAUS NEUGIER GING ICH MIT\\u201c\",\"margin_remove_bottom\":true,\"title_element\":\"h1\",\"title_style\":\"h1\"}}]}],\"props\":{\"margin\":\"default\"}},{\"type\":\"row\",\"children\":[{\"type\":\"column\",\"props\":{\"image_position\":\"center-center\",\"position_sticky_breakpoint\":\"m\"},\"children\":[{\"type\":\"html\",\"props\":{\"content\":\"[audio mp3=\\\"\\\/wp-content\\\/uploads\\\/2024\\\/03\\\/LG-19.mp3\\\"][\\\/audio]\"},\"name\":\"Audio (DE)\"}]}],\"props\":{\"class\":\"de-only\",\"margin\":\"default\"}},{\"type\":\"row\",\"children\":[{\"type\":\"column\",\"props\":{\"image_position\":\"center-center\",\"position_sticky_breakpoint\":\"m\"},\"children\":[{\"type\":\"html\",\"props\":{\"content\":\"\n\n<div class=\\\"wk-gallery wk-gallery-wall clearfix polaroid \\\" style=\\\"float: left; margin-top: -10px; margin-right: 15px; margin-bottom: 15px;\\\">\\n\n\n<div>\\n\\n<img class=\\\" size-full wp-image-6252\\\" src=\\\"wp-content\\\/uploads\\\/2021\\\/06\\\/gvl-gott-lebt-charles.jpg\\\" alt=\\\"Charles\\\" width=\\\"200\\\" height=\\\"150\\\" \\\/>\\n\n\n<p class=\\\"title\\\">Charles<\\\/p>\\n\\n<\\\/div>\\n<\\\/div>\\n\n\n<p>Ich wurde 1960 in Nottingham geboren. Mein Vater war britischer Besatzungssoldat und hatte meine Mutter hier in Deutschland kennengelernt. Die ersten Jahre lebte ich in England. 1966 zog ich mit meinen Eltern nach Stadthagen bei Hannover. Im selben Jahr trennten sie sich.<\\\/p>\\n\\n\n\n<p>Ich wuchs dann bei meinen Gro\\u00dfeltern auf. Meine Mutter war nie da, wenn ich sie brauchte. Arbeit und Geselligkeit waren ihr wichtiger als die Familie. Mein Gro\\u00dfvater sperrte mich oft ein. Au\\u00dferdem dem\\u00fctigte und misshandelte er mich. Wenn meine Mutter dabei war, schaute sie weg. Mit 11 fing ich an, Alkohol zu trinken. Liebe und Geborgenheit kannte ich nicht. Entsprechend verlief mein Leben: Hauptschule ohne Abschluss, eine Maurerlehre ohne Abschluss, Gelegenheitsjobs. Es ging nur bergab. Aus mir wurde ein Rebell, der sich gegen alles auflehnte. Ich wurde zum Alkoholiker und Spieler. Fast 10 Jahre lang zog ich als Obdachloser mit Hooligans aus der Fu\\u00dfball-Szene quer durch Deutschland. Ich war ein L\\u00fcgner und Schl\\u00e4ger, der vielen Menschen Leid, Kummer und Sorgen zuf\\u00fcgte. Ja, das war mein Leben.<\\\/p>\\n\\n\n\n<p>In meiner Jugend hatte ich Kontakt zur Anglikanischen und zur Evangelischen Kirche. Gott war f\\u00fcr mich aber nur ein strafender und kriegerischer Gott. So hatte ich es von meinem Vater und meinem Gro\\u00dfvater gelernt. Ende 2005 zog ich dann nach K\\u00fcnzelsau. Dort lernte ich Reinhold kennen. Wir wurden Freunde. Er nahm mich bei sich auf und erz\\u00e4hlte mir, wie er zu Jesus und zur Adventgemeinde gefunden hatte und wie er sich dadurch ver\\u00e4ndert habe. Oft lud er mich ein, ihn zum Gottesdienst zu begleiten. Ich wollte aber zuerst nicht. Doch aus Neugier ging ich eines Tages doch mit.<\\\/p>\\n\\n\n\n<p>Durch die Erfahrungen, von denen ich dort h\\u00f6rte, kam ich zu dem Schluss, dass das Leben doch einen Sinn hat. So fing ich an, regelm\\u00e4\\u00dfig in die Gemeinde zu gehen. Und so lernte ich Jesus kennen. Die Gemeinde wurde meine Familie, in der man f\\u00fcreinander da ist: mit Gespr\\u00e4chen und mit Rat und Tat.<\\\/p>\\n\\n\n\n<p>W\\u00e4hrend der Zeit lernte ich auch Anita kennen. Sie wurde meine Freundin. Aber wir stritten uns oft. Dennoch blieb ich bei ihr. Ich wusste: Auch sie hatte Schlimmes durchgemacht. Schlie\\u00dflich entschied sie sich, mit mir in die Gemeinde zu gehen. So fand auch sie zu Jesus. Auch sie hat sich seitdem zum Positiven ver\\u00e4ndert.<\\\/p>\\n\\n\n\n<p>Am 19. Juli 2008 lie\\u00df sie sich zusammen mit mir taufen. Ich habe Gottes Hilfe pers\\u00f6nlich erfahren: Er hat mich in eine Gemeinde gestellt, in der man sich gegenseitig hilft. Ich habe jetzt viele neue Freunde. Au\\u00dferdem habe ich eine Wohnung, eine Arbeitsstelle und bin schuldenfrei. Ohne Jesus w\\u00fcsste ich nicht, wo ich jetzt w\\u00e4re. Ich habe mit Gott so viel erlebt, dass ich mich selbst so annehmen kann, wie ich bin. Fr\\u00fcher setzte ich jeden Tag eine andere Maske auf. Heute brauche ich keine mehr. Ich wei\\u00df, dass ich ein gewolltes Kind Gottes bin - mit all meinen Schw\\u00e4chen, Fehlern, aber auch St\\u00e4rken. Gott ist immer f\\u00fcr mich da. Ich kann mit Gott \\u00fcber alles reden und ihn um alles bitten. So erlebe ich Gottes F\\u00fchrung. Und die m\\u00f6chte ich nicht mehr missen.<\\\/p>\\n\\n\n\n<p>Nur Gott kann einen Menschen ver\\u00e4ndern. Jetzt sehe ich in meinem Leben einen Sinn. Gott hat einen Plan f\\u00fcr mich. Ich lasse mich von ihm f\\u00fchren - ganz gleich wohin er mich f\\u00fchrt. Ich vertraue ihm ganz und habe mich ihm ganz \\u00fcbergeben.<\\\/p>\"}}]}],\"props\":{\"class\":\"article-leben\",\"margin\":\"default\"}}],\"name\":\"Inhalt\"},{\"type\":\"section\",\"props\":{\"class\":\"de-only\",\"image_position\":\"center-center\",\"style\":\"default\",\"title_breakpoint\":\"xl\",\"title_position\":\"top-left\",\"title_rotation\":\"left\",\"vertical_align\":\"middle\",\"width\":\"small\"},\"children\":[{\"type\":\"row\",\"children\":[{\"type\":\"column\",\"props\":{\"image_position\":\"center-center\",\"position_sticky_breakpoint\":\"m\"},\"children\":[{\"type\":\"grid\",\"props\":{\"content_column_breakpoint\":\"m\",\"filter_align\":\"left\",\"filter_all\":true,\"filter_grid_breakpoint\":\"m\",\"filter_grid_width\":\"auto\",\"filter_position\":\"top\",\"filter_style\":\"tab\",\"grid_default\":\"1\",\"grid_medium\":\"2\",\"grid_small\":\"2\",\"icon_width\":80,\"image_align\":\"top\",\"image_grid_breakpoint\":\"m\",\"image_grid_width\":\"1-2\",\"image_svg_color\":\"emphasis\",\"item_animation\":true,\"link_style\":\"secondary\",\"link_text\":\"Mehr erfahren\",\"margin\":\"default\",\"meta_align\":\"below-title\",\"meta_element\":\"div\",\"meta_style\":\"text-meta\",\"panel_image_no_padding\":true,\"panel_link\":true,\"panel_padding\":\"default\",\"panel_style\":\"card-default\",\"parallax_easing\":\"1\",\"show_content\":true,\"show_image\":true,\"show_link\":true,\"show_meta\":true,\"show_title\":true,\"title_align\":\"top\",\"title_color\":\"emphasis\",\"title_element\":\"h3\",\"title_grid_breakpoint\":\"m\",\"title_grid_width\":\"1-2\",\"title_hover_style\":\"reset\",\"title_style\":\"h3\"},\"children\":[{\"type\":\"grid_item\",\"props\":{\"content\":\"Du suchst ein vertrauensvolles Gespr\\u00e4ch, Rat und Orientierung f\\u00fcr dein Leben? Wir sind f\\u00fcr dich da, t\\u00e4glich 6-22 Uhr!\",\"image\":\"wp-content\\\/uploads\\\/2021\\\/03\\\/bzg-cta-hotline.jpg\",\"link\":\"angebote\\\/glaubens-und-lebenshilfe-telefon\",\"panel_style\":\"card-default\",\"title\":\"GLAUBENS- & LEBENSHILFE\"}},{\"type\":\"grid_item\",\"props\":{\"content\":\"Du hast Fragen zu Gott, der Bibel und dem Glauben? Schreibe uns! Dein pers\\u00f6nlicher E-Coach beantwortet sie dir gerne.\",\"image\":\"wp-content\\\/uploads\\\/2021\\\/03\\\/bzg-cta-e.choach.jpg\",\"link\":\"angebote\\\/kontakt-mit-e-coach\",\"panel_style\":\"card-default\",\"title\":\"GOTT ERFAHREN E-COACH\"}}]}]}]}],\"name\":\"Call to Action\"},{\"type\":\"section\",\"props\":{\"image_position\":\"center-center\",\"style\":\"default\",\"title_breakpoint\":\"xl\",\"title_position\":\"top-left\",\"title_rotation\":\"left\",\"vertical_align\":\"middle\",\"width\":\"default\"},\"children\":[{\"type\":\"row\",\"children\":[{\"type\":\"column\",\"props\":{\"image_position\":\"center-center\",\"position_sticky_breakpoint\":\"m\"},\"children\":[{\"type\":\"headline\",\"props\":{\"content\":\"DAS K\\u00d6NNTE DICH AUCH INTERESSIEREN\",\"text_align\":\"center\",\"title_element\":\"h1\",\"title_style\":\"h3\"}},{\"type\":\"gallery\",\"props\":{\"filter_align\":\"left\",\"filter_all\":true,\"filter_grid_breakpoint\":\"m\",\"filter_grid_width\":\"auto\",\"filter_position\":\"top\",\"filter_style\":\"tab\",\"grid_column_gap\":\"small\",\"grid_default\":\"1\",\"grid_medium\":\"3\",\"grid_row_gap\":\"small\",\"grid_small\":\"2\",\"image_hover_box_shadow\":\"small\",\"image_orientation\":false,\"image_transition\":\"scale-up\",\"item_animation\":true,\"link_style\":\"text\",\"link_text\":\"\",\"margin\":\"default\",\"meta_align\":\"below-title\",\"meta_element\":\"div\",\"meta_style\":\"text-meta\",\"overlay_hover\":false,\"overlay_link\":true,\"overlay_mode\":\"cover\",\"overlay_position\":\"center\",\"overlay_style\":\"overlay-primary\",\"overlay_transition\":\"fade\",\"parallax_easing\":\"1\",\"show_content\":false,\"show_hover_image\":true,\"show_link\":true,\"show_meta\":false,\"show_title\":true,\"text_align\":\"center\",\"text_color\":\"light\",\"title_element\":\"h5\",\"title_hover_style\":\"reset\",\"title_style\":\"h5\"},\"children\":[{\"type\":\"gallery_item\",\"props\":{\"image\":\"wp-content\\\/uploads\\\/2021\\\/03\\\/bzg-interesse-stadt.jpg\",\"link\":\"beziehung-zu-gott\\\/was-ist-lebenserfolg\",\"title\":\"Was ist Lebenserfolg?\"}},{\"type\":\"gallery_item\",\"props\":{\"image\":\"wp-content\\\/uploads\\\/2021\\\/03\\\/bzg-interesse-bibel.jpg\",\"link\":\"beziehung-zu-gott\\\/was-ist-das-hauptanliegen-der-bibel\",\"title\":\"Was ist das Hauptanliegen der Bibel?\"}},{\"type\":\"gallery_item\",\"props\":{\"image\":\"wp-content\\\/uploads\\\/2021\\\/03\\\/bzg-interesse-herz.jpg\",\"link\":\"wege-zum-ziel\\\/sinnbilder-der-liebe-gottes\",\"title\":\"Sinnbilder der Liebe Gottes\"}},{\"type\":\"gallery_item\",\"props\":{\"image\":\"wp-content\\\/uploads\\\/2021\\\/03\\\/bzg-interesse-kreuz.jpg\",\"link\":\"beziehung-zu-gott\\\/jesus-einzigartig-und-unvergleichlich\",\"title\":\"Jesus von Nazareth\"}},{\"type\":\"gallery_item\",\"props\":{\"image\":\"wp-content\\\/uploads\\\/2021\\\/03\\\/bzg-interesse-taube.jpg\",\"link\":\"beziehung-zu-gott\\\/leben-in-der-kraft-gottes\",\"title\":\"Leben in der Kraft Gottes\"}},{\"type\":\"gallery_item\",\"props\":{\"image\":\"wp-content\\\/uploads\\\/2021\\\/03\\\/bzg-interesse-beten.jpg\",\"link\":\"zweifel-oder-glaube\\\/ich-will-gott-erleben\",\"title\":\"Ich will Gott erleben\"}}]}]}]}],\"name\":\"Weiteres Angebot\"}],\"version\":\"4.3.5\"} --><\/p>\n","protected":false},"excerpt":{"rendered":"<p>\u201eAUS NEUGIER GING ICH MIT\u201c Charles Ich wurde 1960 in Nottingham geboren. Mein Vater war britischer Besatzungssoldat und hatte meine Mutter hier in Deutschland kennengelernt. Die ersten Jahre lebte ich in England. 1966 zog ich mit meinen Eltern nach Stadthagen bei Hannover. Im selben Jahr trennten sie sich. Ich wuchs dann bei meinen Gro\u00dfeltern auf. [&hellip;]<\/p>\n","protected":false},"author":3,"featured_media":49,"parent":654,"menu_order":0,"comment_status":"closed","ping_status":"closed","template":"","meta":{"_acf_changed":false,"footnotes":""},"class_list":["post-2135","page","type-page","status-publish","has-post-thumbnail","hentry"],"acf":[],"_links":{"self":[{"href":"https:\/\/gotterfahren.info\/en\/wp-json\/wp\/v2\/pages\/2135","targetHints":{"allow":["GET"]}}],"collection":[{"href":"https:\/\/gotterfahren.info\/en\/wp-json\/wp\/v2\/pages"}],"about":[{"href":"https:\/\/gotterfahren.info\/en\/wp-json\/wp\/v2\/types\/page"}],"author":[{"embeddable":true,"href":"https:\/\/gotterfahren.info\/en\/wp-json\/wp\/v2\/users\/3"}],"replies":[{"embeddable":true,"href":"https:\/\/gotterfahren.info\/en\/wp-json\/wp\/v2\/comments?post=2135"}],"version-history":[{"count":0,"href":"https:\/\/gotterfahren.info\/en\/wp-json\/wp\/v2\/pages\/2135\/revisions"}],"up":[{"embeddable":true,"href":"https:\/\/gotterfahren.info\/en\/wp-json\/wp\/v2\/pages\/654"}],"wp:featuredmedia":[{"embeddable":true,"href":"https:\/\/gotterfahren.info\/en\/wp-json\/wp\/v2\/media\/49"}],"wp:attachment":[{"href":"https:\/\/gotterfahren.info\/en\/wp-json\/wp\/v2\/media?parent=2135"}],"curies":[{"name":"wp","href":"https:\/\/api.w.org\/{rel}","templated":true}]}}