{"id":2126,"date":"2021-06-14T13:08:37","date_gmt":"2021-06-14T13:08:37","guid":{"rendered":"https:\/\/alex.gotterfahren.info\/?page_id=2126"},"modified":"2025-12-01T22:49:26","modified_gmt":"2025-12-01T22:49:26","slug":"the-german-with-the-pocket-bible","status":"publish","type":"page","link":"https:\/\/gotterfahren.info\/en\/gott-veraendert-leben\/ergreifende-lebensgeschichten\/der-deutsche-mit-der-taschenbibel","title":{"rendered":"The German with the pocket bible"},"content":{"rendered":"<h1>DER DEUTSCHE MIT DER TASCHENBIBEL<\/h1>\n<div>\n<div class=\"gotterfahren-mediaplayer-container\"><audio class=\"wp-audio-shortcode\" id=\"audio-2126-1\" preload=\"none\" style=\"width: 100%;\" controls=\"controls\"><source type=\"audio\/mpeg\" src=\"\/wp-content\/uploads\/2024\/03\/LG-17.mp3?_=1\" \/><a href=\"\/wp-content\/uploads\/2024\/03\/LG-17.mp3\">\/wp-content\/uploads\/2024\/03\/LG-17.mp3<\/a><\/audio><div class=\"media-download-button\"><a href=\"\/wp-content\/uploads\/2024\/03\/LG-17.mp3\" class=\"uk-icon-button\" uk-icon=\"icon: download; ratio: 1.2\" download><\/a><\/div><\/div><\/div>\n<div>\n<div class=\"wk-gallery wk-gallery-wall clearfix polaroid \" style=\"float: left; margin-top: -10px; margin-right: 15px; margin-bottom: 15px;\">\n<div>\n<p><img loading=\"lazy\" decoding=\"async\" class=\" size-full wp-image-6250\" src=\"\/wp-content\/uploads\/2021\/06\/gvl-gott-lebt-sylvie.jpg\" alt=\"Sylvie\" width=\"200\" height=\"150\" \/><\/p>\n<p class=\"title\">Sylvie<\/p>\n<\/div>\n<\/div>\n<p>Ich wuchs in Frankreich auf. Meine Eltern, Gro\u00dfeltern und meine drei Geschwister waren katholisch. Wenn es um Religion ging, regierte meine Mutter mit eiserner Hand \u2014 und wir machten alle bereitwillig mit: Kirchenbesuch, Kirchenfeste, das Familiengebet am Abend&#8230; Druck und Rituale bestimmten unseren Glauben. Dennoch hatte ich eine eigene Beziehung zu Jesus entwickelt, und ich sprach gerne mit ihm. Doch dann \u00e4nderte Gott mein Leben in kurzer Zeit und f\u00fchrte mich aus einer vierfachen Knechtschaft heraus:<\/p>\n<p>&nbsp;<\/p>\n<p>&nbsp;<\/p>\n<ol>\n<li>Knechtschaft unter dem elterlichen Joch: Die Erziehung war streng und jeglicher Widerstand wurde gnadenlos niedergeschlagen. Gehorsam war etwas \u201eHeiliges\u201c.<\/li>\n<li>Knechtschaft unter dem Joch des Okkultismus: Als Teenager entwickelte ich Interesse f\u00fcr Horoskope und Wahrsagerei. Ich lie\u00df eine Studie \u00fcber meine Zukunft anfertigen, und mit 20 ging ich zu einem Wahrsager, der \u201eHilfe f\u00fcr alle Lebenssituationen\u201c versprach. Ich hatte seit Jahren ein gro\u00dfes Problem und oft deswegen zu Gott gefleht \u2014 ohne gro\u00dfen Erfolg. Er hatte ein paar Mal geantwortet und wunderbar eingegriffen, aber das reichte bei weitem nicht. \u201eWarum wollte er nicht helfen&#8220;, fragte ich mich. Deshalb wandte ich mich an einen Wahrsager. Das aber war eine teure und bittere Erfahrung.<br \/>\nAuch besuchte ich eine charismatische Kirche. Die lebendigen Erfahrungsberichte waren mir v\u00f6llig neu. Ich h\u00f6rte das Zungenreden, das wie Arabisch klang. Es sei \u201edie Sprache der Engel\u201c, sagte man mir. Die Begeisterung war ansteckend, und ich kam gern zu den Treffen. Als ich dem Wahrsager davon erz\u00e4hlte, meinte er l\u00e4chelnd: \u201eAuch wo Freude ist, kann der Teufel sein\u201c, und lie\u00df die Bibel, die ich ihm gereicht hatte, auf den Boden fallen.<br \/>\nZudem las ich fern\u00f6stliche Literatur und h\u00f6rte leidenschaftlich gern Pop- und Techno-Musik. Letztere half mir, der entt\u00e4uschenden Realit\u00e4t zu entfliehen.<\/li>\n<li>Knechtschaft unter dem Joch meines katholischen Glaubens: Diese Mischung aus Tradition und Aberglauben, durchwoben von Marienverehrung, war nur solange mein Glaube, bis ich das Echte fand: Als ich mit 25 Jahren meinen sp\u00e4teren Mann, einen deutschen Adventisten, auf der Arbeit in Frankreich kennen lernte, wurde ich auf seine Taschenbibel aufmerksam. Dies war der Anfang einer faszinierenden Entdeckungsreise durch die Wahrheit. Wie sch\u00f6n, all diese neuen Dinge zu h\u00f6ren und zu glauben!<\/li>\n<li>Knechtschaft unter dem Joch falscher Beziehungen: Auf der Suche nach Annahme und Liebe lie\u00df ich mich auf Beziehungen ein, fand jedoch nicht das Wahre. Gott schenkte mir schlie\u00dflich den Mann f\u00fcrs Leben \u2014 der um eine Frau gebetet hatte \u2014 und eine neue Zukunft in Deutschland, weit weg vom \u201eSklavenhaus\u201c.<\/li>\n<\/ol>\n<p>Nach der \u201eNet 96\u201c-Evangelisation mit Mark Finley wurde ich in Mannheim getauft. Eine gro\u00dfe Freude kam in mein Herz. Es gibt nichts Besseres als die Wahrheit! Gott brachte mich nach vielen, teilweise schmerzhaften Erfahrungen in seine Gemeinde. Welch ein Segen! Ihm sei Lob und Dank!<\/p>\n<p>Fazit: Man muss nicht alles mitmachen, um sp\u00e4ter erz\u00e4hlen zu k\u00f6nnen, wie Gott einen aus der Knechtschaft heraus gef\u00fchrt hat. Ich w\u00e4re lieber von Anfang an den guten Weg gegangen.<\/p>\n<\/div>\n<ul>\n<li>\n<p><img decoding=\"async\" src=\"\/wp-content\/uploads\/2021\/03\/bzg-cta-hotline.jpg\" alt=\"\"><\/p>\n<h3>GLAUBENS- &#038; LEBENSHILFE<\/h3>\n<div>Du suchst ein vertrauensvolles Gespr\u00e4ch, Rat und Orientierung f\u00fcr dein Leben? Wir sind f\u00fcr dich da, t\u00e4glich 6-22 Uhr!<\/div>\n<p><a href=\"\/angebote\/glaubens-und-lebenshilfe-telefon\">Mehr erfahren<\/a><\/p>\n<\/li>\n<li>\n<p><img decoding=\"async\" src=\"\/wp-content\/uploads\/2021\/03\/bzg-cta-e.choach.jpg\" alt=\"\"><\/p>\n<h3>GOTT ERFAHREN E-COACH<\/h3>\n<div>Du hast Fragen zu Gott, der Bibel und dem Glauben? Schreibe uns! Dein pers\u00f6nlicher E-Coach beantwortet sie dir gerne.<\/div>\n<p><a href=\"\/angebote\/kontakt-mit-e-coach\">Mehr erfahren<\/a><\/p>\n<\/li>\n<\/ul>\n<h1>DAS K\u00d6NNTE DICH AUCH INTERESSIEREN<\/h1>\n<ul>\n<li>\n<p>        <img decoding=\"async\" src=\"\/wp-content\/uploads\/2021\/03\/bzg-interesse-stadt.jpg\" alt=\"\"><\/p>\n<h5>Was ist Lebenserfolg?<\/h5>\n<p><a href=\"\/beziehung-zu-gott\/was-ist-lebenserfolg\"><\/a><\/p>\n<\/li>\n<li>\n<p>        <img decoding=\"async\" src=\"\/wp-content\/uploads\/2021\/03\/bzg-interesse-bibel.jpg\" alt=\"\"><\/p>\n<h5>Was ist das Hauptanliegen der Bibel?<\/h5>\n<p><a href=\"\/beziehung-zu-gott\/was-ist-das-hauptanliegen-der-bibel\"><\/a><\/p>\n<\/li>\n<li>\n<p>        <img decoding=\"async\" src=\"\/wp-content\/uploads\/2021\/03\/bzg-interesse-herz.jpg\" alt=\"\"><\/p>\n<h5>Sinnbilder der Liebe Gottes<\/h5>\n<p><a href=\"\/wege-zum-ziel\/sinnbilder-der-liebe-gottes\"><\/a><\/p>\n<\/li>\n<li>\n<p>        <img decoding=\"async\" src=\"\/wp-content\/uploads\/2021\/03\/bzg-interesse-kreuz.jpg\" alt=\"\"><\/p>\n<h5>Jesus von Nazareth<\/h5>\n<p><a href=\"\/beziehung-zu-gott\/jesus-einzigartig-und-unvergleichlich\"><\/a><\/p>\n<\/li>\n<li>\n<p>        <img decoding=\"async\" src=\"\/wp-content\/uploads\/2021\/03\/bzg-interesse-taube.jpg\" alt=\"\"><\/p>\n<h5>Leben in der Kraft Gottes<\/h5>\n<p><a href=\"\/beziehung-zu-gott\/leben-in-der-kraft-gottes\"><\/a><\/p>\n<\/li>\n<li>\n<p>        <img decoding=\"async\" src=\"\/wp-content\/uploads\/2021\/03\/bzg-interesse-beten.jpg\" alt=\"\"><\/p>\n<h5>Ich will Gott erleben<\/h5>\n<p><a href=\"\/zweifel-oder-glaube\/ich-will-gott-erleben\"><\/a><\/p>\n<\/li>\n<\/ul>\n<p><!--more--><br \/>\n<!-- {\"name\":\"Gott lebt \\u2013 Lebensgeschichten Article\",\"type\":\"layout\",\"children\":[{\"type\":\"section\",\"props\":{\"class\":\"banner-normal\",\"image\":\"wp-content\\\/uploads\\\/2021\\\/03\\\/home-banner-05.jpeg\",\"image_position\":\"center-center\",\"image_size\":\"cover\",\"padding\":\"xlarge\",\"style\":\"default\",\"title_breakpoint\":\"xl\",\"title_position\":\"top-left\",\"title_rotation\":\"left\",\"vertical_align\":\"middle\",\"width\":\"\"},\"children\":[{\"type\":\"row\",\"children\":[{\"type\":\"column\",\"props\":{\"image_position\":\"center-center\",\"position_sticky_breakpoint\":\"m\"}}]}],\"name\":\"Banner\",\"modified\":\"2021-03-23T16:02:54.885Z\"},{\"type\":\"section\",\"props\":{\"image_position\":\"center-center\",\"padding_remove_top\":false,\"style\":\"default\",\"title_breakpoint\":\"xl\",\"title_position\":\"top-left\",\"title_rotation\":\"left\",\"vertical_align\":\"middle\",\"width\":\"default\"},\"children\":[{\"type\":\"row\",\"children\":[{\"type\":\"column\",\"props\":{\"image_position\":\"center-center\",\"position_sticky_breakpoint\":\"m\"},\"children\":[{\"type\":\"breadcrumbs\",\"props\":{\"home_text\":\"GOTT ERFAHREN\",\"show_current\":true,\"show_home\":true,\"visibility\":\"s\"}}]}]},{\"type\":\"row\",\"children\":[{\"type\":\"column\",\"props\":{\"image_position\":\"center-center\",\"position_sticky_breakpoint\":\"m\"},\"children\":[{\"type\":\"headline\",\"props\":{\"content\":\"DER DEUTSCHE MIT DER TASCHENBIBEL\",\"margin_remove_bottom\":true,\"title_element\":\"h1\",\"title_style\":\"h1\"}}]}],\"props\":{\"margin\":\"default\"}},{\"type\":\"row\",\"children\":[{\"type\":\"column\",\"props\":{\"image_position\":\"center-center\",\"position_sticky_breakpoint\":\"m\"},\"children\":[{\"type\":\"html\",\"props\":{\"content\":\"[audio mp3=\\\"\\\/wp-content\\\/uploads\\\/2024\\\/03\\\/LG-17.mp3\\\"][\\\/audio]\"},\"name\":\"Audio (DE)\"}]}],\"props\":{\"class\":\"de-only\"}},{\"type\":\"row\",\"children\":[{\"type\":\"column\",\"props\":{\"image_position\":\"center-center\",\"position_sticky_breakpoint\":\"m\"},\"children\":[{\"type\":\"html\",\"props\":{\"content\":\"\n\n<div class=\\\"wk-gallery wk-gallery-wall clearfix polaroid \\\" style=\\\"float: left; margin-top: -10px; margin-right: 15px; margin-bottom: 15px;\\\">\\n\n\n<div>\\n\\n<img class=\\\" size-full wp-image-6250\\\" src=\\\"wp-content\\\/uploads\\\/2021\\\/06\\\/gvl-gott-lebt-sylvie.jpg\\\" alt=\\\"Sylvie\\\" width=\\\"200\\\" height=\\\"150\\\" \\\/>\\n\n\n<p class=\\\"title\\\">Sylvie<\\\/p>\\n\\n<\\\/div>\\n<\\\/div>\\n\n\n<p>Ich wuchs in Frankreich auf. Meine Eltern, Gro\\u00dfeltern und meine drei Geschwister waren katholisch. Wenn es um Religion ging, regierte meine Mutter mit eiserner Hand \\u2014 und wir machten alle bereitwillig mit: Kirchenbesuch, Kirchenfeste, das Familiengebet am Abend... Druck und Rituale bestimmten unseren Glauben. Dennoch hatte ich eine eigene Beziehung zu Jesus entwickelt, und ich sprach gerne mit ihm. Doch dann \\u00e4nderte Gott mein Leben in kurzer Zeit und f\\u00fchrte mich aus einer vierfachen Knechtschaft heraus:<\\\/p>\\n\n\n<p>&nbsp;<\\\/p>\\n\n\n<p>&nbsp;<\\\/p>\\n\n\n<ol>\\n \\t\n\n<li>Knechtschaft unter dem elterlichen Joch: Die Erziehung war streng und jeglicher Widerstand wurde gnadenlos niedergeschlagen. Gehorsam war etwas \\u201eHeiliges\\u201c.<\\\/li>\\n \\t\n\n<li>Knechtschaft unter dem Joch des Okkultismus: Als Teenager entwickelte ich Interesse f\\u00fcr Horoskope und Wahrsagerei. Ich lie\\u00df eine Studie \\u00fcber meine Zukunft anfertigen, und mit 20 ging ich zu einem Wahrsager, der \\u201eHilfe f\\u00fcr alle Lebenssituationen\\u201c versprach. Ich hatte seit Jahren ein gro\\u00dfes Problem und oft deswegen zu Gott gefleht \\u2014 ohne gro\\u00dfen Erfolg. Er hatte ein paar Mal geantwortet und wunderbar eingegriffen, aber das reichte bei weitem nicht. \\u201eWarum wollte er nicht helfen\\\", fragte ich mich. Deshalb wandte ich mich an einen Wahrsager. Das aber war eine teure und bittere Erfahrung.\\nAuch besuchte ich eine charismatische Kirche. Die lebendigen Erfahrungsberichte waren mir v\\u00f6llig neu. Ich h\\u00f6rte das Zungenreden, das wie Arabisch klang. Es sei \\u201edie Sprache der Engel\\u201c, sagte man mir. Die Begeisterung war ansteckend, und ich kam gern zu den Treffen. Als ich dem Wahrsager davon erz\\u00e4hlte, meinte er l\\u00e4chelnd: \\u201eAuch wo Freude ist, kann der Teufel sein\\u201c, und lie\\u00df die Bibel, die ich ihm gereicht hatte, auf den Boden fallen.\\nZudem las ich fern\\u00f6stliche Literatur und h\\u00f6rte leidenschaftlich gern Pop- und Techno-Musik. Letztere half mir, der entt\\u00e4uschenden Realit\\u00e4t zu entfliehen.<\\\/li>\\n \\t\n\n<li>Knechtschaft unter dem Joch meines katholischen Glaubens: Diese Mischung aus Tradition und Aberglauben, durchwoben von Marienverehrung, war nur solange mein Glaube, bis ich das Echte fand: Als ich mit 25 Jahren meinen sp\\u00e4teren Mann, einen deutschen Adventisten, auf der Arbeit in Frankreich kennen lernte, wurde ich auf seine Taschenbibel aufmerksam. Dies war der Anfang einer faszinierenden Entdeckungsreise durch die Wahrheit. Wie sch\\u00f6n, all diese neuen Dinge zu h\\u00f6ren und zu glauben!<\\\/li>\\n \\t\n\n<li>Knechtschaft unter dem Joch falscher Beziehungen: Auf der Suche nach Annahme und Liebe lie\\u00df ich mich auf Beziehungen ein, fand jedoch nicht das Wahre. Gott schenkte mir schlie\\u00dflich den Mann f\\u00fcrs Leben \\u2014 der um eine Frau gebetet hatte \\u2014 und eine neue Zukunft in Deutschland, weit weg vom \\u201eSklavenhaus\\u201c.<\\\/li>\\n<\\\/ol>\\n\n\n<p>Nach der \\u201eNet 96\\u201c-Evangelisation mit Mark Finley wurde ich in Mannheim getauft. Eine gro\\u00dfe Freude kam in mein Herz. Es gibt nichts Besseres als die Wahrheit! Gott brachte mich nach vielen, teilweise schmerzhaften Erfahrungen in seine Gemeinde. Welch ein Segen! Ihm sei Lob und Dank!<\\\/p>\\n\\n\n\n<p>Fazit: Man muss nicht alles mitmachen, um sp\\u00e4ter erz\\u00e4hlen zu k\\u00f6nnen, wie Gott einen aus der Knechtschaft heraus gef\\u00fchrt hat. Ich w\\u00e4re lieber von Anfang an den guten Weg gegangen.<\\\/p>\"}}]}],\"props\":{\"class\":\"article-leben\",\"margin\":\"default\"}}],\"name\":\"Inhalt\"},{\"type\":\"section\",\"props\":{\"class\":\"de-only\",\"image_position\":\"center-center\",\"style\":\"default\",\"title_breakpoint\":\"xl\",\"title_position\":\"top-left\",\"title_rotation\":\"left\",\"vertical_align\":\"middle\",\"width\":\"small\"},\"children\":[{\"type\":\"row\",\"children\":[{\"type\":\"column\",\"props\":{\"image_position\":\"center-center\",\"position_sticky_breakpoint\":\"m\"},\"children\":[{\"type\":\"grid\",\"props\":{\"content_column_breakpoint\":\"m\",\"filter_align\":\"left\",\"filter_all\":true,\"filter_grid_breakpoint\":\"m\",\"filter_grid_width\":\"auto\",\"filter_position\":\"top\",\"filter_style\":\"tab\",\"grid_default\":\"1\",\"grid_medium\":\"2\",\"grid_small\":\"2\",\"icon_width\":80,\"image_align\":\"top\",\"image_grid_breakpoint\":\"m\",\"image_grid_width\":\"1-2\",\"image_svg_color\":\"emphasis\",\"item_animation\":true,\"link_style\":\"secondary\",\"link_text\":\"Mehr erfahren\",\"margin\":\"default\",\"meta_align\":\"below-title\",\"meta_element\":\"div\",\"meta_style\":\"text-meta\",\"panel_image_no_padding\":true,\"panel_link\":true,\"panel_padding\":\"default\",\"panel_style\":\"card-default\",\"parallax_easing\":\"1\",\"show_content\":true,\"show_image\":true,\"show_link\":true,\"show_meta\":true,\"show_title\":true,\"title_align\":\"top\",\"title_color\":\"emphasis\",\"title_element\":\"h3\",\"title_grid_breakpoint\":\"m\",\"title_grid_width\":\"1-2\",\"title_hover_style\":\"reset\",\"title_style\":\"h3\"},\"children\":[{\"type\":\"grid_item\",\"props\":{\"content\":\"Du suchst ein vertrauensvolles Gespr\\u00e4ch, Rat und Orientierung f\\u00fcr dein Leben? Wir sind f\\u00fcr dich da, t\\u00e4glich 6-22 Uhr!\",\"image\":\"wp-content\\\/uploads\\\/2021\\\/03\\\/bzg-cta-hotline.jpg\",\"link\":\"angebote\\\/glaubens-und-lebenshilfe-telefon\",\"panel_style\":\"card-default\",\"title\":\"GLAUBENS- & LEBENSHILFE\"}},{\"type\":\"grid_item\",\"props\":{\"content\":\"Du hast Fragen zu Gott, der Bibel und dem Glauben? Schreibe uns! Dein pers\\u00f6nlicher E-Coach beantwortet sie dir gerne.\",\"image\":\"wp-content\\\/uploads\\\/2021\\\/03\\\/bzg-cta-e.choach.jpg\",\"link\":\"angebote\\\/kontakt-mit-e-coach\",\"panel_style\":\"card-default\",\"title\":\"GOTT ERFAHREN E-COACH\"}}]}]}]}],\"name\":\"Call to Action\"},{\"type\":\"section\",\"props\":{\"image_position\":\"center-center\",\"style\":\"default\",\"title_breakpoint\":\"xl\",\"title_position\":\"top-left\",\"title_rotation\":\"left\",\"vertical_align\":\"middle\",\"width\":\"default\"},\"children\":[{\"type\":\"row\",\"children\":[{\"type\":\"column\",\"props\":{\"image_position\":\"center-center\",\"position_sticky_breakpoint\":\"m\"},\"children\":[{\"type\":\"headline\",\"props\":{\"content\":\"DAS K\\u00d6NNTE DICH AUCH INTERESSIEREN\",\"text_align\":\"center\",\"title_element\":\"h1\",\"title_style\":\"h3\"}},{\"type\":\"gallery\",\"props\":{\"filter_align\":\"left\",\"filter_all\":true,\"filter_grid_breakpoint\":\"m\",\"filter_grid_width\":\"auto\",\"filter_position\":\"top\",\"filter_style\":\"tab\",\"grid_column_gap\":\"small\",\"grid_default\":\"1\",\"grid_medium\":\"3\",\"grid_row_gap\":\"small\",\"grid_small\":\"2\",\"image_hover_box_shadow\":\"small\",\"image_orientation\":false,\"image_transition\":\"scale-up\",\"item_animation\":true,\"link_style\":\"text\",\"link_text\":\"\",\"margin\":\"default\",\"meta_align\":\"below-title\",\"meta_element\":\"div\",\"meta_style\":\"text-meta\",\"overlay_hover\":false,\"overlay_link\":true,\"overlay_mode\":\"cover\",\"overlay_position\":\"center\",\"overlay_style\":\"overlay-primary\",\"overlay_transition\":\"fade\",\"parallax_easing\":\"1\",\"show_content\":false,\"show_hover_image\":true,\"show_link\":true,\"show_meta\":false,\"show_title\":true,\"text_align\":\"center\",\"text_color\":\"light\",\"title_element\":\"h5\",\"title_hover_style\":\"reset\",\"title_style\":\"h5\"},\"children\":[{\"type\":\"gallery_item\",\"props\":{\"image\":\"wp-content\\\/uploads\\\/2021\\\/03\\\/bzg-interesse-stadt.jpg\",\"link\":\"beziehung-zu-gott\\\/was-ist-lebenserfolg\",\"title\":\"Was ist Lebenserfolg?\"}},{\"type\":\"gallery_item\",\"props\":{\"image\":\"wp-content\\\/uploads\\\/2021\\\/03\\\/bzg-interesse-bibel.jpg\",\"link\":\"beziehung-zu-gott\\\/was-ist-das-hauptanliegen-der-bibel\",\"title\":\"Was ist das Hauptanliegen der Bibel?\"}},{\"type\":\"gallery_item\",\"props\":{\"image\":\"wp-content\\\/uploads\\\/2021\\\/03\\\/bzg-interesse-herz.jpg\",\"link\":\"wege-zum-ziel\\\/sinnbilder-der-liebe-gottes\",\"title\":\"Sinnbilder der Liebe Gottes\"}},{\"type\":\"gallery_item\",\"props\":{\"image\":\"wp-content\\\/uploads\\\/2021\\\/03\\\/bzg-interesse-kreuz.jpg\",\"link\":\"beziehung-zu-gott\\\/jesus-einzigartig-und-unvergleichlich\",\"title\":\"Jesus von Nazareth\"}},{\"type\":\"gallery_item\",\"props\":{\"image\":\"wp-content\\\/uploads\\\/2021\\\/03\\\/bzg-interesse-taube.jpg\",\"link\":\"beziehung-zu-gott\\\/leben-in-der-kraft-gottes\",\"title\":\"Leben in der Kraft Gottes\"}},{\"type\":\"gallery_item\",\"props\":{\"image\":\"wp-content\\\/uploads\\\/2021\\\/03\\\/bzg-interesse-beten.jpg\",\"link\":\"zweifel-oder-glaube\\\/ich-will-gott-erleben\",\"title\":\"Ich will Gott erleben\"}}]}]}]}],\"name\":\"Weiteres Angebot\"}],\"version\":\"4.3.5\"} --><\/p>\n","protected":false},"excerpt":{"rendered":"<p>DER DEUTSCHE MIT DER TASCHENBIBEL Sylvie Ich wuchs in Frankreich auf. Meine Eltern, Gro\u00dfeltern und meine drei Geschwister waren katholisch. Wenn es um Religion ging, regierte meine Mutter mit eiserner Hand \u2014 und wir machten alle bereitwillig mit: Kirchenbesuch, Kirchenfeste, das Familiengebet am Abend&#8230; Druck und Rituale bestimmten unseren Glauben. Dennoch hatte ich eine eigene [&hellip;]<\/p>\n","protected":false},"author":3,"featured_media":49,"parent":654,"menu_order":0,"comment_status":"closed","ping_status":"closed","template":"","meta":{"_acf_changed":false,"footnotes":""},"class_list":["post-2126","page","type-page","status-publish","has-post-thumbnail","hentry"],"acf":[],"_links":{"self":[{"href":"https:\/\/gotterfahren.info\/en\/wp-json\/wp\/v2\/pages\/2126","targetHints":{"allow":["GET"]}}],"collection":[{"href":"https:\/\/gotterfahren.info\/en\/wp-json\/wp\/v2\/pages"}],"about":[{"href":"https:\/\/gotterfahren.info\/en\/wp-json\/wp\/v2\/types\/page"}],"author":[{"embeddable":true,"href":"https:\/\/gotterfahren.info\/en\/wp-json\/wp\/v2\/users\/3"}],"replies":[{"embeddable":true,"href":"https:\/\/gotterfahren.info\/en\/wp-json\/wp\/v2\/comments?post=2126"}],"version-history":[{"count":0,"href":"https:\/\/gotterfahren.info\/en\/wp-json\/wp\/v2\/pages\/2126\/revisions"}],"up":[{"embeddable":true,"href":"https:\/\/gotterfahren.info\/en\/wp-json\/wp\/v2\/pages\/654"}],"wp:featuredmedia":[{"embeddable":true,"href":"https:\/\/gotterfahren.info\/en\/wp-json\/wp\/v2\/media\/49"}],"wp:attachment":[{"href":"https:\/\/gotterfahren.info\/en\/wp-json\/wp\/v2\/media?parent=2126"}],"curies":[{"name":"wp","href":"https:\/\/api.w.org\/{rel}","templated":true}]}}