{"id":2122,"date":"2021-06-14T13:06:46","date_gmt":"2021-06-14T13:06:46","guid":{"rendered":"https:\/\/alex.gotterfahren.info\/?page_id=2122"},"modified":"2025-12-01T22:48:25","modified_gmt":"2025-12-01T22:48:25","slug":"my-building-of-faith-collapsed","status":"publish","type":"page","link":"https:\/\/gotterfahren.info\/en\/gott-veraendert-leben\/ergreifende-lebensgeschichten\/mein-glaubensgebaeude-stuerzte-zusammen","title":{"rendered":"\u201eMy house of faith collapsed\u201c"},"content":{"rendered":"<h1>\u201eMEIN GLAUBENSGEB\u00c4UDE ST\u00dcRZTE ZUSAMMEN\u201c<\/h1>\n<div>\n<div class=\"gotterfahren-mediaplayer-container\"><audio class=\"wp-audio-shortcode\" id=\"audio-2122-1\" preload=\"none\" style=\"width: 100%;\" controls=\"controls\"><source type=\"audio\/mpeg\" src=\"\/wp-content\/uploads\/2024\/03\/LG-16.mp3?_=1\" \/><a href=\"\/wp-content\/uploads\/2024\/03\/LG-16.mp3\">\/wp-content\/uploads\/2024\/03\/LG-16.mp3<\/a><\/audio><div class=\"media-download-button\"><a href=\"\/wp-content\/uploads\/2024\/03\/LG-16.mp3\" class=\"uk-icon-button\" uk-icon=\"icon: download; ratio: 1.2\" download><\/a><\/div><\/div><\/div>\n<div>\n<div class=\"wk-gallery wk-gallery-wall clearfix polaroid \" style=\"float: left; margin-top: -10px; margin-right: 15px; margin-bottom: 15px;\">\n<div>\n<p><img loading=\"lazy\" decoding=\"async\" class=\" size-full wp-image-6249\" src=\"\/wp-content\/uploads\/2021\/06\/gvl-gott-lebt-barbara.jpg\" alt=\"Barbara\" width=\"200\" height=\"150\" \/><\/p>\n<p class=\"title\">Barbara<\/p>\n<\/div>\n<\/div>\n<p>Ich wuchs als einziges Kind katholischer Eltern auf einem Bauernhof im Allg\u00e4u auf. Am Sonntag gingen wir regelm\u00e4\u00dfig zur Kirche. Ich glaubte an Gott. Mit 21 heiratete ich, und wir \u00fcbernahmen den Hof meiner Eltern. Gott schenkte uns drei Kinder. Dann fing mein Mann mit dem Trinken an. Dadurch wurde er aggressiv und gewaltt\u00e4tig. Mein Leben bestand schlie\u00dflich nur noch aus harter Arbeit und Entt\u00e4uschungen. Jeden Tag betete ich den Rosenkranz, um von Maria Hilfe zu erhalten. Dennoch hatte ich bald schwere Depressionen.<\/p>\n<p>Eines Tages besuchte mich mein Cousin mit seiner Frau. Sie erz\u00e4hlten mir freudig von ihrem neuen Glauben an Gottes Wort. Sie waren Adventisten geworden. Es war offensichtlich, dass sie sich ver\u00e4ndert hatten. Sie hatten etwas, das mir fehlte. Zum Schluss ihres Besuchs beteten sie mit mir. Das beeindruckte mich. Bald darauf schenkten sie mir eine Bibel. Leider verstand ich damals noch nicht, was f\u00fcr Sch\u00e4tze in diesem Buch waren.<\/p>\n<p>Kurze Zeit sp\u00e4ter musste ich wegen eines Nervenzusammenbruchs ins Krankenhaus. Ich sah keinen Sinn mehr im Leben und dachte an Selbstmord. Doch die Verantwortung f\u00fcr meine Kinder hielt mich am Leben. Im Krankenzimmer lag ein Neues Testament plus Psalmen. In meiner Verzweiflung las ich darin. Psalm 34:19 war wie Balsam f\u00fcr meine Seele. Zum ersten Mal sp\u00fcrte ich, dass Gott zu mir sprach. So vertraute ich seinem Wort.<\/p>\n<p>Von dieser Stunde an ver\u00e4nderte sich Vieles. Gott schenkte mir wieder Kraft und Mut zum Leben. Inzwischen wurde meine Ehe geschieden. Ich las oft in der Bibel und hatte viele Fragen. Mein Cousin bat den Prediger der nahegelegenen Adventgemeinde, mich zu besuchen. In der Folgezeit erhielt ich Bibelstunden von ihm. Das war hart, denn mein Glaubensgeb\u00e4ude st\u00fcrzte nach und nach zusammen, aber es entstand auch etwas Neues.<\/p>\n<p>Die Furcht vor Menschen war f\u00fcr mich wie ein un\u00fcberwindlicher Berg. Das erz\u00e4hlte ich einem alten Prediger. Er meinte, wer heute \u00fcber dich redet, kann morgen tot sein. Hast du schon einmal einen Toten gef\u00fcrchtet? Die biblische Sicht vom Zustand der Toten war f\u00fcr mich eine gro\u00dfe Befreiung. Ich hatte n\u00e4mlich an die Horrorgeschichten \u00fcber die H\u00f6lle geglaubt. Nun entschloss ich mich, am Sabbat in den Gottesdienst zu gehen. Die Menschen dort waren so freundlich und liebevoll. Die Predigt war lebendig und lehrreich. Der Gottesdienst war f\u00fcr mich wie ein St\u00fcck Himmel auf Erden. Ich wusste sofort, dass ich wiederkommen werde. Dennoch ging ich \u2014 wegen meiner Nachbarn \u2014 ein Jahr lang nicht nur am Sabbat in die Gemeinde, sondern auch am Sonntag in die Kirche. Doch irgendwann musste ich eine Entscheidung treffen. Nach gro\u00dfen inneren K\u00e4mpfen war ich, gest\u00fctzt auf die Verhei\u00dfung aus Jes. 41:10, endlich soweit. Ich \u00fcbergab mein Leben Jesus Christus und lie\u00df mich im Jahr 1991 taufen. Meine Familie und das ganze Dorf stellten sich danach gegen mich. Meine Nachbarin sah in mir auf einmal eine Hexe. Auch heute bin ich in ihren Augen noch daran schuld, wenn ihre Kinder, Enkel oder K\u00fche krank werden. Das ist eine schlimme Erfahrung. Doch Gott schenkt mir immer wieder das rechte Wort zur rechten Zeit. Ich durfte auch gro\u00dfe Wunder erleben. Zuerst lie\u00df sich meine Tochter taufen, dann meine Schwiegertochter, eine Arbeitskollegin, meine Mutter (mit 90 Jahren) und letztes Jahr mein \u00e4ltester Sohn. Ich kann nur sagen: \u201eDem Herrn sei Lob und Dank!\u201c Ich habe in der Gemeinde viele Freunde und ein wirkliches Zuhause gefunden. Mein gr\u00f6\u00dfter Wunsch ist, dass ich noch vielen Menschen Bibelstunden geben darf und dass ich sie durch die Kraft des Heiligen Geistes zu Jesus und seiner Wahrheit f\u00fchren kann.<\/p>\n<\/div>\n<ul>\n<li>\n<p><img decoding=\"async\" src=\"\/wp-content\/uploads\/2021\/03\/bzg-cta-hotline.jpg\" alt=\"\"><\/p>\n<h3>GLAUBENS- &#038; LEBENSHILFE<\/h3>\n<div>Du suchst ein vertrauensvolles Gespr\u00e4ch, Rat und Orientierung f\u00fcr dein Leben? Wir sind f\u00fcr dich da, t\u00e4glich 6-22 Uhr!<\/div>\n<p><a href=\"\/angebote\/glaubens-und-lebenshilfe-telefon\">Mehr erfahren<\/a><\/p>\n<\/li>\n<li>\n<p><img decoding=\"async\" src=\"\/wp-content\/uploads\/2021\/03\/bzg-cta-e.choach.jpg\" alt=\"\"><\/p>\n<h3>GOTT ERFAHREN E-COACH<\/h3>\n<div>Du hast Fragen zu Gott, der Bibel und dem Glauben? Schreibe uns! Dein pers\u00f6nlicher E-Coach beantwortet sie dir gerne.<\/div>\n<p><a href=\"\/angebote\/kontakt-mit-e-coach\">Mehr erfahren<\/a><\/p>\n<\/li>\n<\/ul>\n<h1>DAS K\u00d6NNTE DICH AUCH INTERESSIEREN<\/h1>\n<ul>\n<li>\n<p>        <img decoding=\"async\" src=\"\/wp-content\/uploads\/2021\/03\/bzg-interesse-stadt.jpg\" alt=\"\"><\/p>\n<h5>Was ist Lebenserfolg?<\/h5>\n<p><a href=\"\/beziehung-zu-gott\/was-ist-lebenserfolg\"><\/a><\/p>\n<\/li>\n<li>\n<p>        <img decoding=\"async\" src=\"\/wp-content\/uploads\/2021\/03\/bzg-interesse-bibel.jpg\" alt=\"\"><\/p>\n<h5>Was ist das Hauptanliegen der Bibel?<\/h5>\n<p><a href=\"\/beziehung-zu-gott\/was-ist-das-hauptanliegen-der-bibel\"><\/a><\/p>\n<\/li>\n<li>\n<p>        <img decoding=\"async\" src=\"\/wp-content\/uploads\/2021\/03\/bzg-interesse-herz.jpg\" alt=\"\"><\/p>\n<h5>Sinnbilder der Liebe Gottes<\/h5>\n<p><a href=\"\/wege-zum-ziel\/sinnbilder-der-liebe-gottes\"><\/a><\/p>\n<\/li>\n<li>\n<p>        <img decoding=\"async\" src=\"\/wp-content\/uploads\/2021\/03\/bzg-interesse-kreuz.jpg\" alt=\"\"><\/p>\n<h5>Jesus von Nazareth<\/h5>\n<p><a href=\"\/beziehung-zu-gott\/jesus-einzigartig-und-unvergleichlich\"><\/a><\/p>\n<\/li>\n<li>\n<p>        <img decoding=\"async\" src=\"\/wp-content\/uploads\/2021\/03\/bzg-interesse-taube.jpg\" alt=\"\"><\/p>\n<h5>Leben in der Kraft Gottes<\/h5>\n<p><a href=\"\/beziehung-zu-gott\/leben-in-der-kraft-gottes\"><\/a><\/p>\n<\/li>\n<li>\n<p>        <img decoding=\"async\" src=\"\/wp-content\/uploads\/2021\/03\/bzg-interesse-beten.jpg\" alt=\"\"><\/p>\n<h5>Ich will Gott erleben<\/h5>\n<p><a href=\"\/zweifel-oder-glaube\/ich-will-gott-erleben\"><\/a><\/p>\n<\/li>\n<\/ul>\n<p><!--more--><br \/>\n<!-- {\"name\":\"Gott lebt \\u2013 Lebensgeschichten Article\",\"type\":\"layout\",\"children\":[{\"type\":\"section\",\"props\":{\"class\":\"banner-normal\",\"image\":\"wp-content\\\/uploads\\\/2021\\\/03\\\/home-banner-05.jpeg\",\"image_position\":\"center-center\",\"image_size\":\"cover\",\"padding\":\"xlarge\",\"style\":\"default\",\"title_breakpoint\":\"xl\",\"title_position\":\"top-left\",\"title_rotation\":\"left\",\"vertical_align\":\"middle\",\"width\":\"\"},\"children\":[{\"type\":\"row\",\"children\":[{\"type\":\"column\",\"props\":{\"image_position\":\"center-center\",\"position_sticky_breakpoint\":\"m\"}}]}],\"name\":\"Banner\",\"modified\":\"2021-03-23T16:02:54.885Z\"},{\"type\":\"section\",\"props\":{\"image_position\":\"center-center\",\"padding_remove_top\":false,\"style\":\"default\",\"title_breakpoint\":\"xl\",\"title_position\":\"top-left\",\"title_rotation\":\"left\",\"vertical_align\":\"middle\",\"width\":\"default\"},\"children\":[{\"type\":\"row\",\"children\":[{\"type\":\"column\",\"props\":{\"image_position\":\"center-center\",\"position_sticky_breakpoint\":\"m\"},\"children\":[{\"type\":\"breadcrumbs\",\"props\":{\"home_text\":\"GOTT ERFAHREN\",\"show_current\":true,\"show_home\":true,\"visibility\":\"s\"}}]}]},{\"type\":\"row\",\"children\":[{\"type\":\"column\",\"props\":{\"image_position\":\"center-center\",\"position_sticky_breakpoint\":\"m\"},\"children\":[{\"type\":\"headline\",\"props\":{\"content\":\"\\u201eMEIN GLAUBENSGEB\\u00c4UDE ST\\u00dcRZTE ZUSAMMEN\\u201c\",\"margin_remove_bottom\":true,\"title_element\":\"h1\",\"title_style\":\"h1\"}}]}],\"props\":{\"margin\":\"default\"}},{\"type\":\"row\",\"children\":[{\"type\":\"column\",\"props\":{\"image_position\":\"center-center\",\"position_sticky_breakpoint\":\"m\"},\"children\":[{\"type\":\"html\",\"props\":{\"content\":\"[audio mp3=\\\"\\\/wp-content\\\/uploads\\\/2024\\\/03\\\/LG-16.mp3\\\"][\\\/audio]\"},\"name\":\"Audio (DE)\"}]}],\"props\":{\"class\":\"de-only\"}},{\"type\":\"row\",\"children\":[{\"type\":\"column\",\"props\":{\"image_position\":\"center-center\",\"position_sticky_breakpoint\":\"m\"},\"children\":[{\"type\":\"html\",\"props\":{\"content\":\"\n\n<div class=\\\"wk-gallery wk-gallery-wall clearfix polaroid \\\" style=\\\"float: left; margin-top: -10px; margin-right: 15px; margin-bottom: 15px;\\\">\\n\n\n<div>\\n\\n<img class=\\\" size-full wp-image-6249\\\" src=\\\"wp-content\\\/uploads\\\/2021\\\/06\\\/gvl-gott-lebt-barbara.jpg\\\" alt=\\\"Barbara\\\" width=\\\"200\\\" height=\\\"150\\\" \\\/>\\n\n\n<p class=\\\"title\\\">Barbara<\\\/p>\\n\\n<\\\/div>\\n<\\\/div>\\n\n\n<p>Ich wuchs als einziges Kind katholischer Eltern auf einem Bauernhof im Allg\\u00e4u auf. Am Sonntag gingen wir regelm\\u00e4\\u00dfig zur Kirche. Ich glaubte an Gott. Mit 21 heiratete ich, und wir \\u00fcbernahmen den Hof meiner Eltern. Gott schenkte uns drei Kinder. Dann fing mein Mann mit dem Trinken an. Dadurch wurde er aggressiv und gewaltt\\u00e4tig. Mein Leben bestand schlie\\u00dflich nur noch aus harter Arbeit und Entt\\u00e4uschungen. Jeden Tag betete ich den Rosenkranz, um von Maria Hilfe zu erhalten. Dennoch hatte ich bald schwere Depressionen.<\\\/p>\\n\\n\n\n<p>Eines Tages besuchte mich mein Cousin mit seiner Frau. Sie erz\\u00e4hlten mir freudig von ihrem neuen Glauben an Gottes Wort. Sie waren Adventisten geworden. Es war offensichtlich, dass sie sich ver\\u00e4ndert hatten. Sie hatten etwas, das mir fehlte. Zum Schluss ihres Besuchs beteten sie mit mir. Das beeindruckte mich. Bald darauf schenkten sie mir eine Bibel. Leider verstand ich damals noch nicht, was f\\u00fcr Sch\\u00e4tze in diesem Buch waren.<\\\/p>\\n\\n\n\n<p>Kurze Zeit sp\\u00e4ter musste ich wegen eines Nervenzusammenbruchs ins Krankenhaus. Ich sah keinen Sinn mehr im Leben und dachte an Selbstmord. Doch die Verantwortung f\\u00fcr meine Kinder hielt mich am Leben. Im Krankenzimmer lag ein Neues Testament plus Psalmen. In meiner Verzweiflung las ich darin. Psalm 34:19 war wie Balsam f\\u00fcr meine Seele. Zum ersten Mal sp\\u00fcrte ich, dass Gott zu mir sprach. So vertraute ich seinem Wort.<\\\/p>\\n\\n\n\n<p>Von dieser Stunde an ver\\u00e4nderte sich Vieles. Gott schenkte mir wieder Kraft und Mut zum Leben. Inzwischen wurde meine Ehe geschieden. Ich las oft in der Bibel und hatte viele Fragen. Mein Cousin bat den Prediger der nahegelegenen Adventgemeinde, mich zu besuchen. In der Folgezeit erhielt ich Bibelstunden von ihm. Das war hart, denn mein Glaubensgeb\\u00e4ude st\\u00fcrzte nach und nach zusammen, aber es entstand auch etwas Neues.<\\\/p>\\n\\n\n\n<p>Die Furcht vor Menschen war f\\u00fcr mich wie ein un\\u00fcberwindlicher Berg. Das erz\\u00e4hlte ich einem alten Prediger. Er meinte, wer heute \\u00fcber dich redet, kann morgen tot sein. Hast du schon einmal einen Toten gef\\u00fcrchtet? Die biblische Sicht vom Zustand der Toten war f\\u00fcr mich eine gro\\u00dfe Befreiung. Ich hatte n\\u00e4mlich an die Horrorgeschichten \\u00fcber die H\\u00f6lle geglaubt. Nun entschloss ich mich, am Sabbat in den Gottesdienst zu gehen. Die Menschen dort waren so freundlich und liebevoll. Die Predigt war lebendig und lehrreich. Der Gottesdienst war f\\u00fcr mich wie ein St\\u00fcck Himmel auf Erden. Ich wusste sofort, dass ich wiederkommen werde. Dennoch ging ich \\u2014 wegen meiner Nachbarn \\u2014 ein Jahr lang nicht nur am Sabbat in die Gemeinde, sondern auch am Sonntag in die Kirche. Doch irgendwann musste ich eine Entscheidung treffen. Nach gro\\u00dfen inneren K\\u00e4mpfen war ich, gest\\u00fctzt auf die Verhei\\u00dfung aus Jes. 41:10, endlich soweit. Ich \\u00fcbergab mein Leben Jesus Christus und lie\\u00df mich im Jahr 1991 taufen. Meine Familie und das ganze Dorf stellten sich danach gegen mich. Meine Nachbarin sah in mir auf einmal eine Hexe. Auch heute bin ich in ihren Augen noch daran schuld, wenn ihre Kinder, Enkel oder K\\u00fche krank werden. Das ist eine schlimme Erfahrung. Doch Gott schenkt mir immer wieder das rechte Wort zur rechten Zeit. Ich durfte auch gro\\u00dfe Wunder erleben. Zuerst lie\\u00df sich meine Tochter taufen, dann meine Schwiegertochter, eine Arbeitskollegin, meine Mutter (mit 90 Jahren) und letztes Jahr mein \\u00e4ltester Sohn. Ich kann nur sagen: \\u201eDem Herrn sei Lob und Dank!\\u201c Ich habe in der Gemeinde viele Freunde und ein wirkliches Zuhause gefunden. Mein gr\\u00f6\\u00dfter Wunsch ist, dass ich noch vielen Menschen Bibelstunden geben darf und dass ich sie durch die Kraft des Heiligen Geistes zu Jesus und seiner Wahrheit f\\u00fchren kann.<\\\/p>\"}}]}],\"props\":{\"class\":\"article-leben\",\"margin\":\"default\"}}],\"name\":\"Inhalt\"},{\"type\":\"section\",\"props\":{\"class\":\"de-only\",\"image_position\":\"center-center\",\"style\":\"default\",\"title_breakpoint\":\"xl\",\"title_position\":\"top-left\",\"title_rotation\":\"left\",\"vertical_align\":\"middle\",\"width\":\"small\"},\"children\":[{\"type\":\"row\",\"children\":[{\"type\":\"column\",\"props\":{\"image_position\":\"center-center\",\"position_sticky_breakpoint\":\"m\"},\"children\":[{\"type\":\"grid\",\"props\":{\"content_column_breakpoint\":\"m\",\"filter_align\":\"left\",\"filter_all\":true,\"filter_grid_breakpoint\":\"m\",\"filter_grid_width\":\"auto\",\"filter_position\":\"top\",\"filter_style\":\"tab\",\"grid_default\":\"1\",\"grid_medium\":\"2\",\"grid_small\":\"2\",\"icon_width\":80,\"image_align\":\"top\",\"image_grid_breakpoint\":\"m\",\"image_grid_width\":\"1-2\",\"image_svg_color\":\"emphasis\",\"item_animation\":true,\"link_style\":\"secondary\",\"link_text\":\"Mehr erfahren\",\"margin\":\"default\",\"meta_align\":\"below-title\",\"meta_element\":\"div\",\"meta_style\":\"text-meta\",\"panel_image_no_padding\":true,\"panel_link\":true,\"panel_padding\":\"default\",\"panel_style\":\"card-default\",\"parallax_easing\":\"1\",\"show_content\":true,\"show_image\":true,\"show_link\":true,\"show_meta\":true,\"show_title\":true,\"title_align\":\"top\",\"title_color\":\"emphasis\",\"title_element\":\"h3\",\"title_grid_breakpoint\":\"m\",\"title_grid_width\":\"1-2\",\"title_hover_style\":\"reset\",\"title_style\":\"h3\"},\"children\":[{\"type\":\"grid_item\",\"props\":{\"content\":\"Du suchst ein vertrauensvolles Gespr\\u00e4ch, Rat und Orientierung f\\u00fcr dein Leben? Wir sind f\\u00fcr dich da, t\\u00e4glich 6-22 Uhr!\",\"image\":\"wp-content\\\/uploads\\\/2021\\\/03\\\/bzg-cta-hotline.jpg\",\"link\":\"angebote\\\/glaubens-und-lebenshilfe-telefon\",\"panel_style\":\"card-default\",\"title\":\"GLAUBENS- & LEBENSHILFE\"}},{\"type\":\"grid_item\",\"props\":{\"content\":\"Du hast Fragen zu Gott, der Bibel und dem Glauben? Schreibe uns! Dein pers\\u00f6nlicher E-Coach beantwortet sie dir gerne.\",\"image\":\"wp-content\\\/uploads\\\/2021\\\/03\\\/bzg-cta-e.choach.jpg\",\"link\":\"angebote\\\/kontakt-mit-e-coach\",\"panel_style\":\"card-default\",\"title\":\"GOTT ERFAHREN E-COACH\"}}]}]}]}],\"name\":\"Call to Action\"},{\"type\":\"section\",\"props\":{\"image_position\":\"center-center\",\"style\":\"default\",\"title_breakpoint\":\"xl\",\"title_position\":\"top-left\",\"title_rotation\":\"left\",\"vertical_align\":\"middle\",\"width\":\"default\"},\"children\":[{\"type\":\"row\",\"children\":[{\"type\":\"column\",\"props\":{\"image_position\":\"center-center\",\"position_sticky_breakpoint\":\"m\"},\"children\":[{\"type\":\"headline\",\"props\":{\"content\":\"DAS K\\u00d6NNTE DICH AUCH INTERESSIEREN\",\"text_align\":\"center\",\"title_element\":\"h1\",\"title_style\":\"h3\"}},{\"type\":\"gallery\",\"props\":{\"filter_align\":\"left\",\"filter_all\":true,\"filter_grid_breakpoint\":\"m\",\"filter_grid_width\":\"auto\",\"filter_position\":\"top\",\"filter_style\":\"tab\",\"grid_column_gap\":\"small\",\"grid_default\":\"1\",\"grid_medium\":\"3\",\"grid_row_gap\":\"small\",\"grid_small\":\"2\",\"image_hover_box_shadow\":\"small\",\"image_orientation\":false,\"image_transition\":\"scale-up\",\"item_animation\":true,\"link_style\":\"text\",\"link_text\":\"\",\"margin\":\"default\",\"meta_align\":\"below-title\",\"meta_element\":\"div\",\"meta_style\":\"text-meta\",\"overlay_hover\":false,\"overlay_link\":true,\"overlay_mode\":\"cover\",\"overlay_position\":\"center\",\"overlay_style\":\"overlay-primary\",\"overlay_transition\":\"fade\",\"parallax_easing\":\"1\",\"show_content\":false,\"show_hover_image\":true,\"show_link\":true,\"show_meta\":false,\"show_title\":true,\"text_align\":\"center\",\"text_color\":\"light\",\"title_element\":\"h5\",\"title_hover_style\":\"reset\",\"title_style\":\"h5\"},\"children\":[{\"type\":\"gallery_item\",\"props\":{\"image\":\"wp-content\\\/uploads\\\/2021\\\/03\\\/bzg-interesse-stadt.jpg\",\"link\":\"beziehung-zu-gott\\\/was-ist-lebenserfolg\",\"title\":\"Was ist Lebenserfolg?\"}},{\"type\":\"gallery_item\",\"props\":{\"image\":\"wp-content\\\/uploads\\\/2021\\\/03\\\/bzg-interesse-bibel.jpg\",\"link\":\"beziehung-zu-gott\\\/was-ist-das-hauptanliegen-der-bibel\",\"title\":\"Was ist das Hauptanliegen der Bibel?\"}},{\"type\":\"gallery_item\",\"props\":{\"image\":\"wp-content\\\/uploads\\\/2021\\\/03\\\/bzg-interesse-herz.jpg\",\"link\":\"wege-zum-ziel\\\/sinnbilder-der-liebe-gottes\",\"title\":\"Sinnbilder der Liebe Gottes\"}},{\"type\":\"gallery_item\",\"props\":{\"image\":\"wp-content\\\/uploads\\\/2021\\\/03\\\/bzg-interesse-kreuz.jpg\",\"link\":\"beziehung-zu-gott\\\/jesus-einzigartig-und-unvergleichlich\",\"title\":\"Jesus von Nazareth\"}},{\"type\":\"gallery_item\",\"props\":{\"image\":\"wp-content\\\/uploads\\\/2021\\\/03\\\/bzg-interesse-taube.jpg\",\"link\":\"beziehung-zu-gott\\\/leben-in-der-kraft-gottes\",\"title\":\"Leben in der Kraft Gottes\"}},{\"type\":\"gallery_item\",\"props\":{\"image\":\"wp-content\\\/uploads\\\/2021\\\/03\\\/bzg-interesse-beten.jpg\",\"link\":\"zweifel-oder-glaube\\\/ich-will-gott-erleben\",\"title\":\"Ich will Gott erleben\"}}]}]}]}],\"name\":\"Weiteres Angebot\"}],\"version\":\"4.3.5\"} --><\/p>\n","protected":false},"excerpt":{"rendered":"<p>\u201eMEIN GLAUBENSGEB\u00c4UDE ST\u00dcRZTE ZUSAMMEN\u201c Barbara Ich wuchs als einziges Kind katholischer Eltern auf einem Bauernhof im Allg\u00e4u auf. Am Sonntag gingen wir regelm\u00e4\u00dfig zur Kirche. Ich glaubte an Gott. Mit 21 heiratete ich, und wir \u00fcbernahmen den Hof meiner Eltern. Gott schenkte uns drei Kinder. Dann fing mein Mann mit dem Trinken an. Dadurch wurde [&hellip;]<\/p>\n","protected":false},"author":3,"featured_media":49,"parent":654,"menu_order":0,"comment_status":"closed","ping_status":"closed","template":"","meta":{"_acf_changed":false,"footnotes":""},"class_list":["post-2122","page","type-page","status-publish","has-post-thumbnail","hentry"],"acf":[],"_links":{"self":[{"href":"https:\/\/gotterfahren.info\/en\/wp-json\/wp\/v2\/pages\/2122","targetHints":{"allow":["GET"]}}],"collection":[{"href":"https:\/\/gotterfahren.info\/en\/wp-json\/wp\/v2\/pages"}],"about":[{"href":"https:\/\/gotterfahren.info\/en\/wp-json\/wp\/v2\/types\/page"}],"author":[{"embeddable":true,"href":"https:\/\/gotterfahren.info\/en\/wp-json\/wp\/v2\/users\/3"}],"replies":[{"embeddable":true,"href":"https:\/\/gotterfahren.info\/en\/wp-json\/wp\/v2\/comments?post=2122"}],"version-history":[{"count":0,"href":"https:\/\/gotterfahren.info\/en\/wp-json\/wp\/v2\/pages\/2122\/revisions"}],"up":[{"embeddable":true,"href":"https:\/\/gotterfahren.info\/en\/wp-json\/wp\/v2\/pages\/654"}],"wp:featuredmedia":[{"embeddable":true,"href":"https:\/\/gotterfahren.info\/en\/wp-json\/wp\/v2\/media\/49"}],"wp:attachment":[{"href":"https:\/\/gotterfahren.info\/en\/wp-json\/wp\/v2\/media?parent=2122"}],"curies":[{"name":"wp","href":"https:\/\/api.w.org\/{rel}","templated":true}]}}