{"id":2119,"date":"2021-06-14T13:04:10","date_gmt":"2021-06-14T13:04:10","guid":{"rendered":"https:\/\/alex.gotterfahren.info\/?page_id=2119"},"modified":"2025-12-01T22:47:40","modified_gmt":"2025-12-01T22:47:40","slug":"a-rehab-acquaintance-and-psalm-103","status":"publish","type":"page","link":"https:\/\/gotterfahren.info\/en\/gott-veraendert-leben\/ergreifende-lebensgeschichten\/eine-reha-bekanntschaft-und-psalm-103","title":{"rendered":"A rehab acquaintance and Psalm 103"},"content":{"rendered":"<h1>EINE REHA-BEKANNTSCHAFT UND PSALM 103<\/h1>\n<div>\n<div class=\"gotterfahren-mediaplayer-container\"><audio class=\"wp-audio-shortcode\" id=\"audio-2119-1\" preload=\"none\" style=\"width: 100%;\" controls=\"controls\"><source type=\"audio\/mpeg\" src=\"\/wp-content\/uploads\/2024\/03\/LG-15.mp3?_=1\" \/><a href=\"\/wp-content\/uploads\/2024\/03\/LG-15.mp3\">\/wp-content\/uploads\/2024\/03\/LG-15.mp3<\/a><\/audio><div class=\"media-download-button\"><a href=\"\/wp-content\/uploads\/2024\/03\/LG-15.mp3\" class=\"uk-icon-button\" uk-icon=\"icon: download; ratio: 1.2\" download><\/a><\/div><\/div><\/div>\n<div>\n<div class=\"wk-gallery wk-gallery-wall clearfix polaroid \" style=\"float: left; margin-top: -10px; margin-right: 15px; margin-bottom: 15px;\">\n<div>\n<p><img loading=\"lazy\" decoding=\"async\" class=\" size-full wp-image-6248\" src=\"\/wp-content\/uploads\/2021\/06\/gvl-gott-lebt-hans.jpg\" alt=\"Hans\" width=\"200\" height=\"150\" \/><\/p>\n<p class=\"title\">Hans<\/p>\n<\/div>\n<\/div>\n<p>Als ich vier war, lehrte mich meine Mutter, an Gott zu glauben und zu beten. Diesen Bezug zum Glauben habe ich nie verloren. Weil ich die Welt kennen lernen wollte, bewarb ich mich sp\u00e4ter als Ingenieursassistent bei der Seeschifffahrt. Meinen ersten Jahreswechsel an Bord hoffte ich im Hafen zu verbringen. Doch am Silvesternachmittag schickte uns die Agentur auf See. Wir liefen so eilig aus, dass sich keiner von uns vorher Lesestoff besorgen konnte.<\/p>\n<p>In meiner Kammer suchte ich die Verschalungen nach etwas Lesbarem ab. Tats\u00e4chlich fand ich ein kleines schwarzes B\u00fcchlein, das offenbar ein anderer Seemann dort verloren hatte: ein Neues Testament mit Psalmen! Ich war sprachlos und verstand meinen Fund als einen Wink Jesu. Sp\u00e4ter besorgte ich mir eine vollst\u00e4ndige Bibel. Die wurde zu meinem festen Begleiter. Nach 10 Jahren ging ich endg\u00fcltig an Land und verkaufte fortan Schiffs-Elektro-Installation.<\/p>\n<p>Beruflich war ich erfolgreich; schlie\u00dflich stieg ich ins Management meines Unternehmens auf. Es begann eine Zeit der Geselligkeit, doch meine Beziehung zu Jesus schw\u00e4chte sich ab. Und dann kam der Absturz: Ich verlor meine Familie und mein Haus; pl\u00f6tzlich war alles aus. Es blieben nur noch Schulden. Ein Bekannter, der zum Vorstand einer evangelischen Gemeinde geh\u00f6rte, besorgte mir einen Platz bei einer Klausurtagung f\u00fcr F\u00fchrungskr\u00e4fte des Marburger Kreises. Das ist eine Arbeitsgruppe engagierter Christen der verschiedensten Berufe und Konfessionen. Auf dieser Tagung erkannte ich, dass Jesus eine v\u00f6llige \u00dcbergabe von mir erwartete. Ich durfte loslassen. Und das tat ich dann auch. Ich \u00fcbergab Jesus mein Leben.<\/p>\n<p>Etwas sp\u00e4ter erlebte ich auf einer Reha-Ma\u00dfnahme mit, wie Menschen aus meinem Umfeld eine Dame mobbten und ihr den gemeinsamen Spaziergang verweigerten. Das forderte mich heraus. So lernte ich eine zierliche attraktive Dame kennen. Dass sie Adventistin war, bedeutete f\u00fcr mich damals nichts. Drau\u00dfen war eisiges Winterwetter. Wir gingen gemeinsam durch den Winterwald vor der T\u00fcr. Bei diesem einen Spaziergang blieb es nicht. Gern unterhielten wir uns \u00fcber die Bibel. Ich war verbl\u00fcfft \u00fcber ihr gro\u00dfes Wissen auf diesem Gebiet.<\/p>\n<p>Zu Weihnachten besuchte ich dann die nahe Dorfkirche. Dort traf ich sie wieder und setzte mich neben sie. Die Predigt handelte von Psalm 103. Meine Sitznachbarin weinte. Sie wusste nicht, ob sie je wieder ohne Hilfe werde gehen k\u00f6nnen. Ich betete f\u00fcr sie. Und wieder ging ein Jahr zu Ende. Ich ahnte nicht, was das neue bringen w\u00fcrde.<\/p>\n<p>Ein paar Tage sp\u00e4ter lud mich die Dame aus der Reha in ihre Gemeinde, die Adventgemeinde, ein. Ich hatte noch nie von Siebenten-Tags-Adventisten geh\u00f6rt. Die Jahresabschluss-Andacht handelte von Psalm 103. Seit der Klausurtagung des Marburger Kreises hatte ich noch nie eine so klare biblische Verk\u00fcndigung geh\u00f6rt. Spontan sagte ich \u2014 und zwar laut und vernehmlich: \u201eHier bleibe ich!\u201c<\/p>\n<p>Aufgrund meiner biblisch gepr\u00e4gten Vergangenheit konnte ich alles bejahen, was ich dann in den Predigten und Andachten h\u00f6rte. Aus Freude \u00fcber diese Erfahrung und aus Ehrfurcht vor dem g\u00f6ttlichen Wort nahm ich Taufunterricht beim \u00f6rtlichen Prediger und vollzog etwas sp\u00e4ter die Erwachsenentaufe.<\/p>\n<\/div>\n<ul>\n<li>\n<p><img decoding=\"async\" src=\"\/wp-content\/uploads\/2021\/03\/bzg-cta-hotline.jpg\" alt=\"\"><\/p>\n<h3>GLAUBENS- &#038; LEBENSHILFE<\/h3>\n<div>Du suchst ein vertrauensvolles Gespr\u00e4ch, Rat und Orientierung f\u00fcr dein Leben? Wir sind f\u00fcr dich da, t\u00e4glich 6-22 Uhr!<\/div>\n<p><a href=\"\/angebote\/glaubens-und-lebenshilfe-telefon\">Mehr erfahren<\/a><\/p>\n<\/li>\n<li>\n<p><img decoding=\"async\" src=\"\/wp-content\/uploads\/2021\/03\/bzg-cta-e.choach.jpg\" alt=\"\"><\/p>\n<h3>GOTT ERFAHREN E-COACH<\/h3>\n<div>Du hast Fragen zu Gott, der Bibel und dem Glauben? Schreibe uns! Dein pers\u00f6nlicher E-Coach beantwortet sie dir gerne.<\/div>\n<p><a href=\"\/angebote\/kontakt-mit-e-coach\">Mehr erfahren<\/a><\/p>\n<\/li>\n<\/ul>\n<h1>DAS K\u00d6NNTE DICH AUCH INTERESSIEREN<\/h1>\n<ul>\n<li>\n<p>        <img decoding=\"async\" src=\"\/wp-content\/uploads\/2021\/03\/bzg-interesse-stadt.jpg\" alt=\"\"><\/p>\n<h5>Was ist Lebenserfolg?<\/h5>\n<p><a href=\"\/beziehung-zu-gott\/was-ist-lebenserfolg\"><\/a><\/p>\n<\/li>\n<li>\n<p>        <img decoding=\"async\" src=\"\/wp-content\/uploads\/2021\/03\/bzg-interesse-bibel.jpg\" alt=\"\"><\/p>\n<h5>Was ist das Hauptanliegen der Bibel?<\/h5>\n<p><a href=\"\/beziehung-zu-gott\/was-ist-das-hauptanliegen-der-bibel\"><\/a><\/p>\n<\/li>\n<li>\n<p>        <img decoding=\"async\" src=\"\/wp-content\/uploads\/2021\/03\/bzg-interesse-herz.jpg\" alt=\"\"><\/p>\n<h5>Sinnbilder der Liebe Gottes<\/h5>\n<p><a href=\"\/wege-zum-ziel\/sinnbilder-der-liebe-gottes\"><\/a><\/p>\n<\/li>\n<li>\n<p>        <img decoding=\"async\" src=\"\/wp-content\/uploads\/2021\/03\/bzg-interesse-kreuz.jpg\" alt=\"\"><\/p>\n<h5>Jesus von Nazareth<\/h5>\n<p><a href=\"\/beziehung-zu-gott\/jesus-einzigartig-und-unvergleichlich\"><\/a><\/p>\n<\/li>\n<li>\n<p>        <img decoding=\"async\" src=\"\/wp-content\/uploads\/2021\/03\/bzg-interesse-taube.jpg\" alt=\"\"><\/p>\n<h5>Leben in der Kraft Gottes<\/h5>\n<p><a href=\"\/beziehung-zu-gott\/leben-in-der-kraft-gottes\"><\/a><\/p>\n<\/li>\n<li>\n<p>        <img decoding=\"async\" src=\"\/wp-content\/uploads\/2021\/03\/bzg-interesse-beten.jpg\" alt=\"\"><\/p>\n<h5>Ich will Gott erleben<\/h5>\n<p><a href=\"\/zweifel-oder-glaube\/ich-will-gott-erleben\"><\/a><\/p>\n<\/li>\n<\/ul>\n<p><!--more--><br \/>\n<!-- {\"name\":\"Gott lebt \\u2013 Lebensgeschichten Article\",\"type\":\"layout\",\"children\":[{\"type\":\"section\",\"props\":{\"class\":\"banner-normal\",\"image\":\"wp-content\\\/uploads\\\/2021\\\/03\\\/home-banner-05.jpeg\",\"image_position\":\"center-center\",\"image_size\":\"cover\",\"padding\":\"xlarge\",\"style\":\"default\",\"title_breakpoint\":\"xl\",\"title_position\":\"top-left\",\"title_rotation\":\"left\",\"vertical_align\":\"middle\",\"width\":\"\"},\"children\":[{\"type\":\"row\",\"children\":[{\"type\":\"column\",\"props\":{\"image_position\":\"center-center\",\"position_sticky_breakpoint\":\"m\"}}]}],\"name\":\"Banner\",\"modified\":\"2021-03-23T16:02:54.885Z\"},{\"type\":\"section\",\"props\":{\"image_position\":\"center-center\",\"padding_remove_top\":false,\"style\":\"default\",\"title_breakpoint\":\"xl\",\"title_position\":\"top-left\",\"title_rotation\":\"left\",\"vertical_align\":\"middle\",\"width\":\"default\"},\"children\":[{\"type\":\"row\",\"children\":[{\"type\":\"column\",\"props\":{\"image_position\":\"center-center\",\"position_sticky_breakpoint\":\"m\"},\"children\":[{\"type\":\"breadcrumbs\",\"props\":{\"home_text\":\"GOTT ERFAHREN\",\"show_current\":true,\"show_home\":true,\"visibility\":\"s\"}}]}]},{\"type\":\"row\",\"children\":[{\"type\":\"column\",\"props\":{\"image_position\":\"center-center\",\"position_sticky_breakpoint\":\"m\"},\"children\":[{\"type\":\"headline\",\"props\":{\"content\":\"EINE REHA-BEKANNTSCHAFT UND PSALM 103\",\"margin_remove_bottom\":true,\"title_element\":\"h1\",\"title_style\":\"h1\"}}]}],\"props\":{\"margin\":\"default\"}},{\"type\":\"row\",\"children\":[{\"type\":\"column\",\"props\":{\"image_position\":\"center-center\",\"position_sticky_breakpoint\":\"m\"},\"children\":[{\"type\":\"html\",\"props\":{\"content\":\"[audio mp3=\\\"\\\/wp-content\\\/uploads\\\/2024\\\/03\\\/LG-15.mp3\\\"][\\\/audio]\"},\"name\":\"Audio (DE)\"}]}],\"props\":{\"class\":\"de-only\",\"margin\":\"default\"}},{\"type\":\"row\",\"children\":[{\"type\":\"column\",\"props\":{\"image_position\":\"center-center\",\"position_sticky_breakpoint\":\"m\"},\"children\":[{\"type\":\"html\",\"props\":{\"content\":\"\n\n<div class=\\\"wk-gallery wk-gallery-wall clearfix polaroid \\\" style=\\\"float: left; margin-top: -10px; margin-right: 15px; margin-bottom: 15px;\\\">\\n\n\n<div>\\n\\n<img class=\\\" size-full wp-image-6248\\\" src=\\\"wp-content\\\/uploads\\\/2021\\\/06\\\/gvl-gott-lebt-hans.jpg\\\" alt=\\\"Hans\\\" width=\\\"200\\\" height=\\\"150\\\" \\\/>\\n\n\n<p class=\\\"title\\\">Hans<\\\/p>\\n\\n<\\\/div>\\n<\\\/div>\\n\n\n<p>Als ich vier war, lehrte mich meine Mutter, an Gott zu glauben und zu beten. Diesen Bezug zum Glauben habe ich nie verloren. Weil ich die Welt kennen lernen wollte, bewarb ich mich sp\\u00e4ter als Ingenieursassistent bei der Seeschifffahrt. Meinen ersten Jahreswechsel an Bord hoffte ich im Hafen zu verbringen. Doch am Silvesternachmittag schickte uns die Agentur auf See. Wir liefen so eilig aus, dass sich keiner von uns vorher Lesestoff besorgen konnte.<\\\/p>\\n\\n\n\n<p>In meiner Kammer suchte ich die Verschalungen nach etwas Lesbarem ab. Tats\\u00e4chlich fand ich ein kleines schwarzes B\\u00fcchlein, das offenbar ein anderer Seemann dort verloren hatte: ein Neues Testament mit Psalmen! Ich war sprachlos und verstand meinen Fund als einen Wink Jesu. Sp\\u00e4ter besorgte ich mir eine vollst\\u00e4ndige Bibel. Die wurde zu meinem festen Begleiter. Nach 10 Jahren ging ich endg\\u00fcltig an Land und verkaufte fortan Schiffs-Elektro-Installation.<\\\/p>\\n\\n\n\n<p>Beruflich war ich erfolgreich; schlie\\u00dflich stieg ich ins Management meines Unternehmens auf. Es begann eine Zeit der Geselligkeit, doch meine Beziehung zu Jesus schw\\u00e4chte sich ab. Und dann kam der Absturz: Ich verlor meine Familie und mein Haus; pl\\u00f6tzlich war alles aus. Es blieben nur noch Schulden. Ein Bekannter, der zum Vorstand einer evangelischen Gemeinde geh\\u00f6rte, besorgte mir einen Platz bei einer Klausurtagung f\\u00fcr F\\u00fchrungskr\\u00e4fte des Marburger Kreises. Das ist eine Arbeitsgruppe engagierter Christen der verschiedensten Berufe und Konfessionen. Auf dieser Tagung erkannte ich, dass Jesus eine v\\u00f6llige \\u00dcbergabe von mir erwartete. Ich durfte loslassen. Und das tat ich dann auch. Ich \\u00fcbergab Jesus mein Leben.<\\\/p>\\n\\n\n\n<p>Etwas sp\\u00e4ter erlebte ich auf einer Reha-Ma\\u00dfnahme mit, wie Menschen aus meinem Umfeld eine Dame mobbten und ihr den gemeinsamen Spaziergang verweigerten. Das forderte mich heraus. So lernte ich eine zierliche attraktive Dame kennen. Dass sie Adventistin war, bedeutete f\\u00fcr mich damals nichts. Drau\\u00dfen war eisiges Winterwetter. Wir gingen gemeinsam durch den Winterwald vor der T\\u00fcr. Bei diesem einen Spaziergang blieb es nicht. Gern unterhielten wir uns \\u00fcber die Bibel. Ich war verbl\\u00fcfft \\u00fcber ihr gro\\u00dfes Wissen auf diesem Gebiet.<\\\/p>\\n\\n\n\n<p>Zu Weihnachten besuchte ich dann die nahe Dorfkirche. Dort traf ich sie wieder und setzte mich neben sie. Die Predigt handelte von Psalm 103. Meine Sitznachbarin weinte. Sie wusste nicht, ob sie je wieder ohne Hilfe werde gehen k\\u00f6nnen. Ich betete f\\u00fcr sie. Und wieder ging ein Jahr zu Ende. Ich ahnte nicht, was das neue bringen w\\u00fcrde.<\\\/p>\\n\\n\n\n<p>Ein paar Tage sp\\u00e4ter lud mich die Dame aus der Reha in ihre Gemeinde, die Adventgemeinde, ein. Ich hatte noch nie von Siebenten-Tags-Adventisten geh\\u00f6rt. Die Jahresabschluss-Andacht handelte von Psalm 103. Seit der Klausurtagung des Marburger Kreises hatte ich noch nie eine so klare biblische Verk\\u00fcndigung geh\\u00f6rt. Spontan sagte ich \\u2014 und zwar laut und vernehmlich: \\u201eHier bleibe ich!\\u201c<\\\/p>\\n\\n\n\n<p>Aufgrund meiner biblisch gepr\\u00e4gten Vergangenheit konnte ich alles bejahen, was ich dann in den Predigten und Andachten h\\u00f6rte. Aus Freude \\u00fcber diese Erfahrung und aus Ehrfurcht vor dem g\\u00f6ttlichen Wort nahm ich Taufunterricht beim \\u00f6rtlichen Prediger und vollzog etwas sp\\u00e4ter die Erwachsenentaufe.<\\\/p>\"}}]}],\"props\":{\"class\":\"article-leben\",\"margin\":\"default\"}}],\"name\":\"Inhalt\"},{\"type\":\"section\",\"props\":{\"class\":\"de-only\",\"image_position\":\"center-center\",\"style\":\"default\",\"title_breakpoint\":\"xl\",\"title_position\":\"top-left\",\"title_rotation\":\"left\",\"vertical_align\":\"middle\",\"width\":\"small\"},\"children\":[{\"type\":\"row\",\"children\":[{\"type\":\"column\",\"props\":{\"image_position\":\"center-center\",\"position_sticky_breakpoint\":\"m\"},\"children\":[{\"type\":\"grid\",\"props\":{\"content_column_breakpoint\":\"m\",\"filter_align\":\"left\",\"filter_all\":true,\"filter_grid_breakpoint\":\"m\",\"filter_grid_width\":\"auto\",\"filter_position\":\"top\",\"filter_style\":\"tab\",\"grid_default\":\"1\",\"grid_medium\":\"2\",\"grid_small\":\"2\",\"icon_width\":80,\"image_align\":\"top\",\"image_grid_breakpoint\":\"m\",\"image_grid_width\":\"1-2\",\"image_svg_color\":\"emphasis\",\"item_animation\":true,\"link_style\":\"secondary\",\"link_text\":\"Mehr erfahren\",\"margin\":\"default\",\"meta_align\":\"below-title\",\"meta_element\":\"div\",\"meta_style\":\"text-meta\",\"panel_image_no_padding\":true,\"panel_link\":true,\"panel_padding\":\"default\",\"panel_style\":\"card-default\",\"parallax_easing\":\"1\",\"show_content\":true,\"show_image\":true,\"show_link\":true,\"show_meta\":true,\"show_title\":true,\"title_align\":\"top\",\"title_color\":\"emphasis\",\"title_element\":\"h3\",\"title_grid_breakpoint\":\"m\",\"title_grid_width\":\"1-2\",\"title_hover_style\":\"reset\",\"title_style\":\"h3\"},\"children\":[{\"type\":\"grid_item\",\"props\":{\"content\":\"Du suchst ein vertrauensvolles Gespr\\u00e4ch, Rat und Orientierung f\\u00fcr dein Leben? Wir sind f\\u00fcr dich da, t\\u00e4glich 6-22 Uhr!\",\"image\":\"wp-content\\\/uploads\\\/2021\\\/03\\\/bzg-cta-hotline.jpg\",\"link\":\"angebote\\\/glaubens-und-lebenshilfe-telefon\",\"panel_style\":\"card-default\",\"title\":\"GLAUBENS- & LEBENSHILFE\"}},{\"type\":\"grid_item\",\"props\":{\"content\":\"Du hast Fragen zu Gott, der Bibel und dem Glauben? Schreibe uns! Dein pers\\u00f6nlicher E-Coach beantwortet sie dir gerne.\",\"image\":\"wp-content\\\/uploads\\\/2021\\\/03\\\/bzg-cta-e.choach.jpg\",\"link\":\"angebote\\\/kontakt-mit-e-coach\",\"panel_style\":\"card-default\",\"title\":\"GOTT ERFAHREN E-COACH\"}}]}]}]}],\"name\":\"Call to Action\"},{\"type\":\"section\",\"props\":{\"image_position\":\"center-center\",\"style\":\"default\",\"title_breakpoint\":\"xl\",\"title_position\":\"top-left\",\"title_rotation\":\"left\",\"vertical_align\":\"middle\",\"width\":\"default\"},\"children\":[{\"type\":\"row\",\"children\":[{\"type\":\"column\",\"props\":{\"image_position\":\"center-center\",\"position_sticky_breakpoint\":\"m\"},\"children\":[{\"type\":\"headline\",\"props\":{\"content\":\"DAS K\\u00d6NNTE DICH AUCH INTERESSIEREN\",\"text_align\":\"center\",\"title_element\":\"h1\",\"title_style\":\"h3\"}},{\"type\":\"gallery\",\"props\":{\"filter_align\":\"left\",\"filter_all\":true,\"filter_grid_breakpoint\":\"m\",\"filter_grid_width\":\"auto\",\"filter_position\":\"top\",\"filter_style\":\"tab\",\"grid_column_gap\":\"small\",\"grid_default\":\"1\",\"grid_medium\":\"3\",\"grid_row_gap\":\"small\",\"grid_small\":\"2\",\"image_hover_box_shadow\":\"small\",\"image_orientation\":false,\"image_transition\":\"scale-up\",\"item_animation\":true,\"link_style\":\"text\",\"link_text\":\"\",\"margin\":\"default\",\"meta_align\":\"below-title\",\"meta_element\":\"div\",\"meta_style\":\"text-meta\",\"overlay_hover\":false,\"overlay_link\":true,\"overlay_mode\":\"cover\",\"overlay_position\":\"center\",\"overlay_style\":\"overlay-primary\",\"overlay_transition\":\"fade\",\"parallax_easing\":\"1\",\"show_content\":false,\"show_hover_image\":true,\"show_link\":true,\"show_meta\":false,\"show_title\":true,\"text_align\":\"center\",\"text_color\":\"light\",\"title_element\":\"h5\",\"title_hover_style\":\"reset\",\"title_style\":\"h5\"},\"children\":[{\"type\":\"gallery_item\",\"props\":{\"image\":\"wp-content\\\/uploads\\\/2021\\\/03\\\/bzg-interesse-stadt.jpg\",\"link\":\"beziehung-zu-gott\\\/was-ist-lebenserfolg\",\"title\":\"Was ist Lebenserfolg?\"}},{\"type\":\"gallery_item\",\"props\":{\"image\":\"wp-content\\\/uploads\\\/2021\\\/03\\\/bzg-interesse-bibel.jpg\",\"link\":\"beziehung-zu-gott\\\/was-ist-das-hauptanliegen-der-bibel\",\"title\":\"Was ist das Hauptanliegen der Bibel?\"}},{\"type\":\"gallery_item\",\"props\":{\"image\":\"wp-content\\\/uploads\\\/2021\\\/03\\\/bzg-interesse-herz.jpg\",\"link\":\"wege-zum-ziel\\\/sinnbilder-der-liebe-gottes\",\"title\":\"Sinnbilder der Liebe Gottes\"}},{\"type\":\"gallery_item\",\"props\":{\"image\":\"wp-content\\\/uploads\\\/2021\\\/03\\\/bzg-interesse-kreuz.jpg\",\"link\":\"beziehung-zu-gott\\\/jesus-einzigartig-und-unvergleichlich\",\"title\":\"Jesus von Nazareth\"}},{\"type\":\"gallery_item\",\"props\":{\"image\":\"wp-content\\\/uploads\\\/2021\\\/03\\\/bzg-interesse-taube.jpg\",\"link\":\"beziehung-zu-gott\\\/leben-in-der-kraft-gottes\",\"title\":\"Leben in der Kraft Gottes\"}},{\"type\":\"gallery_item\",\"props\":{\"image\":\"wp-content\\\/uploads\\\/2021\\\/03\\\/bzg-interesse-beten.jpg\",\"link\":\"zweifel-oder-glaube\\\/ich-will-gott-erleben\",\"title\":\"Ich will Gott erleben\"}}]}]}]}],\"name\":\"Weiteres Angebot\"}],\"version\":\"4.3.5\"} --><\/p>\n","protected":false},"excerpt":{"rendered":"<p>EINE REHA-BEKANNTSCHAFT UND PSALM 103 Hans Als ich vier war, lehrte mich meine Mutter, an Gott zu glauben und zu beten. Diesen Bezug zum Glauben habe ich nie verloren. Weil ich die Welt kennen lernen wollte, bewarb ich mich sp\u00e4ter als Ingenieursassistent bei der Seeschifffahrt. Meinen ersten Jahreswechsel an Bord hoffte ich im Hafen zu [&hellip;]<\/p>\n","protected":false},"author":3,"featured_media":49,"parent":654,"menu_order":0,"comment_status":"closed","ping_status":"closed","template":"","meta":{"_acf_changed":false,"footnotes":""},"class_list":["post-2119","page","type-page","status-publish","has-post-thumbnail","hentry"],"acf":[],"_links":{"self":[{"href":"https:\/\/gotterfahren.info\/en\/wp-json\/wp\/v2\/pages\/2119","targetHints":{"allow":["GET"]}}],"collection":[{"href":"https:\/\/gotterfahren.info\/en\/wp-json\/wp\/v2\/pages"}],"about":[{"href":"https:\/\/gotterfahren.info\/en\/wp-json\/wp\/v2\/types\/page"}],"author":[{"embeddable":true,"href":"https:\/\/gotterfahren.info\/en\/wp-json\/wp\/v2\/users\/3"}],"replies":[{"embeddable":true,"href":"https:\/\/gotterfahren.info\/en\/wp-json\/wp\/v2\/comments?post=2119"}],"version-history":[{"count":0,"href":"https:\/\/gotterfahren.info\/en\/wp-json\/wp\/v2\/pages\/2119\/revisions"}],"up":[{"embeddable":true,"href":"https:\/\/gotterfahren.info\/en\/wp-json\/wp\/v2\/pages\/654"}],"wp:featuredmedia":[{"embeddable":true,"href":"https:\/\/gotterfahren.info\/en\/wp-json\/wp\/v2\/media\/49"}],"wp:attachment":[{"href":"https:\/\/gotterfahren.info\/en\/wp-json\/wp\/v2\/media?parent=2119"}],"curies":[{"name":"wp","href":"https:\/\/api.w.org\/{rel}","templated":true}]}}