{"id":2110,"date":"2021-06-14T12:59:19","date_gmt":"2021-06-14T12:59:19","guid":{"rendered":"https:\/\/alex.gotterfahren.info\/?page_id=2110"},"modified":"2025-12-01T22:46:03","modified_gmt":"2025-12-01T22:46:03","slug":"should-grandmother-really-be-in-purgatory","status":"publish","type":"page","link":"https:\/\/gotterfahren.info\/en\/gott-veraendert-leben\/ergreifende-lebensgeschichten\/sollte-grossmutter-wirklich-im-fegefeuer-sein","title":{"rendered":"\u201eShould Grandma really be in purgatory?\u201d"},"content":{"rendered":"<h1>\u201eSOLLTE GROSSMUTTER WIRKLICH IM FEGEFEUER SEIN?\u201d<\/h1>\n<div>\n<div class=\"gotterfahren-mediaplayer-container\"><audio class=\"wp-audio-shortcode\" id=\"audio-2110-1\" preload=\"none\" style=\"width: 100%;\" controls=\"controls\"><source type=\"audio\/mpeg\" src=\"\/wp-content\/uploads\/2024\/03\/LG-13.mp3?_=1\" \/><a href=\"\/wp-content\/uploads\/2024\/03\/LG-13.mp3\">\/wp-content\/uploads\/2024\/03\/LG-13.mp3<\/a><\/audio><div class=\"media-download-button\"><a href=\"\/wp-content\/uploads\/2024\/03\/LG-13.mp3\" class=\"uk-icon-button\" uk-icon=\"icon: download; ratio: 1.2\" download><\/a><\/div><\/div><\/div>\n<div>\n<div class=\"wk-gallery wk-gallery-wall clearfix polaroid \" style=\"float: left; margin-top: -10px; margin-right: 15px; margin-bottom: 15px;\">\n<div>\n<p><img loading=\"lazy\" decoding=\"async\" class=\" size-full wp-image-6246\" src=\"\/wp-content\/uploads\/2021\/06\/gvl-gott-lebt-horst.jpg\" alt=\"Horst\" width=\"200\" height=\"150\" \/><\/p>\n<p class=\"title\">Horst<\/p>\n<\/div>\n<\/div>\n<p>Im Jahr 1958 legte mir meine Mutter das Buch <em>Der Weg zur Lebensreife<\/em> von Ellen White liebevoll auf den Konfirmationstisch. Leider fand das Buch damals noch nicht die gew\u00fcnschte Resonanz. Ich legte es beiseite. Es war die Zeit, in der sich \u201erichtige&#8220; Jungen lieber Abenteuerromane untereinander austauschten.<\/p>\n<p>Doch der Rat meines Elternhauses, Gott zu suchen, begleitete mich zeitlebens. Hatten wir doch als Familie unsere Schwierigkeiten immer wieder unter Gebet bew\u00e4ltigt: Die Flucht aus dem Sudetenland, eine atheistische Erziehung in der DDR sowie die kriegsbedingte Trennung und sp\u00e4tere Zusammenf\u00fchrung der Familie. So versuchte auch ich, mich an Gott zu halten \u2014 etwa durch eine Mitgliedschaft im CVJM (Christlicher Verein Junger Menschen).<\/p>\n<p>Eine Ausbildung zum Berufsberater im Arbeitsamt Kassel brachte mich immer wieder mit Menschen zusammen.<\/p>\n<p>Doch je mehr ich in die Wechself\u00e4lle des Lebens hineinschaute, desto mehr Fragen hatte ich. Sie verst\u00e4rkten sich noch, als ich in meinem Wehrdienst bei der Marine mit der harten Wirklichkeit des Lebens konfrontiert wurde.<\/p>\n<p>Sp\u00e4ter musste ich in einem Fall \u2014inzwischen war ich ans Arbeitsamt Darmstadt versetzt worden \u2014 einem Klienten eine Auskunft \u00fcber eine Fernschule geben. In einem Verzeichnis fand ich die Adresse. Zugleich stie\u00df ich aber auch auf eine Information f\u00fcr mich pers\u00f6nlich: Bibelfernunterricht, \u201eStimme der Hoffnung&#8220;, Darmstadt. Da wollte ich mitmachen. Ich gab mir also als Berufsberater selbst einen guten Rat. Oder waren Engel im Spiel? Es entwickelte sich eine \u00fcber zwei Jahre gehende Bibelkorrespondenz, die allerdings durch Erinnerungsbriefe im Fluss gehalten wurde: \u201eHerr Eichler, machen sie doch bitte weiter!&#8220; Das war eine gute Grundlage f\u00fcr meinen Glauben.<\/p>\n<p>1973\/74 machte Gott dann offenbar ernst mit mir. Zu jener Zeit musste ich mich einer schmerzhaften Operation unterziehen und f\u00fcr Monate beruflich pausieren. Hinzu kamen qu\u00e4lende Fragen \u00fcber einen lieben verstorbenen Menschen, n\u00e4mlich meine Gro\u00dfmutter. Sie hatte mich auf der Flucht im Krieg auf dem R\u00fccken getragen. Sollte sie jetzt wirklich im Fegefeuer leiden, wie uns das der Priester am Grab gesagt hatte? Dank der guten Nachbetreuung in der Bibelkorrespondenz erhielt ich in dieser Zeit eine Einladung zu einer Evangelisation \u00fcber aktuelle prophetische Fragen. Es ging u.a. um den Nahen Osten. Die Vortr\u00e4ge waren interessant. Deshalb stimmte ich den anschlie\u00dfenden Bibelstunden mit dem Redner gern zu. Das erste Gespr\u00e4ch brachte Klarheit \u00fcber die Frage des Sterbens und was danach kommt. Ich vertraute darauf, dass wir auch im Gericht einen guten Gott haben.<\/p>\n<p>In einer sp\u00e4teren Langzeitevangelisation mit Kurt Hasel baute Gott weiter an meinem Glaubensfundament. Ich besuchte die meisten der 80 Abende. In einem \u00dcbergabegespr\u00e4ch warf ich dann unter Tr\u00e4nen alles Ger\u00fcmpel an Esoterik und verkehrtem Leben \u00fcber Bord. Es war der Tag einer gl\u00fccklichen Wiedergeburt unter dem Zeichen: \u201eIch lebe, und ihr sollt auch leben!&#8220; (Joh. 14,19) Sp\u00e4ter, im Predigerstudium auf der Marienh\u00f6he, begegnete mir mein Konfirmationsbuch wieder. Das war im Fach Erziehung. H\u00e4tte ich es fr\u00fcher gelesen, w\u00e4re mir wohl so mancher Umweg im Leben erspart geblieben. Gl\u00fccklicherweise haben wir einen geduldigen Gott.<\/p>\n<\/div>\n<ul>\n<li>\n<p><img decoding=\"async\" src=\"\/wp-content\/uploads\/2021\/03\/bzg-cta-hotline.jpg\" alt=\"\"><\/p>\n<h3>GLAUBENS- &#038; LEBENSHILFE<\/h3>\n<div>Du suchst ein vertrauensvolles Gespr\u00e4ch, Rat und Orientierung f\u00fcr dein Leben? Wir sind f\u00fcr dich da, t\u00e4glich 6-22 Uhr!<\/div>\n<p><a href=\"\/angebote\/glaubens-und-lebenshilfe-telefon\">Mehr erfahren<\/a><\/p>\n<\/li>\n<li>\n<p><img decoding=\"async\" src=\"\/wp-content\/uploads\/2021\/03\/bzg-cta-e.choach.jpg\" alt=\"\"><\/p>\n<h3>GOTT ERFAHREN E-COACH<\/h3>\n<div>Du hast Fragen zu Gott, der Bibel und dem Glauben? Schreibe uns! Dein pers\u00f6nlicher E-Coach beantwortet sie dir gerne.<\/div>\n<p><a href=\"\/angebote\/kontakt-mit-e-coach\">Mehr erfahren<\/a><\/p>\n<\/li>\n<\/ul>\n<h1>DAS K\u00d6NNTE DICH AUCH INTERESSIEREN<\/h1>\n<ul>\n<li>\n<p>        <img decoding=\"async\" src=\"\/wp-content\/uploads\/2021\/03\/bzg-interesse-stadt.jpg\" alt=\"\"><\/p>\n<h5>Was ist Lebenserfolg?<\/h5>\n<p><a href=\"\/beziehung-zu-gott\/was-ist-lebenserfolg\"><\/a><\/p>\n<\/li>\n<li>\n<p>        <img decoding=\"async\" src=\"\/wp-content\/uploads\/2021\/03\/bzg-interesse-bibel.jpg\" alt=\"\"><\/p>\n<h5>Was ist das Hauptanliegen der Bibel?<\/h5>\n<p><a href=\"\/beziehung-zu-gott\/was-ist-das-hauptanliegen-der-bibel\"><\/a><\/p>\n<\/li>\n<li>\n<p>        <img decoding=\"async\" src=\"\/wp-content\/uploads\/2021\/03\/bzg-interesse-herz.jpg\" alt=\"\"><\/p>\n<h5>Sinnbilder der Liebe Gottes<\/h5>\n<p><a href=\"\/wege-zum-ziel\/sinnbilder-der-liebe-gottes\"><\/a><\/p>\n<\/li>\n<li>\n<p>        <img decoding=\"async\" src=\"\/wp-content\/uploads\/2021\/03\/bzg-interesse-kreuz.jpg\" alt=\"\"><\/p>\n<h5>Jesus von Nazareth<\/h5>\n<p><a href=\"\/beziehung-zu-gott\/jesus-einzigartig-und-unvergleichlich\"><\/a><\/p>\n<\/li>\n<li>\n<p>        <img decoding=\"async\" src=\"\/wp-content\/uploads\/2021\/03\/bzg-interesse-taube.jpg\" alt=\"\"><\/p>\n<h5>Leben in der Kraft Gottes<\/h5>\n<p><a href=\"\/beziehung-zu-gott\/leben-in-der-kraft-gottes\"><\/a><\/p>\n<\/li>\n<li>\n<p>        <img decoding=\"async\" src=\"\/wp-content\/uploads\/2021\/03\/bzg-interesse-beten.jpg\" alt=\"\"><\/p>\n<h5>Ich will Gott erleben<\/h5>\n<p><a href=\"\/zweifel-oder-glaube\/ich-will-gott-erleben\"><\/a><\/p>\n<\/li>\n<\/ul>\n<p><!--more--><br \/>\n<!-- {\"name\":\"Gott lebt \\u2013 Lebensgeschichten Article\",\"type\":\"layout\",\"children\":[{\"type\":\"section\",\"props\":{\"class\":\"banner-normal\",\"image\":\"wp-content\\\/uploads\\\/2021\\\/03\\\/home-banner-05.jpeg\",\"image_position\":\"center-center\",\"image_size\":\"cover\",\"padding\":\"xlarge\",\"style\":\"default\",\"title_breakpoint\":\"xl\",\"title_position\":\"top-left\",\"title_rotation\":\"left\",\"vertical_align\":\"middle\",\"width\":\"\"},\"children\":[{\"type\":\"row\",\"children\":[{\"type\":\"column\",\"props\":{\"image_position\":\"center-center\",\"position_sticky_breakpoint\":\"m\"}}]}],\"name\":\"Banner\",\"modified\":\"2021-03-23T16:02:54.885Z\"},{\"type\":\"section\",\"props\":{\"image_position\":\"center-center\",\"padding_remove_top\":false,\"style\":\"default\",\"title_breakpoint\":\"xl\",\"title_position\":\"top-left\",\"title_rotation\":\"left\",\"vertical_align\":\"middle\",\"width\":\"default\"},\"children\":[{\"type\":\"row\",\"children\":[{\"type\":\"column\",\"props\":{\"image_position\":\"center-center\",\"position_sticky_breakpoint\":\"m\"},\"children\":[{\"type\":\"breadcrumbs\",\"props\":{\"home_text\":\"GOTT ERFAHREN\",\"show_current\":true,\"show_home\":true,\"visibility\":\"s\"}}]}]},{\"type\":\"row\",\"children\":[{\"type\":\"column\",\"props\":{\"image_position\":\"center-center\",\"position_sticky_breakpoint\":\"m\"},\"children\":[{\"type\":\"headline\",\"props\":{\"content\":\"\\u201eSOLLTE GROSSMUTTER WIRKLICH IM FEGEFEUER SEIN?\\u201d\",\"margin_remove_bottom\":true,\"title_element\":\"h1\",\"title_style\":\"h1\"}}]}],\"props\":{\"margin\":\"default\"}},{\"type\":\"row\",\"children\":[{\"type\":\"column\",\"props\":{\"image_position\":\"center-center\",\"position_sticky_breakpoint\":\"m\"},\"children\":[{\"type\":\"html\",\"props\":{\"content\":\"[audio mp3=\\\"\\\/wp-content\\\/uploads\\\/2024\\\/03\\\/LG-13.mp3\\\"][\\\/audio]\"},\"name\":\"Audio (DE)\"}]}],\"props\":{\"class\":\"de-only\",\"margin\":\"default\"}},{\"type\":\"row\",\"children\":[{\"type\":\"column\",\"props\":{\"image_position\":\"center-center\",\"position_sticky_breakpoint\":\"m\"},\"children\":[{\"type\":\"html\",\"props\":{\"content\":\"\n\n<div class=\\\"wk-gallery wk-gallery-wall clearfix polaroid \\\" style=\\\"float: left; margin-top: -10px; margin-right: 15px; margin-bottom: 15px;\\\">\\n\n\n<div>\\n\\n<img class=\\\" size-full wp-image-6246\\\" src=\\\"wp-content\\\/uploads\\\/2021\\\/06\\\/gvl-gott-lebt-horst.jpg\\\" alt=\\\"Horst\\\" width=\\\"200\\\" height=\\\"150\\\" \\\/>\\n\n\n<p class=\\\"title\\\">Horst<\\\/p>\\n\\n<\\\/div>\\n<\\\/div>\\n\n\n<p>Im Jahr 1958 legte mir meine Mutter das Buch <em>Der Weg zur Lebensreife<\\\/em> von Ellen White liebevoll auf den Konfirmationstisch. Leider fand das Buch damals noch nicht die gew\\u00fcnschte Resonanz. Ich legte es beiseite. Es war die Zeit, in der sich \\u201erichtige\\\" Jungen lieber Abenteuerromane untereinander austauschten.<\\\/p>\\n\\n\n\n<p>Doch der Rat meines Elternhauses, Gott zu suchen, begleitete mich zeitlebens. Hatten wir doch als Familie unsere Schwierigkeiten immer wieder unter Gebet bew\\u00e4ltigt: Die Flucht aus dem Sudetenland, eine atheistische Erziehung in der DDR sowie die kriegsbedingte Trennung und sp\\u00e4tere Zusammenf\\u00fchrung der Familie. So versuchte auch ich, mich an Gott zu halten \\u2014 etwa durch eine Mitgliedschaft im CVJM (Christlicher Verein Junger Menschen).<\\\/p>\\n\\n\n\n<p>Eine Ausbildung zum Berufsberater im Arbeitsamt Kassel brachte mich immer wieder mit Menschen zusammen.<\\\/p>\\n\\n\n\n<p>Doch je mehr ich in die Wechself\\u00e4lle des Lebens hineinschaute, desto mehr Fragen hatte ich. Sie verst\\u00e4rkten sich noch, als ich in meinem Wehrdienst bei der Marine mit der harten Wirklichkeit des Lebens konfrontiert wurde.<\\\/p>\\n\\n\n\n<p>Sp\\u00e4ter musste ich in einem Fall \\u2014inzwischen war ich ans Arbeitsamt Darmstadt versetzt worden \\u2014 einem Klienten eine Auskunft \\u00fcber eine Fernschule geben. In einem Verzeichnis fand ich die Adresse. Zugleich stie\\u00df ich aber auch auf eine Information f\\u00fcr mich pers\\u00f6nlich: Bibelfernunterricht, \\u201eStimme der Hoffnung\\\", Darmstadt. Da wollte ich mitmachen. Ich gab mir also als Berufsberater selbst einen guten Rat. Oder waren Engel im Spiel? Es entwickelte sich eine \\u00fcber zwei Jahre gehende Bibelkorrespondenz, die allerdings durch Erinnerungsbriefe im Fluss gehalten wurde: \\u201eHerr Eichler, machen sie doch bitte weiter!\\\" Das war eine gute Grundlage f\\u00fcr meinen Glauben.<\\\/p>\\n\\n\n\n<p>1973\\\/74 machte Gott dann offenbar ernst mit mir. Zu jener Zeit musste ich mich einer schmerzhaften Operation unterziehen und f\\u00fcr Monate beruflich pausieren. Hinzu kamen qu\\u00e4lende Fragen \\u00fcber einen lieben verstorbenen Menschen, n\\u00e4mlich meine Gro\\u00dfmutter. Sie hatte mich auf der Flucht im Krieg auf dem R\\u00fccken getragen. Sollte sie jetzt wirklich im Fegefeuer leiden, wie uns das der Priester am Grab gesagt hatte? Dank der guten Nachbetreuung in der Bibelkorrespondenz erhielt ich in dieser Zeit eine Einladung zu einer Evangelisation \\u00fcber aktuelle prophetische Fragen. Es ging u.a. um den Nahen Osten. Die Vortr\\u00e4ge waren interessant. Deshalb stimmte ich den anschlie\\u00dfenden Bibelstunden mit dem Redner gern zu. Das erste Gespr\\u00e4ch brachte Klarheit \\u00fcber die Frage des Sterbens und was danach kommt. Ich vertraute darauf, dass wir auch im Gericht einen guten Gott haben.<\\\/p>\\n\\n\n\n<p>In einer sp\\u00e4teren Langzeitevangelisation mit Kurt Hasel baute Gott weiter an meinem Glaubensfundament. Ich besuchte die meisten der 80 Abende. In einem \\u00dcbergabegespr\\u00e4ch warf ich dann unter Tr\\u00e4nen alles Ger\\u00fcmpel an Esoterik und verkehrtem Leben \\u00fcber Bord. Es war der Tag einer gl\\u00fccklichen Wiedergeburt unter dem Zeichen: \\u201eIch lebe, und ihr sollt auch leben!\\\" (Joh. 14,19) Sp\\u00e4ter, im Predigerstudium auf der Marienh\\u00f6he, begegnete mir mein Konfirmationsbuch wieder. Das war im Fach Erziehung. H\\u00e4tte ich es fr\\u00fcher gelesen, w\\u00e4re mir wohl so mancher Umweg im Leben erspart geblieben. Gl\\u00fccklicherweise haben wir einen geduldigen Gott.<\\\/p>\"}}]}],\"props\":{\"class\":\"article-leben\",\"margin\":\"default\"}}],\"name\":\"Inhalt\"},{\"type\":\"section\",\"props\":{\"class\":\"de-only\",\"image_position\":\"center-center\",\"style\":\"default\",\"title_breakpoint\":\"xl\",\"title_position\":\"top-left\",\"title_rotation\":\"left\",\"vertical_align\":\"middle\",\"width\":\"small\"},\"children\":[{\"type\":\"row\",\"children\":[{\"type\":\"column\",\"props\":{\"image_position\":\"center-center\",\"position_sticky_breakpoint\":\"m\"},\"children\":[{\"type\":\"grid\",\"props\":{\"content_column_breakpoint\":\"m\",\"filter_align\":\"left\",\"filter_all\":true,\"filter_grid_breakpoint\":\"m\",\"filter_grid_width\":\"auto\",\"filter_position\":\"top\",\"filter_style\":\"tab\",\"grid_default\":\"1\",\"grid_medium\":\"2\",\"grid_small\":\"2\",\"icon_width\":80,\"image_align\":\"top\",\"image_grid_breakpoint\":\"m\",\"image_grid_width\":\"1-2\",\"image_svg_color\":\"emphasis\",\"item_animation\":true,\"link_style\":\"secondary\",\"link_text\":\"Mehr erfahren\",\"margin\":\"default\",\"meta_align\":\"below-title\",\"meta_element\":\"div\",\"meta_style\":\"text-meta\",\"panel_image_no_padding\":true,\"panel_link\":true,\"panel_padding\":\"default\",\"panel_style\":\"card-default\",\"parallax_easing\":\"1\",\"show_content\":true,\"show_image\":true,\"show_link\":true,\"show_meta\":true,\"show_title\":true,\"title_align\":\"top\",\"title_color\":\"emphasis\",\"title_element\":\"h3\",\"title_grid_breakpoint\":\"m\",\"title_grid_width\":\"1-2\",\"title_hover_style\":\"reset\",\"title_style\":\"h3\"},\"children\":[{\"type\":\"grid_item\",\"props\":{\"content\":\"Du suchst ein vertrauensvolles Gespr\\u00e4ch, Rat und Orientierung f\\u00fcr dein Leben? Wir sind f\\u00fcr dich da, t\\u00e4glich 6-22 Uhr!\",\"image\":\"wp-content\\\/uploads\\\/2021\\\/03\\\/bzg-cta-hotline.jpg\",\"link\":\"angebote\\\/glaubens-und-lebenshilfe-telefon\",\"panel_style\":\"card-default\",\"title\":\"GLAUBENS- & LEBENSHILFE\"}},{\"type\":\"grid_item\",\"props\":{\"content\":\"Du hast Fragen zu Gott, der Bibel und dem Glauben? Schreibe uns! Dein pers\\u00f6nlicher E-Coach beantwortet sie dir gerne.\",\"image\":\"wp-content\\\/uploads\\\/2021\\\/03\\\/bzg-cta-e.choach.jpg\",\"link\":\"angebote\\\/kontakt-mit-e-coach\",\"panel_style\":\"card-default\",\"title\":\"GOTT ERFAHREN E-COACH\"}}]}]}]}],\"name\":\"Call to Action\"},{\"type\":\"section\",\"props\":{\"image_position\":\"center-center\",\"style\":\"default\",\"title_breakpoint\":\"xl\",\"title_position\":\"top-left\",\"title_rotation\":\"left\",\"vertical_align\":\"middle\",\"width\":\"default\"},\"children\":[{\"type\":\"row\",\"children\":[{\"type\":\"column\",\"props\":{\"image_position\":\"center-center\",\"position_sticky_breakpoint\":\"m\"},\"children\":[{\"type\":\"headline\",\"props\":{\"content\":\"DAS K\\u00d6NNTE DICH AUCH INTERESSIEREN\",\"text_align\":\"center\",\"title_element\":\"h1\",\"title_style\":\"h3\"}},{\"type\":\"gallery\",\"props\":{\"filter_align\":\"left\",\"filter_all\":true,\"filter_grid_breakpoint\":\"m\",\"filter_grid_width\":\"auto\",\"filter_position\":\"top\",\"filter_style\":\"tab\",\"grid_column_gap\":\"small\",\"grid_default\":\"1\",\"grid_medium\":\"3\",\"grid_row_gap\":\"small\",\"grid_small\":\"2\",\"image_hover_box_shadow\":\"small\",\"image_orientation\":false,\"image_transition\":\"scale-up\",\"item_animation\":true,\"link_style\":\"text\",\"link_text\":\"\",\"margin\":\"default\",\"meta_align\":\"below-title\",\"meta_element\":\"div\",\"meta_style\":\"text-meta\",\"overlay_hover\":false,\"overlay_link\":true,\"overlay_mode\":\"cover\",\"overlay_position\":\"center\",\"overlay_style\":\"overlay-primary\",\"overlay_transition\":\"fade\",\"parallax_easing\":\"1\",\"show_content\":false,\"show_hover_image\":true,\"show_link\":true,\"show_meta\":false,\"show_title\":true,\"text_align\":\"center\",\"text_color\":\"light\",\"title_element\":\"h5\",\"title_hover_style\":\"reset\",\"title_style\":\"h5\"},\"children\":[{\"type\":\"gallery_item\",\"props\":{\"image\":\"wp-content\\\/uploads\\\/2021\\\/03\\\/bzg-interesse-stadt.jpg\",\"link\":\"beziehung-zu-gott\\\/was-ist-lebenserfolg\",\"title\":\"Was ist Lebenserfolg?\"}},{\"type\":\"gallery_item\",\"props\":{\"image\":\"wp-content\\\/uploads\\\/2021\\\/03\\\/bzg-interesse-bibel.jpg\",\"link\":\"beziehung-zu-gott\\\/was-ist-das-hauptanliegen-der-bibel\",\"title\":\"Was ist das Hauptanliegen der Bibel?\"}},{\"type\":\"gallery_item\",\"props\":{\"image\":\"wp-content\\\/uploads\\\/2021\\\/03\\\/bzg-interesse-herz.jpg\",\"link\":\"wege-zum-ziel\\\/sinnbilder-der-liebe-gottes\",\"title\":\"Sinnbilder der Liebe Gottes\"}},{\"type\":\"gallery_item\",\"props\":{\"image\":\"wp-content\\\/uploads\\\/2021\\\/03\\\/bzg-interesse-kreuz.jpg\",\"link\":\"beziehung-zu-gott\\\/jesus-einzigartig-und-unvergleichlich\",\"title\":\"Jesus von Nazareth\"}},{\"type\":\"gallery_item\",\"props\":{\"image\":\"wp-content\\\/uploads\\\/2021\\\/03\\\/bzg-interesse-taube.jpg\",\"link\":\"beziehung-zu-gott\\\/leben-in-der-kraft-gottes\",\"title\":\"Leben in der Kraft Gottes\"}},{\"type\":\"gallery_item\",\"props\":{\"image\":\"wp-content\\\/uploads\\\/2021\\\/03\\\/bzg-interesse-beten.jpg\",\"link\":\"zweifel-oder-glaube\\\/ich-will-gott-erleben\",\"title\":\"Ich will Gott erleben\"}}]}]}]}],\"name\":\"Weiteres Angebot\"}],\"version\":\"4.3.5\"} --><\/p>\n","protected":false},"excerpt":{"rendered":"<p>\u201eSOLLTE GROSSMUTTER WIRKLICH IM FEGEFEUER SEIN?\u201d Horst Im Jahr 1958 legte mir meine Mutter das Buch Der Weg zur Lebensreife von Ellen White liebevoll auf den Konfirmationstisch. Leider fand das Buch damals noch nicht die gew\u00fcnschte Resonanz. Ich legte es beiseite. Es war die Zeit, in der sich \u201erichtige&#8220; Jungen lieber Abenteuerromane untereinander austauschten. Doch [&hellip;]<\/p>\n","protected":false},"author":3,"featured_media":49,"parent":654,"menu_order":0,"comment_status":"closed","ping_status":"closed","template":"","meta":{"_acf_changed":false,"footnotes":""},"class_list":["post-2110","page","type-page","status-publish","has-post-thumbnail","hentry"],"acf":[],"_links":{"self":[{"href":"https:\/\/gotterfahren.info\/en\/wp-json\/wp\/v2\/pages\/2110","targetHints":{"allow":["GET"]}}],"collection":[{"href":"https:\/\/gotterfahren.info\/en\/wp-json\/wp\/v2\/pages"}],"about":[{"href":"https:\/\/gotterfahren.info\/en\/wp-json\/wp\/v2\/types\/page"}],"author":[{"embeddable":true,"href":"https:\/\/gotterfahren.info\/en\/wp-json\/wp\/v2\/users\/3"}],"replies":[{"embeddable":true,"href":"https:\/\/gotterfahren.info\/en\/wp-json\/wp\/v2\/comments?post=2110"}],"version-history":[{"count":0,"href":"https:\/\/gotterfahren.info\/en\/wp-json\/wp\/v2\/pages\/2110\/revisions"}],"up":[{"embeddable":true,"href":"https:\/\/gotterfahren.info\/en\/wp-json\/wp\/v2\/pages\/654"}],"wp:featuredmedia":[{"embeddable":true,"href":"https:\/\/gotterfahren.info\/en\/wp-json\/wp\/v2\/media\/49"}],"wp:attachment":[{"href":"https:\/\/gotterfahren.info\/en\/wp-json\/wp\/v2\/media?parent=2110"}],"curies":[{"name":"wp","href":"https:\/\/api.w.org\/{rel}","templated":true}]}}