{"id":2107,"date":"2021-06-14T12:57:25","date_gmt":"2021-06-14T12:57:25","guid":{"rendered":"https:\/\/alex.gotterfahren.info\/?page_id=2107"},"modified":"2025-12-01T22:45:25","modified_gmt":"2025-12-01T22:45:25","slug":"who-would-like-to-study-the-bible-with-me","status":"publish","type":"page","link":"https:\/\/gotterfahren.info\/en\/gott-veraendert-leben\/ergreifende-lebensgeschichten\/wer-moechte-mit-mir-die-bibel-studieren","title":{"rendered":"\u201eWho would like to study the Bible with me?\u201c"},"content":{"rendered":"<h1>\u201eWER M\u00d6CHTE MIT MIR DIE BIBEL STUDIEREN?\u201c<\/h1>\n<div>\n<div class=\"gotterfahren-mediaplayer-container\"><audio class=\"wp-audio-shortcode\" id=\"audio-2107-1\" preload=\"none\" style=\"width: 100%;\" controls=\"controls\"><source type=\"audio\/mpeg\" src=\"\/wp-content\/uploads\/2024\/03\/LG-12.mp3?_=1\" \/><a href=\"\/wp-content\/uploads\/2024\/03\/LG-12.mp3\">\/wp-content\/uploads\/2024\/03\/LG-12.mp3<\/a><\/audio><div class=\"media-download-button\"><a href=\"\/wp-content\/uploads\/2024\/03\/LG-12.mp3\" class=\"uk-icon-button\" uk-icon=\"icon: download; ratio: 1.2\" download><\/a><\/div><\/div><\/div>\n<div>\n<div class=\"wk-gallery wk-gallery-wall clearfix polaroid \" style=\"float: left; margin-top: -10px; margin-right: 15px; margin-bottom: 15px;\">\n<div>\n<p><img loading=\"lazy\" decoding=\"async\" class=\" size-full wp-image-6245\" src=\"\/wp-content\/uploads\/2021\/06\/gvl-gott-lebt-gabi.jpg\" alt=\"Gabi\" width=\"200\" height=\"150\" \/><\/p>\n<p class=\"title\">Gabi<\/p>\n<\/div>\n<\/div>\n<p>Viele Jahre versuchte ich mit Yoga, Esoterik, dem Einsuggerieren positiver Gedanken und vielem mehr Gl\u00fcck, Zufriedenheit, Freude und Frieden zu finden. Aber nichts nahm mir meine Traurigkeit und Sinnlosigkeit. Mit 25 scheiterte meine Ehe, mit 30 war ich am Tiefpunkt meines Lebens angelangt. Ich war magers\u00fcchtig und wog nur noch 40 Kilo. Ein achtw\u00f6chiger Aufenthalt in einer psychosomatischen Klinik brachte auch keine Besserung. Auch dort wurde ich mit esoterischen Praktiken konfrontiert. Bei meiner Entlassung wog ich nur noch 37 kg.<\/p>\n<p>Die Wende kam f\u00fcr mich im Jahr 1999. Aufgrund eines Faltblatts, das ich bei meinem Therapeuten im Wartezimmer gefunden hatte, besuchte ich eine christliche Vortragsreihe. Am Ende des ersten Abends flossen bei mir nur so die Tr\u00e4nen, und ich erkannte, dass ich ohne Gott nicht gesund werden w\u00fcrde. Ein Gemeindemitglied der Baptistengemeinde betete mit mir, und ich \u00fcbergab mein Leben Jesus. Ab jetzt wollte ich jeden Tag mit Jesus leben und alle meine Probleme ihm \u00fcbergeben. Er sollte sich um mein verkorkstes Leben k\u00fcmmern und mich ver\u00e4ndern. Mein sehnlichster Wunsch war, ein zufriedener Mensch zu werden.<\/p>\n<p>Ich hatte erkannt, dass Jesus der beste Therapeut und ein wahrer Freund ist. Ein Jahr lang ging ich mit meinen beiden Kindern in die Baptistengemeinde. Doch mit der Zeit merkte ich, dass dort nicht unser Platz war. Ich begann, verschiedene andere Kirchen aufzusuchen. Aber immer sagte mir meine innere Stimme: Das ist nicht dein Platz. Schlie\u00dflich gab ich die Suche auf und entschloss mich, meinen Glauben ohne Gemeinde zu leben. Nach einer gewissen Zeit merkte ich aber, dass ich immer mehr in mein altes unzufriedenes Leben zur\u00fcck fiel und mir die Gemeinschaft und der Austausch mit anderen Christen fehlten.<\/p>\n<p>Und so versuchte ich noch einmal, die f\u00fcr mich passende Gemeinde zu finden. Diesmal betete ich darum. Wenig sp\u00e4ter las ich \u201ezuf\u00e4llig\u201c ein Inserat in einer Zeitung, die ich sonst eigentlich nie las. Dort stand: \u201eWer m\u00f6chte mit mir die Bibel studieren?\u201c Ich nahm Kontakt auf und erhielt fortan von einer lieben Frau Bibelstunden. Sie hie\u00df Lilli und erz\u00e4hlte mir, dass sie zur Freikirche der Siebenten-Tags-Adventisten geh\u00f6re. Au\u00dferdem sagte sie, dass ich jederzeit zum Gottesdienst kommen k\u00f6nne. Aber das wollte ich zun\u00e4chst nicht. Ich merkte jedoch, dass sich mein Leben langsam \u00e4nderte. Ich las jetzt auch zu Hause regelm\u00e4\u00dfig in der Bibel, sprach t\u00e4glich mit Gott wie mit einem Freund und merkte wie er mir bei meinen Problemen half. Au\u00dferdem machte ich viele Erfahrungen mit Gott. Schlie\u00dflich ging ich dann doch an einem Samstag in die Adventgemeinde. Ich merkte schnell, dass ich endlich meinen Platz gefunden hatte. Von da an ging ich dann jeden Sabbat in die Gemeinde.<\/p>\n<p>Etwa anderthalb Jahre nach Beginn der Bibelstunden \u2014 es war im Mai \u2014 zogen mein Mann, den ich mittlerweile mit Gottes Hilfe gefunden hatte, und ich in unser eigenes Haus. Im Juli h\u00f6rte ich nach 22 Jahren auf zu rauchen. Im Oktober heirateten wir, und ich wurde frei von Magersucht und Bulimie\u201a und im Dezember wurde ich getauft. Alles in einem Jahr. F\u00fcr mich war klar, dass ich das alles nur Gott zu verdanken hatte. Nur er konnte mich so ver\u00e4ndern. Heute ist meine Beziehung zu Gott das Wichtigste in meinem Leben.<\/p>\n<\/div>\n<ul>\n<li>\n<p><img decoding=\"async\" src=\"\/wp-content\/uploads\/2021\/03\/bzg-cta-hotline.jpg\" alt=\"\"><\/p>\n<h3>GLAUBENS- &#038; LEBENSHILFE<\/h3>\n<div>Du suchst ein vertrauensvolles Gespr\u00e4ch, Rat und Orientierung f\u00fcr dein Leben? Wir sind f\u00fcr dich da, t\u00e4glich 6-22 Uhr!<\/div>\n<p><a href=\"\/angebote\/glaubens-und-lebenshilfe-telefon\">Mehr erfahren<\/a><\/p>\n<\/li>\n<li>\n<p><img decoding=\"async\" src=\"\/wp-content\/uploads\/2021\/03\/bzg-cta-e.choach.jpg\" alt=\"\"><\/p>\n<h3>GOTT ERFAHREN E-COACH<\/h3>\n<div>Du hast Fragen zu Gott, der Bibel und dem Glauben? Schreibe uns! Dein pers\u00f6nlicher E-Coach beantwortet sie dir gerne.<\/div>\n<p><a href=\"\/angebote\/kontakt-mit-e-coach\">Mehr erfahren<\/a><\/p>\n<\/li>\n<\/ul>\n<h1>DAS K\u00d6NNTE DICH AUCH INTERESSIEREN<\/h1>\n<ul>\n<li>\n<p>        <img decoding=\"async\" src=\"\/wp-content\/uploads\/2021\/03\/bzg-interesse-stadt.jpg\" alt=\"\"><\/p>\n<h5>Was ist Lebenserfolg?<\/h5>\n<p><a href=\"\/beziehung-zu-gott\/was-ist-lebenserfolg\"><\/a><\/p>\n<\/li>\n<li>\n<p>        <img decoding=\"async\" src=\"\/wp-content\/uploads\/2021\/03\/bzg-interesse-bibel.jpg\" alt=\"\"><\/p>\n<h5>Was ist das Hauptanliegen der Bibel?<\/h5>\n<p><a href=\"\/beziehung-zu-gott\/was-ist-das-hauptanliegen-der-bibel\"><\/a><\/p>\n<\/li>\n<li>\n<p>        <img decoding=\"async\" src=\"\/wp-content\/uploads\/2021\/03\/bzg-interesse-herz.jpg\" alt=\"\"><\/p>\n<h5>Sinnbilder der Liebe Gottes<\/h5>\n<p><a href=\"\/wege-zum-ziel\/sinnbilder-der-liebe-gottes\"><\/a><\/p>\n<\/li>\n<li>\n<p>        <img decoding=\"async\" src=\"\/wp-content\/uploads\/2021\/03\/bzg-interesse-kreuz.jpg\" alt=\"\"><\/p>\n<h5>Jesus von Nazareth<\/h5>\n<p><a href=\"\/beziehung-zu-gott\/jesus-einzigartig-und-unvergleichlich\"><\/a><\/p>\n<\/li>\n<li>\n<p>        <img decoding=\"async\" src=\"\/wp-content\/uploads\/2021\/03\/bzg-interesse-taube.jpg\" alt=\"\"><\/p>\n<h5>Leben in der Kraft Gottes<\/h5>\n<p><a href=\"\/beziehung-zu-gott\/leben-in-der-kraft-gottes\"><\/a><\/p>\n<\/li>\n<li>\n<p>        <img decoding=\"async\" src=\"\/wp-content\/uploads\/2021\/03\/bzg-interesse-beten.jpg\" alt=\"\"><\/p>\n<h5>Ich will Gott erleben<\/h5>\n<p><a href=\"\/zweifel-oder-glaube\/ich-will-gott-erleben\"><\/a><\/p>\n<\/li>\n<\/ul>\n<p><!--more--><br \/>\n<!-- {\"name\":\"Gott lebt \\u2013 Lebensgeschichten Article\",\"type\":\"layout\",\"children\":[{\"type\":\"section\",\"props\":{\"class\":\"banner-normal\",\"image\":\"wp-content\\\/uploads\\\/2021\\\/03\\\/home-banner-05.jpeg\",\"image_position\":\"center-center\",\"image_size\":\"cover\",\"padding\":\"xlarge\",\"style\":\"default\",\"title_breakpoint\":\"xl\",\"title_position\":\"top-left\",\"title_rotation\":\"left\",\"vertical_align\":\"middle\",\"width\":\"\"},\"children\":[{\"type\":\"row\",\"children\":[{\"type\":\"column\",\"props\":{\"image_position\":\"center-center\",\"position_sticky_breakpoint\":\"m\"}}]}],\"name\":\"Banner\",\"modified\":\"2021-03-23T16:02:54.885Z\"},{\"type\":\"section\",\"props\":{\"image_position\":\"center-center\",\"padding_remove_top\":false,\"style\":\"default\",\"title_breakpoint\":\"xl\",\"title_position\":\"top-left\",\"title_rotation\":\"left\",\"vertical_align\":\"middle\",\"width\":\"default\"},\"children\":[{\"type\":\"row\",\"children\":[{\"type\":\"column\",\"props\":{\"image_position\":\"center-center\",\"position_sticky_breakpoint\":\"m\"},\"children\":[{\"type\":\"breadcrumbs\",\"props\":{\"home_text\":\"GOTT ERFAHREN\",\"show_current\":true,\"show_home\":true,\"visibility\":\"s\"}}]}]},{\"type\":\"row\",\"children\":[{\"type\":\"column\",\"props\":{\"image_position\":\"center-center\",\"position_sticky_breakpoint\":\"m\"},\"children\":[{\"type\":\"headline\",\"props\":{\"content\":\"\\u201eWER M\\u00d6CHTE MIT MIR DIE BIBEL STUDIEREN?\\u201c\",\"margin_remove_bottom\":true,\"title_element\":\"h1\",\"title_style\":\"h1\"}}]}],\"props\":{\"margin\":\"default\"}},{\"type\":\"row\",\"children\":[{\"type\":\"column\",\"props\":{\"image_position\":\"center-center\",\"position_sticky_breakpoint\":\"m\"},\"children\":[{\"type\":\"html\",\"props\":{\"content\":\"[audio mp3=\\\"\\\/wp-content\\\/uploads\\\/2024\\\/03\\\/LG-12.mp3\\\"][\\\/audio]\"},\"name\":\"Audio (DE)\"}]}],\"props\":{\"class\":\"de-only\"}},{\"type\":\"row\",\"children\":[{\"type\":\"column\",\"props\":{\"image_position\":\"center-center\",\"position_sticky_breakpoint\":\"m\"},\"children\":[{\"type\":\"html\",\"props\":{\"content\":\"\n\n<div class=\\\"wk-gallery wk-gallery-wall clearfix polaroid \\\" style=\\\"float: left; margin-top: -10px; margin-right: 15px; margin-bottom: 15px;\\\">\\n\n\n<div>\\n\\n<img class=\\\" size-full wp-image-6245\\\" src=\\\"wp-content\\\/uploads\\\/2021\\\/06\\\/gvl-gott-lebt-gabi.jpg\\\" alt=\\\"Gabi\\\" width=\\\"200\\\" height=\\\"150\\\" \\\/>\\n\n\n<p class=\\\"title\\\">Gabi<\\\/p>\\n\\n<\\\/div>\\n<\\\/div>\\n\n\n<p>Viele Jahre versuchte ich mit Yoga, Esoterik, dem Einsuggerieren positiver Gedanken und vielem mehr Gl\\u00fcck, Zufriedenheit, Freude und Frieden zu finden. Aber nichts nahm mir meine Traurigkeit und Sinnlosigkeit. Mit 25 scheiterte meine Ehe, mit 30 war ich am Tiefpunkt meines Lebens angelangt. Ich war magers\\u00fcchtig und wog nur noch 40 Kilo. Ein achtw\\u00f6chiger Aufenthalt in einer psychosomatischen Klinik brachte auch keine Besserung. Auch dort wurde ich mit esoterischen Praktiken konfrontiert. Bei meiner Entlassung wog ich nur noch 37 kg.<\\\/p>\\n\\n\n\n<p>Die Wende kam f\\u00fcr mich im Jahr 1999. Aufgrund eines Faltblatts, das ich bei meinem Therapeuten im Wartezimmer gefunden hatte, besuchte ich eine christliche Vortragsreihe. Am Ende des ersten Abends flossen bei mir nur so die Tr\\u00e4nen, und ich erkannte, dass ich ohne Gott nicht gesund werden w\\u00fcrde. Ein Gemeindemitglied der Baptistengemeinde betete mit mir, und ich \\u00fcbergab mein Leben Jesus. Ab jetzt wollte ich jeden Tag mit Jesus leben und alle meine Probleme ihm \\u00fcbergeben. Er sollte sich um mein verkorkstes Leben k\\u00fcmmern und mich ver\\u00e4ndern. Mein sehnlichster Wunsch war, ein zufriedener Mensch zu werden.<\\\/p>\\n\\n\n\n<p>Ich hatte erkannt, dass Jesus der beste Therapeut und ein wahrer Freund ist. Ein Jahr lang ging ich mit meinen beiden Kindern in die Baptistengemeinde. Doch mit der Zeit merkte ich, dass dort nicht unser Platz war. Ich begann, verschiedene andere Kirchen aufzusuchen. Aber immer sagte mir meine innere Stimme: Das ist nicht dein Platz. Schlie\\u00dflich gab ich die Suche auf und entschloss mich, meinen Glauben ohne Gemeinde zu leben. Nach einer gewissen Zeit merkte ich aber, dass ich immer mehr in mein altes unzufriedenes Leben zur\\u00fcck fiel und mir die Gemeinschaft und der Austausch mit anderen Christen fehlten.<\\\/p>\\n\\n\n\n<p>Und so versuchte ich noch einmal, die f\\u00fcr mich passende Gemeinde zu finden. Diesmal betete ich darum. Wenig sp\\u00e4ter las ich \\u201ezuf\\u00e4llig\\u201c ein Inserat in einer Zeitung, die ich sonst eigentlich nie las. Dort stand: \\u201eWer m\\u00f6chte mit mir die Bibel studieren?\\u201c Ich nahm Kontakt auf und erhielt fortan von einer lieben Frau Bibelstunden. Sie hie\\u00df Lilli und erz\\u00e4hlte mir, dass sie zur Freikirche der Siebenten-Tags-Adventisten geh\\u00f6re. Au\\u00dferdem sagte sie, dass ich jederzeit zum Gottesdienst kommen k\\u00f6nne. Aber das wollte ich zun\\u00e4chst nicht. Ich merkte jedoch, dass sich mein Leben langsam \\u00e4nderte. Ich las jetzt auch zu Hause regelm\\u00e4\\u00dfig in der Bibel, sprach t\\u00e4glich mit Gott wie mit einem Freund und merkte wie er mir bei meinen Problemen half. Au\\u00dferdem machte ich viele Erfahrungen mit Gott. Schlie\\u00dflich ging ich dann doch an einem Samstag in die Adventgemeinde. Ich merkte schnell, dass ich endlich meinen Platz gefunden hatte. Von da an ging ich dann jeden Sabbat in die Gemeinde.<\\\/p>\\n\\n\n\n<p>Etwa anderthalb Jahre nach Beginn der Bibelstunden \\u2014 es war im Mai \\u2014 zogen mein Mann, den ich mittlerweile mit Gottes Hilfe gefunden hatte, und ich in unser eigenes Haus. Im Juli h\\u00f6rte ich nach 22 Jahren auf zu rauchen. Im Oktober heirateten wir, und ich wurde frei von Magersucht und Bulimie\\u201a und im Dezember wurde ich getauft. Alles in einem Jahr. F\\u00fcr mich war klar, dass ich das alles nur Gott zu verdanken hatte. Nur er konnte mich so ver\\u00e4ndern. Heute ist meine Beziehung zu Gott das Wichtigste in meinem Leben.<\\\/p>\"}}]}],\"props\":{\"class\":\"article-leben\",\"margin\":\"default\"}}],\"name\":\"Inhalt\"},{\"type\":\"section\",\"props\":{\"class\":\"de-only\",\"image_position\":\"center-center\",\"style\":\"default\",\"title_breakpoint\":\"xl\",\"title_position\":\"top-left\",\"title_rotation\":\"left\",\"vertical_align\":\"middle\",\"width\":\"small\"},\"children\":[{\"type\":\"row\",\"children\":[{\"type\":\"column\",\"props\":{\"image_position\":\"center-center\",\"position_sticky_breakpoint\":\"m\"},\"children\":[{\"type\":\"grid\",\"props\":{\"content_column_breakpoint\":\"m\",\"filter_align\":\"left\",\"filter_all\":true,\"filter_grid_breakpoint\":\"m\",\"filter_grid_width\":\"auto\",\"filter_position\":\"top\",\"filter_style\":\"tab\",\"grid_default\":\"1\",\"grid_medium\":\"2\",\"grid_small\":\"2\",\"icon_width\":80,\"image_align\":\"top\",\"image_grid_breakpoint\":\"m\",\"image_grid_width\":\"1-2\",\"image_svg_color\":\"emphasis\",\"item_animation\":true,\"link_style\":\"secondary\",\"link_text\":\"Mehr erfahren\",\"margin\":\"default\",\"meta_align\":\"below-title\",\"meta_element\":\"div\",\"meta_style\":\"text-meta\",\"panel_image_no_padding\":true,\"panel_link\":true,\"panel_padding\":\"default\",\"panel_style\":\"card-default\",\"parallax_easing\":\"1\",\"show_content\":true,\"show_image\":true,\"show_link\":true,\"show_meta\":true,\"show_title\":true,\"title_align\":\"top\",\"title_color\":\"emphasis\",\"title_element\":\"h3\",\"title_grid_breakpoint\":\"m\",\"title_grid_width\":\"1-2\",\"title_hover_style\":\"reset\",\"title_style\":\"h3\"},\"children\":[{\"type\":\"grid_item\",\"props\":{\"content\":\"Du suchst ein vertrauensvolles Gespr\\u00e4ch, Rat und Orientierung f\\u00fcr dein Leben? Wir sind f\\u00fcr dich da, t\\u00e4glich 6-22 Uhr!\",\"image\":\"wp-content\\\/uploads\\\/2021\\\/03\\\/bzg-cta-hotline.jpg\",\"link\":\"angebote\\\/glaubens-und-lebenshilfe-telefon\",\"panel_style\":\"card-default\",\"title\":\"GLAUBENS- & LEBENSHILFE\"}},{\"type\":\"grid_item\",\"props\":{\"content\":\"Du hast Fragen zu Gott, der Bibel und dem Glauben? Schreibe uns! Dein pers\\u00f6nlicher E-Coach beantwortet sie dir gerne.\",\"image\":\"wp-content\\\/uploads\\\/2021\\\/03\\\/bzg-cta-e.choach.jpg\",\"link\":\"angebote\\\/kontakt-mit-e-coach\",\"panel_style\":\"card-default\",\"title\":\"GOTT ERFAHREN E-COACH\"}}]}]}]}],\"name\":\"Call to Action\"},{\"type\":\"section\",\"props\":{\"image_position\":\"center-center\",\"style\":\"default\",\"title_breakpoint\":\"xl\",\"title_position\":\"top-left\",\"title_rotation\":\"left\",\"vertical_align\":\"middle\",\"width\":\"default\"},\"children\":[{\"type\":\"row\",\"children\":[{\"type\":\"column\",\"props\":{\"image_position\":\"center-center\",\"position_sticky_breakpoint\":\"m\"},\"children\":[{\"type\":\"headline\",\"props\":{\"content\":\"DAS K\\u00d6NNTE DICH AUCH INTERESSIEREN\",\"text_align\":\"center\",\"title_element\":\"h1\",\"title_style\":\"h3\"}},{\"type\":\"gallery\",\"props\":{\"filter_align\":\"left\",\"filter_all\":true,\"filter_grid_breakpoint\":\"m\",\"filter_grid_width\":\"auto\",\"filter_position\":\"top\",\"filter_style\":\"tab\",\"grid_column_gap\":\"small\",\"grid_default\":\"1\",\"grid_medium\":\"3\",\"grid_row_gap\":\"small\",\"grid_small\":\"2\",\"image_hover_box_shadow\":\"small\",\"image_orientation\":false,\"image_transition\":\"scale-up\",\"item_animation\":true,\"link_style\":\"text\",\"link_text\":\"\",\"margin\":\"default\",\"meta_align\":\"below-title\",\"meta_element\":\"div\",\"meta_style\":\"text-meta\",\"overlay_hover\":false,\"overlay_link\":true,\"overlay_mode\":\"cover\",\"overlay_position\":\"center\",\"overlay_style\":\"overlay-primary\",\"overlay_transition\":\"fade\",\"parallax_easing\":\"1\",\"show_content\":false,\"show_hover_image\":true,\"show_link\":true,\"show_meta\":false,\"show_title\":true,\"text_align\":\"center\",\"text_color\":\"light\",\"title_element\":\"h5\",\"title_hover_style\":\"reset\",\"title_style\":\"h5\"},\"children\":[{\"type\":\"gallery_item\",\"props\":{\"image\":\"wp-content\\\/uploads\\\/2021\\\/03\\\/bzg-interesse-stadt.jpg\",\"link\":\"beziehung-zu-gott\\\/was-ist-lebenserfolg\",\"title\":\"Was ist Lebenserfolg?\"}},{\"type\":\"gallery_item\",\"props\":{\"image\":\"wp-content\\\/uploads\\\/2021\\\/03\\\/bzg-interesse-bibel.jpg\",\"link\":\"beziehung-zu-gott\\\/was-ist-das-hauptanliegen-der-bibel\",\"title\":\"Was ist das Hauptanliegen der Bibel?\"}},{\"type\":\"gallery_item\",\"props\":{\"image\":\"wp-content\\\/uploads\\\/2021\\\/03\\\/bzg-interesse-herz.jpg\",\"link\":\"wege-zum-ziel\\\/sinnbilder-der-liebe-gottes\",\"title\":\"Sinnbilder der Liebe Gottes\"}},{\"type\":\"gallery_item\",\"props\":{\"image\":\"wp-content\\\/uploads\\\/2021\\\/03\\\/bzg-interesse-kreuz.jpg\",\"link\":\"beziehung-zu-gott\\\/jesus-einzigartig-und-unvergleichlich\",\"title\":\"Jesus von Nazareth\"}},{\"type\":\"gallery_item\",\"props\":{\"image\":\"wp-content\\\/uploads\\\/2021\\\/03\\\/bzg-interesse-taube.jpg\",\"link\":\"beziehung-zu-gott\\\/leben-in-der-kraft-gottes\",\"title\":\"Leben in der Kraft Gottes\"}},{\"type\":\"gallery_item\",\"props\":{\"image\":\"wp-content\\\/uploads\\\/2021\\\/03\\\/bzg-interesse-beten.jpg\",\"link\":\"zweifel-oder-glaube\\\/ich-will-gott-erleben\",\"title\":\"Ich will Gott erleben\"}}]}]}]}],\"name\":\"Weiteres Angebot\"}],\"version\":\"4.3.5\"} --><\/p>\n","protected":false},"excerpt":{"rendered":"<p>\u201eWER M\u00d6CHTE MIT MIR DIE BIBEL STUDIEREN?\u201c Gabi Viele Jahre versuchte ich mit Yoga, Esoterik, dem Einsuggerieren positiver Gedanken und vielem mehr Gl\u00fcck, Zufriedenheit, Freude und Frieden zu finden. Aber nichts nahm mir meine Traurigkeit und Sinnlosigkeit. Mit 25 scheiterte meine Ehe, mit 30 war ich am Tiefpunkt meines Lebens angelangt. Ich war magers\u00fcchtig und [&hellip;]<\/p>\n","protected":false},"author":3,"featured_media":49,"parent":654,"menu_order":0,"comment_status":"closed","ping_status":"closed","template":"","meta":{"_acf_changed":false,"footnotes":""},"class_list":["post-2107","page","type-page","status-publish","has-post-thumbnail","hentry"],"acf":[],"_links":{"self":[{"href":"https:\/\/gotterfahren.info\/en\/wp-json\/wp\/v2\/pages\/2107","targetHints":{"allow":["GET"]}}],"collection":[{"href":"https:\/\/gotterfahren.info\/en\/wp-json\/wp\/v2\/pages"}],"about":[{"href":"https:\/\/gotterfahren.info\/en\/wp-json\/wp\/v2\/types\/page"}],"author":[{"embeddable":true,"href":"https:\/\/gotterfahren.info\/en\/wp-json\/wp\/v2\/users\/3"}],"replies":[{"embeddable":true,"href":"https:\/\/gotterfahren.info\/en\/wp-json\/wp\/v2\/comments?post=2107"}],"version-history":[{"count":0,"href":"https:\/\/gotterfahren.info\/en\/wp-json\/wp\/v2\/pages\/2107\/revisions"}],"up":[{"embeddable":true,"href":"https:\/\/gotterfahren.info\/en\/wp-json\/wp\/v2\/pages\/654"}],"wp:featuredmedia":[{"embeddable":true,"href":"https:\/\/gotterfahren.info\/en\/wp-json\/wp\/v2\/media\/49"}],"wp:attachment":[{"href":"https:\/\/gotterfahren.info\/en\/wp-json\/wp\/v2\/media?parent=2107"}],"curies":[{"name":"wp","href":"https:\/\/api.w.org\/{rel}","templated":true}]}}