{"id":2097,"date":"2021-06-14T12:47:07","date_gmt":"2021-06-14T12:47:07","guid":{"rendered":"https:\/\/alex.gotterfahren.info\/?page_id=2097"},"modified":"2025-12-01T22:41:49","modified_gmt":"2025-12-01T22:41:49","slug":"presentations-about-daniel-were-the-deciding-factor","status":"publish","type":"page","link":"https:\/\/gotterfahren.info\/en\/gott-veraendert-leben\/ergreifende-lebensgeschichten\/vortraege-ueber-daniel-gaben-den-ausschlag","title":{"rendered":"Lectures about Daniel were the deciding factor"},"content":{"rendered":"<h1>VORTR\u00c4GE \u00dcBER DANIEL GABEN DEN AUSSCHLAG<\/h1>\n<div>\n<div class=\"gotterfahren-mediaplayer-container\"><audio class=\"wp-audio-shortcode\" id=\"audio-2097-1\" preload=\"none\" style=\"width: 100%;\" controls=\"controls\"><source type=\"audio\/mpeg\" src=\"\/wp-content\/uploads\/2024\/03\/LG-9.mp3?_=1\" \/><a href=\"\/wp-content\/uploads\/2024\/03\/LG-9.mp3\">\/wp-content\/uploads\/2024\/03\/LG-9.mp3<\/a><\/audio><div class=\"media-download-button\"><a href=\"\/wp-content\/uploads\/2024\/03\/LG-9.mp3\" class=\"uk-icon-button\" uk-icon=\"icon: download; ratio: 1.2\" download><\/a><\/div><\/div><\/div>\n<div>\n<div class=\"wk-gallery wk-gallery-wall clearfix polaroid \" style=\"float: left; margin-top: -10px; margin-right: 15px; margin-bottom: 15px;\">\n<div>\n<p><img loading=\"lazy\" decoding=\"async\" class=\" size-full wp-image-6242\" src=\"\/wp-content\/uploads\/2021\/06\/gvl-gott-lebt-christian.jpg\" alt=\"Christian\" width=\"200\" height=\"150\" \/><\/p>\n<p class=\"title\">Christian<\/p>\n<\/div>\n<\/div>\n<p>Wie viele in \u00d6sterreich war auch ich r\u00f6misch-katholisch. Im Firmunterricht wollte ich mehr \u00fcber Gott und die Bibel erfahren. Leider blieb ich mit meinen Fragen allein. Dennoch glaubte ich an die Existenz eines Gottes, den ich aber noch nicht kannte.<\/p>\n<p>W\u00e4hrend meines Jurastudiums machte ich mit einem Freund eine sehr sch\u00f6ne Bergtour. Es sollte unsere letzte sein. Eine Woche sp\u00e4ter verungl\u00fcckte er t\u00f6dlich mit seinem Auto. Ich war best\u00fcrzt und fragte mich, ob der Tod das Ende des Lebens sei und was dem Leben seinen Sinn gibt.<\/p>\n<p>Etwa zur selben Zeit erhielt meine Mutter von einer Arbeitskollegin eine Einladung zu christlichen Vortr\u00e4gen in Wien. Meine Mutter interessierte sich f\u00fcr die angek\u00fcndigten Themen und beschloss, die Veranstaltung gemeinsam mit meinem Vater zu besuchen.<\/p>\n<p>Eigentlich hatte ich nicht vorgehabt, meine Eltern zu begleiten. Doch mein Vater war von den ersten Vortr\u00e4gen derma\u00dfen begeistert, dass er mich ansteckte. Und so machte ich mich eines Abends mit auf den Weg.<\/p>\n<p>Ich bemerkte sofort, dass bei dieser Veranstaltung eine besondere Atmosph\u00e4re herrschte und dass die Menschen irgendwie anders waren. Ihre freundliche und ungek\u00fcnstelte Art beeindruckte mich. Hinzu kam, dass mich die Botschaft der Bibel faszinierte. Es machte mir nichts aus, dass ich meinen Wochenplan so umstellen musste, dass ich f\u00fcnfmal die Woche zu den Vortr\u00e4gen gehen konnte. Sport, Tanzclub, Billard und Disco wichen der Entdeckung des Wortes Gottes.<\/p>\n<p>Ich fragte mich, ob Gott wirklich der Urheber der Bibel sein konnte. Aufmerksam folgte ich den Ausf\u00fchrungen des Sprechers \u00fcber die Prophezeiungen im Buch Daniel. Pl\u00f6tzlich wurde mir klar, dass hinter der Bibel ein lebendiger Gott stand. Wer sonst k\u00f6nnte \u00fcber Jahrhunderte im Voraus die Weltereignisse so pr\u00e4zise vorhersagen?<\/p>\n<p>Nach einigen Abenden erfuhren wir, dass die Kirche der Siebenten-Tags-Adventisten der Veranstalter dieser Vortragsreihe war. Waren wir auf eine Sekte hereingefallen? Sofort gingen wir auf Distanz. Doch eines Abends klingelte der Evangelist an unserer Haust\u00fcr. Geduldig beantwortete er unsere Fragen, und unsere Zweifel verschwanden. Danach besuchten wir auch die restlichen Vortr\u00e4ge.<\/p>\n<p>Bei einer Verlosung gewann ich das Buch <em>Das Leben Jesu<\/em> von Ellen White. Aber wer war diese Autorin? Hatte Gott wirklich in unserer Zeit eine Prophetin berufen, wie die Adventisten behaupten? Das Studium der Bibel zu diesem Thema, der positive Einfluss der B\u00fccher E. G. Whites und ihr ungetr\u00fcbter Blick hinter die Kulissen der Weltgeschichte \u00fcberzeugten mich schlie\u00dflich von der g\u00f6ttlichen Inspiration ihrer Schriften.<\/p>\n<p>Schon w\u00e4hrend der Evangelisation besuchte ich die Jugendstunden und die Sabbatgottesdienste. Ich f\u00fchlte mich in der Adventgemeinde mittlerweile schon heimisch, als mich der Prediger fragte, wie ich \u00fcber die Taufe denke. Ich entschied mich 1987 zur Taufe. Das war ein Jahr nach der Evangelisation.<\/p>\n<p>Meine Taufe empfand ich als den sch\u00f6nsten Tag meines Lebens. Im R\u00fcckblick bin ich Gott sehr dankbar f\u00fcr seine F\u00fchrung und daf\u00fcr, dass ich ihm und seiner Gemeinde heute als Prediger dienen darf.<\/p>\n<\/div>\n<ul>\n<li>\n<p><img decoding=\"async\" src=\"\/wp-content\/uploads\/2021\/03\/bzg-cta-hotline.jpg\" alt=\"\"><\/p>\n<h3>GLAUBENS- &#038; LEBENSHILFE<\/h3>\n<div>Du suchst ein vertrauensvolles Gespr\u00e4ch, Rat und Orientierung f\u00fcr dein Leben? Wir sind f\u00fcr dich da, t\u00e4glich 6-22 Uhr!<\/div>\n<p><a href=\"\/angebote\/glaubens-und-lebenshilfe-telefon\">Mehr erfahren<\/a><\/p>\n<\/li>\n<li>\n<p><img decoding=\"async\" src=\"\/wp-content\/uploads\/2021\/03\/bzg-cta-e.choach.jpg\" alt=\"\"><\/p>\n<h3>GOTT ERFAHREN E-COACH<\/h3>\n<div>Du hast Fragen zu Gott, der Bibel und dem Glauben? Schreibe uns! Dein pers\u00f6nlicher E-Coach beantwortet sie dir gerne.<\/div>\n<p><a href=\"\/angebote\/kontakt-mit-e-coach\">Mehr erfahren<\/a><\/p>\n<\/li>\n<\/ul>\n<h1>DAS K\u00d6NNTE DICH AUCH INTERESSIEREN<\/h1>\n<ul>\n<li>\n<p>        <img decoding=\"async\" src=\"\/wp-content\/uploads\/2021\/03\/bzg-interesse-stadt.jpg\" alt=\"\"><\/p>\n<h5>Was ist Lebenserfolg?<\/h5>\n<p><a href=\"\/beziehung-zu-gott\/was-ist-lebenserfolg\"><\/a><\/p>\n<\/li>\n<li>\n<p>        <img decoding=\"async\" src=\"\/wp-content\/uploads\/2021\/03\/bzg-interesse-bibel.jpg\" alt=\"\"><\/p>\n<h5>Was ist das Hauptanliegen der Bibel?<\/h5>\n<p><a href=\"\/beziehung-zu-gott\/was-ist-das-hauptanliegen-der-bibel\"><\/a><\/p>\n<\/li>\n<li>\n<p>        <img decoding=\"async\" src=\"\/wp-content\/uploads\/2021\/03\/bzg-interesse-herz.jpg\" alt=\"\"><\/p>\n<h5>Sinnbilder der Liebe Gottes<\/h5>\n<p><a href=\"\/wege-zum-ziel\/sinnbilder-der-liebe-gottes\"><\/a><\/p>\n<\/li>\n<li>\n<p>        <img decoding=\"async\" src=\"\/wp-content\/uploads\/2021\/03\/bzg-interesse-kreuz.jpg\" alt=\"\"><\/p>\n<h5>Jesus von Nazareth<\/h5>\n<p><a href=\"\/beziehung-zu-gott\/jesus-einzigartig-und-unvergleichlich\"><\/a><\/p>\n<\/li>\n<li>\n<p>        <img decoding=\"async\" src=\"\/wp-content\/uploads\/2021\/03\/bzg-interesse-taube.jpg\" alt=\"\"><\/p>\n<h5>Leben in der Kraft Gottes<\/h5>\n<p><a href=\"\/beziehung-zu-gott\/leben-in-der-kraft-gottes\"><\/a><\/p>\n<\/li>\n<li>\n<p>        <img decoding=\"async\" src=\"\/wp-content\/uploads\/2021\/03\/bzg-interesse-beten.jpg\" alt=\"\"><\/p>\n<h5>Ich will Gott erleben<\/h5>\n<p><a href=\"\/zweifel-oder-glaube\/ich-will-gott-erleben\"><\/a><\/p>\n<\/li>\n<\/ul>\n<p><!--more--><br \/>\n<!-- {\"name\":\"Gott lebt \\u2013 Lebensgeschichten Article\",\"type\":\"layout\",\"children\":[{\"type\":\"section\",\"props\":{\"class\":\"banner-normal\",\"image\":\"wp-content\\\/uploads\\\/2021\\\/03\\\/home-banner-05.jpeg\",\"image_position\":\"center-center\",\"image_size\":\"cover\",\"padding\":\"xlarge\",\"style\":\"default\",\"title_breakpoint\":\"xl\",\"title_position\":\"top-left\",\"title_rotation\":\"left\",\"vertical_align\":\"middle\",\"width\":\"\"},\"children\":[{\"type\":\"row\",\"children\":[{\"type\":\"column\",\"props\":{\"image_position\":\"center-center\",\"position_sticky_breakpoint\":\"m\"}}]}],\"name\":\"Banner\",\"modified\":\"2021-03-23T16:02:54.885Z\"},{\"type\":\"section\",\"props\":{\"image_position\":\"center-center\",\"padding_remove_top\":false,\"style\":\"default\",\"title_breakpoint\":\"xl\",\"title_position\":\"top-left\",\"title_rotation\":\"left\",\"vertical_align\":\"middle\",\"width\":\"default\"},\"children\":[{\"type\":\"row\",\"children\":[{\"type\":\"column\",\"props\":{\"image_position\":\"center-center\",\"position_sticky_breakpoint\":\"m\"},\"children\":[{\"type\":\"breadcrumbs\",\"props\":{\"home_text\":\"GOTT ERFAHREN\",\"show_current\":true,\"show_home\":true,\"visibility\":\"s\"}}]}]},{\"type\":\"row\",\"children\":[{\"type\":\"column\",\"props\":{\"image_position\":\"center-center\",\"position_sticky_breakpoint\":\"m\"},\"children\":[{\"type\":\"headline\",\"props\":{\"content\":\"VORTR\\u00c4GE \\u00dcBER DANIEL GABEN DEN AUSSCHLAG\",\"margin_remove_bottom\":true,\"title_element\":\"h1\",\"title_style\":\"h1\"}}]}],\"props\":{\"margin\":\"default\"}},{\"type\":\"row\",\"children\":[{\"type\":\"column\",\"props\":{\"image_position\":\"center-center\",\"position_sticky_breakpoint\":\"m\"},\"children\":[{\"type\":\"html\",\"props\":{\"content\":\"[audio mp3=\\\"\\\/wp-content\\\/uploads\\\/2024\\\/03\\\/LG-9.mp3\\\"][\\\/audio]\"},\"name\":\"Audio (DE)\"}]}],\"props\":{\"class\":\"de-only\",\"margin\":\"default\"}},{\"type\":\"row\",\"children\":[{\"type\":\"column\",\"props\":{\"image_position\":\"center-center\",\"position_sticky_breakpoint\":\"m\"},\"children\":[{\"type\":\"html\",\"props\":{\"content\":\"\n\n<div class=\\\"wk-gallery wk-gallery-wall clearfix polaroid \\\" style=\\\"float: left; margin-top: -10px; margin-right: 15px; margin-bottom: 15px;\\\">\\n\n\n<div>\\n\\n<img class=\\\" size-full wp-image-6242\\\" src=\\\"wp-content\\\/uploads\\\/2021\\\/06\\\/gvl-gott-lebt-christian.jpg\\\" alt=\\\"Christian\\\" width=\\\"200\\\" height=\\\"150\\\" \\\/>\\n\n\n<p class=\\\"title\\\">Christian<\\\/p>\\n\\n<\\\/div>\\n<\\\/div>\\n\n\n<p>Wie viele in \\u00d6sterreich war auch ich r\\u00f6misch-katholisch. Im Firmunterricht wollte ich mehr \\u00fcber Gott und die Bibel erfahren. Leider blieb ich mit meinen Fragen allein. Dennoch glaubte ich an die Existenz eines Gottes, den ich aber noch nicht kannte.<\\\/p>\\n\\n\n\n<p>W\\u00e4hrend meines Jurastudiums machte ich mit einem Freund eine sehr sch\\u00f6ne Bergtour. Es sollte unsere letzte sein. Eine Woche sp\\u00e4ter verungl\\u00fcckte er t\\u00f6dlich mit seinem Auto. Ich war best\\u00fcrzt und fragte mich, ob der Tod das Ende des Lebens sei und was dem Leben seinen Sinn gibt.<\\\/p>\\n\\n\n\n<p>Etwa zur selben Zeit erhielt meine Mutter von einer Arbeitskollegin eine Einladung zu christlichen Vortr\\u00e4gen in Wien. Meine Mutter interessierte sich f\\u00fcr die angek\\u00fcndigten Themen und beschloss, die Veranstaltung gemeinsam mit meinem Vater zu besuchen.<\\\/p>\\n\\n\n\n<p>Eigentlich hatte ich nicht vorgehabt, meine Eltern zu begleiten. Doch mein Vater war von den ersten Vortr\\u00e4gen derma\\u00dfen begeistert, dass er mich ansteckte. Und so machte ich mich eines Abends mit auf den Weg.<\\\/p>\\n\\n\n\n<p>Ich bemerkte sofort, dass bei dieser Veranstaltung eine besondere Atmosph\\u00e4re herrschte und dass die Menschen irgendwie anders waren. Ihre freundliche und ungek\\u00fcnstelte Art beeindruckte mich. Hinzu kam, dass mich die Botschaft der Bibel faszinierte. Es machte mir nichts aus, dass ich meinen Wochenplan so umstellen musste, dass ich f\\u00fcnfmal die Woche zu den Vortr\\u00e4gen gehen konnte. Sport, Tanzclub, Billard und Disco wichen der Entdeckung des Wortes Gottes.<\\\/p>\\n\\n\n\n<p>Ich fragte mich, ob Gott wirklich der Urheber der Bibel sein konnte. Aufmerksam folgte ich den Ausf\\u00fchrungen des Sprechers \\u00fcber die Prophezeiungen im Buch Daniel. Pl\\u00f6tzlich wurde mir klar, dass hinter der Bibel ein lebendiger Gott stand. Wer sonst k\\u00f6nnte \\u00fcber Jahrhunderte im Voraus die Weltereignisse so pr\\u00e4zise vorhersagen?<\\\/p>\\n\\n\n\n<p>Nach einigen Abenden erfuhren wir, dass die Kirche der Siebenten-Tags-Adventisten der Veranstalter dieser Vortragsreihe war. Waren wir auf eine Sekte hereingefallen? Sofort gingen wir auf Distanz. Doch eines Abends klingelte der Evangelist an unserer Haust\\u00fcr. Geduldig beantwortete er unsere Fragen, und unsere Zweifel verschwanden. Danach besuchten wir auch die restlichen Vortr\\u00e4ge.<\\\/p>\\n\\n\n\n<p>Bei einer Verlosung gewann ich das Buch <em>Das Leben Jesu<\\\/em> von Ellen White. Aber wer war diese Autorin? Hatte Gott wirklich in unserer Zeit eine Prophetin berufen, wie die Adventisten behaupten? Das Studium der Bibel zu diesem Thema, der positive Einfluss der B\\u00fccher E. G. Whites und ihr ungetr\\u00fcbter Blick hinter die Kulissen der Weltgeschichte \\u00fcberzeugten mich schlie\\u00dflich von der g\\u00f6ttlichen Inspiration ihrer Schriften.<\\\/p>\\n\\n\n\n<p>Schon w\\u00e4hrend der Evangelisation besuchte ich die Jugendstunden und die Sabbatgottesdienste. Ich f\\u00fchlte mich in der Adventgemeinde mittlerweile schon heimisch, als mich der Prediger fragte, wie ich \\u00fcber die Taufe denke. Ich entschied mich 1987 zur Taufe. Das war ein Jahr nach der Evangelisation.<\\\/p>\\n\\n\n\n<p>Meine Taufe empfand ich als den sch\\u00f6nsten Tag meines Lebens. Im R\\u00fcckblick bin ich Gott sehr dankbar f\\u00fcr seine F\\u00fchrung und daf\\u00fcr, dass ich ihm und seiner Gemeinde heute als Prediger dienen darf.<\\\/p>\"}}]}],\"props\":{\"class\":\"article-leben\",\"margin\":\"default\"}}],\"name\":\"Inhalt\"},{\"type\":\"section\",\"props\":{\"class\":\"de-only\",\"image_position\":\"center-center\",\"style\":\"default\",\"title_breakpoint\":\"xl\",\"title_position\":\"top-left\",\"title_rotation\":\"left\",\"vertical_align\":\"middle\",\"width\":\"small\"},\"children\":[{\"type\":\"row\",\"children\":[{\"type\":\"column\",\"props\":{\"image_position\":\"center-center\",\"position_sticky_breakpoint\":\"m\"},\"children\":[{\"type\":\"grid\",\"props\":{\"content_column_breakpoint\":\"m\",\"filter_align\":\"left\",\"filter_all\":true,\"filter_grid_breakpoint\":\"m\",\"filter_grid_width\":\"auto\",\"filter_position\":\"top\",\"filter_style\":\"tab\",\"grid_default\":\"1\",\"grid_medium\":\"2\",\"grid_small\":\"2\",\"icon_width\":80,\"image_align\":\"top\",\"image_grid_breakpoint\":\"m\",\"image_grid_width\":\"1-2\",\"image_svg_color\":\"emphasis\",\"item_animation\":true,\"link_style\":\"secondary\",\"link_text\":\"Mehr erfahren\",\"margin\":\"default\",\"meta_align\":\"below-title\",\"meta_element\":\"div\",\"meta_style\":\"text-meta\",\"panel_image_no_padding\":true,\"panel_link\":true,\"panel_padding\":\"default\",\"panel_style\":\"card-default\",\"parallax_easing\":\"1\",\"show_content\":true,\"show_image\":true,\"show_link\":true,\"show_meta\":true,\"show_title\":true,\"title_align\":\"top\",\"title_color\":\"emphasis\",\"title_element\":\"h3\",\"title_grid_breakpoint\":\"m\",\"title_grid_width\":\"1-2\",\"title_hover_style\":\"reset\",\"title_style\":\"h3\"},\"children\":[{\"type\":\"grid_item\",\"props\":{\"content\":\"Du suchst ein vertrauensvolles Gespr\\u00e4ch, Rat und Orientierung f\\u00fcr dein Leben? Wir sind f\\u00fcr dich da, t\\u00e4glich 6-22 Uhr!\",\"image\":\"wp-content\\\/uploads\\\/2021\\\/03\\\/bzg-cta-hotline.jpg\",\"link\":\"angebote\\\/glaubens-und-lebenshilfe-telefon\",\"panel_style\":\"card-default\",\"title\":\"GLAUBENS- & LEBENSHILFE\"}},{\"type\":\"grid_item\",\"props\":{\"content\":\"Du hast Fragen zu Gott, der Bibel und dem Glauben? Schreibe uns! Dein pers\\u00f6nlicher E-Coach beantwortet sie dir gerne.\",\"image\":\"wp-content\\\/uploads\\\/2021\\\/03\\\/bzg-cta-e.choach.jpg\",\"link\":\"angebote\\\/kontakt-mit-e-coach\",\"panel_style\":\"card-default\",\"title\":\"GOTT ERFAHREN E-COACH\"}}]}]}]}],\"name\":\"Call to Action\"},{\"type\":\"section\",\"props\":{\"image_position\":\"center-center\",\"style\":\"default\",\"title_breakpoint\":\"xl\",\"title_position\":\"top-left\",\"title_rotation\":\"left\",\"vertical_align\":\"middle\",\"width\":\"default\"},\"children\":[{\"type\":\"row\",\"children\":[{\"type\":\"column\",\"props\":{\"image_position\":\"center-center\",\"position_sticky_breakpoint\":\"m\"},\"children\":[{\"type\":\"headline\",\"props\":{\"content\":\"DAS K\\u00d6NNTE DICH AUCH INTERESSIEREN\",\"text_align\":\"center\",\"title_element\":\"h1\",\"title_style\":\"h3\"}},{\"type\":\"gallery\",\"props\":{\"filter_align\":\"left\",\"filter_all\":true,\"filter_grid_breakpoint\":\"m\",\"filter_grid_width\":\"auto\",\"filter_position\":\"top\",\"filter_style\":\"tab\",\"grid_column_gap\":\"small\",\"grid_default\":\"1\",\"grid_medium\":\"3\",\"grid_row_gap\":\"small\",\"grid_small\":\"2\",\"image_hover_box_shadow\":\"small\",\"image_orientation\":false,\"image_transition\":\"scale-up\",\"item_animation\":true,\"link_style\":\"text\",\"link_text\":\"\",\"margin\":\"default\",\"meta_align\":\"below-title\",\"meta_element\":\"div\",\"meta_style\":\"text-meta\",\"overlay_hover\":false,\"overlay_link\":true,\"overlay_mode\":\"cover\",\"overlay_position\":\"center\",\"overlay_style\":\"overlay-primary\",\"overlay_transition\":\"fade\",\"parallax_easing\":\"1\",\"show_content\":false,\"show_hover_image\":true,\"show_link\":true,\"show_meta\":false,\"show_title\":true,\"text_align\":\"center\",\"text_color\":\"light\",\"title_element\":\"h5\",\"title_hover_style\":\"reset\",\"title_style\":\"h5\"},\"children\":[{\"type\":\"gallery_item\",\"props\":{\"image\":\"wp-content\\\/uploads\\\/2021\\\/03\\\/bzg-interesse-stadt.jpg\",\"link\":\"beziehung-zu-gott\\\/was-ist-lebenserfolg\",\"title\":\"Was ist Lebenserfolg?\"}},{\"type\":\"gallery_item\",\"props\":{\"image\":\"wp-content\\\/uploads\\\/2021\\\/03\\\/bzg-interesse-bibel.jpg\",\"link\":\"beziehung-zu-gott\\\/was-ist-das-hauptanliegen-der-bibel\",\"title\":\"Was ist das Hauptanliegen der Bibel?\"}},{\"type\":\"gallery_item\",\"props\":{\"image\":\"wp-content\\\/uploads\\\/2021\\\/03\\\/bzg-interesse-herz.jpg\",\"link\":\"wege-zum-ziel\\\/sinnbilder-der-liebe-gottes\",\"title\":\"Sinnbilder der Liebe Gottes\"}},{\"type\":\"gallery_item\",\"props\":{\"image\":\"wp-content\\\/uploads\\\/2021\\\/03\\\/bzg-interesse-kreuz.jpg\",\"link\":\"beziehung-zu-gott\\\/jesus-einzigartig-und-unvergleichlich\",\"title\":\"Jesus von Nazareth\"}},{\"type\":\"gallery_item\",\"props\":{\"image\":\"wp-content\\\/uploads\\\/2021\\\/03\\\/bzg-interesse-taube.jpg\",\"link\":\"beziehung-zu-gott\\\/leben-in-der-kraft-gottes\",\"title\":\"Leben in der Kraft Gottes\"}},{\"type\":\"gallery_item\",\"props\":{\"image\":\"wp-content\\\/uploads\\\/2021\\\/03\\\/bzg-interesse-beten.jpg\",\"link\":\"zweifel-oder-glaube\\\/ich-will-gott-erleben\",\"title\":\"Ich will Gott erleben\"}}]}]}]}],\"name\":\"Weiteres Angebot\"}],\"version\":\"4.3.5\"} --><\/p>\n","protected":false},"excerpt":{"rendered":"<p>VORTR\u00c4GE \u00dcBER DANIEL GABEN DEN AUSSCHLAG Christian Wie viele in \u00d6sterreich war auch ich r\u00f6misch-katholisch. Im Firmunterricht wollte ich mehr \u00fcber Gott und die Bibel erfahren. Leider blieb ich mit meinen Fragen allein. Dennoch glaubte ich an die Existenz eines Gottes, den ich aber noch nicht kannte. W\u00e4hrend meines Jurastudiums machte ich mit einem Freund [&hellip;]<\/p>\n","protected":false},"author":3,"featured_media":49,"parent":654,"menu_order":0,"comment_status":"closed","ping_status":"closed","template":"","meta":{"_acf_changed":false,"footnotes":""},"class_list":["post-2097","page","type-page","status-publish","has-post-thumbnail","hentry"],"acf":[],"_links":{"self":[{"href":"https:\/\/gotterfahren.info\/en\/wp-json\/wp\/v2\/pages\/2097","targetHints":{"allow":["GET"]}}],"collection":[{"href":"https:\/\/gotterfahren.info\/en\/wp-json\/wp\/v2\/pages"}],"about":[{"href":"https:\/\/gotterfahren.info\/en\/wp-json\/wp\/v2\/types\/page"}],"author":[{"embeddable":true,"href":"https:\/\/gotterfahren.info\/en\/wp-json\/wp\/v2\/users\/3"}],"replies":[{"embeddable":true,"href":"https:\/\/gotterfahren.info\/en\/wp-json\/wp\/v2\/comments?post=2097"}],"version-history":[{"count":0,"href":"https:\/\/gotterfahren.info\/en\/wp-json\/wp\/v2\/pages\/2097\/revisions"}],"up":[{"embeddable":true,"href":"https:\/\/gotterfahren.info\/en\/wp-json\/wp\/v2\/pages\/654"}],"wp:featuredmedia":[{"embeddable":true,"href":"https:\/\/gotterfahren.info\/en\/wp-json\/wp\/v2\/media\/49"}],"wp:attachment":[{"href":"https:\/\/gotterfahren.info\/en\/wp-json\/wp\/v2\/media?parent=2097"}],"curies":[{"name":"wp","href":"https:\/\/api.w.org\/{rel}","templated":true}]}}