{"id":2094,"date":"2021-06-14T12:45:23","date_gmt":"2021-06-14T12:45:23","guid":{"rendered":"https:\/\/alex.gotterfahren.info\/?page_id=2094"},"modified":"2025-12-01T22:41:06","modified_gmt":"2025-12-01T22:41:06","slug":"i-had-the-feeling-i-was-coming-home","status":"publish","type":"page","link":"https:\/\/gotterfahren.info\/en\/gott-veraendert-leben\/ergreifende-lebensgeschichten\/ich-hatte-das-gefuehl-ich-komm-nach-hause","title":{"rendered":"\u201eI had the feeling I was coming home\u2019"},"content":{"rendered":"<h1>\n\u201eICH HATTE DAS GEF\u00dcHL, ICH KOMM\u2019 NACH HAUSE\u201c<\/h1>\n<div>\n<div class=\"gotterfahren-mediaplayer-container\"><audio class=\"wp-audio-shortcode\" id=\"audio-2094-1\" preload=\"none\" style=\"width: 100%;\" controls=\"controls\"><source type=\"audio\/mpeg\" src=\"\/wp-content\/uploads\/2024\/03\/LG-8.mp3?_=1\" \/><a href=\"\/wp-content\/uploads\/2024\/03\/LG-8.mp3\">\/wp-content\/uploads\/2024\/03\/LG-8.mp3<\/a><\/audio><div class=\"media-download-button\"><a href=\"\/wp-content\/uploads\/2024\/03\/LG-8.mp3\" class=\"uk-icon-button\" uk-icon=\"icon: download; ratio: 1.2\" download><\/a><\/div><\/div><\/div>\n<div>\n<div class=\"wk-gallery wk-gallery-wall clearfix polaroid \" style=\"float: left; margin-top: -10px; margin-right: 15px; margin-bottom: 15px;\">\n<div>\n<p><img loading=\"lazy\" decoding=\"async\" class=\" size-full wp-image-6241\" src=\"\/wp-content\/uploads\/2021\/06\/gvl-gott-lebt-norbert.jpg\" alt=\"Norbert\" width=\"200\" height=\"150\" \/><\/p>\n<p class=\"title\">Norbert<\/p>\n<\/div>\n<\/div>\n<p>Mit 12 wurde ich alkoholabh\u00e4ngig. Das war v\u00f6llig unspektakul\u00e4r. Ich bin auf dem Land aufgewachsen, in der N\u00e4he von Krefeld. Bei der Ernte wurde immer Bier getrunken. F\u00fcr uns Kinder war das ein Zeichen von Erwachsensein. Au\u00dferdem war ich dann nicht so sch\u00fcchtern. Mit 15 war ich schwerstabh\u00e4ngig, mit 21 lag ich auf der Stra\u00dfe. Im Delirium wurde ich ins Krankenhaus eingeliefert. Danach folgte eine Entgiftungskur nach der anderen. 1981 war ich endlich trocken. Jetzt musste ich erst einmal Verantwortung lernen. Bisher hatten immer andere f\u00fcr mich gehandelt. Ich war ja betrunken.<\/p>\n<p>Nach vier Jahren \u2014 damals war ich gerade nach Baden-W\u00fcrttemberg gezogen, weil ich dort Arbeit als Maschinenschlosser gefunden hatte \u2014 bemerkte ich in mir ein Gef\u00fchl der Leere. Bei den Anonymen Alkoholikern (AA) lernte ich jemanden kennen. der zu einem guten Freund wurde. Er war gl\u00e4ubig und erz\u00e4hlte mir: \u201eEs gibt einen Gott, und der liebt Leute wie dich.\u201c Er war es auch, der mir meine erste Bibel schenkte. In der las ich zwar, weil ich meinte, darin irgendwie Hilfe zu finden, verstand aber nichts. Eines Tages bat ich einen Pfarrer, er m\u00f6ge mir doch die Geschichte vom Hauptmann zu Kapernaum erkl\u00e4ren. \u201eWenn Sie dar\u00fcber nachdenken, werden Sie schon darauf kommen\u201c, sagte er nur und lie\u00df mich stehen.<\/p>\n<p>Ich betete dann intensiv zu Gott: \u201eWenn es Dich gibt, dann schick mir jemanden, der mir das erkl\u00e4rt.\u201c Ich wusste, dass ich nicht trocken bleiben konnte, ohne Gottes Hilfe. Drei Monate sp\u00e4ter lernte ich Angelika kennen. Ich lud sie ein, mit mir am darauffolgenden Samstag wie gewohnt auf den Wochenmarkt zu gehen. Sie wollte aber nicht. Stattdessen lud sie mich zum Gottesdienst ein. Sie war n\u00e4mlich Adventistin. Ich wei\u00df noch, wie ich damals das erste Mal in der Gemeinde war \u2014 und f\u00fcrchterlich nach Rauch stank. Aber irgendwie hatte ich das Gef\u00fchl, ich komme nach Hause \u2014 wie der verlorene Sohn. Ich wusste: Es ist okay, dass ich hier bin \u2014 egal was hinter mir liegt.<\/p>\n<p>In der Gemeinde gab es dann viele, die meine unz\u00e4hligen Fragen zur Bibel mit engelhafter Geduld erkl\u00e4rten. Niemand sagte: \u201eLass mich in Ruhe.\u201c Besonders die Sabbatschul-Klassen halfen mir sehr. Das war 1991\/92. Ein Jahr sp\u00e4ter habe ich es dann geschafft, mit dem Rauchen aufzuh\u00f6ren. Jedesmal, wenn ich den Drang versp\u00fcrte, wieder rauchen zu m\u00fcssen, betete ich: \u201eHerr\u201a bitte gib mir die Kraft, dass ich nicht mehr rauchen muss.\u201c Und jedesmal hat er mir tats\u00e4chlich die Kraft gegeben.<\/p>\n<p>Danach erhielt ich Bibelstunden. Das war eine harte Zeit. Ich wei\u00df noch, wie ich zusammen mit ihm und Angelika \u2014 wir hatten inzwischen geheiratet \u2014 auf dem Boden unseres Wohnzimmers niederkniete und wie ich Gott anflehte: \u201eHerr\u201a nimm mich doch an!\u201c Danach stand ich auf und wusste: Jetzt wird es besser. 1994 entschied ich mich zur Taufe. Zwei Jahre danach wurden meine Frau und ich gebeten, neben meiner Arbeit in der Verwaltung der Polizei Esslingen, die Suchtarbeit in der Vereinigung aufzunehmen. Und das machen wir jetzt seit 11 Jahren. Gott war mir gn\u00e4dig. Er hat meine Gebete erh\u00f6rt, mir meine Frau geschickt und mich in seine Gemeinde gef\u00fchrt.<\/p>\n<\/div>\n<ul>\n<li>\n<p><img decoding=\"async\" src=\"\/wp-content\/uploads\/2021\/03\/bzg-cta-hotline.jpg\" alt=\"\"><\/p>\n<h3>GLAUBENS- &#038; LEBENSHILFE<\/h3>\n<div>Du suchst ein vertrauensvolles Gespr\u00e4ch, Rat und Orientierung f\u00fcr dein Leben? Wir sind f\u00fcr dich da, t\u00e4glich 6-22 Uhr!<\/div>\n<p><a href=\"\/angebote\/glaubens-und-lebenshilfe-telefon\">Mehr erfahren<\/a><\/p>\n<\/li>\n<li>\n<p><img decoding=\"async\" src=\"\/wp-content\/uploads\/2021\/03\/bzg-cta-e.choach.jpg\" alt=\"\"><\/p>\n<h3>GOTT ERFAHREN E-COACH<\/h3>\n<div>Du hast Fragen zu Gott, der Bibel und dem Glauben? Schreibe uns! Dein pers\u00f6nlicher E-Coach beantwortet sie dir gerne.<\/div>\n<p><a href=\"\/angebote\/kontakt-mit-e-coach\">Mehr erfahren<\/a><\/p>\n<\/li>\n<\/ul>\n<h1>DAS K\u00d6NNTE DICH AUCH INTERESSIEREN<\/h1>\n<ul>\n<li>\n<p>        <img decoding=\"async\" src=\"\/wp-content\/uploads\/2021\/03\/bzg-interesse-stadt.jpg\" alt=\"\"><\/p>\n<h5>Was ist Lebenserfolg?<\/h5>\n<p><a href=\"\/beziehung-zu-gott\/was-ist-lebenserfolg\"><\/a><\/p>\n<\/li>\n<li>\n<p>        <img decoding=\"async\" src=\"\/wp-content\/uploads\/2021\/03\/bzg-interesse-bibel.jpg\" alt=\"\"><\/p>\n<h5>Was ist das Hauptanliegen der Bibel?<\/h5>\n<p><a href=\"\/beziehung-zu-gott\/was-ist-das-hauptanliegen-der-bibel\"><\/a><\/p>\n<\/li>\n<li>\n<p>        <img decoding=\"async\" src=\"\/wp-content\/uploads\/2021\/03\/bzg-interesse-herz.jpg\" alt=\"\"><\/p>\n<h5>Sinnbilder der Liebe Gottes<\/h5>\n<p><a href=\"\/wege-zum-ziel\/sinnbilder-der-liebe-gottes\"><\/a><\/p>\n<\/li>\n<li>\n<p>        <img decoding=\"async\" src=\"\/wp-content\/uploads\/2021\/03\/bzg-interesse-kreuz.jpg\" alt=\"\"><\/p>\n<h5>Jesus von Nazareth<\/h5>\n<p><a href=\"\/beziehung-zu-gott\/jesus-einzigartig-und-unvergleichlich\"><\/a><\/p>\n<\/li>\n<li>\n<p>        <img decoding=\"async\" src=\"\/wp-content\/uploads\/2021\/03\/bzg-interesse-taube.jpg\" alt=\"\"><\/p>\n<h5>Leben in der Kraft Gottes<\/h5>\n<p><a href=\"\/beziehung-zu-gott\/leben-in-der-kraft-gottes\"><\/a><\/p>\n<\/li>\n<li>\n<p>        <img decoding=\"async\" src=\"\/wp-content\/uploads\/2021\/03\/bzg-interesse-beten.jpg\" alt=\"\"><\/p>\n<h5>Ich will Gott erleben<\/h5>\n<p><a href=\"\/zweifel-oder-glaube\/ich-will-gott-erleben\"><\/a><\/p>\n<\/li>\n<\/ul>\n<p><!--more--><br \/>\n<!-- {\"name\":\"Gott lebt \\u2013 Lebensgeschichten Article\",\"type\":\"layout\",\"children\":[{\"type\":\"section\",\"props\":{\"class\":\"banner-normal\",\"image\":\"wp-content\\\/uploads\\\/2021\\\/03\\\/home-banner-05.jpeg\",\"image_position\":\"center-center\",\"image_size\":\"cover\",\"padding\":\"xlarge\",\"style\":\"default\",\"title_breakpoint\":\"xl\",\"title_position\":\"top-left\",\"title_rotation\":\"left\",\"vertical_align\":\"middle\",\"width\":\"\"},\"children\":[{\"type\":\"row\",\"children\":[{\"type\":\"column\",\"props\":{\"image_position\":\"center-center\",\"position_sticky_breakpoint\":\"m\"}}]}],\"name\":\"Banner\",\"modified\":\"2021-03-23T16:02:54.885Z\"},{\"type\":\"section\",\"props\":{\"image_position\":\"center-center\",\"padding_remove_top\":false,\"style\":\"default\",\"title_breakpoint\":\"xl\",\"title_position\":\"top-left\",\"title_rotation\":\"left\",\"vertical_align\":\"middle\",\"width\":\"default\"},\"children\":[{\"type\":\"row\",\"children\":[{\"type\":\"column\",\"props\":{\"image_position\":\"center-center\",\"position_sticky_breakpoint\":\"m\"},\"children\":[{\"type\":\"breadcrumbs\",\"props\":{\"home_text\":\"GOTT ERFAHREN\",\"show_current\":true,\"show_home\":true,\"visibility\":\"s\"}}]}]},{\"type\":\"row\",\"children\":[{\"type\":\"column\",\"props\":{\"image_position\":\"center-center\",\"position_sticky_breakpoint\":\"m\"},\"children\":[{\"type\":\"headline\",\"props\":{\"content\":\"\\n\\u201eICH HATTE DAS GEF\\u00dcHL, ICH KOMM\\u2019 NACH HAUSE\\u201c\",\"margin_remove_bottom\":true,\"title_element\":\"h1\",\"title_style\":\"h1\"}}]}],\"props\":{\"margin\":\"default\"}},{\"type\":\"row\",\"children\":[{\"type\":\"column\",\"props\":{\"image_position\":\"center-center\",\"position_sticky_breakpoint\":\"m\"},\"children\":[{\"type\":\"html\",\"props\":{\"content\":\"[audio mp3=\\\"\\\/wp-content\\\/uploads\\\/2024\\\/03\\\/LG-8.mp3\\\"][\\\/audio]\"},\"name\":\"Audio (DE)\"}]}],\"props\":{\"class\":\"de-only\",\"margin\":\"default\"}},{\"type\":\"row\",\"children\":[{\"type\":\"column\",\"props\":{\"image_position\":\"center-center\",\"position_sticky_breakpoint\":\"m\"},\"children\":[{\"type\":\"html\",\"props\":{\"content\":\"\n\n<div class=\\\"wk-gallery wk-gallery-wall clearfix polaroid \\\" style=\\\"float: left; margin-top: -10px; margin-right: 15px; margin-bottom: 15px;\\\">\\n\n\n<div>\\n\\n<img class=\\\" size-full wp-image-6241\\\" src=\\\"wp-content\\\/uploads\\\/2021\\\/06\\\/gvl-gott-lebt-norbert.jpg\\\" alt=\\\"Norbert\\\" width=\\\"200\\\" height=\\\"150\\\" \\\/>\\n\n\n<p class=\\\"title\\\">Norbert<\\\/p>\\n\\n<\\\/div>\\n<\\\/div>\\n\n\n<p>Mit 12 wurde ich alkoholabh\\u00e4ngig. Das war v\\u00f6llig unspektakul\\u00e4r. Ich bin auf dem Land aufgewachsen, in der N\\u00e4he von Krefeld. Bei der Ernte wurde immer Bier getrunken. F\\u00fcr uns Kinder war das ein Zeichen von Erwachsensein. Au\\u00dferdem war ich dann nicht so sch\\u00fcchtern. Mit 15 war ich schwerstabh\\u00e4ngig, mit 21 lag ich auf der Stra\\u00dfe. Im Delirium wurde ich ins Krankenhaus eingeliefert. Danach folgte eine Entgiftungskur nach der anderen. 1981 war ich endlich trocken. Jetzt musste ich erst einmal Verantwortung lernen. Bisher hatten immer andere f\\u00fcr mich gehandelt. Ich war ja betrunken.<\\\/p>\\n\\n\n\n<p>Nach vier Jahren \\u2014 damals war ich gerade nach Baden-W\\u00fcrttemberg gezogen, weil ich dort Arbeit als Maschinenschlosser gefunden hatte \\u2014 bemerkte ich in mir ein Gef\\u00fchl der Leere. Bei den Anonymen Alkoholikern (AA) lernte ich jemanden kennen. der zu einem guten Freund wurde. Er war gl\\u00e4ubig und erz\\u00e4hlte mir: \\u201eEs gibt einen Gott, und der liebt Leute wie dich.\\u201c Er war es auch, der mir meine erste Bibel schenkte. In der las ich zwar, weil ich meinte, darin irgendwie Hilfe zu finden, verstand aber nichts. Eines Tages bat ich einen Pfarrer, er m\\u00f6ge mir doch die Geschichte vom Hauptmann zu Kapernaum erkl\\u00e4ren. \\u201eWenn Sie dar\\u00fcber nachdenken, werden Sie schon darauf kommen\\u201c, sagte er nur und lie\\u00df mich stehen.<\\\/p>\\n\\n\n\n<p>Ich betete dann intensiv zu Gott: \\u201eWenn es Dich gibt, dann schick mir jemanden, der mir das erkl\\u00e4rt.\\u201c Ich wusste, dass ich nicht trocken bleiben konnte, ohne Gottes Hilfe. Drei Monate sp\\u00e4ter lernte ich Angelika kennen. Ich lud sie ein, mit mir am darauffolgenden Samstag wie gewohnt auf den Wochenmarkt zu gehen. Sie wollte aber nicht. Stattdessen lud sie mich zum Gottesdienst ein. Sie war n\\u00e4mlich Adventistin. Ich wei\\u00df noch, wie ich damals das erste Mal in der Gemeinde war \\u2014 und f\\u00fcrchterlich nach Rauch stank. Aber irgendwie hatte ich das Gef\\u00fchl, ich komme nach Hause \\u2014 wie der verlorene Sohn. Ich wusste: Es ist okay, dass ich hier bin \\u2014 egal was hinter mir liegt.<\\\/p>\\n\\n\n\n<p>In der Gemeinde gab es dann viele, die meine unz\\u00e4hligen Fragen zur Bibel mit engelhafter Geduld erkl\\u00e4rten. Niemand sagte: \\u201eLass mich in Ruhe.\\u201c Besonders die Sabbatschul-Klassen halfen mir sehr. Das war 1991\\\/92. Ein Jahr sp\\u00e4ter habe ich es dann geschafft, mit dem Rauchen aufzuh\\u00f6ren. Jedesmal, wenn ich den Drang versp\\u00fcrte, wieder rauchen zu m\\u00fcssen, betete ich: \\u201eHerr\\u201a bitte gib mir die Kraft, dass ich nicht mehr rauchen muss.\\u201c Und jedesmal hat er mir tats\\u00e4chlich die Kraft gegeben.<\\\/p>\\n\\n\n\n<p>Danach erhielt ich Bibelstunden. Das war eine harte Zeit. Ich wei\\u00df noch, wie ich zusammen mit ihm und Angelika \\u2014 wir hatten inzwischen geheiratet \\u2014 auf dem Boden unseres Wohnzimmers niederkniete und wie ich Gott anflehte: \\u201eHerr\\u201a nimm mich doch an!\\u201c Danach stand ich auf und wusste: Jetzt wird es besser. 1994 entschied ich mich zur Taufe. Zwei Jahre danach wurden meine Frau und ich gebeten, neben meiner Arbeit in der Verwaltung der Polizei Esslingen, die Suchtarbeit in der Vereinigung aufzunehmen. Und das machen wir jetzt seit 11 Jahren. Gott war mir gn\\u00e4dig. Er hat meine Gebete erh\\u00f6rt, mir meine Frau geschickt und mich in seine Gemeinde gef\\u00fchrt.<\\\/p>\"}}]}],\"props\":{\"class\":\"article-leben\",\"margin\":\"default\"}}],\"name\":\"Inhalt\"},{\"type\":\"section\",\"props\":{\"class\":\"de-only\",\"image_position\":\"center-center\",\"style\":\"default\",\"title_breakpoint\":\"xl\",\"title_position\":\"top-left\",\"title_rotation\":\"left\",\"vertical_align\":\"middle\",\"width\":\"small\"},\"children\":[{\"type\":\"row\",\"children\":[{\"type\":\"column\",\"props\":{\"image_position\":\"center-center\",\"position_sticky_breakpoint\":\"m\"},\"children\":[{\"type\":\"grid\",\"props\":{\"content_column_breakpoint\":\"m\",\"filter_align\":\"left\",\"filter_all\":true,\"filter_grid_breakpoint\":\"m\",\"filter_grid_width\":\"auto\",\"filter_position\":\"top\",\"filter_style\":\"tab\",\"grid_default\":\"1\",\"grid_medium\":\"2\",\"grid_small\":\"2\",\"icon_width\":80,\"image_align\":\"top\",\"image_grid_breakpoint\":\"m\",\"image_grid_width\":\"1-2\",\"image_svg_color\":\"emphasis\",\"item_animation\":true,\"link_style\":\"secondary\",\"link_text\":\"Mehr erfahren\",\"margin\":\"default\",\"meta_align\":\"below-title\",\"meta_element\":\"div\",\"meta_style\":\"text-meta\",\"panel_image_no_padding\":true,\"panel_link\":true,\"panel_padding\":\"default\",\"panel_style\":\"card-default\",\"parallax_easing\":\"1\",\"show_content\":true,\"show_image\":true,\"show_link\":true,\"show_meta\":true,\"show_title\":true,\"title_align\":\"top\",\"title_color\":\"emphasis\",\"title_element\":\"h3\",\"title_grid_breakpoint\":\"m\",\"title_grid_width\":\"1-2\",\"title_hover_style\":\"reset\",\"title_style\":\"h3\"},\"children\":[{\"type\":\"grid_item\",\"props\":{\"content\":\"Du suchst ein vertrauensvolles Gespr\\u00e4ch, Rat und Orientierung f\\u00fcr dein Leben? Wir sind f\\u00fcr dich da, t\\u00e4glich 6-22 Uhr!\",\"image\":\"wp-content\\\/uploads\\\/2021\\\/03\\\/bzg-cta-hotline.jpg\",\"link\":\"angebote\\\/glaubens-und-lebenshilfe-telefon\",\"panel_style\":\"card-default\",\"title\":\"GLAUBENS- & LEBENSHILFE\"}},{\"type\":\"grid_item\",\"props\":{\"content\":\"Du hast Fragen zu Gott, der Bibel und dem Glauben? Schreibe uns! Dein pers\\u00f6nlicher E-Coach beantwortet sie dir gerne.\",\"image\":\"wp-content\\\/uploads\\\/2021\\\/03\\\/bzg-cta-e.choach.jpg\",\"link\":\"angebote\\\/kontakt-mit-e-coach\",\"panel_style\":\"card-default\",\"title\":\"GOTT ERFAHREN E-COACH\"}}]}]}]}],\"name\":\"Call to Action\"},{\"type\":\"section\",\"props\":{\"image_position\":\"center-center\",\"style\":\"default\",\"title_breakpoint\":\"xl\",\"title_position\":\"top-left\",\"title_rotation\":\"left\",\"vertical_align\":\"middle\",\"width\":\"default\"},\"children\":[{\"type\":\"row\",\"children\":[{\"type\":\"column\",\"props\":{\"image_position\":\"center-center\",\"position_sticky_breakpoint\":\"m\"},\"children\":[{\"type\":\"headline\",\"props\":{\"content\":\"DAS K\\u00d6NNTE DICH AUCH INTERESSIEREN\",\"text_align\":\"center\",\"title_element\":\"h1\",\"title_style\":\"h3\"}},{\"type\":\"gallery\",\"props\":{\"filter_align\":\"left\",\"filter_all\":true,\"filter_grid_breakpoint\":\"m\",\"filter_grid_width\":\"auto\",\"filter_position\":\"top\",\"filter_style\":\"tab\",\"grid_column_gap\":\"small\",\"grid_default\":\"1\",\"grid_medium\":\"3\",\"grid_row_gap\":\"small\",\"grid_small\":\"2\",\"image_hover_box_shadow\":\"small\",\"image_orientation\":false,\"image_transition\":\"scale-up\",\"item_animation\":true,\"link_style\":\"text\",\"link_text\":\"\",\"margin\":\"default\",\"meta_align\":\"below-title\",\"meta_element\":\"div\",\"meta_style\":\"text-meta\",\"overlay_hover\":false,\"overlay_link\":true,\"overlay_mode\":\"cover\",\"overlay_position\":\"center\",\"overlay_style\":\"overlay-primary\",\"overlay_transition\":\"fade\",\"parallax_easing\":\"1\",\"show_content\":false,\"show_hover_image\":true,\"show_link\":true,\"show_meta\":false,\"show_title\":true,\"text_align\":\"center\",\"text_color\":\"light\",\"title_element\":\"h5\",\"title_hover_style\":\"reset\",\"title_style\":\"h5\"},\"children\":[{\"type\":\"gallery_item\",\"props\":{\"image\":\"wp-content\\\/uploads\\\/2021\\\/03\\\/bzg-interesse-stadt.jpg\",\"link\":\"beziehung-zu-gott\\\/was-ist-lebenserfolg\",\"title\":\"Was ist Lebenserfolg?\"}},{\"type\":\"gallery_item\",\"props\":{\"image\":\"wp-content\\\/uploads\\\/2021\\\/03\\\/bzg-interesse-bibel.jpg\",\"link\":\"beziehung-zu-gott\\\/was-ist-das-hauptanliegen-der-bibel\",\"title\":\"Was ist das Hauptanliegen der Bibel?\"}},{\"type\":\"gallery_item\",\"props\":{\"image\":\"wp-content\\\/uploads\\\/2021\\\/03\\\/bzg-interesse-herz.jpg\",\"link\":\"wege-zum-ziel\\\/sinnbilder-der-liebe-gottes\",\"title\":\"Sinnbilder der Liebe Gottes\"}},{\"type\":\"gallery_item\",\"props\":{\"image\":\"wp-content\\\/uploads\\\/2021\\\/03\\\/bzg-interesse-kreuz.jpg\",\"link\":\"beziehung-zu-gott\\\/jesus-einzigartig-und-unvergleichlich\",\"title\":\"Jesus von Nazareth\"}},{\"type\":\"gallery_item\",\"props\":{\"image\":\"wp-content\\\/uploads\\\/2021\\\/03\\\/bzg-interesse-taube.jpg\",\"link\":\"beziehung-zu-gott\\\/leben-in-der-kraft-gottes\",\"title\":\"Leben in der Kraft Gottes\"}},{\"type\":\"gallery_item\",\"props\":{\"image\":\"wp-content\\\/uploads\\\/2021\\\/03\\\/bzg-interesse-beten.jpg\",\"link\":\"zweifel-oder-glaube\\\/ich-will-gott-erleben\",\"title\":\"Ich will Gott erleben\"}}]}]}]}],\"name\":\"Weiteres Angebot\"}],\"version\":\"4.3.5\"} --><\/p>\n","protected":false},"excerpt":{"rendered":"<p>\u201eICH HATTE DAS GEF\u00dcHL, ICH KOMM\u2019 NACH HAUSE\u201c Norbert Mit 12 wurde ich alkoholabh\u00e4ngig. Das war v\u00f6llig unspektakul\u00e4r. Ich bin auf dem Land aufgewachsen, in der N\u00e4he von Krefeld. Bei der Ernte wurde immer Bier getrunken. F\u00fcr uns Kinder war das ein Zeichen von Erwachsensein. Au\u00dferdem war ich dann nicht so sch\u00fcchtern. Mit 15 war [&hellip;]<\/p>\n","protected":false},"author":3,"featured_media":49,"parent":654,"menu_order":0,"comment_status":"closed","ping_status":"closed","template":"","meta":{"_acf_changed":false,"footnotes":""},"class_list":["post-2094","page","type-page","status-publish","has-post-thumbnail","hentry"],"acf":[],"_links":{"self":[{"href":"https:\/\/gotterfahren.info\/en\/wp-json\/wp\/v2\/pages\/2094","targetHints":{"allow":["GET"]}}],"collection":[{"href":"https:\/\/gotterfahren.info\/en\/wp-json\/wp\/v2\/pages"}],"about":[{"href":"https:\/\/gotterfahren.info\/en\/wp-json\/wp\/v2\/types\/page"}],"author":[{"embeddable":true,"href":"https:\/\/gotterfahren.info\/en\/wp-json\/wp\/v2\/users\/3"}],"replies":[{"embeddable":true,"href":"https:\/\/gotterfahren.info\/en\/wp-json\/wp\/v2\/comments?post=2094"}],"version-history":[{"count":0,"href":"https:\/\/gotterfahren.info\/en\/wp-json\/wp\/v2\/pages\/2094\/revisions"}],"up":[{"embeddable":true,"href":"https:\/\/gotterfahren.info\/en\/wp-json\/wp\/v2\/pages\/654"}],"wp:featuredmedia":[{"embeddable":true,"href":"https:\/\/gotterfahren.info\/en\/wp-json\/wp\/v2\/media\/49"}],"wp:attachment":[{"href":"https:\/\/gotterfahren.info\/en\/wp-json\/wp\/v2\/media?parent=2094"}],"curies":[{"name":"wp","href":"https:\/\/api.w.org\/{rel}","templated":true}]}}