{"id":2088,"date":"2021-06-14T12:35:34","date_gmt":"2021-06-14T12:35:34","guid":{"rendered":"https:\/\/alex.gotterfahren.info\/?page_id=2088"},"modified":"2025-12-01T22:39:34","modified_gmt":"2025-12-01T22:39:34","slug":"the-voice-kept-coming-back","status":"publish","type":"page","link":"https:\/\/gotterfahren.info\/en\/gott-veraendert-leben\/ergreifende-lebensgeschichten\/die-stimme-meldete-sich-immer-wieder","title":{"rendered":"\u201eThe voice kept coming back\u201d"},"content":{"rendered":"<h1>\u201eDIE STIMME MELDETE SICH IMMER WIEDER\u201d<\/h1>\n<div>\n<div class=\"gotterfahren-mediaplayer-container\"><audio class=\"wp-audio-shortcode\" id=\"audio-2088-1\" preload=\"none\" style=\"width: 100%;\" controls=\"controls\"><source type=\"audio\/mpeg\" src=\"\/wp-content\/uploads\/2024\/03\/LG-6.mp3?_=1\" \/><a href=\"\/wp-content\/uploads\/2024\/03\/LG-6.mp3\">\/wp-content\/uploads\/2024\/03\/LG-6.mp3<\/a><\/audio><div class=\"media-download-button\"><a href=\"\/wp-content\/uploads\/2024\/03\/LG-6.mp3\" class=\"uk-icon-button\" uk-icon=\"icon: download; ratio: 1.2\" download><\/a><\/div><\/div><\/div>\n<div>\n<div class=\"wk-gallery wk-gallery-wall clearfix polaroid \" style=\"float: left; margin-top: -10px; margin-right: 15px; margin-bottom: 15px;\">\n<div>\n<p><img loading=\"lazy\" decoding=\"async\" class=\" size-full wp-image-6239\" src=\"\/wp-content\/uploads\/2021\/06\/gvl-gott-lebt-bernd.jpg\" alt=\"Bernd\" width=\"200\" height=\"150\" \/><\/p>\n<p class=\"title\">Bernd<\/p>\n<\/div>\n<\/div>\n<p>Die Kerzen am Weihnachtsbaum flackerten, das Heu aus der \u00fcbergro\u00dfen Krippe duftete, und die Kirche war voll mit Menschen. Ihre Augen gl\u00e4nzten in vorweihnachtlicher Freude. Gemeinsam sangen wir die allgemein bekannten Weihnachtslieder. Wie jedes Jahr um diese Zeit war ich mit Begeisterung dabei. Es war der einzige Anlass, an dem meine Eltern mit mir jedes Jahr zusammen einen Gottesdienst besuchten. Doch dieses Mal war es nicht nur die Festlichkeit, die mich ansprach. Mir kam eine Frage in den Sinn, die mich nicht mehr loslie\u00df: Jedes Jahr wird von Jesus erz\u00e4hlt, von den Hirten und den Weisen. Die Geschichte schien wichtig zu sein. Aber wer ist dieser Jesus Christus? Und was hat er mit mir zu tun?<\/p>\n<p>Als wir an diesem Abend nach Hause kamen, stellte ich meinem Vater genau diese Fragen. Doch er konnte mir keine Antwort geben. Zwei Jahre sp\u00e4ter sagte er dann zu mir: \u201eDu wolltest doch wissen, wer Jesus Christus ist. Jetzt bist du 14 und kannst in den Konfirmationsunterricht gehen. M\u00f6chtest Du das?&#8220; Nat\u00fcrlich wollte ich! Und so besuchte ich ab da regelm\u00e4\u00dfig den Konfirmationsunterricht.<\/p>\n<p>Aber auch hier erfuhr ich nicht, wer Jesus Christus ist. Wir lasen kaum in der Bibel. Also nahm ich mir vor, selbst in der Bibel zu lesen. Ich fing vorne an. \u00dcber Jesus fand ich dort nat\u00fcrlich nichts. Als ich dann zum ersten Geschlechtsregister kam, war mein Interesse beendet.<\/p>\n<p>An dieser Stelle k\u00f6nnte meine Geschichte zu Ende sein. Aber genau hier griff Gott ein. Ich sa\u00df morgens im Bus auf dem Weg zur Schule. Pl\u00f6tzlich h\u00f6rte ich eine Stimme, die deutlich zu mir sagte: \u201eDu wolltest doch in der Bibel lesen!&#8220; Ich fuhr zusammen und sah mich um. Aber von den Anwesenden schien es keiner gewesen zu sein, der mich da angesprochen hatte. Ich entschloss mich jedoch, noch einmal mit der Bibel anzufangen. Ein paar Minuten sp\u00e4ter hatte ich diesen Entschluss aber wieder vergessen. Doch die Stimme meldete sich immer wieder \u2014 etwa wenn ich vor meinem B\u00fccherregal stand. Also versuchte ich es noch einmal. Doch wieder blieb ich an einer langweiligen Stelle stecken.<\/p>\n<p>Dieses Spiel wiederholte sich mehrere Male. Dann zogen meine Eltern und ich von Berlin nach Darmstadt. Ich war inzwischen 19 Jahre alt und hatte eine Lehre als Landschaftsg\u00e4rtner begonnen. Eines Tages, als ich wieder einmal vor meinem B\u00fccherregal stand, meldete sich die Stimme nach l\u00e4ngerer Pause zur\u00fcck: \u201eDu wolltest doch in der Bibel lesen!&#8220; Diesmal fing ich an, mit dieser Stimme zu diskutieren. \u201eJawohl, ich wollte! Aber ich schaffe es nicht!&#8220; Und die Stimme sagte zum allerersten Mal etwas anderes. Sie sagte: \u201eEs muss doch Menschen geben, die dir helfen k\u00f6nnen!&#8220; Diese Antwort lie\u00df mich verstummen. Wen kannte ich denn, der mir helfen konnte? Ich \u00fcberlegte: Meine Arbeitskollegen? Nachbarn? Irgendein Pfarrer?<\/p>\n<p>Genau drei Minuten nach meiner Frage klingelte es an der T\u00fcr. Ein Mann sammelte f\u00fcr ein Kinderhilfswerk. Au\u00dferdem gab er mir eine Gutscheinkarte f\u00fcr ein kostenloses Bibelfernstudium bei der \u201eStimme der Hoffnung&#8220;. Das war der Wendepunkt in meinem Leben. Nun erfuhr ich, wer Jesus Christus ist, dass mein Leben einen Sinn und eine Zukunft hat. Ich besuchte eine Evangelisation, erhielt Bibelstunden, \u00fcbergab mein Leben an Jesus Christus und wurde 18 Monate sp\u00e4ter getauft.<\/p>\n<\/div>\n<ul>\n<li>\n<p><img decoding=\"async\" src=\"\/wp-content\/uploads\/2021\/03\/bzg-cta-hotline.jpg\" alt=\"\"><\/p>\n<h3>GLAUBENS- &#038; LEBENSHILFE<\/h3>\n<div>Du suchst ein vertrauensvolles Gespr\u00e4ch, Rat und Orientierung f\u00fcr dein Leben? Wir sind f\u00fcr dich da, t\u00e4glich 6-22 Uhr!<\/div>\n<p><a href=\"\/angebote\/glaubens-und-lebenshilfe-telefon\">Mehr erfahren<\/a><\/p>\n<\/li>\n<li>\n<p><img decoding=\"async\" src=\"\/wp-content\/uploads\/2021\/03\/bzg-cta-e.choach.jpg\" alt=\"\"><\/p>\n<h3>GOTT ERFAHREN E-COACH<\/h3>\n<div>Du hast Fragen zu Gott, der Bibel und dem Glauben? Schreibe uns! Dein pers\u00f6nlicher E-Coach beantwortet sie dir gerne.<\/div>\n<p><a href=\"\/angebote\/kontakt-mit-e-coach\">Mehr erfahren<\/a><\/p>\n<\/li>\n<\/ul>\n<h1>DAS K\u00d6NNTE DICH AUCH INTERESSIEREN<\/h1>\n<ul>\n<li>\n<p>        <img decoding=\"async\" src=\"\/wp-content\/uploads\/2021\/03\/bzg-interesse-stadt.jpg\" alt=\"\"><\/p>\n<h5>Was ist Lebenserfolg?<\/h5>\n<p><a href=\"\/beziehung-zu-gott\/was-ist-lebenserfolg\"><\/a><\/p>\n<\/li>\n<li>\n<p>        <img decoding=\"async\" src=\"\/wp-content\/uploads\/2021\/03\/bzg-interesse-bibel.jpg\" alt=\"\"><\/p>\n<h5>Was ist das Hauptanliegen der Bibel?<\/h5>\n<p><a href=\"\/beziehung-zu-gott\/was-ist-das-hauptanliegen-der-bibel\"><\/a><\/p>\n<\/li>\n<li>\n<p>        <img decoding=\"async\" src=\"\/wp-content\/uploads\/2021\/03\/bzg-interesse-herz.jpg\" alt=\"\"><\/p>\n<h5>Sinnbilder der Liebe Gottes<\/h5>\n<p><a href=\"\/wege-zum-ziel\/sinnbilder-der-liebe-gottes\"><\/a><\/p>\n<\/li>\n<li>\n<p>        <img decoding=\"async\" src=\"\/wp-content\/uploads\/2021\/03\/bzg-interesse-kreuz.jpg\" alt=\"\"><\/p>\n<h5>Jesus von Nazareth<\/h5>\n<p><a href=\"\/beziehung-zu-gott\/jesus-einzigartig-und-unvergleichlich\"><\/a><\/p>\n<\/li>\n<li>\n<p>        <img decoding=\"async\" src=\"\/wp-content\/uploads\/2021\/03\/bzg-interesse-taube.jpg\" alt=\"\"><\/p>\n<h5>Leben in der Kraft Gottes<\/h5>\n<p><a href=\"\/beziehung-zu-gott\/leben-in-der-kraft-gottes\"><\/a><\/p>\n<\/li>\n<li>\n<p>        <img decoding=\"async\" src=\"\/wp-content\/uploads\/2021\/03\/bzg-interesse-beten.jpg\" alt=\"\"><\/p>\n<h5>Ich will Gott erleben<\/h5>\n<p><a href=\"\/zweifel-oder-glaube\/ich-will-gott-erleben\"><\/a><\/p>\n<\/li>\n<\/ul>\n<p><!--more--><br \/>\n<!-- {\"name\":\"Gott lebt \\u2013 Lebensgeschichten Article\",\"type\":\"layout\",\"children\":[{\"type\":\"section\",\"props\":{\"class\":\"banner-normal\",\"image\":\"wp-content\\\/uploads\\\/2021\\\/03\\\/home-banner-05.jpeg\",\"image_position\":\"center-center\",\"image_size\":\"cover\",\"padding\":\"xlarge\",\"style\":\"default\",\"title_breakpoint\":\"xl\",\"title_position\":\"top-left\",\"title_rotation\":\"left\",\"vertical_align\":\"middle\",\"width\":\"\"},\"children\":[{\"type\":\"row\",\"children\":[{\"type\":\"column\",\"props\":{\"image_position\":\"center-center\",\"position_sticky_breakpoint\":\"m\"}}]}],\"name\":\"Banner\",\"modified\":\"2021-03-23T16:02:54.885Z\"},{\"type\":\"section\",\"props\":{\"image_position\":\"center-center\",\"padding_remove_top\":false,\"style\":\"default\",\"title_breakpoint\":\"xl\",\"title_position\":\"top-left\",\"title_rotation\":\"left\",\"vertical_align\":\"middle\",\"width\":\"default\"},\"children\":[{\"type\":\"row\",\"children\":[{\"type\":\"column\",\"props\":{\"image_position\":\"center-center\",\"position_sticky_breakpoint\":\"m\"},\"children\":[{\"type\":\"breadcrumbs\",\"props\":{\"home_text\":\"GOTT ERFAHREN\",\"show_current\":true,\"show_home\":true,\"visibility\":\"s\"}}]}]},{\"type\":\"row\",\"children\":[{\"type\":\"column\",\"props\":{\"image_position\":\"center-center\",\"position_sticky_breakpoint\":\"m\"},\"children\":[{\"type\":\"headline\",\"props\":{\"content\":\"\\u201eDIE STIMME MELDETE SICH IMMER WIEDER\\u201d\",\"margin_remove_bottom\":true,\"title_element\":\"h1\",\"title_style\":\"h1\"}}]}],\"props\":{\"margin\":\"default\"}},{\"type\":\"row\",\"children\":[{\"type\":\"column\",\"props\":{\"image_position\":\"center-center\",\"position_sticky_breakpoint\":\"m\"},\"children\":[{\"type\":\"html\",\"props\":{\"content\":\"[audio mp3=\\\"\\\/wp-content\\\/uploads\\\/2024\\\/03\\\/LG-6.mp3\\\"][\\\/audio]\"},\"name\":\"Audio (DE)\"}]}],\"props\":{\"class\":\"de-only\",\"margin\":\"default\"}},{\"type\":\"row\",\"children\":[{\"type\":\"column\",\"props\":{\"image_position\":\"center-center\",\"position_sticky_breakpoint\":\"m\"},\"children\":[{\"type\":\"html\",\"props\":{\"content\":\"\n\n<div class=\\\"wk-gallery wk-gallery-wall clearfix polaroid \\\" style=\\\"float: left; margin-top: -10px; margin-right: 15px; margin-bottom: 15px;\\\">\\n\n\n<div>\\n\\n<img class=\\\" size-full wp-image-6239\\\" src=\\\"wp-content\\\/uploads\\\/2021\\\/06\\\/gvl-gott-lebt-bernd.jpg\\\" alt=\\\"Bernd\\\" width=\\\"200\\\" height=\\\"150\\\" \\\/>\\n\n\n<p class=\\\"title\\\">Bernd<\\\/p>\\n\\n<\\\/div>\\n<\\\/div>\\n\n\n<p>Die Kerzen am Weihnachtsbaum flackerten, das Heu aus der \\u00fcbergro\\u00dfen Krippe duftete, und die Kirche war voll mit Menschen. Ihre Augen gl\\u00e4nzten in vorweihnachtlicher Freude. Gemeinsam sangen wir die allgemein bekannten Weihnachtslieder. Wie jedes Jahr um diese Zeit war ich mit Begeisterung dabei. Es war der einzige Anlass, an dem meine Eltern mit mir jedes Jahr zusammen einen Gottesdienst besuchten. Doch dieses Mal war es nicht nur die Festlichkeit, die mich ansprach. Mir kam eine Frage in den Sinn, die mich nicht mehr loslie\\u00df: Jedes Jahr wird von Jesus erz\\u00e4hlt, von den Hirten und den Weisen. Die Geschichte schien wichtig zu sein. Aber wer ist dieser Jesus Christus? Und was hat er mit mir zu tun?<\\\/p>\\n\\n\n\n<p>Als wir an diesem Abend nach Hause kamen, stellte ich meinem Vater genau diese Fragen. Doch er konnte mir keine Antwort geben. Zwei Jahre sp\\u00e4ter sagte er dann zu mir: \\u201eDu wolltest doch wissen, wer Jesus Christus ist. Jetzt bist du 14 und kannst in den Konfirmationsunterricht gehen. M\\u00f6chtest Du das?\\\" Nat\\u00fcrlich wollte ich! Und so besuchte ich ab da regelm\\u00e4\\u00dfig den Konfirmationsunterricht.<\\\/p>\\n\\n\n\n<p>Aber auch hier erfuhr ich nicht, wer Jesus Christus ist. Wir lasen kaum in der Bibel. Also nahm ich mir vor, selbst in der Bibel zu lesen. Ich fing vorne an. \\u00dcber Jesus fand ich dort nat\\u00fcrlich nichts. Als ich dann zum ersten Geschlechtsregister kam, war mein Interesse beendet.<\\\/p>\\n\\n\n\n<p>An dieser Stelle k\\u00f6nnte meine Geschichte zu Ende sein. Aber genau hier griff Gott ein. Ich sa\\u00df morgens im Bus auf dem Weg zur Schule. Pl\\u00f6tzlich h\\u00f6rte ich eine Stimme, die deutlich zu mir sagte: \\u201eDu wolltest doch in der Bibel lesen!\\\" Ich fuhr zusammen und sah mich um. Aber von den Anwesenden schien es keiner gewesen zu sein, der mich da angesprochen hatte. Ich entschloss mich jedoch, noch einmal mit der Bibel anzufangen. Ein paar Minuten sp\\u00e4ter hatte ich diesen Entschluss aber wieder vergessen. Doch die Stimme meldete sich immer wieder \\u2014 etwa wenn ich vor meinem B\\u00fccherregal stand. Also versuchte ich es noch einmal. Doch wieder blieb ich an einer langweiligen Stelle stecken.<\\\/p>\\n\\n\n\n<p>Dieses Spiel wiederholte sich mehrere Male. Dann zogen meine Eltern und ich von Berlin nach Darmstadt. Ich war inzwischen 19 Jahre alt und hatte eine Lehre als Landschaftsg\\u00e4rtner begonnen. Eines Tages, als ich wieder einmal vor meinem B\\u00fccherregal stand, meldete sich die Stimme nach l\\u00e4ngerer Pause zur\\u00fcck: \\u201eDu wolltest doch in der Bibel lesen!\\\" Diesmal fing ich an, mit dieser Stimme zu diskutieren. \\u201eJawohl, ich wollte! Aber ich schaffe es nicht!\\\" Und die Stimme sagte zum allerersten Mal etwas anderes. Sie sagte: \\u201eEs muss doch Menschen geben, die dir helfen k\\u00f6nnen!\\\" Diese Antwort lie\\u00df mich verstummen. Wen kannte ich denn, der mir helfen konnte? Ich \\u00fcberlegte: Meine Arbeitskollegen? Nachbarn? Irgendein Pfarrer?<\\\/p>\\n\\n\n\n<p>Genau drei Minuten nach meiner Frage klingelte es an der T\\u00fcr. Ein Mann sammelte f\\u00fcr ein Kinderhilfswerk. Au\\u00dferdem gab er mir eine Gutscheinkarte f\\u00fcr ein kostenloses Bibelfernstudium bei der \\u201eStimme der Hoffnung\\\". Das war der Wendepunkt in meinem Leben. Nun erfuhr ich, wer Jesus Christus ist, dass mein Leben einen Sinn und eine Zukunft hat. Ich besuchte eine Evangelisation, erhielt Bibelstunden, \\u00fcbergab mein Leben an Jesus Christus und wurde 18 Monate sp\\u00e4ter getauft.<\\\/p>\"}}]}],\"props\":{\"class\":\"article-leben\",\"margin\":\"default\"}}],\"name\":\"Inhalt\"},{\"type\":\"section\",\"props\":{\"class\":\"de-only\",\"image_position\":\"center-center\",\"style\":\"default\",\"title_breakpoint\":\"xl\",\"title_position\":\"top-left\",\"title_rotation\":\"left\",\"vertical_align\":\"middle\",\"width\":\"small\"},\"children\":[{\"type\":\"row\",\"children\":[{\"type\":\"column\",\"props\":{\"image_position\":\"center-center\",\"position_sticky_breakpoint\":\"m\"},\"children\":[{\"type\":\"grid\",\"props\":{\"content_column_breakpoint\":\"m\",\"filter_align\":\"left\",\"filter_all\":true,\"filter_grid_breakpoint\":\"m\",\"filter_grid_width\":\"auto\",\"filter_position\":\"top\",\"filter_style\":\"tab\",\"grid_default\":\"1\",\"grid_medium\":\"2\",\"grid_small\":\"2\",\"icon_width\":80,\"image_align\":\"top\",\"image_grid_breakpoint\":\"m\",\"image_grid_width\":\"1-2\",\"image_svg_color\":\"emphasis\",\"item_animation\":true,\"link_style\":\"secondary\",\"link_text\":\"Mehr erfahren\",\"margin\":\"default\",\"meta_align\":\"below-title\",\"meta_element\":\"div\",\"meta_style\":\"text-meta\",\"panel_image_no_padding\":true,\"panel_link\":true,\"panel_padding\":\"default\",\"panel_style\":\"card-default\",\"parallax_easing\":\"1\",\"show_content\":true,\"show_image\":true,\"show_link\":true,\"show_meta\":true,\"show_title\":true,\"title_align\":\"top\",\"title_color\":\"emphasis\",\"title_element\":\"h3\",\"title_grid_breakpoint\":\"m\",\"title_grid_width\":\"1-2\",\"title_hover_style\":\"reset\",\"title_style\":\"h3\"},\"children\":[{\"type\":\"grid_item\",\"props\":{\"content\":\"Du suchst ein vertrauensvolles Gespr\\u00e4ch, Rat und Orientierung f\\u00fcr dein Leben? Wir sind f\\u00fcr dich da, t\\u00e4glich 6-22 Uhr!\",\"image\":\"wp-content\\\/uploads\\\/2021\\\/03\\\/bzg-cta-hotline.jpg\",\"link\":\"angebote\\\/glaubens-und-lebenshilfe-telefon\",\"panel_style\":\"card-default\",\"title\":\"GLAUBENS- & LEBENSHILFE\"}},{\"type\":\"grid_item\",\"props\":{\"content\":\"Du hast Fragen zu Gott, der Bibel und dem Glauben? Schreibe uns! Dein pers\\u00f6nlicher E-Coach beantwortet sie dir gerne.\",\"image\":\"wp-content\\\/uploads\\\/2021\\\/03\\\/bzg-cta-e.choach.jpg\",\"link\":\"angebote\\\/kontakt-mit-e-coach\",\"panel_style\":\"card-default\",\"title\":\"GOTT ERFAHREN E-COACH\"}}]}]}]}],\"name\":\"Call to Action\"},{\"type\":\"section\",\"props\":{\"image_position\":\"center-center\",\"style\":\"default\",\"title_breakpoint\":\"xl\",\"title_position\":\"top-left\",\"title_rotation\":\"left\",\"vertical_align\":\"middle\",\"width\":\"default\"},\"children\":[{\"type\":\"row\",\"children\":[{\"type\":\"column\",\"props\":{\"image_position\":\"center-center\",\"position_sticky_breakpoint\":\"m\"},\"children\":[{\"type\":\"headline\",\"props\":{\"content\":\"DAS K\\u00d6NNTE DICH AUCH INTERESSIEREN\",\"text_align\":\"center\",\"title_element\":\"h1\",\"title_style\":\"h3\"}},{\"type\":\"gallery\",\"props\":{\"filter_align\":\"left\",\"filter_all\":true,\"filter_grid_breakpoint\":\"m\",\"filter_grid_width\":\"auto\",\"filter_position\":\"top\",\"filter_style\":\"tab\",\"grid_column_gap\":\"small\",\"grid_default\":\"1\",\"grid_medium\":\"3\",\"grid_row_gap\":\"small\",\"grid_small\":\"2\",\"image_hover_box_shadow\":\"small\",\"image_orientation\":false,\"image_transition\":\"scale-up\",\"item_animation\":true,\"link_style\":\"text\",\"link_text\":\"\",\"margin\":\"default\",\"meta_align\":\"below-title\",\"meta_element\":\"div\",\"meta_style\":\"text-meta\",\"overlay_hover\":false,\"overlay_link\":true,\"overlay_mode\":\"cover\",\"overlay_position\":\"center\",\"overlay_style\":\"overlay-primary\",\"overlay_transition\":\"fade\",\"parallax_easing\":\"1\",\"show_content\":false,\"show_hover_image\":true,\"show_link\":true,\"show_meta\":false,\"show_title\":true,\"text_align\":\"center\",\"text_color\":\"light\",\"title_element\":\"h5\",\"title_hover_style\":\"reset\",\"title_style\":\"h5\"},\"children\":[{\"type\":\"gallery_item\",\"props\":{\"image\":\"wp-content\\\/uploads\\\/2021\\\/03\\\/bzg-interesse-stadt.jpg\",\"link\":\"beziehung-zu-gott\\\/was-ist-lebenserfolg\",\"title\":\"Was ist Lebenserfolg?\"}},{\"type\":\"gallery_item\",\"props\":{\"image\":\"wp-content\\\/uploads\\\/2021\\\/03\\\/bzg-interesse-bibel.jpg\",\"link\":\"beziehung-zu-gott\\\/was-ist-das-hauptanliegen-der-bibel\",\"title\":\"Was ist das Hauptanliegen der Bibel?\"}},{\"type\":\"gallery_item\",\"props\":{\"image\":\"wp-content\\\/uploads\\\/2021\\\/03\\\/bzg-interesse-herz.jpg\",\"link\":\"wege-zum-ziel\\\/sinnbilder-der-liebe-gottes\",\"title\":\"Sinnbilder der Liebe Gottes\"}},{\"type\":\"gallery_item\",\"props\":{\"image\":\"wp-content\\\/uploads\\\/2021\\\/03\\\/bzg-interesse-kreuz.jpg\",\"link\":\"beziehung-zu-gott\\\/jesus-einzigartig-und-unvergleichlich\",\"title\":\"Jesus von Nazareth\"}},{\"type\":\"gallery_item\",\"props\":{\"image\":\"wp-content\\\/uploads\\\/2021\\\/03\\\/bzg-interesse-taube.jpg\",\"link\":\"beziehung-zu-gott\\\/leben-in-der-kraft-gottes\",\"title\":\"Leben in der Kraft Gottes\"}},{\"type\":\"gallery_item\",\"props\":{\"image\":\"wp-content\\\/uploads\\\/2021\\\/03\\\/bzg-interesse-beten.jpg\",\"link\":\"zweifel-oder-glaube\\\/ich-will-gott-erleben\",\"title\":\"Ich will Gott erleben\"}}]}]}]}],\"name\":\"Weiteres Angebot\"}],\"version\":\"4.3.5\"} --><\/p>\n","protected":false},"excerpt":{"rendered":"<p>\u201eDIE STIMME MELDETE SICH IMMER WIEDER\u201d Bernd Die Kerzen am Weihnachtsbaum flackerten, das Heu aus der \u00fcbergro\u00dfen Krippe duftete, und die Kirche war voll mit Menschen. Ihre Augen gl\u00e4nzten in vorweihnachtlicher Freude. Gemeinsam sangen wir die allgemein bekannten Weihnachtslieder. Wie jedes Jahr um diese Zeit war ich mit Begeisterung dabei. Es war der einzige Anlass, [&hellip;]<\/p>\n","protected":false},"author":3,"featured_media":49,"parent":654,"menu_order":0,"comment_status":"closed","ping_status":"closed","template":"","meta":{"_acf_changed":false,"footnotes":""},"class_list":["post-2088","page","type-page","status-publish","has-post-thumbnail","hentry"],"acf":[],"_links":{"self":[{"href":"https:\/\/gotterfahren.info\/en\/wp-json\/wp\/v2\/pages\/2088","targetHints":{"allow":["GET"]}}],"collection":[{"href":"https:\/\/gotterfahren.info\/en\/wp-json\/wp\/v2\/pages"}],"about":[{"href":"https:\/\/gotterfahren.info\/en\/wp-json\/wp\/v2\/types\/page"}],"author":[{"embeddable":true,"href":"https:\/\/gotterfahren.info\/en\/wp-json\/wp\/v2\/users\/3"}],"replies":[{"embeddable":true,"href":"https:\/\/gotterfahren.info\/en\/wp-json\/wp\/v2\/comments?post=2088"}],"version-history":[{"count":0,"href":"https:\/\/gotterfahren.info\/en\/wp-json\/wp\/v2\/pages\/2088\/revisions"}],"up":[{"embeddable":true,"href":"https:\/\/gotterfahren.info\/en\/wp-json\/wp\/v2\/pages\/654"}],"wp:featuredmedia":[{"embeddable":true,"href":"https:\/\/gotterfahren.info\/en\/wp-json\/wp\/v2\/media\/49"}],"wp:attachment":[{"href":"https:\/\/gotterfahren.info\/en\/wp-json\/wp\/v2\/media?parent=2088"}],"curies":[{"name":"wp","href":"https:\/\/api.w.org\/{rel}","templated":true}]}}