{"id":2082,"date":"2021-06-09T13:54:40","date_gmt":"2021-06-09T13:54:40","guid":{"rendered":"https:\/\/alex.gotterfahren.info\/?page_id=2082"},"modified":"2025-12-01T22:38:38","modified_gmt":"2025-12-01T22:38:38","slug":"a-customer-asked-me-about-my-faith","status":"publish","type":"page","link":"https:\/\/gotterfahren.info\/en\/gott-veraendert-leben\/ergreifende-lebensgeschichten\/eine-kundin-fragte-mich-nach-meinem-glauben","title":{"rendered":"\u201eA customer asked me about my faith\u201c"},"content":{"rendered":"<h1>\u201eEINE KUNDIN FRAGTE MICH NACH MEINEM GLAUBEN\u201c<\/h1>\n<div>\n<div class=\"gotterfahren-mediaplayer-container\"><audio class=\"wp-audio-shortcode\" id=\"audio-2082-1\" preload=\"none\" style=\"width: 100%;\" controls=\"controls\"><source type=\"audio\/mpeg\" src=\"\/wp-content\/uploads\/2024\/03\/LG-5-.mp3?_=1\" \/><a href=\"\/wp-content\/uploads\/2024\/03\/LG-5-.mp3\">\/wp-content\/uploads\/2024\/03\/LG-5-.mp3<\/a><\/audio><div class=\"media-download-button\"><a href=\"\/wp-content\/uploads\/2024\/03\/LG-5-.mp3\" class=\"uk-icon-button\" uk-icon=\"icon: download; ratio: 1.2\" download><\/a><\/div><\/div><\/div>\n<div>\n<div class=\"wk-gallery wk-gallery-wall clearfix polaroid \" style=\"float: left; margin-top: -10px; margin-right: 15px; margin-bottom: 15px;\">\n<div>\n<p><img loading=\"lazy\" decoding=\"async\" class=\" size-full wp-image-6238\" src=\"\/wp-content\/uploads\/2021\/06\/gvl-gott-lebt-monika.jpg\" alt=\"Monika\" width=\"200\" height=\"150\" \/><\/p>\n<p class=\"title\">Monika<\/p>\n<\/div>\n<\/div>\n<p>In meinem Beruf komme ich mit vielen Menschen zusammen. Ich habe in einem kleinen Ort in Baden-W\u00fcrttemberg ein Textilfachgesch\u00e4ft mit 11 Angestellten. Eine meiner Kundinnen fiel mir immer ganz besonders auf. Sie strahlte etwas Ruhiges und Freundliches aus. Ich freute mich immer, wenn wir uns sahen und Gelegenheit hatten, uns zu unterhalten.<\/p>\n<p>Als sie nach l\u00e4ngerer Krankheit wieder zu mir ins Gesch\u00e4ft kam &#8211; es ging ihr noch nicht sehr gut-staunte ich, wie man nach einer so negativen Erfahrung doch so positiv sein kann. Ich fragte sie, was ihr in ihrer Krankheit geholfen habe. Darauf stellte sie mir eine Gegenfrage: \u201eGlauben Sie an Gott?\u201c Zuerst war ich sprachlos. Aber dann sagte ich ganz z\u00f6gerlich ja. Darauf erwiderte sie: \u201eGott hat ein Wunder an mir getan.\u201c Das machte mich nachdenklich, denn Gott spielte in meinem Leben eigentlich keine Rolle. Aber irgendwie schob ich diesen Gedanken wieder auf die Seite.<\/p>\n<p>In der Folge entwickelte sich zwischen uns eine echte Freundschaft, die ich so nicht kannte. Meine neue Freundin begleitete mich nun regelm\u00e4\u00dfig bei Eink\u00e4ufen f\u00fcr mein Gesch\u00e4ft. Die Fahrten boten uns kostbare Zeit f\u00fcr Gespr\u00e4che. Und diese Gespr\u00e4che gaben mir eine Ahnung von der Liebe Jesu.<\/p>\n<p>Regelm\u00e4\u00dfig trafen wir uns im Haus einer befreundeten Familie zum Bibelgespr\u00e4ch. Bei ihnen f\u00fchlte ich mich angenommen und konnte ganz Ich sein. Ich sp\u00fcrte nie Druck, etwas tun oder lassen zu m\u00fcssen. Ich erfuhr, dass Jesus mich liebt, und zwar so wie ich bin und dass er einen Plan f\u00fcr mein Leben hat \u2014 mit einem wunderbaren Ziel. Dieses Wissen wurde zur Gewissheit und f\u00fchrte zu einer lebendigen Beziehung zu Jesus. Ich nahm ihn als meinen Erretter an und \u00fcbergab ihm mein Leben.<\/p>\n<p>Eines Tages \u00e4u\u00dferte ich den Wunsch, die Zehn Gebote studieren zu wollen. So erfuhr ich auch, dass der Sabbat der biblische Ruhetag sei. Ich wusste nicht, wie mir geschah. Ich dachte: \u201eDas kann doch nicht sein!\u201c Doch dieses Wissen lie\u00df mich nicht mehr los. Nach intensivem Studium entschied ich mich, am Samstag nicht mehr in meinem Gesch\u00e4ft zu arbeiten und stattdessen mit in den Gottesdienst zu gehen. In der Gemeinde f\u00fchlte ich mich gleich sehr wohl. Sabbat und Taufe waren jetzt \u201emein Thema\u201c. Der Wunsch, mich taufen zu lassen, wurde schlie\u00dflich immer st\u00e4rker. Allerdings waren noch einige H\u00fcrden zu \u00fcberwinden. Ich musste meiner Familie, meinem Personal und meinen Kunden klar machen, dass ich freitags ab 16.00 Uhr meinen Laden schlie\u00dfen w\u00fcrde und dass der Samstag Ruhetag sei.<\/p>\n<p>Nach viel Gebet wusste ich, dass Gott meine Entscheidung segnen und mir die notwendige Kraft schenken w\u00fcrde, um all den angesagten K\u00e4mpfen standzuhalten. Und so lie\u00df ich mich am 26.10.2007 taufen. Das war mir eine besondere Freude. Ich hatte 60 Einladungen an Verwandte und Freunde gesandt. Ich wollte sie an meinem \u201egro\u00dfen Tag\u201c teilhaben lassen. Tats\u00e4chlich kamen sie alle, und die Gemeinde war \u00fcbervoll. Die Geschwister mussten in die Nebenr\u00e4ume ausweichen. Viele meiner Besucher waren beeindruckt und sind offenbar zum Nachdenken gekommen.<\/p>\n<p>Obwohl das Gesch\u00e4ft jetzt freitags ab 16.00 Uhr und am Sabbat ganz geschlossen ist \u2014 kein Angestellter arbeitet \u2014 hat mich Gott auf seine wunderbare Weise gesegnet. Ich kann Gott nur immer wieder von Herzen danken, dass ich in der Gemeinde meine geistliche Heimat gefunden habe.<\/p>\n<\/div>\n<ul>\n<li>\n<p><img decoding=\"async\" src=\"\/wp-content\/uploads\/2021\/03\/bzg-cta-hotline.jpg\" alt=\"\"><\/p>\n<h3>GLAUBENS- &#038; LEBENSHILFE<\/h3>\n<div>Du suchst ein vertrauensvolles Gespr\u00e4ch, Rat und Orientierung f\u00fcr dein Leben? Wir sind f\u00fcr dich da, t\u00e4glich 6-22 Uhr!<\/div>\n<p><a href=\"\/angebote\/glaubens-und-lebenshilfe-telefon\">Mehr erfahren<\/a><\/p>\n<\/li>\n<li>\n<p><img decoding=\"async\" src=\"\/wp-content\/uploads\/2021\/03\/bzg-cta-e.choach.jpg\" alt=\"\"><\/p>\n<h3>GOTT ERFAHREN E-COACH<\/h3>\n<div>Du hast Fragen zu Gott, der Bibel und dem Glauben? Schreibe uns! Dein pers\u00f6nlicher E-Coach beantwortet sie dir gerne.<\/div>\n<p><a href=\"\/angebote\/kontakt-mit-e-coach\">Mehr erfahren<\/a><\/p>\n<\/li>\n<\/ul>\n<h1>DAS K\u00d6NNTE DICH AUCH INTERESSIEREN<\/h1>\n<ul>\n<li>\n<p>        <img decoding=\"async\" src=\"\/wp-content\/uploads\/2021\/03\/bzg-interesse-stadt.jpg\" alt=\"\"><\/p>\n<h5>Was ist Lebenserfolg?<\/h5>\n<p><a href=\"\/beziehung-zu-gott\/was-ist-lebenserfolg\"><\/a><\/p>\n<\/li>\n<li>\n<p>        <img decoding=\"async\" src=\"\/wp-content\/uploads\/2021\/03\/bzg-interesse-bibel.jpg\" alt=\"\"><\/p>\n<h5>Was ist das Hauptanliegen der Bibel?<\/h5>\n<p><a href=\"\/beziehung-zu-gott\/was-ist-das-hauptanliegen-der-bibel\"><\/a><\/p>\n<\/li>\n<li>\n<p>        <img decoding=\"async\" src=\"\/wp-content\/uploads\/2021\/03\/bzg-interesse-herz.jpg\" alt=\"\"><\/p>\n<h5>Sinnbilder der Liebe Gottes<\/h5>\n<p><a href=\"\/wege-zum-ziel\/sinnbilder-der-liebe-gottes\"><\/a><\/p>\n<\/li>\n<li>\n<p>        <img decoding=\"async\" src=\"\/wp-content\/uploads\/2021\/03\/bzg-interesse-kreuz.jpg\" alt=\"\"><\/p>\n<h5>Jesus von Nazareth<\/h5>\n<p><a href=\"\/beziehung-zu-gott\/jesus-einzigartig-und-unvergleichlich\"><\/a><\/p>\n<\/li>\n<li>\n<p>        <img decoding=\"async\" src=\"\/wp-content\/uploads\/2021\/03\/bzg-interesse-taube.jpg\" alt=\"\"><\/p>\n<h5>Leben in der Kraft Gottes<\/h5>\n<p><a href=\"\/beziehung-zu-gott\/leben-in-der-kraft-gottes\"><\/a><\/p>\n<\/li>\n<li>\n<p>        <img decoding=\"async\" src=\"\/wp-content\/uploads\/2021\/03\/bzg-interesse-beten.jpg\" alt=\"\"><\/p>\n<h5>Ich will Gott erleben<\/h5>\n<p><a href=\"\/zweifel-oder-glaube\/ich-will-gott-erleben\"><\/a><\/p>\n<\/li>\n<\/ul>\n<p><!--more--><br \/>\n<!-- {\"name\":\"Gott lebt \\u2013 Lebensgeschichten Article\",\"type\":\"layout\",\"children\":[{\"type\":\"section\",\"props\":{\"class\":\"banner-normal\",\"image\":\"wp-content\\\/uploads\\\/2021\\\/03\\\/home-banner-05.jpeg\",\"image_position\":\"center-center\",\"image_size\":\"cover\",\"padding\":\"xlarge\",\"style\":\"default\",\"title_breakpoint\":\"xl\",\"title_position\":\"top-left\",\"title_rotation\":\"left\",\"vertical_align\":\"middle\",\"width\":\"\"},\"children\":[{\"type\":\"row\",\"children\":[{\"type\":\"column\",\"props\":{\"image_position\":\"center-center\",\"position_sticky_breakpoint\":\"m\"}}]}],\"name\":\"Banner\",\"modified\":\"2021-03-23T16:02:54.885Z\"},{\"type\":\"section\",\"props\":{\"image_position\":\"center-center\",\"padding_remove_top\":false,\"style\":\"default\",\"title_breakpoint\":\"xl\",\"title_position\":\"top-left\",\"title_rotation\":\"left\",\"vertical_align\":\"middle\",\"width\":\"default\"},\"children\":[{\"type\":\"row\",\"children\":[{\"type\":\"column\",\"props\":{\"image_position\":\"center-center\",\"position_sticky_breakpoint\":\"m\"},\"children\":[{\"type\":\"breadcrumbs\",\"props\":{\"home_text\":\"GOTT ERFAHREN\",\"show_current\":true,\"show_home\":true,\"visibility\":\"s\"}}]}]},{\"type\":\"row\",\"children\":[{\"type\":\"column\",\"props\":{\"image_position\":\"center-center\",\"position_sticky_breakpoint\":\"m\"},\"children\":[{\"type\":\"headline\",\"props\":{\"content\":\"\\u201eEINE KUNDIN FRAGTE MICH NACH MEINEM GLAUBEN\\u201c\",\"margin_remove_bottom\":true,\"title_element\":\"h1\",\"title_style\":\"h1\"}}]}],\"props\":{\"margin\":\"default\"}},{\"type\":\"row\",\"children\":[{\"type\":\"column\",\"props\":{\"image_position\":\"center-center\",\"position_sticky_breakpoint\":\"m\"},\"children\":[{\"type\":\"html\",\"props\":{\"content\":\"[audio mp3=\\\"\\\/wp-content\\\/uploads\\\/2024\\\/03\\\/LG-5-.mp3\\\"][\\\/audio]\"},\"name\":\"Audio (DE)\"}]}],\"props\":{\"class\":\"de-only\"}},{\"type\":\"row\",\"children\":[{\"type\":\"column\",\"props\":{\"image_position\":\"center-center\",\"position_sticky_breakpoint\":\"m\"},\"children\":[{\"type\":\"html\",\"props\":{\"content\":\"\n\n<div class=\\\"wk-gallery wk-gallery-wall clearfix polaroid \\\" style=\\\"float: left; margin-top: -10px; margin-right: 15px; margin-bottom: 15px;\\\">\\n\n\n<div>\\n\\n<img class=\\\" size-full wp-image-6238\\\" src=\\\"\\\/wp-content\\\/uploads\\\/2021\\\/06\\\/gvl-gott-lebt-monika.jpg\\\" alt=\\\"Monika\\\" width=\\\"200\\\" height=\\\"150\\\" \\\/>\\n\n\n<p class=\\\"title\\\">Monika<\\\/p>\\n\\n<\\\/div>\\n<\\\/div>\\n\n\n<p>In meinem Beruf komme ich mit vielen Menschen zusammen. Ich habe in einem kleinen Ort in Baden-W\\u00fcrttemberg ein Textilfachgesch\\u00e4ft mit 11 Angestellten. Eine meiner Kundinnen fiel mir immer ganz besonders auf. Sie strahlte etwas Ruhiges und Freundliches aus. Ich freute mich immer, wenn wir uns sahen und Gelegenheit hatten, uns zu unterhalten.<\\\/p>\\n\\n\n\n<p>Als sie nach l\\u00e4ngerer Krankheit wieder zu mir ins Gesch\\u00e4ft kam - es ging ihr noch nicht sehr gut-staunte ich, wie man nach einer so negativen Erfahrung doch so positiv sein kann. Ich fragte sie, was ihr in ihrer Krankheit geholfen habe. Darauf stellte sie mir eine Gegenfrage: \\u201eGlauben Sie an Gott?\\u201c Zuerst war ich sprachlos. Aber dann sagte ich ganz z\\u00f6gerlich ja. Darauf erwiderte sie: \\u201eGott hat ein Wunder an mir getan.\\u201c Das machte mich nachdenklich, denn Gott spielte in meinem Leben eigentlich keine Rolle. Aber irgendwie schob ich diesen Gedanken wieder auf die Seite.<\\\/p>\\n\\n\n\n<p>In der Folge entwickelte sich zwischen uns eine echte Freundschaft, die ich so nicht kannte. Meine neue Freundin begleitete mich nun regelm\\u00e4\\u00dfig bei Eink\\u00e4ufen f\\u00fcr mein Gesch\\u00e4ft. Die Fahrten boten uns kostbare Zeit f\\u00fcr Gespr\\u00e4che. Und diese Gespr\\u00e4che gaben mir eine Ahnung von der Liebe Jesu.<\\\/p>\\n\\n\n\n<p>Regelm\\u00e4\\u00dfig trafen wir uns im Haus einer befreundeten Familie zum Bibelgespr\\u00e4ch. Bei ihnen f\\u00fchlte ich mich angenommen und konnte ganz Ich sein. Ich sp\\u00fcrte nie Druck, etwas tun oder lassen zu m\\u00fcssen. Ich erfuhr, dass Jesus mich liebt, und zwar so wie ich bin und dass er einen Plan f\\u00fcr mein Leben hat \\u2014 mit einem wunderbaren Ziel. Dieses Wissen wurde zur Gewissheit und f\\u00fchrte zu einer lebendigen Beziehung zu Jesus. Ich nahm ihn als meinen Erretter an und \\u00fcbergab ihm mein Leben.<\\\/p>\\n\\n\n\n<p>Eines Tages \\u00e4u\\u00dferte ich den Wunsch, die Zehn Gebote studieren zu wollen. So erfuhr ich auch, dass der Sabbat der biblische Ruhetag sei. Ich wusste nicht, wie mir geschah. Ich dachte: \\u201eDas kann doch nicht sein!\\u201c Doch dieses Wissen lie\\u00df mich nicht mehr los. Nach intensivem Studium entschied ich mich, am Samstag nicht mehr in meinem Gesch\\u00e4ft zu arbeiten und stattdessen mit in den Gottesdienst zu gehen. In der Gemeinde f\\u00fchlte ich mich gleich sehr wohl. Sabbat und Taufe waren jetzt \\u201emein Thema\\u201c. Der Wunsch, mich taufen zu lassen, wurde schlie\\u00dflich immer st\\u00e4rker. Allerdings waren noch einige H\\u00fcrden zu \\u00fcberwinden. Ich musste meiner Familie, meinem Personal und meinen Kunden klar machen, dass ich freitags ab 16.00 Uhr meinen Laden schlie\\u00dfen w\\u00fcrde und dass der Samstag Ruhetag sei.<\\\/p>\\n\\n\n\n<p>Nach viel Gebet wusste ich, dass Gott meine Entscheidung segnen und mir die notwendige Kraft schenken w\\u00fcrde, um all den angesagten K\\u00e4mpfen standzuhalten. Und so lie\\u00df ich mich am 26.10.2007 taufen. Das war mir eine besondere Freude. Ich hatte 60 Einladungen an Verwandte und Freunde gesandt. Ich wollte sie an meinem \\u201egro\\u00dfen Tag\\u201c teilhaben lassen. Tats\\u00e4chlich kamen sie alle, und die Gemeinde war \\u00fcbervoll. Die Geschwister mussten in die Nebenr\\u00e4ume ausweichen. Viele meiner Besucher waren beeindruckt und sind offenbar zum Nachdenken gekommen.<\\\/p>\\n\\n\n\n<p>Obwohl das Gesch\\u00e4ft jetzt freitags ab 16.00 Uhr und am Sabbat ganz geschlossen ist \\u2014 kein Angestellter arbeitet \\u2014 hat mich Gott auf seine wunderbare Weise gesegnet. Ich kann Gott nur immer wieder von Herzen danken, dass ich in der Gemeinde meine geistliche Heimat gefunden habe.<\\\/p>\"}}]}],\"props\":{\"class\":\"article-leben\",\"margin\":\"default\"}}],\"name\":\"Inhalt\"},{\"type\":\"section\",\"props\":{\"class\":\"de-only\",\"image_position\":\"center-center\",\"style\":\"default\",\"title_breakpoint\":\"xl\",\"title_position\":\"top-left\",\"title_rotation\":\"left\",\"vertical_align\":\"middle\",\"width\":\"small\"},\"children\":[{\"type\":\"row\",\"children\":[{\"type\":\"column\",\"props\":{\"image_position\":\"center-center\",\"position_sticky_breakpoint\":\"m\"},\"children\":[{\"type\":\"grid\",\"props\":{\"content_column_breakpoint\":\"m\",\"filter_align\":\"left\",\"filter_all\":true,\"filter_grid_breakpoint\":\"m\",\"filter_grid_width\":\"auto\",\"filter_position\":\"top\",\"filter_style\":\"tab\",\"grid_default\":\"1\",\"grid_medium\":\"2\",\"grid_small\":\"2\",\"icon_width\":80,\"image_align\":\"top\",\"image_grid_breakpoint\":\"m\",\"image_grid_width\":\"1-2\",\"image_svg_color\":\"emphasis\",\"item_animation\":true,\"link_style\":\"secondary\",\"link_text\":\"Mehr erfahren\",\"margin\":\"default\",\"meta_align\":\"below-title\",\"meta_element\":\"div\",\"meta_style\":\"text-meta\",\"panel_image_no_padding\":true,\"panel_link\":true,\"panel_padding\":\"default\",\"panel_style\":\"card-default\",\"parallax_easing\":\"1\",\"show_content\":true,\"show_image\":true,\"show_link\":true,\"show_meta\":true,\"show_title\":true,\"title_align\":\"top\",\"title_color\":\"emphasis\",\"title_element\":\"h3\",\"title_grid_breakpoint\":\"m\",\"title_grid_width\":\"1-2\",\"title_hover_style\":\"reset\",\"title_style\":\"h3\"},\"children\":[{\"type\":\"grid_item\",\"props\":{\"content\":\"Du suchst ein vertrauensvolles Gespr\\u00e4ch, Rat und Orientierung f\\u00fcr dein Leben? Wir sind f\\u00fcr dich da, t\\u00e4glich 6-22 Uhr!\",\"image\":\"wp-content\\\/uploads\\\/2021\\\/03\\\/bzg-cta-hotline.jpg\",\"link\":\"angebote\\\/glaubens-und-lebenshilfe-telefon\",\"panel_style\":\"card-default\",\"title\":\"GLAUBENS- & LEBENSHILFE\"}},{\"type\":\"grid_item\",\"props\":{\"content\":\"Du hast Fragen zu Gott, der Bibel und dem Glauben? Schreibe uns! Dein pers\\u00f6nlicher E-Coach beantwortet sie dir gerne.\",\"image\":\"wp-content\\\/uploads\\\/2021\\\/03\\\/bzg-cta-e.choach.jpg\",\"link\":\"angebote\\\/kontakt-mit-e-coach\",\"panel_style\":\"card-default\",\"title\":\"GOTT ERFAHREN E-COACH\"}}]}]}]}],\"name\":\"Call to Action\"},{\"type\":\"section\",\"props\":{\"image_position\":\"center-center\",\"style\":\"default\",\"title_breakpoint\":\"xl\",\"title_position\":\"top-left\",\"title_rotation\":\"left\",\"vertical_align\":\"middle\",\"width\":\"default\"},\"children\":[{\"type\":\"row\",\"children\":[{\"type\":\"column\",\"props\":{\"image_position\":\"center-center\",\"position_sticky_breakpoint\":\"m\"},\"children\":[{\"type\":\"headline\",\"props\":{\"content\":\"DAS K\\u00d6NNTE DICH AUCH INTERESSIEREN\",\"text_align\":\"center\",\"title_element\":\"h1\",\"title_style\":\"h3\"}},{\"type\":\"gallery\",\"props\":{\"filter_align\":\"left\",\"filter_all\":true,\"filter_grid_breakpoint\":\"m\",\"filter_grid_width\":\"auto\",\"filter_position\":\"top\",\"filter_style\":\"tab\",\"grid_column_gap\":\"small\",\"grid_default\":\"1\",\"grid_medium\":\"3\",\"grid_row_gap\":\"small\",\"grid_small\":\"2\",\"image_hover_box_shadow\":\"small\",\"image_orientation\":false,\"image_transition\":\"scale-up\",\"item_animation\":true,\"link_style\":\"text\",\"link_text\":\"\",\"margin\":\"default\",\"meta_align\":\"below-title\",\"meta_element\":\"div\",\"meta_style\":\"text-meta\",\"overlay_hover\":false,\"overlay_link\":true,\"overlay_mode\":\"cover\",\"overlay_position\":\"center\",\"overlay_style\":\"overlay-primary\",\"overlay_transition\":\"fade\",\"parallax_easing\":\"1\",\"show_content\":false,\"show_hover_image\":true,\"show_link\":true,\"show_meta\":false,\"show_title\":true,\"text_align\":\"center\",\"text_color\":\"light\",\"title_element\":\"h5\",\"title_hover_style\":\"reset\",\"title_style\":\"h5\"},\"children\":[{\"type\":\"gallery_item\",\"props\":{\"image\":\"wp-content\\\/uploads\\\/2021\\\/03\\\/bzg-interesse-stadt.jpg\",\"link\":\"beziehung-zu-gott\\\/was-ist-lebenserfolg\",\"title\":\"Was ist Lebenserfolg?\"}},{\"type\":\"gallery_item\",\"props\":{\"image\":\"wp-content\\\/uploads\\\/2021\\\/03\\\/bzg-interesse-bibel.jpg\",\"link\":\"beziehung-zu-gott\\\/was-ist-das-hauptanliegen-der-bibel\",\"title\":\"Was ist das Hauptanliegen der Bibel?\"}},{\"type\":\"gallery_item\",\"props\":{\"image\":\"wp-content\\\/uploads\\\/2021\\\/03\\\/bzg-interesse-herz.jpg\",\"link\":\"wege-zum-ziel\\\/sinnbilder-der-liebe-gottes\",\"title\":\"Sinnbilder der Liebe Gottes\"}},{\"type\":\"gallery_item\",\"props\":{\"image\":\"wp-content\\\/uploads\\\/2021\\\/03\\\/bzg-interesse-kreuz.jpg\",\"link\":\"beziehung-zu-gott\\\/jesus-einzigartig-und-unvergleichlich\",\"title\":\"Jesus von Nazareth\"}},{\"type\":\"gallery_item\",\"props\":{\"image\":\"wp-content\\\/uploads\\\/2021\\\/03\\\/bzg-interesse-taube.jpg\",\"link\":\"beziehung-zu-gott\\\/leben-in-der-kraft-gottes\",\"title\":\"Leben in der Kraft Gottes\"}},{\"type\":\"gallery_item\",\"props\":{\"image\":\"wp-content\\\/uploads\\\/2021\\\/03\\\/bzg-interesse-beten.jpg\",\"link\":\"zweifel-oder-glaube\\\/ich-will-gott-erleben\",\"title\":\"Ich will Gott erleben\"}}]}]}]}],\"name\":\"Weiteres Angebot\"}],\"version\":\"4.3.5\"} --><\/p>\n","protected":false},"excerpt":{"rendered":"<p>\u201eEINE KUNDIN FRAGTE MICH NACH MEINEM GLAUBEN\u201c Monika In meinem Beruf komme ich mit vielen Menschen zusammen. Ich habe in einem kleinen Ort in Baden-W\u00fcrttemberg ein Textilfachgesch\u00e4ft mit 11 Angestellten. Eine meiner Kundinnen fiel mir immer ganz besonders auf. Sie strahlte etwas Ruhiges und Freundliches aus. Ich freute mich immer, wenn wir uns sahen und [&hellip;]<\/p>\n","protected":false},"author":3,"featured_media":49,"parent":654,"menu_order":0,"comment_status":"closed","ping_status":"closed","template":"","meta":{"_acf_changed":false,"footnotes":""},"class_list":["post-2082","page","type-page","status-publish","has-post-thumbnail","hentry"],"acf":[],"_links":{"self":[{"href":"https:\/\/gotterfahren.info\/en\/wp-json\/wp\/v2\/pages\/2082","targetHints":{"allow":["GET"]}}],"collection":[{"href":"https:\/\/gotterfahren.info\/en\/wp-json\/wp\/v2\/pages"}],"about":[{"href":"https:\/\/gotterfahren.info\/en\/wp-json\/wp\/v2\/types\/page"}],"author":[{"embeddable":true,"href":"https:\/\/gotterfahren.info\/en\/wp-json\/wp\/v2\/users\/3"}],"replies":[{"embeddable":true,"href":"https:\/\/gotterfahren.info\/en\/wp-json\/wp\/v2\/comments?post=2082"}],"version-history":[{"count":0,"href":"https:\/\/gotterfahren.info\/en\/wp-json\/wp\/v2\/pages\/2082\/revisions"}],"up":[{"embeddable":true,"href":"https:\/\/gotterfahren.info\/en\/wp-json\/wp\/v2\/pages\/654"}],"wp:featuredmedia":[{"embeddable":true,"href":"https:\/\/gotterfahren.info\/en\/wp-json\/wp\/v2\/media\/49"}],"wp:attachment":[{"href":"https:\/\/gotterfahren.info\/en\/wp-json\/wp\/v2\/media?parent=2082"}],"curies":[{"name":"wp","href":"https:\/\/api.w.org\/{rel}","templated":true}]}}