{"id":2078,"date":"2021-06-09T13:52:03","date_gmt":"2021-06-09T13:52:03","guid":{"rendered":"https:\/\/alex.gotterfahren.info\/?page_id=2078"},"modified":"2025-12-01T22:37:28","modified_gmt":"2025-12-01T22:37:28","slug":"through-a-certificate-in-biology-lessons","status":"publish","type":"page","link":"https:\/\/gotterfahren.info\/en\/gott-veraendert-leben\/ergreifende-lebensgeschichten\/durch-ein-zeugnis-im-biologieunterricht","title":{"rendered":"Through a certificate in biology lessons"},"content":{"rendered":"<h1>DURCH EIN ZEUGNIS IM BIOLOGIEUNTERRICHT<\/h1>\n<div>\n<p>    <div class=\"gotterfahren-mediaplayer-container\"><audio class=\"wp-audio-shortcode\" id=\"audio-2078-1\" preload=\"none\" style=\"width: 100%;\" controls=\"controls\"><source type=\"audio\/mpeg\" src=\"\/wp-content\/uploads\/2024\/03\/LG-4.mp3?_=1\" \/><a href=\"\/wp-content\/uploads\/2024\/03\/LG-4.mp3\">\/wp-content\/uploads\/2024\/03\/LG-4.mp3<\/a><\/audio><div class=\"media-download-button\"><a href=\"\/wp-content\/uploads\/2024\/03\/LG-4.mp3\" class=\"uk-icon-button\" uk-icon=\"icon: download; ratio: 1.2\" download><\/a><\/div><\/div> \n<\/div>\n<div>\n<div class=\"wk-gallery wk-gallery-wall clearfix polaroid \" style=\"float: left; margin-top: -10px; margin-right: 15px; margin-bottom: 15px;\">\n<div>\n<p><img loading=\"lazy\" decoding=\"async\" class=\" size-full wp-image-6237\" src=\"\/wp-content\/uploads\/2021\/06\/gvl-gott-lebt-dominik.jpg\" alt=\"Dominik\" width=\"200\" height=\"150\" \/><\/p>\n<p class=\"title\">Dominik<\/p>\n<\/div>\n<\/div>\n<p>Als Familie waren wir lange Zeit Mitglieder einer Pfingstgemeinde. Doch als ich 12 Jahre alt war, verlie\u00dfen wir die Gemeinde und gr\u00fcndeten eine eigene Hauskirche.<\/p>\n<p>In dieser Phase der Pubert\u00e4t schlich sich bei mir so langsam Wiederstand gegen meine Familie, meine Freunde und meinen Glauben ein. Ich fand neue Freunde, und zwar auf der Stra\u00dfe. Zu ihnen hatte ich ein super, aber oberfl\u00e4chliches Verh\u00e4ltnis. Wir produzierten Hip Hop und Rap-Musik.<\/p>\n<p>Meine Eltern beteten aber weiter f\u00fcr mich. Zu Silvester 2005 versp\u00fcrte ich das Verlangen, mein Leben umzustellen und zu Gott zur\u00fcckzukehren. Ich wollte Jesus n\u00e4her kennen lernen, eine intensivere Beziehung pflegen. Ich betete zu Gott und versprach ihm, in seinem Wort zu lesen und mit ihm eine innige Beziehung zu pflegen. Auch bat ich ihn um das Wunder, die Frau meines Lebens kennen zu lernen und eine Gemeinde zu finden, in der ich mich heimisch f\u00fchlen konnte. Ich wollte nicht mehr so weiter machen wie bisher. Zu dieser Zeit besuchte ich die 9. Klasse der Realschule.<\/p>\n<p>Eines Tages, im Biologieunterricht, sa\u00df ich mit einigen Klassenkameraden zusammen. Einer vertrat die Meinung, der Mensch stamme vom Affen ab, und die Welt sei durch einen Urknall entstanden. Ich selbst glaubte immer noch an die Sch\u00f6pfung. So erwiderte ich, dass das nicht wahr sei. Gott habe die Erde erschaffen. Das fand der Klassenkamerad lustig, und so lachte er laut. Das f\u00fchrte dazu, dass sich meine Schulkameradin Alina einmischte. Daraufhin fragte er sie, ob sie auch glaube, dass die Erde durch den Urknall entstanden sei. Das verneinte sie. Sie glaube an die Sch\u00f6pfung, und dass Gott die Menschen erschaffen habe. Ich war nat\u00fcrlich hoch erfreut, als ich das h\u00f6rte und wurde neugierig. Ist sie vielleicht Katholikin oder evangelisch, fragte ich mich. Etwas sp\u00e4ter fragte ich sie, woher sie diese Erkenntnis habe. Daraufhin erz\u00e4hlte sie mir von der Adventgemeinde und der Adventbotschaft. Davon hatte ich noch nie geh\u00f6rt. Ich war nun aber \u00fcberaus interessiert an diesem besonderen Glauben. Wollte Gott mir hier gleichzeitig zwei T\u00fcren \u00f6ffnen: Eine zur Wahrheit und eine zweite zu einer Frau, die meinen Glauben teilt?<\/p>\n<p>Schon bald lud sie mich zu einer Versammlung an einem Freitagabend in die Adventgemeinde ein. Dort wurde ich von den jugendlichen mit offenen Armen empfangen. Gemeinsam feierten wir den Sabbatanfang. Mein Hunger nach der Adventbotschaft wurde danach immer gr\u00f6\u00dfer. Auch die anderen Gemeindeglieder nahmen mich herzlich auf. Gott hatte mir ein neues geistliches Zuhause geschenkt. Nun, so meine \u00dcberzeugung, war ich dort, wo ich hingeh\u00f6rte, n\u00e4mlich in Gottes wahrer Endzeitgemeinde. Durch ein zweij\u00e4hriges intensives Studium mit der Jugend und dem Prediger f\u00fchrte Gott mich im Juni 2009 an den Punkt, dass ich mich endg\u00fcltig f\u00fcr den Herrn Jesus Christus entschied und mein Leben ihm \u00fcbergab. Ich lies mich taufen. Nun kenne ich die Wahrheit, nach der ich lange gesucht hatte.<\/p>\n<p>Mit Alina entwickelte sich eine enge Freundschaft. Inzwischen sind wir verlobt und planen, im Sommer 2011 zu heiraten. Gottes Wege sind manchmal unergr\u00fcndlich. Keiner wei\u00df wohin sie f\u00fchren. Ich habe gelernt: Vertraue auf Gott und gib ihm die Ehre. Alles andere wird dann folgen.<\/p>\n<\/div>\n<ul>\n<li>\n<p><img decoding=\"async\" src=\"\/wp-content\/uploads\/2021\/03\/bzg-cta-hotline.jpg\" alt=\"\"><\/p>\n<h3>GLAUBENS- &#038; LEBENSHILFE<\/h3>\n<div>Du suchst ein vertrauensvolles Gespr\u00e4ch, Rat und Orientierung f\u00fcr dein Leben? Wir sind f\u00fcr dich da, t\u00e4glich 6-22 Uhr!<\/div>\n<p><a href=\"\/angebote\/glaubens-und-lebenshilfe-telefon\">Mehr erfahren<\/a><\/p>\n<\/li>\n<li>\n<p><img decoding=\"async\" src=\"\/wp-content\/uploads\/2021\/03\/bzg-cta-e.choach.jpg\" alt=\"\"><\/p>\n<h3>GOTT ERFAHREN E-COACH<\/h3>\n<div>Du hast Fragen zu Gott, der Bibel und dem Glauben? Schreibe uns! Dein pers\u00f6nlicher E-Coach beantwortet sie dir gerne.<\/div>\n<p><a href=\"\/angebote\/kontakt-mit-e-coach\">Mehr erfahren<\/a><\/p>\n<\/li>\n<\/ul>\n<h1>DAS K\u00d6NNTE DICH AUCH INTERESSIEREN<\/h1>\n<ul>\n<li>\n<p>        <img decoding=\"async\" src=\"\/wp-content\/uploads\/2021\/03\/bzg-interesse-stadt.jpg\" alt=\"\"><\/p>\n<h5>Was ist Lebenserfolg?<\/h5>\n<p><a href=\"\/beziehung-zu-gott\/was-ist-lebenserfolg\"><\/a><\/p>\n<\/li>\n<li>\n<p>        <img decoding=\"async\" src=\"\/wp-content\/uploads\/2021\/03\/bzg-interesse-bibel.jpg\" alt=\"\"><\/p>\n<h5>Was ist das Hauptanliegen der Bibel?<\/h5>\n<p><a href=\"\/beziehung-zu-gott\/was-ist-das-hauptanliegen-der-bibel\"><\/a><\/p>\n<\/li>\n<li>\n<p>        <img decoding=\"async\" src=\"\/wp-content\/uploads\/2021\/03\/bzg-interesse-herz.jpg\" alt=\"\"><\/p>\n<h5>Sinnbilder der Liebe Gottes<\/h5>\n<p><a href=\"\/wege-zum-ziel\/sinnbilder-der-liebe-gottes\"><\/a><\/p>\n<\/li>\n<li>\n<p>        <img decoding=\"async\" src=\"\/wp-content\/uploads\/2021\/03\/bzg-interesse-kreuz.jpg\" alt=\"\"><\/p>\n<h5>Jesus von Nazareth<\/h5>\n<p><a href=\"\/beziehung-zu-gott\/jesus-einzigartig-und-unvergleichlich\"><\/a><\/p>\n<\/li>\n<li>\n<p>        <img decoding=\"async\" src=\"\/wp-content\/uploads\/2021\/03\/bzg-interesse-taube.jpg\" alt=\"\"><\/p>\n<h5>Leben in der Kraft Gottes<\/h5>\n<p><a href=\"\/beziehung-zu-gott\/leben-in-der-kraft-gottes\"><\/a><\/p>\n<\/li>\n<li>\n<p>        <img decoding=\"async\" src=\"\/wp-content\/uploads\/2021\/03\/bzg-interesse-beten.jpg\" alt=\"\"><\/p>\n<h5>Ich will Gott erleben<\/h5>\n<p><a href=\"\/zweifel-oder-glaube\/ich-will-gott-erleben\"><\/a><\/p>\n<\/li>\n<\/ul>\n<p><!--more--><br \/>\n<!-- {\"name\":\"Gott lebt \\u2013 Lebensgeschichten Article\",\"type\":\"layout\",\"children\":[{\"type\":\"section\",\"props\":{\"class\":\"banner-normal\",\"image\":\"wp-content\\\/uploads\\\/2021\\\/03\\\/home-banner-05.jpeg\",\"image_position\":\"center-center\",\"image_size\":\"cover\",\"padding\":\"xlarge\",\"style\":\"default\",\"title_breakpoint\":\"xl\",\"title_position\":\"top-left\",\"title_rotation\":\"left\",\"vertical_align\":\"middle\",\"width\":\"\"},\"children\":[{\"type\":\"row\",\"children\":[{\"type\":\"column\",\"props\":{\"image_position\":\"center-center\",\"position_sticky_breakpoint\":\"m\"}}]}],\"name\":\"Banner\",\"modified\":\"2021-03-23T16:02:54.885Z\"},{\"type\":\"section\",\"props\":{\"image_position\":\"center-center\",\"padding_remove_top\":false,\"style\":\"default\",\"title_breakpoint\":\"xl\",\"title_position\":\"top-left\",\"title_rotation\":\"left\",\"vertical_align\":\"middle\",\"width\":\"default\"},\"children\":[{\"type\":\"row\",\"children\":[{\"type\":\"column\",\"props\":{\"image_position\":\"center-center\",\"position_sticky_breakpoint\":\"m\"},\"children\":[{\"type\":\"breadcrumbs\",\"props\":{\"home_text\":\"GOTT ERFAHREN\",\"show_current\":true,\"show_home\":true,\"visibility\":\"s\"}}]}]},{\"type\":\"row\",\"children\":[{\"type\":\"column\",\"props\":{\"image_position\":\"center-center\",\"position_sticky_breakpoint\":\"m\"},\"children\":[{\"type\":\"headline\",\"props\":{\"content\":\"DURCH EIN ZEUGNIS IM BIOLOGIEUNTERRICHT\",\"margin_remove_bottom\":true,\"title_element\":\"h1\",\"title_style\":\"h1\"}}]}],\"props\":{\"margin\":\"default\"}},{\"type\":\"row\",\"children\":[{\"type\":\"column\",\"props\":{\"image_position\":\"center-center\",\"position_sticky_breakpoint\":\"m\"},\"children\":[{\"type\":\"html\",\"props\":{\"content\":\"[audio mp3=\\\"\\\/wp-content\\\/uploads\\\/2024\\\/03\\\/LG-4.mp3\\\"][\\\/audio] <br \/>\"},\"name\":\"Audio (DE)\"}]}],\"props\":{\"class\":\"de-only\",\"margin\":\"default\"}},{\"type\":\"row\",\"children\":[{\"type\":\"column\",\"props\":{\"image_position\":\"center-center\",\"position_sticky_breakpoint\":\"m\"},\"children\":[{\"type\":\"html\",\"props\":{\"content\":\"\n\n<div class=\\\"wk-gallery wk-gallery-wall clearfix polaroid \\\" style=\\\"float: left; margin-top: -10px; margin-right: 15px; margin-bottom: 15px;\\\">\\n\n\n<div>\\n\\n<img class=\\\" size-full wp-image-6237\\\" src=\\\"\\\/wp-content\\\/uploads\\\/2021\\\/06\\\/gvl-gott-lebt-dominik.jpg\\\" alt=\\\"Dominik\\\" width=\\\"200\\\" height=\\\"150\\\" \\\/>\\n\n\n<p class=\\\"title\\\">Dominik<\\\/p>\\n\\n<\\\/div>\\n<\\\/div>\\n\n\n<p>Als Familie waren wir lange Zeit Mitglieder einer Pfingstgemeinde. Doch als ich 12 Jahre alt war, verlie\\u00dfen wir die Gemeinde und gr\\u00fcndeten eine eigene Hauskirche.<\\\/p>\\n\\n\n\n<p>In dieser Phase der Pubert\\u00e4t schlich sich bei mir so langsam Wiederstand gegen meine Familie, meine Freunde und meinen Glauben ein. Ich fand neue Freunde, und zwar auf der Stra\\u00dfe. Zu ihnen hatte ich ein super, aber oberfl\\u00e4chliches Verh\\u00e4ltnis. Wir produzierten Hip Hop und Rap-Musik.<\\\/p>\\n\\n\n\n<p>Meine Eltern beteten aber weiter f\\u00fcr mich. Zu Silvester 2005 versp\\u00fcrte ich das Verlangen, mein Leben umzustellen und zu Gott zur\\u00fcckzukehren. Ich wollte Jesus n\\u00e4her kennen lernen, eine intensivere Beziehung pflegen. Ich betete zu Gott und versprach ihm, in seinem Wort zu lesen und mit ihm eine innige Beziehung zu pflegen. Auch bat ich ihn um das Wunder, die Frau meines Lebens kennen zu lernen und eine Gemeinde zu finden, in der ich mich heimisch f\\u00fchlen konnte. Ich wollte nicht mehr so weiter machen wie bisher. Zu dieser Zeit besuchte ich die 9. Klasse der Realschule.<\\\/p>\\n\\n\n\n<p>Eines Tages, im Biologieunterricht, sa\\u00df ich mit einigen Klassenkameraden zusammen. Einer vertrat die Meinung, der Mensch stamme vom Affen ab, und die Welt sei durch einen Urknall entstanden. Ich selbst glaubte immer noch an die Sch\\u00f6pfung. So erwiderte ich, dass das nicht wahr sei. Gott habe die Erde erschaffen. Das fand der Klassenkamerad lustig, und so lachte er laut. Das f\\u00fchrte dazu, dass sich meine Schulkameradin Alina einmischte. Daraufhin fragte er sie, ob sie auch glaube, dass die Erde durch den Urknall entstanden sei. Das verneinte sie. Sie glaube an die Sch\\u00f6pfung, und dass Gott die Menschen erschaffen habe. Ich war nat\\u00fcrlich hoch erfreut, als ich das h\\u00f6rte und wurde neugierig. Ist sie vielleicht Katholikin oder evangelisch, fragte ich mich. Etwas sp\\u00e4ter fragte ich sie, woher sie diese Erkenntnis habe. Daraufhin erz\\u00e4hlte sie mir von der Adventgemeinde und der Adventbotschaft. Davon hatte ich noch nie geh\\u00f6rt. Ich war nun aber \\u00fcberaus interessiert an diesem besonderen Glauben. Wollte Gott mir hier gleichzeitig zwei T\\u00fcren \\u00f6ffnen: Eine zur Wahrheit und eine zweite zu einer Frau, die meinen Glauben teilt?<\\\/p>\\n\\n\n\n<p>Schon bald lud sie mich zu einer Versammlung an einem Freitagabend in die Adventgemeinde ein. Dort wurde ich von den jugendlichen mit offenen Armen empfangen. Gemeinsam feierten wir den Sabbatanfang. Mein Hunger nach der Adventbotschaft wurde danach immer gr\\u00f6\\u00dfer. Auch die anderen Gemeindeglieder nahmen mich herzlich auf. Gott hatte mir ein neues geistliches Zuhause geschenkt. Nun, so meine \\u00dcberzeugung, war ich dort, wo ich hingeh\\u00f6rte, n\\u00e4mlich in Gottes wahrer Endzeitgemeinde. Durch ein zweij\\u00e4hriges intensives Studium mit der Jugend und dem Prediger f\\u00fchrte Gott mich im Juni 2009 an den Punkt, dass ich mich endg\\u00fcltig f\\u00fcr den Herrn Jesus Christus entschied und mein Leben ihm \\u00fcbergab. Ich lies mich taufen. Nun kenne ich die Wahrheit, nach der ich lange gesucht hatte.<\\\/p>\\n\\n\n\n<p>Mit Alina entwickelte sich eine enge Freundschaft. Inzwischen sind wir verlobt und planen, im Sommer 2011 zu heiraten. Gottes Wege sind manchmal unergr\\u00fcndlich. Keiner wei\\u00df wohin sie f\\u00fchren. Ich habe gelernt: Vertraue auf Gott und gib ihm die Ehre. Alles andere wird dann folgen.<\\\/p>\"}}]}],\"props\":{\"class\":\"article-leben\",\"margin\":\"default\"}}],\"name\":\"Inhalt\"},{\"type\":\"section\",\"props\":{\"class\":\"de-only\",\"image_position\":\"center-center\",\"style\":\"default\",\"title_breakpoint\":\"xl\",\"title_position\":\"top-left\",\"title_rotation\":\"left\",\"vertical_align\":\"middle\",\"width\":\"small\"},\"children\":[{\"type\":\"row\",\"children\":[{\"type\":\"column\",\"props\":{\"image_position\":\"center-center\",\"position_sticky_breakpoint\":\"m\"},\"children\":[{\"type\":\"grid\",\"props\":{\"content_column_breakpoint\":\"m\",\"filter_align\":\"left\",\"filter_all\":true,\"filter_grid_breakpoint\":\"m\",\"filter_grid_width\":\"auto\",\"filter_position\":\"top\",\"filter_style\":\"tab\",\"grid_default\":\"1\",\"grid_medium\":\"2\",\"grid_small\":\"2\",\"icon_width\":80,\"image_align\":\"top\",\"image_grid_breakpoint\":\"m\",\"image_grid_width\":\"1-2\",\"image_svg_color\":\"emphasis\",\"item_animation\":true,\"link_style\":\"secondary\",\"link_text\":\"Mehr erfahren\",\"margin\":\"default\",\"meta_align\":\"below-title\",\"meta_element\":\"div\",\"meta_style\":\"text-meta\",\"panel_image_no_padding\":true,\"panel_link\":true,\"panel_padding\":\"default\",\"panel_style\":\"card-default\",\"parallax_easing\":\"1\",\"show_content\":true,\"show_image\":true,\"show_link\":true,\"show_meta\":true,\"show_title\":true,\"title_align\":\"top\",\"title_color\":\"emphasis\",\"title_element\":\"h3\",\"title_grid_breakpoint\":\"m\",\"title_grid_width\":\"1-2\",\"title_hover_style\":\"reset\",\"title_style\":\"h3\"},\"children\":[{\"type\":\"grid_item\",\"props\":{\"content\":\"Du suchst ein vertrauensvolles Gespr\\u00e4ch, Rat und Orientierung f\\u00fcr dein Leben? Wir sind f\\u00fcr dich da, t\\u00e4glich 6-22 Uhr!\",\"image\":\"wp-content\\\/uploads\\\/2021\\\/03\\\/bzg-cta-hotline.jpg\",\"link\":\"angebote\\\/glaubens-und-lebenshilfe-telefon\",\"panel_style\":\"card-default\",\"title\":\"GLAUBENS- & LEBENSHILFE\"}},{\"type\":\"grid_item\",\"props\":{\"content\":\"Du hast Fragen zu Gott, der Bibel und dem Glauben? Schreibe uns! Dein pers\\u00f6nlicher E-Coach beantwortet sie dir gerne.\",\"image\":\"wp-content\\\/uploads\\\/2021\\\/03\\\/bzg-cta-e.choach.jpg\",\"link\":\"angebote\\\/kontakt-mit-e-coach\",\"panel_style\":\"card-default\",\"title\":\"GOTT ERFAHREN E-COACH\"}}]}]}]}],\"name\":\"Call to Action\"},{\"type\":\"section\",\"props\":{\"image_position\":\"center-center\",\"style\":\"default\",\"title_breakpoint\":\"xl\",\"title_position\":\"top-left\",\"title_rotation\":\"left\",\"vertical_align\":\"middle\",\"width\":\"default\"},\"children\":[{\"type\":\"row\",\"children\":[{\"type\":\"column\",\"props\":{\"image_position\":\"center-center\",\"position_sticky_breakpoint\":\"m\"},\"children\":[{\"type\":\"headline\",\"props\":{\"content\":\"DAS K\\u00d6NNTE DICH AUCH INTERESSIEREN\",\"text_align\":\"center\",\"title_element\":\"h1\",\"title_style\":\"h3\"}},{\"type\":\"gallery\",\"props\":{\"filter_align\":\"left\",\"filter_all\":true,\"filter_grid_breakpoint\":\"m\",\"filter_grid_width\":\"auto\",\"filter_position\":\"top\",\"filter_style\":\"tab\",\"grid_column_gap\":\"small\",\"grid_default\":\"1\",\"grid_medium\":\"3\",\"grid_row_gap\":\"small\",\"grid_small\":\"2\",\"image_hover_box_shadow\":\"small\",\"image_orientation\":false,\"image_transition\":\"scale-up\",\"item_animation\":true,\"link_style\":\"text\",\"link_text\":\"\",\"margin\":\"default\",\"meta_align\":\"below-title\",\"meta_element\":\"div\",\"meta_style\":\"text-meta\",\"overlay_hover\":false,\"overlay_link\":true,\"overlay_mode\":\"cover\",\"overlay_position\":\"center\",\"overlay_style\":\"overlay-primary\",\"overlay_transition\":\"fade\",\"parallax_easing\":\"1\",\"show_content\":false,\"show_hover_image\":true,\"show_link\":true,\"show_meta\":false,\"show_title\":true,\"text_align\":\"center\",\"text_color\":\"light\",\"title_element\":\"h5\",\"title_hover_style\":\"reset\",\"title_style\":\"h5\"},\"children\":[{\"type\":\"gallery_item\",\"props\":{\"image\":\"wp-content\\\/uploads\\\/2021\\\/03\\\/bzg-interesse-stadt.jpg\",\"link\":\"beziehung-zu-gott\\\/was-ist-lebenserfolg\",\"title\":\"Was ist Lebenserfolg?\"}},{\"type\":\"gallery_item\",\"props\":{\"image\":\"wp-content\\\/uploads\\\/2021\\\/03\\\/bzg-interesse-bibel.jpg\",\"link\":\"beziehung-zu-gott\\\/was-ist-das-hauptanliegen-der-bibel\",\"title\":\"Was ist das Hauptanliegen der Bibel?\"}},{\"type\":\"gallery_item\",\"props\":{\"image\":\"wp-content\\\/uploads\\\/2021\\\/03\\\/bzg-interesse-herz.jpg\",\"link\":\"wege-zum-ziel\\\/sinnbilder-der-liebe-gottes\",\"title\":\"Sinnbilder der Liebe Gottes\"}},{\"type\":\"gallery_item\",\"props\":{\"image\":\"wp-content\\\/uploads\\\/2021\\\/03\\\/bzg-interesse-kreuz.jpg\",\"link\":\"beziehung-zu-gott\\\/jesus-einzigartig-und-unvergleichlich\",\"title\":\"Jesus von Nazareth\"}},{\"type\":\"gallery_item\",\"props\":{\"image\":\"wp-content\\\/uploads\\\/2021\\\/03\\\/bzg-interesse-taube.jpg\",\"link\":\"beziehung-zu-gott\\\/leben-in-der-kraft-gottes\",\"title\":\"Leben in der Kraft Gottes\"}},{\"type\":\"gallery_item\",\"props\":{\"image\":\"wp-content\\\/uploads\\\/2021\\\/03\\\/bzg-interesse-beten.jpg\",\"link\":\"zweifel-oder-glaube\\\/ich-will-gott-erleben\",\"title\":\"Ich will Gott erleben\"}}]}]}]}],\"name\":\"Weiteres Angebot\"}],\"version\":\"4.3.5\"} --><\/p>\n","protected":false},"excerpt":{"rendered":"<p>DURCH EIN ZEUGNIS IM BIOLOGIEUNTERRICHT Dominik Als Familie waren wir lange Zeit Mitglieder einer Pfingstgemeinde. Doch als ich 12 Jahre alt war, verlie\u00dfen wir die Gemeinde und gr\u00fcndeten eine eigene Hauskirche. In dieser Phase der Pubert\u00e4t schlich sich bei mir so langsam Wiederstand gegen meine Familie, meine Freunde und meinen Glauben ein. Ich fand neue [&hellip;]<\/p>\n","protected":false},"author":3,"featured_media":49,"parent":654,"menu_order":0,"comment_status":"closed","ping_status":"closed","template":"","meta":{"_acf_changed":false,"footnotes":""},"class_list":["post-2078","page","type-page","status-publish","has-post-thumbnail","hentry"],"acf":[],"_links":{"self":[{"href":"https:\/\/gotterfahren.info\/en\/wp-json\/wp\/v2\/pages\/2078","targetHints":{"allow":["GET"]}}],"collection":[{"href":"https:\/\/gotterfahren.info\/en\/wp-json\/wp\/v2\/pages"}],"about":[{"href":"https:\/\/gotterfahren.info\/en\/wp-json\/wp\/v2\/types\/page"}],"author":[{"embeddable":true,"href":"https:\/\/gotterfahren.info\/en\/wp-json\/wp\/v2\/users\/3"}],"replies":[{"embeddable":true,"href":"https:\/\/gotterfahren.info\/en\/wp-json\/wp\/v2\/comments?post=2078"}],"version-history":[{"count":0,"href":"https:\/\/gotterfahren.info\/en\/wp-json\/wp\/v2\/pages\/2078\/revisions"}],"up":[{"embeddable":true,"href":"https:\/\/gotterfahren.info\/en\/wp-json\/wp\/v2\/pages\/654"}],"wp:featuredmedia":[{"embeddable":true,"href":"https:\/\/gotterfahren.info\/en\/wp-json\/wp\/v2\/media\/49"}],"wp:attachment":[{"href":"https:\/\/gotterfahren.info\/en\/wp-json\/wp\/v2\/media?parent=2078"}],"curies":[{"name":"wp","href":"https:\/\/api.w.org\/{rel}","templated":true}]}}