{"id":20,"date":"2021-03-21T14:11:04","date_gmt":"2021-03-21T14:11:04","guid":{"rendered":"https:\/\/alex.gotterfahren.info\/?page_id=20"},"modified":"2025-11-25T21:35:48","modified_gmt":"2025-11-25T21:35:48","slug":"relationship-with-god","status":"publish","type":"page","link":"https:\/\/gotterfahren.info\/en\/beziehung-zu-gott","title":{"rendered":"Relationship with God"},"content":{"rendered":"<h1>BEZIEHUNG ZU GOTT<\/h1>\n<div>\n<p>Wie kann ich sie finden und erhalten? Ein erf\u00fclltes Leben mit Gott.<\/p>\n<\/div>\n<ul>\n<li>\n<p><img decoding=\"async\" src=\"\/wp-content\/uploads\/2023\/11\/bzg-artikel-1v.jpg\" alt=\"\"><\/p>\n<h3>GOTT LIEBT DICH<\/h3>\n<div>Wir alle bekommen hin und wieder Briefe. Einige dieser Briefe \u00fcberfliegen wir schnell \u2026<\/div>\n<p><a href=\"\/beziehung-zu-gott\/gott-liebt-dich\"><\/a><\/p>\n<\/li>\n<li>\n<p><img decoding=\"async\" src=\"\/wp-content\/uploads\/2023\/11\/key2.jpg\" alt=\"\"><\/p>\n<h3>WAS IST LEBENSERFOLG?<\/h3>\n<div>\n<p><span>W\u00fcnschst Du Dir Lebenserfolg? Jeder w\u00fcnscht sich das. Wie gelingt das? &#8230;<\/span><\/p>\n<\/div>\n<p><a href=\"\/beziehung-zu-gott\/was-ist-lebenserfolg\"><\/a><\/p>\n<\/li>\n<li>\n<p><img decoding=\"async\" src=\"\/wp-content\/uploads\/2023\/11\/bzg-artikel-3v.jpg\" alt=\"\"><\/p>\n<h3>ERGREIFE DAS LEBEN<\/h3>\n<div>Angenommen \u2013 Du stirbst heute! (Herzschlag? Unfall?) Hast Du jetzt die Gewissheit \u2026<\/div>\n<p><a href=\"\/beziehung-zu-gott\/ergreife-das-leben\"><\/a><\/p>\n<\/li>\n<li>\n<p><img decoding=\"async\" src=\"\/wp-content\/uploads\/2023\/11\/bzg-artikel-4v.jpg\" alt=\"\"><\/p>\n<h3>JESUS VON NAZARETH<\/h3>\n<div>Nat\u00fcrlich kennst du seinen Namen. Alle kennen ihn. Es wird dich aber \u2026<\/div>\n<p><a href=\"\/beziehung-zu-gott\/jesus-einzigartig-und-unvergleichlich\"><\/a><\/p>\n<\/li>\n<li>\n<p><img decoding=\"async\" src=\"\/wp-content\/uploads\/2023\/11\/bzg-artikel-5v.jpg\" alt=\"\"><\/p>\n<h3>JESUS UND DER SABBAT<\/h3>\n<div>Oft werde ich gefragt: Warum h\u00e4ltst du den Sabbat? Meine Antwort ist ganz \u2026<\/div>\n<p><a href=\"\/beziehung-zu-gott\/jesus-und-der-sabbat\"><\/a><\/p>\n<\/li>\n<li>\n<p><img decoding=\"async\" src=\"\/wp-content\/uploads\/2021\/03\/bzg-artikel-06.jpg\" alt=\"\"><\/p>\n<h3>WIE IST DEINE MEINUNG ZU BETEN UND GEBET?<\/h3>\n<div>Religi\u00f6se Pflicht\u00fcbung oder psychologisches Selbstgespr\u00e4ch? Macht es Sinn zu beten \u2026<\/div>\n<p><a href=\"\/beziehung-zu-gott\/beten-wozu-eigentlich\"><\/a><\/p>\n<\/li>\n<li>\n<p><img decoding=\"async\" src=\"\/wp-content\/uploads\/2021\/03\/bzg-artikel-07.jpg\" alt=\"\"><\/p>\n<h3>WIE KANN ICH GOTTES LIEBE UND VERGEBUNG ERFAHREN?<\/h3>\n<div>Aufgrund der Liebe Gottes d\u00fcrfen wir ein freudiges, kraftvolles Leben f\u00fchren ohne \u2026<\/div>\n<p><a href=\"\/beziehung-zu-gott\/gottes-vergebung-erfahren\"><\/a><\/p>\n<\/li>\n<li>\n<p><img decoding=\"async\" src=\"\/wp-content\/uploads\/2021\/03\/bzg-artikel-08.jpg\" alt=\"\"><\/p>\n<h3>ERLEBE JESUS \u2013 DEINE CHANCE<\/h3>\n<div>\u201eErlebe Jesus \u2013 Deine Chance\u201c ist eine 13-teilige Vortragsreihe mit dem Ziel\u2026<\/div>\n<p><a href=\"\/beziehung-zu-gott\/erlebe-jesus-deine-chance\"><\/a><\/p>\n<\/li>\n<li>\n<p><img decoding=\"async\" src=\"\/wp-content\/uploads\/2021\/03\/bzg-artikel-09.jpg\" alt=\"\"><\/p>\n<h3>FASZINATION GLAUBE \u2013 DER WEG ZU GOTT<\/h3>\n<div>Gott m\u00f6chte uns helfen ein erf\u00fclltes Leben zu f\u00fchren, inneren Frieden zu haben \u2026<\/div>\n<p><a href=\"\/beziehung-zu-gott\/faszination-glaube-der-weg-zu-gott\"><\/a><\/p>\n<\/li>\n<li>\n<p><img decoding=\"async\" src=\"\/wp-content\/uploads\/2021\/03\/bzg-artikel-10.jpg\" alt=\"\"><\/p>\n<h3>WAS IST DAS HAUPTANLIEGEN DER BIBEL?<\/h3>\n<div>Das Interesse an der Bibel w\u00e4chst. Im ver\u00adgangenen Jahr wurden weltweit 561 Milli\u00adonen \u2026<\/div>\n<p><a href=\"\/beziehung-zu-gott\/was-ist-das-hauptanliegen-der-bibel\"><\/a><\/p>\n<\/li>\n<li>\n<p><img decoding=\"async\" src=\"\/wp-content\/uploads\/2023\/11\/bzg-artikel-11v.jpg\" alt=\"\"><\/p>\n<h3>LEBEN IN DER KRAFT GOTTES \u2013 WIE?<\/h3>\n<div>Ich hatte eine j\u00fcngere \u00c4rztin zu beerdigen. Ich lie\u00df mir ihre Bibel geben, um \u2026<\/div>\n<p><a href=\"\/beziehung-zu-gott\/leben-in-der-kraft-gottes\"><\/a><\/p>\n<\/li>\n<li>\n<p><img decoding=\"async\" src=\"\/wp-content\/uploads\/2023\/11\/bzg-artikel-13.jpg\" alt=\"\"><\/p>\n<h3>CHRISTUS \u2013 MEINE GERECHTIGKEIT<\/h3>\n<div>\n<p><span>Das Thema \u201eRechtfertigung durch den Glauben an Jesus Christus\u201c ist eine<\/span> \u2026<\/p>\n<\/div>\n<p><a href=\"\/beziehung-zu-gott\/christus-meine-gerechtigkeit\"><\/a><\/p>\n<\/li>\n<li>\n<p><img decoding=\"async\" src=\"\/wp-content\/uploads\/2023\/11\/123b.jpg\" alt=\"\"><\/p>\n<h3>MEINE GOTTESBEZIEHUNG UND DER SABBAT<\/h3>\n<div>\n<p><span>Wir wollen heute weitere Gedanken \u00fcber das Thema \u201eSabbat\u201c betrachten.<\/span> \u2026<\/p>\n<\/div>\n<p><a href=\"\/beziehung-zu-gott\/meine-gottesbeziehung-und-der-sabbat\"><\/a><\/p>\n<\/li>\n<li>\n<p><img decoding=\"async\" src=\"\/wp-content\/uploads\/2023\/11\/bzg-artikel-12.jpg\" alt=\"\"><\/p>\n<h3>WIE ERHALTE ICH VON GOTT EINEN RAT?<\/h3>\n<div>\n<p><span>Hast Du Dich auch schon einmal gefragt, ob du von Gott auf ganz pers\u00f6nliche Fragen eine<\/span> \u2026<\/p>\n<\/div>\n<p><a href=\"\/beziehung-zu-gott\/wie-erhalte-ich-von-gott-einen-rat\"><\/a><\/p>\n<\/li>\n<\/ul>\n<ul>\n<li>\n<p><img decoding=\"async\" src=\"\/wp-content\/uploads\/2023\/11\/bzg-artikel-1v.jpg\" alt=\"\"><\/p>\n<h3>GOTT LIEBT DICH<\/h3>\n<div>Wir alle bekommen hin und wieder Briefe. Einige dieser Briefe \u00fcberfliegen wir schnell \u2026<\/div>\n<p><a href=\"\/beziehung-zu-gott\/gott-liebt-dich\"><\/a><\/p>\n<\/li>\n<li>\n<p><img decoding=\"async\" src=\"\/wp-content\/uploads\/2023\/11\/key2.jpg\" alt=\"\"><\/p>\n<h3>WAS IST LEBENSERFOLG?<\/h3>\n<div>\n<p><span>W\u00fcnschst Du Dir Lebenserfolg? Jeder w\u00fcnscht sich das. Wie gelingt das? &#8230;<\/span><\/p>\n<\/div>\n<p><a href=\"\/beziehung-zu-gott\/was-ist-lebenserfolg\"><\/a><\/p>\n<\/li>\n<li>\n<p><img decoding=\"async\" src=\"\/wp-content\/uploads\/2023\/11\/bzg-artikel-3v.jpg\" alt=\"\"><\/p>\n<h3>ERGREIFE DAS LEBEN<\/h3>\n<div>Angenommen \u2013 Du stirbst heute! (Herzschlag? Unfall?) Hast Du jetzt die Gewissheit \u2026<\/div>\n<p><a href=\"\/beziehung-zu-gott\/ergreife-das-leben\"><\/a><\/p>\n<\/li>\n<li>\n<p><img decoding=\"async\" src=\"\/wp-content\/uploads\/2023\/11\/bzg-artikel-4v.jpg\" alt=\"\"><\/p>\n<h3>JESUS VON NAZARETH<\/h3>\n<div>Nat\u00fcrlich kennst du seinen Namen. Alle kennen ihn. Es wird dich aber \u2026<\/div>\n<p><a href=\"\/beziehung-zu-gott\/jesus-einzigartig-und-unvergleichlich\"><\/a><\/p>\n<\/li>\n<li>\n<p><img decoding=\"async\" src=\"\/wp-content\/uploads\/2023\/11\/bzg-artikel-5v.jpg\" alt=\"\"><\/p>\n<h3>JESUS UND DER SABBAT<\/h3>\n<div>Oft werde ich gefragt: Warum h\u00e4ltst du den Sabbat? Meine Antwort ist ganz \u2026<\/div>\n<p><a href=\"\/beziehung-zu-gott\/jesus-und-der-sabbat\"><\/a><\/p>\n<\/li>\n<li>\n<p><img decoding=\"async\" src=\"\/wp-content\/uploads\/2021\/03\/bzg-artikel-07.jpg\" alt=\"\"><\/p>\n<h3>WIE KANN ICH GOTTES LIEBE UND VERGEBUNG ERFAHREN?<\/h3>\n<div>Aufgrund der Liebe Gottes d\u00fcrfen wir ein freudiges, kraftvolles Leben f\u00fchren ohne \u2026<\/div>\n<p><a href=\"\/beziehung-zu-gott\/gottes-vergebung-erfahren\"><\/a><\/p>\n<\/li>\n<li>\n<p><img decoding=\"async\" src=\"\/wp-content\/uploads\/2021\/03\/bzg-artikel-09.jpg\" alt=\"\"><\/p>\n<h3>FASZINATION GLAUBE \u2013 DER WEG ZU GOTT<\/h3>\n<div>Gott m\u00f6chte uns helfen ein erf\u00fclltes Leben zu f\u00fchren, inneren Frieden zu haben \u2026<\/div>\n<p><a href=\"\/beziehung-zu-gott\/faszination-glaube-der-weg-zu-gott\"><\/a><\/p>\n<\/li>\n<li>\n<p><img decoding=\"async\" src=\"\/wp-content\/uploads\/2021\/03\/bzg-artikel-10.jpg\" alt=\"\"><\/p>\n<h3>WAS IST DAS HAUPTANLIEGEN DER BIBEL?<\/h3>\n<div>Das Interesse an der Bibel w\u00e4chst. Im ver\u00adgangenen Jahr wurden weltweit 561 Milli\u00adonen \u2026<\/div>\n<p><a href=\"\/beziehung-zu-gott\/was-ist-das-hauptanliegen-der-bibel\"><\/a><\/p>\n<\/li>\n<li>\n<p><img decoding=\"async\" src=\"\/wp-content\/uploads\/2023\/11\/bzg-artikel-11v.jpg\" alt=\"\"><\/p>\n<h3>LEBEN IN DER KRAFT GOTTES \u2013 WIE?<\/h3>\n<div>Ich hatte eine j\u00fcngere \u00c4rztin zu beerdigen. Ich lie\u00df mir ihre Bibel geben, um \u2026<\/div>\n<p><a href=\"\/beziehung-zu-gott\/leben-in-der-kraft-gottes\"><\/a><\/p>\n<\/li>\n<li>\n<p><img decoding=\"async\" src=\"\/wp-content\/uploads\/2023\/11\/bzg-artikel-13.jpg\" alt=\"\"><\/p>\n<h3>CHRISTUS \u2013 MEINE GERECHTIGKEIT<\/h3>\n<div>\n<p><span>Das Thema \u201eRechtfertigung durch den Glauben an Jesus Christus\u201c ist eine<\/span> \u2026<\/p>\n<\/div>\n<p><a href=\"\/beziehung-zu-gott\/christus-meine-gerechtigkeit\"><\/a><\/p>\n<\/li>\n<li>\n<p><img decoding=\"async\" src=\"\/wp-content\/uploads\/2023\/11\/123b.jpg\" alt=\"\"><\/p>\n<h3>MEINE GOTTESBEZIEHUNG UND DER SABBAT<\/h3>\n<div>\n<p><span>Wir wollen heute weitere Gedanken \u00fcber das Thema \u201eSabbat\u201c betrachten.<\/span> \u2026<\/p>\n<\/div>\n<p><a href=\"\/beziehung-zu-gott\/meine-gottesbeziehung-und-der-sabbat\"><\/a><\/p>\n<\/li>\n<li>\n<p><img decoding=\"async\" src=\"\/wp-content\/uploads\/2023\/11\/bzg-artikel-12.jpg\" alt=\"\"><\/p>\n<h3>WIE ERHALTE ICH VON GOTT EINEN RAT?<\/h3>\n<div>\n<p><span>Hast Du Dich auch schon einmal gefragt, ob du von Gott auf ganz pers\u00f6nliche Fragen eine<\/span> \u2026<\/p>\n<\/div>\n<p><a href=\"\/beziehung-zu-gott\/wie-erhalte-ich-von-gott-einen-rat\"><\/a><\/p>\n<\/li>\n<\/ul>\n<p><!--more--><br \/>\n<!-- {\"type\":\"layout\",\"children\":[{\"type\":\"section\",\"props\":{\"class\":\"banner-normal\",\"image\":\"wp-content\\\/uploads\\\/2021\\\/03\\\/bzg-banner-0.jpg\",\"image_position\":\"center-center\",\"image_size\":\"cover\",\"padding\":\"xlarge\",\"style\":\"default\",\"title_breakpoint\":\"xl\",\"title_position\":\"top-left\",\"title_rotation\":\"left\",\"vertical_align\":\"middle\",\"width\":\"\"},\"children\":[{\"type\":\"row\",\"children\":[{\"type\":\"column\",\"props\":{\"image_position\":\"center-center\",\"position_sticky_breakpoint\":\"m\"}}]}],\"name\":\"Banner\",\"modified\":\"2021-03-31T21:47:02.643Z\"},{\"type\":\"section\",\"props\":{\"image_position\":\"center-center\",\"padding_remove_top\":false,\"style\":\"default\",\"title_breakpoint\":\"xl\",\"title_position\":\"top-left\",\"title_rotation\":\"left\",\"vertical_align\":\"middle\",\"width\":\"default\"},\"children\":[{\"type\":\"row\",\"children\":[{\"type\":\"column\",\"props\":{\"image_position\":\"center-center\",\"position_sticky_breakpoint\":\"m\"},\"children\":[{\"type\":\"breadcrumbs\",\"props\":{\"home_text\":\"GOTT ERFAHREN\",\"show_current\":true,\"show_home\":true,\"visibility\":\"s\"}}]}]},{\"type\":\"row\",\"children\":[{\"type\":\"column\",\"props\":{\"image_position\":\"center-center\",\"position_sticky_breakpoint\":\"m\"},\"children\":[{\"type\":\"headline\",\"props\":{\"content\":\"BEZIEHUNG ZU GOTT\",\"margin_remove_bottom\":true,\"title_element\":\"h1\",\"title_style\":\"h1\"}},{\"type\":\"text\",\"props\":{\"column_breakpoint\":\"m\",\"content\":\"\n\n<p>Wie kann ich sie finden und erhalten? Ein erf\\u00fclltes Leben mit Gott.<\\\/p>\",\"margin\":\"default\"}}]}],\"props\":{\"margin\":\"default\"}},{\"type\":\"row\",\"children\":[{\"type\":\"column\",\"props\":{\"image_position\":\"center-center\",\"position_sticky_breakpoint\":\"m\"},\"children\":[{\"type\":\"grid\",\"props\":{\"content_align\":true,\"content_column_breakpoint\":\"m\",\"content_margin\":\"small\",\"css\":\".el-title {\\n\\tfont-size:21px;\\n}\",\"filter_align\":\"left\",\"filter_all\":true,\"filter_grid_breakpoint\":\"m\",\"filter_grid_width\":\"auto\",\"filter_position\":\"top\",\"filter_style\":\"tab\",\"grid_column_gap\":\"medium\",\"grid_default\":\"1\",\"grid_divider\":false,\"grid_medium\":\"1\",\"grid_row_gap\":\"medium\",\"icon_width\":80,\"image_align\":\"left\",\"image_grid_breakpoint\":\"s\",\"image_grid_width\":\"1-5\",\"image_hover_box_shadow\":\"small\",\"image_link\":true,\"image_svg_color\":\"emphasis\",\"image_width\":\"700px\",\"item_animation\":true,\"link_style\":\"default\",\"link_text\":\"\",\"margin\":\"default\",\"meta_align\":\"below-title\",\"meta_element\":\"div\",\"meta_style\":\"text-meta\",\"panel_image_no_padding\":true,\"panel_link\":true,\"panel_padding\":\"default\",\"panel_style\":\"card-default\",\"parallax_easing\":\"1\",\"show_content\":true,\"show_image\":true,\"show_link\":true,\"show_meta\":true,\"show_title\":true,\"title_align\":\"top\",\"title_color\":\"primary\",\"title_element\":\"h3\",\"title_grid_breakpoint\":\"m\",\"title_grid_width\":\"1-2\",\"title_hover_style\":\"reset\",\"title_link\":true,\"title_margin\":\"small\",\"title_style\":\"h3\"},\"children\":[{\"type\":\"grid_item\",\"props\":{\"content\":\"Wir alle bekommen hin und wieder Briefe. Einige dieser Briefe \\u00fcberfliegen wir schnell \\u2026\",\"image\":\"wp-content\\\/uploads\\\/2023\\\/11\\\/bzg-artikel-1v.jpg\",\"link\":\"beziehung-zu-gott\\\/gott-liebt-dich\",\"title\":\"GOTT LIEBT DICH\"}},{\"type\":\"grid_item\",\"props\":{\"content\":\"\n\n<p><span>W\\u00fcnschst Du Dir Lebenserfolg? Jeder w\\u00fcnscht sich das. Wie gelingt das? ...<\\\/span><\\\/p>\",\"image\":\"wp-content\\\/uploads\\\/2023\\\/11\\\/key2.jpg\",\"link\":\"beziehung-zu-gott\\\/was-ist-lebenserfolg\",\"title\":\"WAS IST LEBENSERFOLG?\"}},{\"type\":\"grid_item\",\"props\":{\"content\":\"Angenommen \\u2013 Du stirbst heute! (Herzschlag? Unfall?) Hast Du jetzt die Gewissheit \\u2026\",\"image\":\"wp-content\\\/uploads\\\/2023\\\/11\\\/bzg-artikel-3v.jpg\",\"link\":\"beziehung-zu-gott\\\/ergreife-das-leben\",\"title\":\"ERGREIFE DAS LEBEN\"}},{\"type\":\"grid_item\",\"props\":{\"content\":\"Nat\\u00fcrlich kennst du seinen Namen. Alle kennen ihn. Es wird dich aber \\u2026\",\"image\":\"wp-content\\\/uploads\\\/2023\\\/11\\\/bzg-artikel-4v.jpg\",\"link\":\"beziehung-zu-gott\\\/jesus-einzigartig-und-unvergleichlich\",\"title\":\"JESUS VON NAZARETH\"}},{\"type\":\"grid_item\",\"props\":{\"content\":\"Oft werde ich gefragt: Warum h\\u00e4ltst du den Sabbat? Meine Antwort ist ganz \\u2026\",\"image\":\"wp-content\\\/uploads\\\/2023\\\/11\\\/bzg-artikel-5v.jpg\",\"link\":\"beziehung-zu-gott\\\/jesus-und-der-sabbat\",\"title\":\"JESUS UND DER SABBAT\"}},{\"type\":\"grid_item\",\"props\":{\"content\":\"Religi\\u00f6se Pflicht\\u00fcbung oder psychologisches Selbstgespr\\u00e4ch? Macht es Sinn zu beten \\u2026\",\"image\":\"wp-content\\\/uploads\\\/2021\\\/03\\\/bzg-artikel-06.jpg\",\"link\":\"beziehung-zu-gott\\\/beten-wozu-eigentlich\",\"title\":\"WIE IST DEINE MEINUNG ZU BETEN UND GEBET?\"}},{\"type\":\"grid_item\",\"props\":{\"content\":\"Aufgrund der Liebe Gottes d\\u00fcrfen wir ein freudiges, kraftvolles Leben f\\u00fchren ohne \\u2026\",\"image\":\"wp-content\\\/uploads\\\/2021\\\/03\\\/bzg-artikel-07.jpg\",\"link\":\"beziehung-zu-gott\\\/gottes-vergebung-erfahren\",\"title\":\"WIE KANN ICH GOTTES LIEBE UND VERGEBUNG ERFAHREN?\"}},{\"type\":\"grid_item\",\"props\":{\"content\":\"\\u201eErlebe Jesus \\u2013 Deine Chance\\u201c ist eine 13-teilige Vortragsreihe mit dem Ziel\\u2026\",\"image\":\"wp-content\\\/uploads\\\/2021\\\/03\\\/bzg-artikel-08.jpg\",\"link\":\"beziehung-zu-gott\\\/erlebe-jesus-deine-chance\",\"title\":\"ERLEBE JESUS \\u2013 DEINE CHANCE\"}},{\"type\":\"grid_item\",\"props\":{\"content\":\"Gott m\\u00f6chte uns helfen ein erf\\u00fclltes Leben zu f\\u00fchren, inneren Frieden zu haben \\u2026\",\"image\":\"wp-content\\\/uploads\\\/2021\\\/03\\\/bzg-artikel-09.jpg\",\"link\":\"beziehung-zu-gott\\\/faszination-glaube-der-weg-zu-gott\",\"title\":\"FASZINATION GLAUBE \\u2013 DER WEG ZU GOTT\"}},{\"type\":\"grid_item\",\"props\":{\"content\":\"Das Interesse an der Bibel w\\u00e4chst. Im ver\\u00adgangenen Jahr wurden weltweit 561 Milli\\u00adonen \\u2026\",\"image\":\"wp-content\\\/uploads\\\/2021\\\/03\\\/bzg-artikel-10.jpg\",\"link\":\"beziehung-zu-gott\\\/was-ist-das-hauptanliegen-der-bibel\",\"title\":\"WAS IST DAS HAUPTANLIEGEN DER BIBEL?\"}},{\"type\":\"grid_item\",\"props\":{\"content\":\"Ich hatte eine j\\u00fcngere \\u00c4rztin zu beerdigen. Ich lie\\u00df mir ihre Bibel geben, um \\u2026\",\"image\":\"wp-content\\\/uploads\\\/2023\\\/11\\\/bzg-artikel-11v.jpg\",\"link\":\"beziehung-zu-gott\\\/leben-in-der-kraft-gottes\",\"title\":\"LEBEN IN DER KRAFT GOTTES \\u2013 WIE?\"}},{\"type\":\"grid_item\",\"props\":{\"content\":\"\n\n<p><span>Das Thema \\u201eRechtfertigung durch den Glauben an Jesus Christus\\u201c ist eine<\\\/span> \\u2026<\\\/p>\",\"image\":\"wp-content\\\/uploads\\\/2023\\\/11\\\/bzg-artikel-13.jpg\",\"link\":\"beziehung-zu-gott\\\/christus-meine-gerechtigkeit\",\"title\":\"CHRISTUS \\u2013 MEINE GERECHTIGKEIT\"}},{\"type\":\"grid_item\",\"props\":{\"content\":\"\n\n<p><span>Wir wollen heute weitere Gedanken \\u00fcber das Thema \\u201eSabbat\\u201c betrachten.<\\\/span> \\u2026<\\\/p>\",\"image\":\"wp-content\\\/uploads\\\/2023\\\/11\\\/123b.jpg\",\"link\":\"beziehung-zu-gott\\\/meine-gottesbeziehung-und-der-sabbat\",\"title\":\"MEINE GOTTESBEZIEHUNG UND DER SABBAT\"}},{\"type\":\"grid_item\",\"props\":{\"content\":\"\n\n<p><span>Hast Du Dich auch schon einmal gefragt, ob du von Gott auf ganz pers\\u00f6nliche Fragen eine<\\\/span> \\u2026<\\\/p>\",\"image\":\"wp-content\\\/uploads\\\/2023\\\/11\\\/bzg-artikel-12.jpg\",\"link\":\"beziehung-zu-gott\\\/wie-erhalte-ich-von-gott-einen-rat\",\"title\":\"WIE ERHALTE ICH VON GOTT EINEN RAT?\"}}],\"name\":\"Artikel (DE)\"}]}],\"props\":{\"class\":\"de-only\"}},{\"type\":\"row\",\"children\":[{\"type\":\"column\",\"props\":{\"image_position\":\"center-center\",\"position_sticky_breakpoint\":\"m\"},\"children\":[{\"type\":\"grid\",\"props\":{\"content_align\":true,\"content_column_breakpoint\":\"m\",\"content_margin\":\"small\",\"css\":\".el-title {\\n\\tfont-size:21px;\\n}\",\"filter_align\":\"left\",\"filter_all\":true,\"filter_grid_breakpoint\":\"m\",\"filter_grid_width\":\"auto\",\"filter_position\":\"top\",\"filter_style\":\"tab\",\"grid_column_gap\":\"medium\",\"grid_default\":\"1\",\"grid_divider\":false,\"grid_medium\":\"1\",\"grid_row_gap\":\"medium\",\"icon_width\":80,\"image_align\":\"left\",\"image_grid_breakpoint\":\"s\",\"image_grid_width\":\"1-5\",\"image_hover_box_shadow\":\"small\",\"image_link\":true,\"image_svg_color\":\"emphasis\",\"image_width\":\"700px\",\"item_animation\":true,\"link_style\":\"default\",\"link_text\":\"\",\"margin\":\"default\",\"meta_align\":\"below-title\",\"meta_element\":\"div\",\"meta_style\":\"text-meta\",\"panel_image_no_padding\":true,\"panel_link\":true,\"panel_padding\":\"default\",\"panel_style\":\"card-default\",\"parallax_easing\":\"1\",\"show_content\":true,\"show_image\":true,\"show_link\":true,\"show_meta\":true,\"show_title\":true,\"title_align\":\"top\",\"title_color\":\"primary\",\"title_element\":\"h3\",\"title_grid_breakpoint\":\"m\",\"title_grid_width\":\"1-2\",\"title_hover_style\":\"reset\",\"title_link\":true,\"title_margin\":\"small\",\"title_style\":\"h3\"},\"children\":[{\"type\":\"grid_item\",\"props\":{\"content\":\"Wir alle bekommen hin und wieder Briefe. Einige dieser Briefe \\u00fcberfliegen wir schnell \\u2026\",\"image\":\"wp-content\\\/uploads\\\/2023\\\/11\\\/bzg-artikel-1v.jpg\",\"link\":\"beziehung-zu-gott\\\/gott-liebt-dich\",\"title\":\"GOTT LIEBT DICH\"}},{\"type\":\"grid_item\",\"props\":{\"content\":\"\n\n<p><span>W\\u00fcnschst Du Dir Lebenserfolg? Jeder w\\u00fcnscht sich das. Wie gelingt das? ...<\\\/span><\\\/p>\",\"image\":\"wp-content\\\/uploads\\\/2023\\\/11\\\/key2.jpg\",\"link\":\"beziehung-zu-gott\\\/was-ist-lebenserfolg\",\"title\":\"WAS IST LEBENSERFOLG?\"}},{\"type\":\"grid_item\",\"props\":{\"content\":\"Angenommen \\u2013 Du stirbst heute! (Herzschlag? Unfall?) Hast Du jetzt die Gewissheit \\u2026\",\"image\":\"wp-content\\\/uploads\\\/2023\\\/11\\\/bzg-artikel-3v.jpg\",\"link\":\"beziehung-zu-gott\\\/ergreife-das-leben\",\"title\":\"ERGREIFE DAS LEBEN\"}},{\"type\":\"grid_item\",\"props\":{\"content\":\"Nat\\u00fcrlich kennst du seinen Namen. Alle kennen ihn. Es wird dich aber \\u2026\",\"image\":\"wp-content\\\/uploads\\\/2023\\\/11\\\/bzg-artikel-4v.jpg\",\"link\":\"beziehung-zu-gott\\\/jesus-einzigartig-und-unvergleichlich\",\"title\":\"JESUS VON NAZARETH\"}},{\"type\":\"grid_item\",\"props\":{\"content\":\"Oft werde ich gefragt: Warum h\\u00e4ltst du den Sabbat? Meine Antwort ist ganz \\u2026\",\"image\":\"wp-content\\\/uploads\\\/2023\\\/11\\\/bzg-artikel-5v.jpg\",\"link\":\"beziehung-zu-gott\\\/jesus-und-der-sabbat\",\"title\":\"JESUS UND DER SABBAT\"}},{\"type\":\"grid_item\",\"props\":{\"content\":\"Aufgrund der Liebe Gottes d\\u00fcrfen wir ein freudiges, kraftvolles Leben f\\u00fchren ohne \\u2026\",\"image\":\"wp-content\\\/uploads\\\/2021\\\/03\\\/bzg-artikel-07.jpg\",\"link\":\"beziehung-zu-gott\\\/gottes-vergebung-erfahren\",\"title\":\"WIE KANN ICH GOTTES LIEBE UND VERGEBUNG ERFAHREN?\"}},{\"type\":\"grid_item\",\"props\":{\"content\":\"Gott m\\u00f6chte uns helfen ein erf\\u00fclltes Leben zu f\\u00fchren, inneren Frieden zu haben \\u2026\",\"image\":\"wp-content\\\/uploads\\\/2021\\\/03\\\/bzg-artikel-09.jpg\",\"link\":\"beziehung-zu-gott\\\/faszination-glaube-der-weg-zu-gott\",\"title\":\"FASZINATION GLAUBE \\u2013 DER WEG ZU GOTT\"}},{\"type\":\"grid_item\",\"props\":{\"content\":\"Das Interesse an der Bibel w\\u00e4chst. Im ver\\u00adgangenen Jahr wurden weltweit 561 Milli\\u00adonen \\u2026\",\"image\":\"wp-content\\\/uploads\\\/2021\\\/03\\\/bzg-artikel-10.jpg\",\"link\":\"beziehung-zu-gott\\\/was-ist-das-hauptanliegen-der-bibel\",\"title\":\"WAS IST DAS HAUPTANLIEGEN DER BIBEL?\"}},{\"type\":\"grid_item\",\"props\":{\"content\":\"Ich hatte eine j\\u00fcngere \\u00c4rztin zu beerdigen. Ich lie\\u00df mir ihre Bibel geben, um \\u2026\",\"image\":\"wp-content\\\/uploads\\\/2023\\\/11\\\/bzg-artikel-11v.jpg\",\"link\":\"beziehung-zu-gott\\\/leben-in-der-kraft-gottes\",\"title\":\"LEBEN IN DER KRAFT GOTTES \\u2013 WIE?\"}},{\"type\":\"grid_item\",\"props\":{\"content\":\"\n\n<p><span>Das Thema \\u201eRechtfertigung durch den Glauben an Jesus Christus\\u201c ist eine<\\\/span> \\u2026<\\\/p>\",\"image\":\"wp-content\\\/uploads\\\/2023\\\/11\\\/bzg-artikel-13.jpg\",\"link\":\"beziehung-zu-gott\\\/christus-meine-gerechtigkeit\",\"title\":\"CHRISTUS \\u2013 MEINE GERECHTIGKEIT\"}},{\"type\":\"grid_item\",\"props\":{\"content\":\"\n\n<p><span>Wir wollen heute weitere Gedanken \\u00fcber das Thema \\u201eSabbat\\u201c betrachten.<\\\/span> \\u2026<\\\/p>\",\"image\":\"wp-content\\\/uploads\\\/2023\\\/11\\\/123b.jpg\",\"link\":\"beziehung-zu-gott\\\/meine-gottesbeziehung-und-der-sabbat\",\"title\":\"MEINE GOTTESBEZIEHUNG UND DER SABBAT\"}},{\"type\":\"grid_item\",\"props\":{\"content\":\"\n\n<p><span>Hast Du Dich auch schon einmal gefragt, ob du von Gott auf ganz pers\\u00f6nliche Fragen eine<\\\/span> \\u2026<\\\/p>\",\"image\":\"wp-content\\\/uploads\\\/2023\\\/11\\\/bzg-artikel-12.jpg\",\"link\":\"beziehung-zu-gott\\\/wie-erhalte-ich-von-gott-einen-rat\",\"title\":\"WIE ERHALTE ICH VON GOTT EINEN RAT?\"}}],\"name\":\"Artikel (EU)\"}]}],\"props\":{\"class\":\"eu-only\"}}],\"name\":\"Inhalt: Artikel\",\"modified\":\"2021-03-31T21:52:02.705Z\"},{\"type\":\"section\",\"props\":{\"class\":\"de-only\",\"image_position\":\"center-center\",\"style\":\"default\",\"title_breakpoint\":\"xl\",\"title_position\":\"top-left\",\"title_rotation\":\"left\",\"vertical_align\":\"middle\",\"width\":\"small\"},\"children\":[{\"type\":\"row\",\"children\":[{\"type\":\"column\",\"props\":{\"image_position\":\"center-center\",\"position_sticky_breakpoint\":\"m\"},\"children\":[{\"type\":\"module_position\",\"props\":{\"breakpoint\":\"m\",\"content\":\"builder-2\",\"layout\":\"stack\"},\"name\":\"CTA: Lebenshilfe & E-Coach \"}]}]}],\"name\":\"CTA: Grid Hotline & Coach (DE)\",\"modified\":\"2021-03-31T21:48:33.572Z\"}],\"version\":\"4.3.5\"} --><\/p>\n","protected":false},"excerpt":{"rendered":"<p>BEZIEHUNG ZU GOTT Wie kann ich sie finden und erhalten? Ein erf\u00fclltes Leben mit Gott. GOTT LIEBT DICH Wir alle bekommen hin und wieder Briefe. Einige dieser Briefe \u00fcberfliegen wir schnell \u2026 WAS IST LEBENSERFOLG? W\u00fcnschst Du Dir Lebenserfolg? Jeder w\u00fcnscht sich das. Wie gelingt das? &#8230; ERGREIFE DAS LEBEN Angenommen \u2013 Du stirbst heute! [&hellip;]<\/p>\n","protected":false},"author":2,"featured_media":238,"parent":0,"menu_order":0,"comment_status":"closed","ping_status":"closed","template":"","meta":{"_acf_changed":false,"footnotes":""},"class_list":["post-20","page","type-page","status-publish","has-post-thumbnail","hentry"],"acf":[],"_links":{"self":[{"href":"https:\/\/gotterfahren.info\/en\/wp-json\/wp\/v2\/pages\/20","targetHints":{"allow":["GET"]}}],"collection":[{"href":"https:\/\/gotterfahren.info\/en\/wp-json\/wp\/v2\/pages"}],"about":[{"href":"https:\/\/gotterfahren.info\/en\/wp-json\/wp\/v2\/types\/page"}],"author":[{"embeddable":true,"href":"https:\/\/gotterfahren.info\/en\/wp-json\/wp\/v2\/users\/2"}],"replies":[{"embeddable":true,"href":"https:\/\/gotterfahren.info\/en\/wp-json\/wp\/v2\/comments?post=20"}],"version-history":[{"count":0,"href":"https:\/\/gotterfahren.info\/en\/wp-json\/wp\/v2\/pages\/20\/revisions"}],"wp:featuredmedia":[{"embeddable":true,"href":"https:\/\/gotterfahren.info\/en\/wp-json\/wp\/v2\/media\/238"}],"wp:attachment":[{"href":"https:\/\/gotterfahren.info\/en\/wp-json\/wp\/v2\/media?parent=20"}],"curies":[{"name":"wp","href":"https:\/\/api.w.org\/{rel}","templated":true}]}}