{"id":189,"date":"2021-03-23T13:13:50","date_gmt":"2021-03-23T13:13:50","guid":{"rendered":"https:\/\/alex.gotterfahren.info\/?page_id=189"},"modified":"2025-11-27T19:58:03","modified_gmt":"2025-11-27T19:58:03","slug":"god-loves-you","status":"publish","type":"page","link":"https:\/\/gotterfahren.info\/en\/beziehung-zu-gott\/gott-liebt-dich","title":{"rendered":"God loves you"},"content":{"rendered":"<h1>GOTT LIEBT DICH<\/h1>\n<h1>GOTTES PERS\u00d6NLICHE ZEILEN AN DICH<\/h1>\n<div>\n<div class=\"gotterfahren-mediaplayer-container\"><audio class=\"wp-audio-shortcode\" id=\"audio-189-1\" preload=\"none\" style=\"width: 100%;\" controls=\"controls\"><source type=\"audio\/mpeg\" src=\"\/wp-content\/uploads\/2024\/03\/gott-liebt-dich.mp3?_=1\" \/><a href=\"\/wp-content\/uploads\/2024\/03\/gott-liebt-dich.mp3\">\/wp-content\/uploads\/2024\/03\/gott-liebt-dich.mp3<\/a><\/audio><div class=\"media-download-button\"><a href=\"\/wp-content\/uploads\/2024\/03\/gott-liebt-dich.mp3\" class=\"uk-icon-button\" uk-icon=\"icon: download; ratio: 1.2\" download><\/a><\/div><\/div>\n<\/div>\n<div>\n<p>Wir alle bekommen hin und wieder Briefe. Einige dieser Briefe \u00fcberfliegen wir schnell, vielleicht nicht einmal das, und sie landen im Papierkorb. Eine Art Briefe empfangen wir jedoch alle gerne, ja wir sehnen uns regelrecht danach: Liebesbriefe. Gott hat dir einen herzergreifenden Liebesbrief geschrieben, weil er sich nach dir sehnt. Das klingt ungew\u00f6hnlich, fast komisch. Aber es ist wirklich so. Gottes pers\u00f6nliche Zeilen warten darauf, von dir gelesen zu werden. Er kann es kaum erwarten, bis du ihm antwortest.<\/p>\n<\/div>\n<div>\n\n\n<div class=\"lyte-wrapper\" title=\"1. God&rsquo;s Personal Letter to You - GOD-IS-LIFE.ORG\" style=\"width:640px;max-width:100%;margin:5px auto;\"><div class=\"lyMe\" id=\"WYL_NwyZMEAWygE\" itemprop=\"video\" itemscope itemtype=\"https:\/\/schema.org\/VideoObject\"><div><meta itemprop=\"thumbnailUrl\" content=\"https:\/\/gotterfahren.info\/wp-content\/plugins\/wp-youtube-lyte\/lyteCache.php?origThumbUrl=https%3A%2F%2Fi.ytimg.com%2Fvi%2FNwyZMEAWygE%2Fhqdefault.jpg\" \/><meta itemprop=\"embedURL\" content=\"https:\/\/www.youtube.com\/embed\/NwyZMEAWygE\" \/><meta itemprop=\"duration\" content=\"PT5M59S\" \/><meta itemprop=\"uploadDate\" content=\"2019-08-13T08:27:46Z\" \/><\/div><div id=\"lyte_NwyZMEAWygE\" data-src=\"https:\/\/gotterfahren.info\/wp-content\/plugins\/wp-youtube-lyte\/lyteCache.php?origThumbUrl=https%3A%2F%2Fi.ytimg.com%2Fvi%2FNwyZMEAWygE%2Fhqdefault.jpg\" class=\"pL\"><div class=\"tC\"><div class=\"tT\" itemprop=\"name\">1. God\u2019s Personal Letter to You - GOD-IS-LIFE.ORG<\/div><\/div><div class=\"play\"><\/div><div class=\"ctrl\"><div class=\"Lctrl\"><\/div><div class=\"Rctrl\"><\/div><\/div><\/div><noscript><a href=\"https:\/\/youtu.be\/NwyZMEAWygE\" rel=\"nofollow noopener\" target=\"_blank\"><img loading=\"lazy\" decoding=\"async\" src=\"https:\/\/gotterfahren.info\/wp-content\/plugins\/wp-youtube-lyte\/lyteCache.php?origThumbUrl=https%3A%2F%2Fi.ytimg.com%2Fvi%2FNwyZMEAWygE%2F0.jpg\" alt=\"1. God&rsquo;s Personal Letter to You - GOD-IS-LIFE.ORG\" width=\"640\" height=\"340\" \/><br \/>Watch this video on YouTube<\/a><\/noscript><meta itemprop=\"description\" content=\"All of us receive letters now and then. Some of these we skim quickly or simply toss. But there is one type of letter we all enjoy receiving and may even yearn for: love letters. God has written a tender lover letter to each of us because He longs for us. This may sound surprising, but it\u2019s true. God\u2019s personal words are waiting for you to read, and He can scarcely wait for your answer. www.god-is-life.org\"><\/div><\/div><div class=\"lL\" style=\"max-width:100%;width:640px;margin:5px auto;\"><br\/><span class=\"lyte_disclaimer\">DAS VIDEO WIRD VON YOUTUBE ABGESPIELT. ES GILT DIE DATENSCHUTZERKL\u00c4RUNG VON GOOGLE.<\/span><\/div> Test<br \/>\n\n\n\n<\/div>\n<div>\n<p><strong>Liebes Kind,<br \/><\/strong>ich kenne dich ganz genau, selbst wenn du mich vielleicht noch nicht kennst.<span>\u00a0<\/span><small><em>Psalm 139,1<\/em><\/small><br \/>Ich wei\u00df, wann du aufstehst und wann du schlafen gehst. Ich kenne alle deine Wege.<span>\u00a0<\/span><small><em>Psalm 139,3<\/em><\/small><br \/>Ich habe dich nach meinem Bild geschaffen.<span>\u00a0<\/span><small><em>1. Mose 1,27<\/em><\/small><br \/>Du bist mein Kind.<span>\u00a0<\/span><small><em>Apostelgeschichte 17,28<\/em><\/small><br \/>Du warst kein Unfall. Ich habe jeden einzelnen Tag deines Lebens in mein Buch geschrieben.<span>\u00a0<\/span><small><em>Psalm 139,15-16<\/em><\/small><br \/>Ich habe den Zeitpunkt und den Ort deiner Geburt bestimmt und mir \u00fcberlegt, wo du leben wirst.<span>\u00a0<\/span><small><em>Apostelgeschichte 17,26<\/em><\/small><br \/>Ich habe Pl\u00e4ne f\u00fcr dich, die voller Zukunft und Hoffnung sind.<span>\u00a0<\/span><small><em>Jeremia 29,11<\/em><\/small><br \/>Meine guten Gedanken \u00fcber dich sind so zahlreich wie der Sand am Meeresstrand.<span>\u00a0<\/span><small><em>Psalm 139,17-18<\/em><\/small><br \/>Ich freue mich so sehr \u00fcber dich, dass ich nur jubeln kann.<span>\u00a0<\/span><small><em>Zefanja 3,17<\/em><\/small><br \/>Wenn dein Herz zerbrochen ist, bin ich dir nahe.<span>\u00a0<\/span><small><em>Psalm 34,18<\/em><\/small><br \/>Wie ein Hirte ein Lamm tr\u00e4gt, so trage ich dich an meinem Herzen.<span>\u00a0<\/span><small><em>Jesaja 40,11<\/em><\/small><br \/>Eines Tages werde ich jede Tr\u00e4ne von deinen Augen abwischen. Und ich werde alle Schmerzen deines Lebens wegnehmen.<span>\u00a0<\/span><small><em>Offenbarung 21,3-4<\/em><\/small><br \/>Ich habe alles f\u00fcr dich aufgegeben, weil ich deine Liebe gewinnen will.<span>\u00a0<\/span><small><em>R\u00f6mer 8,31-32<\/em><\/small><br \/>Ich frage dich nun: Willst du mein Kind sein?<span>\u00a0<\/span><small><em>Johannes 1,12-13<\/em><\/small><br \/>Ich warte auf dich.<span>\u00a0<\/span><small><em>Lukas 15,11-32<br \/><\/em><\/small><strong>In Liebe, Dein Vater \u2013 allm\u00e4chtiger Gott<\/strong><\/p>\n<\/div>\n<div>\n<h3>Wertvolle Bibeltexte<\/h3>\n<div>\n<p>Gott hat die Menschen so sehr geliebt, dass er seinen einzigen Sohn hergab. Nun werden alle, die sich auf den Sohn Gottes verlassen, nicht zugrunde gehen, sondern ewig leben.<br \/><small><em>Die Bibel in Johannes 3, 16 Gute Nachricht \u00dcbersetzung (GN\u00dc)<\/em><\/small><\/p>\n<p>Wir jedenfalls haben erkannt und halten im Glauben daran fest, dass Gott uns liebt. Gott ist Liebe. Wer in der Liebe lebt, lebt in Gott und Gott lebt in ihm.<br \/><small><em>Die Bibel in 1.Johannes 4,16 GN\u00dc<\/em><\/small><\/p>\n<p>Was kein Auge jemals gesehen und kein Ohr geh\u00f6rt hat, worauf kein Mensch jemals gekommen ist, das h\u00e4lt Gott bereit f\u00fcr die, die ihn lieben.<br \/><small><em>Die Bibel in 1. Korinther 2, 9 GN\u00dc<\/em><\/small><\/p>\n<p>Jesus: Kommt her zu mir alle, die ihr niedergedr\u00fcckt und belastet seid: ich will euch Ruhe schaffen! Nehmt mein Joch auf euch und lernt von mir; denn ich bin sanftm\u00fctig (oder: liebreich) und von Herzen dem\u00fctig: so werdet ihr Ruhe finden f\u00fcr eure Seelen; denn mein Joch ist sanft, und meine Last ist leicht.<br \/><small><em>Die Bibel in Matth\u00e4us 11,28 Menge-\u00dcbersetzung<\/em><\/small><\/p>\n<p>Auch wenn die Berge von ihrem Platz weichen und die H\u00fcgel zu wanken beginnen \u2013 meine Huld wird nie von dir weichen \/ und der Bund meines Friedens nicht wanken, \/ spricht der Herr, der Erbarmen hat mit dir.<br \/><small><em>Die Bibel in Jesaja 54, 10 Einheits-\u00dcbersetzung<\/em><\/small><\/p>\n<p>Die ihn aber lieb haben sollen sein, wie die Sonne aufgeht in ihrer Pracht!<br \/><small><em>Die Bibel in Richter 5, 31 Luther-\u00dcbersetzung<\/em><\/small><\/p>\n<p>Der Herr ist voll Liebe und Erbarmen, voll Geduld und unendlicher G\u00fcte. Er klagt nicht immerfort an und bleibt nicht f\u00fcr alle Zeit zornig. Er straft uns nicht, wie wir es verdienten, unsere Untaten zahlt er uns nicht heim. So unermesslich gro\u00df wie der Himmel ist seine G\u00fcte zu denen, die ihn ehren. So fern der Osten vom Westen liegt, so weit entfernt er die Schuld von uns. Wie ein Vater mit seinen Kindern Erbarmen hat, so hat der Herr Erbarmen mit denen, die ihn ehren.<br \/><small><em>Die Bibel in Psalm 103, 8-13 GN\u00dc<\/em><\/small><\/p>\n<\/div>\n<\/div>\n<h1>DAS K\u00d6NNTE DICH AUCH INTERESSIEREN<\/h1>\n<ul>\n<li>\n<p>        <img decoding=\"async\" src=\"\/wp-content\/uploads\/2021\/03\/bzg-interesse-beten.jpg\" alt=\"\"><\/p>\n<h5>Ich will Gott erleben<\/h5>\n<p><a href=\"\/zweifel-oder-glaube\/ich-will-gott-erleben\"><\/a><\/p>\n<\/li>\n<li>\n<p>        <img decoding=\"async\" src=\"\/wp-content\/uploads\/2021\/03\/bzg-interesse-bibel.jpg\" alt=\"\"><\/p>\n<h5>Was ist das Hauptanliegen der Bibel?<\/h5>\n<p><a href=\"\/beziehung-zu-gott\/was-ist-das-hauptanliegen-der-bibel\"><\/a><\/p>\n<\/li>\n<li>\n<p>        <img decoding=\"async\" src=\"\/wp-content\/uploads\/2021\/03\/bzg-interesse-mann-himmel.jpg\" alt=\"\"><\/p>\n<h5> ERGREIFE DAS LEBEN<\/h5>\n<p><a href=\"\/beziehung-zu-gott\/ergreife-das-leben\"><\/a><\/p>\n<\/li>\n<li>\n<p>        <img decoding=\"async\" src=\"\/wp-content\/uploads\/2021\/03\/bzg-interesse-kreuz.jpg\" alt=\"\"><\/p>\n<h5>Jesus von Nazareth<\/h5>\n<p><a href=\"\/beziehung-zu-gott\/jesus-einzigartig-und-unvergleichlich\"><\/a><\/p>\n<\/li>\n<li>\n<p>        <img decoding=\"async\" src=\"\/wp-content\/uploads\/2021\/03\/bzg-interesse-herz.jpg\" alt=\"\"><\/p>\n<h5>Sinnbilder der Liebe Gottes<\/h5>\n<p><a href=\"\/wege-zum-ziel\/sinnbilder-der-liebe-gottes\"><\/a><\/p>\n<\/li>\n<li>\n<p>        <img decoding=\"async\" src=\"\/wp-content\/uploads\/2021\/03\/bzg-interesse-stadt.jpg\" alt=\"\"><\/p>\n<h5>Was ist Lebenserfolg?<\/h5>\n<p><a href=\"\/beziehung-zu-gott\/was-ist-lebenserfolg\"><\/a><\/p>\n<\/li>\n<\/ul>\n<p><!--more--><br \/>\n<!-- {\"name\":\"Article Exp. \",\"type\":\"layout\",\"children\":[{\"type\":\"section\",\"props\":{\"class\":\"banner-normal\",\"image\":\"wp-content\\\/uploads\\\/2021\\\/03\\\/bzg-banner-1.jpg\",\"image_position\":\"center-center\",\"image_size\":\"cover\",\"padding\":\"xlarge\",\"style\":\"default\",\"title_breakpoint\":\"xl\",\"title_position\":\"top-left\",\"title_rotation\":\"left\",\"vertical_align\":\"middle\",\"width\":\"\"},\"children\":[{\"type\":\"row\",\"children\":[{\"type\":\"column\",\"props\":{\"image_position\":\"center-center\",\"position_sticky_breakpoint\":\"m\"}}]}],\"name\":\"Banner\",\"modified\":\"2021-03-23T16:02:54.885Z\"},{\"type\":\"section\",\"props\":{\"image_position\":\"center-center\",\"padding_remove_top\":false,\"style\":\"default\",\"title_breakpoint\":\"xl\",\"title_position\":\"top-left\",\"title_rotation\":\"left\",\"vertical_align\":\"middle\",\"width\":\"default\"},\"children\":[{\"type\":\"row\",\"children\":[{\"type\":\"column\",\"props\":{\"image_position\":\"center-center\",\"position_sticky_breakpoint\":\"m\"},\"children\":[{\"type\":\"breadcrumbs\",\"props\":{\"home_text\":\"GOTT ERFAHREN\",\"show_current\":true,\"show_home\":true,\"visibility\":\"s\"}}]}]},{\"type\":\"row\",\"children\":[{\"type\":\"column\",\"props\":{\"image_position\":\"center-center\",\"position_sticky_breakpoint\":\"m\"},\"children\":[{\"type\":\"headline\",\"props\":{\"content\":\"GOTT LIEBT DICH\",\"margin_remove_bottom\":true,\"title_element\":\"h1\",\"title_style\":\"h1\"}},{\"type\":\"headline\",\"props\":{\"content\":\"GOTTES PERS\\u00d6NLICHE ZEILEN AN DICH\",\"margin\":\"small\",\"margin_remove_top\":false,\"title_element\":\"h1\",\"title_style\":\"h4\"}}]}],\"props\":{\"margin\":\"default\"}},{\"type\":\"row\",\"children\":[{\"type\":\"column\",\"props\":{\"image_position\":\"center-center\",\"position_sticky_breakpoint\":\"m\"},\"children\":[{\"type\":\"html\",\"props\":{\"content\":\"[audio mp3=\\\"\\\/wp-content\\\/uploads\\\/2024\\\/03\\\/gott-liebt-dich.mp3\\\"][\\\/audio]\\n\"},\"name\":\"Audio (DE)\"}]}],\"props\":{\"class\":\"de-only\"}},{\"type\":\"row\",\"children\":[{\"type\":\"column\",\"props\":{\"image_position\":\"center-center\",\"position_sticky_breakpoint\":\"m\"},\"children\":[{\"type\":\"text\",\"props\":{\"column_breakpoint\":\"m\",\"content\":\"\n\n<p>Wir alle bekommen hin und wieder Briefe. Einige dieser Briefe \\u00fcberfliegen wir schnell, vielleicht nicht einmal das, und sie landen im Papierkorb. Eine Art Briefe empfangen wir jedoch alle gerne, ja wir sehnen uns regelrecht danach: Liebesbriefe. Gott hat dir einen herzergreifenden Liebesbrief geschrieben, weil er sich nach dir sehnt. Das klingt ungew\\u00f6hnlich, fast komisch. Aber es ist wirklich so. Gottes pers\\u00f6nliche Zeilen warten darauf, von dir gelesen zu werden. Er kann es kaum erwarten, bis du ihm antwortest.<\\\/p>\",\"margin\":\"default\"}}]}]},{\"type\":\"row\",\"children\":[{\"type\":\"column\",\"props\":{\"image_position\":\"center-center\",\"position_sticky_breakpoint\":\"m\"},\"children\":[{\"type\":\"html\",\"props\":{\"content\":\"[language-include lang=\\\"de_DE_formal\\\"]\\n[lyte id='PDiBsO7pm20' \\\/]\\n[\\\/language-include]\\n\\n[language-include lang=\\\"en_GB\\\"]\\n[lyte id='NwyZMEAWygE' \\\/] Test\\n[\\\/language-include]\\n\\n[language-include lang=\\\"es_ES\\\"]\\n[lyte id='HrfzotAflC0' \\\/]\\n[\\\/language-include]\\n\\n[language-include lang=\\\"fr_FR\\\"]\\n[lyte id='bsfJsnCk2fY' \\\/]\\n[\\\/language-include]\\n\\n[language-include lang=\\\"ru_RU\\\"]\\n[lyte id='-LdCVI90Z14' \\\/]\\n[\\\/language-include]\"},\"name\":\"Video (Alle Sprachen)\"}]}]},{\"type\":\"row\",\"children\":[{\"type\":\"column\",\"props\":{\"image_position\":\"center-center\",\"position_sticky_breakpoint\":\"m\"},\"children\":[{\"type\":\"text\",\"props\":{\"column_breakpoint\":\"m\",\"content\":\"\",\"margin\":\"default\"}}]}]},{\"type\":\"row\",\"children\":[{\"type\":\"column\",\"props\":{\"image_position\":\"center-center\",\"position_sticky_breakpoint\":\"m\"},\"children\":[{\"type\":\"text\",\"props\":{\"column_breakpoint\":\"m\",\"content\":\"\n\n<p><strong>Liebes Kind,<br \\\/><\\\/strong>ich kenne dich ganz genau, selbst wenn du mich vielleicht noch nicht kennst.<span>\\u00a0<\\\/span><small><em>Psalm 139,1<\\\/em><\\\/small><br \\\/>Ich wei\\u00df, wann du aufstehst und wann du schlafen gehst. Ich kenne alle deine Wege.<span>\\u00a0<\\\/span><small><em>Psalm 139,3<\\\/em><\\\/small><br \\\/>Ich habe dich nach meinem Bild geschaffen.<span>\\u00a0<\\\/span><small><em>1. Mose 1,27<\\\/em><\\\/small><br \\\/>Du bist mein Kind.<span>\\u00a0<\\\/span><small><em>Apostelgeschichte 17,28<\\\/em><\\\/small><br \\\/>Du warst kein Unfall. Ich habe jeden einzelnen Tag deines Lebens in mein Buch geschrieben.<span>\\u00a0<\\\/span><small><em>Psalm 139,15-16<\\\/em><\\\/small><br \\\/>Ich habe den Zeitpunkt und den Ort deiner Geburt bestimmt und mir \\u00fcberlegt, wo du leben wirst.<span>\\u00a0<\\\/span><small><em>Apostelgeschichte 17,26<\\\/em><\\\/small><br \\\/>Ich habe Pl\\u00e4ne f\\u00fcr dich, die voller Zukunft und Hoffnung sind.<span>\\u00a0<\\\/span><small><em>Jeremia 29,11<\\\/em><\\\/small><br \\\/>Meine guten Gedanken \\u00fcber dich sind so zahlreich wie der Sand am Meeresstrand.<span>\\u00a0<\\\/span><small><em>Psalm 139,17-18<\\\/em><\\\/small><br \\\/>Ich freue mich so sehr \\u00fcber dich, dass ich nur jubeln kann.<span>\\u00a0<\\\/span><small><em>Zefanja 3,17<\\\/em><\\\/small><br \\\/>Wenn dein Herz zerbrochen ist, bin ich dir nahe.<span>\\u00a0<\\\/span><small><em>Psalm 34,18<\\\/em><\\\/small><br \\\/>Wie ein Hirte ein Lamm tr\\u00e4gt, so trage ich dich an meinem Herzen.<span>\\u00a0<\\\/span><small><em>Jesaja 40,11<\\\/em><\\\/small><br \\\/>Eines Tages werde ich jede Tr\\u00e4ne von deinen Augen abwischen. Und ich werde alle Schmerzen deines Lebens wegnehmen.<span>\\u00a0<\\\/span><small><em>Offenbarung 21,3-4<\\\/em><\\\/small><br \\\/>Ich habe alles f\\u00fcr dich aufgegeben, weil ich deine Liebe gewinnen will.<span>\\u00a0<\\\/span><small><em>R\\u00f6mer 8,31-32<\\\/em><\\\/small><br \\\/>Ich frage dich nun: Willst du mein Kind sein?<span>\\u00a0<\\\/span><small><em>Johannes 1,12-13<\\\/em><\\\/small><br \\\/>Ich warte auf dich.<span>\\u00a0<\\\/span><small><em>Lukas 15,11-32<br \\\/><\\\/em><\\\/small><strong>In Liebe, Dein Vater \\u2013 allm\\u00e4chtiger Gott<\\\/strong><\\\/p>\",\"margin\":\"default\"}}]}]},{\"type\":\"row\",\"children\":[{\"type\":\"column\",\"props\":{\"image_position\":\"center-center\",\"position_sticky_breakpoint\":\"m\"},\"children\":[{\"type\":\"accordion\",\"props\":{\"collapsible\":false,\"content_column_breakpoint\":\"m\",\"image_align\":\"top\",\"image_grid_breakpoint\":\"m\",\"image_grid_width\":\"1-2\",\"image_svg_color\":\"emphasis\",\"link_style\":\"default\",\"link_text\":\"\",\"multiple\":true,\"show_image\":true,\"show_link\":true},\"children\":[{\"type\":\"accordion_item\",\"props\":{\"content\":\"\n\n<p>Gott hat die Menschen so sehr geliebt, dass er seinen einzigen Sohn hergab. Nun werden alle, die sich auf den Sohn Gottes verlassen, nicht zugrunde gehen, sondern ewig leben.<br \\\/><small><em>Die Bibel in Johannes 3, 16 Gute Nachricht \\u00dcbersetzung (GN\\u00dc)<\\\/em><\\\/small><\\\/p>\\n\n\n<p>Wir jedenfalls haben erkannt und halten im Glauben daran fest, dass Gott uns liebt. Gott ist Liebe. Wer in der Liebe lebt, lebt in Gott und Gott lebt in ihm.<br \\\/><small><em>Die Bibel in 1.Johannes 4,16 GN\\u00dc<\\\/em><\\\/small><\\\/p>\\n\n\n<p>Was kein Auge jemals gesehen und kein Ohr geh\\u00f6rt hat, worauf kein Mensch jemals gekommen ist, das h\\u00e4lt Gott bereit f\\u00fcr die, die ihn lieben.<br \\\/><small><em>Die Bibel in 1. Korinther 2, 9 GN\\u00dc<\\\/em><\\\/small><\\\/p>\\n\n\n<p>Jesus: Kommt her zu mir alle, die ihr niedergedr\\u00fcckt und belastet seid: ich will euch Ruhe schaffen! Nehmt mein Joch auf euch und lernt von mir; denn ich bin sanftm\\u00fctig (oder: liebreich) und von Herzen dem\\u00fctig: so werdet ihr Ruhe finden f\\u00fcr eure Seelen; denn mein Joch ist sanft, und meine Last ist leicht.<br \\\/><small><em>Die Bibel in Matth\\u00e4us 11,28 Menge-\\u00dcbersetzung<\\\/em><\\\/small><\\\/p>\\n\n\n<p>Auch wenn die Berge von ihrem Platz weichen und die H\\u00fcgel zu wanken beginnen \\u2013 meine Huld wird nie von dir weichen \\\/ und der Bund meines Friedens nicht wanken, \\\/ spricht der Herr, der Erbarmen hat mit dir.<br \\\/><small><em>Die Bibel in Jesaja 54, 10 Einheits-\\u00dcbersetzung<\\\/em><\\\/small><\\\/p>\\n\n\n<p>Die ihn aber lieb haben sollen sein, wie die Sonne aufgeht in ihrer Pracht!<br \\\/><small><em>Die Bibel in Richter 5, 31 Luther-\\u00dcbersetzung<\\\/em><\\\/small><\\\/p>\\n\n\n<p>Der Herr ist voll Liebe und Erbarmen, voll Geduld und unendlicher G\\u00fcte. Er klagt nicht immerfort an und bleibt nicht f\\u00fcr alle Zeit zornig. Er straft uns nicht, wie wir es verdienten, unsere Untaten zahlt er uns nicht heim. So unermesslich gro\\u00df wie der Himmel ist seine G\\u00fcte zu denen, die ihn ehren. So fern der Osten vom Westen liegt, so weit entfernt er die Schuld von uns. Wie ein Vater mit seinen Kindern Erbarmen hat, so hat der Herr Erbarmen mit denen, die ihn ehren.<br \\\/><small><em>Die Bibel in Psalm 103, 8-13 GN\\u00dc<\\\/em><\\\/small><\\\/p>\",\"title\":\"Wertvolle Bibeltexte\"}}]}]}]}],\"name\":\"Inhalt\"},{\"type\":\"section\",\"props\":{\"class\":\"de-only\",\"image_position\":\"center-center\",\"style\":\"default\",\"title_breakpoint\":\"xl\",\"title_position\":\"top-left\",\"title_rotation\":\"left\",\"vertical_align\":\"middle\",\"width\":\"small\"},\"children\":[{\"type\":\"row\",\"children\":[{\"type\":\"column\",\"props\":{\"image_position\":\"center-center\",\"position_sticky_breakpoint\":\"m\"},\"children\":[{\"type\":\"module_position\",\"props\":{\"breakpoint\":\"m\",\"content\":\"builder-2\",\"layout\":\"stack\"}}]}]}],\"name\":\"Call to Action\"},{\"type\":\"section\",\"props\":{\"image_position\":\"center-center\",\"style\":\"default\",\"title_breakpoint\":\"xl\",\"title_position\":\"top-left\",\"title_rotation\":\"left\",\"vertical_align\":\"middle\",\"width\":\"default\"},\"children\":[{\"type\":\"row\",\"children\":[{\"type\":\"column\",\"props\":{\"image_position\":\"center-center\",\"position_sticky_breakpoint\":\"m\"},\"children\":[{\"type\":\"headline\",\"props\":{\"content\":\"DAS K\\u00d6NNTE DICH AUCH INTERESSIEREN\",\"text_align\":\"center\",\"title_element\":\"h1\",\"title_style\":\"h3\"}},{\"type\":\"gallery\",\"props\":{\"filter_align\":\"left\",\"filter_all\":true,\"filter_grid_breakpoint\":\"m\",\"filter_grid_width\":\"auto\",\"filter_position\":\"top\",\"filter_style\":\"tab\",\"grid_column_gap\":\"small\",\"grid_default\":\"1\",\"grid_medium\":\"3\",\"grid_row_gap\":\"small\",\"grid_small\":\"2\",\"image_hover_box_shadow\":\"small\",\"image_orientation\":false,\"image_transition\":\"scale-up\",\"item_animation\":true,\"link_style\":\"text\",\"link_text\":\"\",\"margin\":\"default\",\"meta_align\":\"below-title\",\"meta_element\":\"div\",\"meta_style\":\"text-meta\",\"overlay_hover\":false,\"overlay_link\":true,\"overlay_mode\":\"cover\",\"overlay_position\":\"center\",\"overlay_style\":\"overlay-primary\",\"overlay_transition\":\"fade\",\"parallax_easing\":\"1\",\"show_content\":false,\"show_hover_image\":true,\"show_link\":true,\"show_meta\":false,\"show_title\":true,\"text_align\":\"center\",\"text_color\":\"light\",\"title_element\":\"h5\",\"title_hover_style\":\"reset\",\"title_style\":\"h5\"},\"children\":[{\"type\":\"gallery_item\",\"props\":{\"image\":\"wp-content\\\/uploads\\\/2021\\\/03\\\/bzg-interesse-beten.jpg\",\"link\":\"zweifel-oder-glaube\\\/ich-will-gott-erleben\",\"title\":\"Ich will Gott erleben\"}},{\"type\":\"gallery_item\",\"props\":{\"image\":\"wp-content\\\/uploads\\\/2021\\\/03\\\/bzg-interesse-bibel.jpg\",\"link\":\"beziehung-zu-gott\\\/was-ist-das-hauptanliegen-der-bibel\",\"title\":\"Was ist das Hauptanliegen der Bibel?\"}},{\"type\":\"gallery_item\",\"props\":{\"image\":\"wp-content\\\/uploads\\\/2021\\\/03\\\/bzg-interesse-mann-himmel.jpg\",\"link\":\"beziehung-zu-gott\\\/ergreife-das-leben\",\"title\":\" ERGREIFE DAS LEBEN\"}},{\"type\":\"gallery_item\",\"props\":{\"image\":\"wp-content\\\/uploads\\\/2021\\\/03\\\/bzg-interesse-kreuz.jpg\",\"link\":\"beziehung-zu-gott\\\/jesus-einzigartig-und-unvergleichlich\",\"title\":\"Jesus von Nazareth\"}},{\"type\":\"gallery_item\",\"props\":{\"image\":\"wp-content\\\/uploads\\\/2021\\\/03\\\/bzg-interesse-herz.jpg\",\"link\":\"wege-zum-ziel\\\/sinnbilder-der-liebe-gottes\",\"title\":\"Sinnbilder der Liebe Gottes\"}},{\"type\":\"gallery_item\",\"props\":{\"image\":\"wp-content\\\/uploads\\\/2021\\\/03\\\/bzg-interesse-stadt.jpg\",\"link\":\"beziehung-zu-gott\\\/was-ist-lebenserfolg\",\"title\":\"Was ist Lebenserfolg?\"}}]}]}]}],\"name\":\"Weiteres Angebot\"}],\"version\":\"4.3.5\"} --><\/p>\n","protected":false},"excerpt":{"rendered":"<p>GOTT LIEBT DICH GOTTES PERS\u00d6NLICHE ZEILEN AN DICH Wir alle bekommen hin und wieder Briefe. Einige dieser Briefe \u00fcberfliegen wir schnell, vielleicht nicht einmal das, und sie landen im Papierkorb. Eine Art Briefe empfangen wir jedoch alle gerne, ja wir sehnen uns regelrecht danach: Liebesbriefe. Gott hat dir einen herzergreifenden Liebesbrief geschrieben, weil er sich [&hellip;]<\/p>\n","protected":false},"author":2,"featured_media":239,"parent":20,"menu_order":0,"comment_status":"closed","ping_status":"closed","template":"","meta":{"_acf_changed":false,"footnotes":""},"class_list":["post-189","page","type-page","status-publish","has-post-thumbnail","hentry"],"acf":[],"_links":{"self":[{"href":"https:\/\/gotterfahren.info\/en\/wp-json\/wp\/v2\/pages\/189","targetHints":{"allow":["GET"]}}],"collection":[{"href":"https:\/\/gotterfahren.info\/en\/wp-json\/wp\/v2\/pages"}],"about":[{"href":"https:\/\/gotterfahren.info\/en\/wp-json\/wp\/v2\/types\/page"}],"author":[{"embeddable":true,"href":"https:\/\/gotterfahren.info\/en\/wp-json\/wp\/v2\/users\/2"}],"replies":[{"embeddable":true,"href":"https:\/\/gotterfahren.info\/en\/wp-json\/wp\/v2\/comments?post=189"}],"version-history":[{"count":0,"href":"https:\/\/gotterfahren.info\/en\/wp-json\/wp\/v2\/pages\/189\/revisions"}],"up":[{"embeddable":true,"href":"https:\/\/gotterfahren.info\/en\/wp-json\/wp\/v2\/pages\/20"}],"wp:featuredmedia":[{"embeddable":true,"href":"https:\/\/gotterfahren.info\/en\/wp-json\/wp\/v2\/media\/239"}],"wp:attachment":[{"href":"https:\/\/gotterfahren.info\/en\/wp-json\/wp\/v2\/media?parent=189"}],"curies":[{"name":"wp","href":"https:\/\/api.w.org\/{rel}","templated":true}]}}